{"id":5622,"date":"2021-12-16T03:42:53","date_gmt":"2021-12-16T08:42:53","guid":{"rendered":"https:\/\/puyapeptide.net\/podminky-sluzby\/"},"modified":"2022-07-09T11:30:50","modified_gmt":"2022-07-09T15:30:50","slug":"podminky-sluzby","status":"publish","type":"page","link":"https:\/\/puyapeptide.net\/cs\/podminky-sluzby\/","title":{"rendered":"Podm\u00ednky slu\u017eby"},"content":{"rendered":"\t\t<div data-elementor-type=\"wp-page\" data-elementor-id=\"5622\" class=\"elementor elementor-5622\">\n\t\t\t\t\t\t<section class=\"elementor-section elementor-top-section elementor-element elementor-element-11542c42 elementor-section-boxed elementor-section-height-default elementor-section-height-default\" data-id=\"11542c42\" data-element_type=\"section\" data-e-type=\"section\">\n\t\t\t\t\t\t<div class=\"elementor-container elementor-column-gap-default\">\n\t\t\t\t\t<div class=\"elementor-column elementor-col-100 elementor-top-column elementor-element elementor-element-2c981488\" data-id=\"2c981488\" data-element_type=\"column\" data-e-type=\"column\">\n\t\t\t<div class=\"elementor-widget-wrap elementor-element-populated\">\n\t\t\t\t\t\t<div class=\"elementor-element elementor-element-1d3c05d5 elementor-widget elementor-widget-text-editor\" data-id=\"1d3c05d5\" data-element_type=\"widget\" data-e-type=\"widget\" data-widget_type=\"text-editor.default\">\n\t\t\t\t<div class=\"elementor-widget-container\">\n\t\t\t\t\t\t\t\t\t<\/p>\n<h3>P\u0159ehled<\/h3>\n<\/p>\n<p> Tyto webov\u00e9 str\u00e1nky provozuje puyapeptide.net za \u00fa\u010delem nab\u00edzen\u00ed slu\u017eeb online prodeje.<\/p>\n<p> Pojmy \u201emy\u201c, \u201en\u00e1s\u201c a \u201ena\u0161e\u201c na cel\u00e9m webu odkazuj\u00ed na <span style=\"color: var(--ast-global-color-3); font-size: 1rem;\">puyapeptide.net<\/span><\/p>\n<p> Nab\u00edz\u00edme tento internetov\u00fd obchod puyapeptide.net, v\u010detn\u011b v\u0161ech informac\u00ed, n\u00e1stroj\u016f a slu\u017eeb dostupn\u00fdch z t\u00e9to str\u00e1nky v\u00e1m, u\u017eivateli, pod podm\u00ednkou, \u017ee p\u0159ijmete v\u0161echny zde uveden\u00e9 podm\u00ednky, z\u00e1sady a upozorn\u011bn\u00ed.<\/p>\n<p> N\u00e1v\u0161t\u011bvou na\u0161ich str\u00e1nek nebo n\u00e1kupem n\u011b\u010deho od n\u00e1s se zapoj\u00edte do na\u0161\u00ed \u201eSlu\u017eby\u201c a souhlas\u00edte s t\u00edm, \u017ee budete v\u00e1z\u00e1ni n\u00e1sleduj\u00edc\u00edmi podm\u00ednkami (\u201ePodm\u00ednky slu\u017eby\u201c), v\u010detn\u011b t\u011bchto dodate\u010dn\u00fdch podm\u00ednek a z\u00e1sad.<\/p>\n<p> Vyhrazujeme si pr\u00e1vo aktualizovat, zm\u011bnit nebo nahradit kteroukoli \u010d\u00e1st t\u011bchto Podm\u00ednek poskytov\u00e1n\u00ed slu\u017eeb zve\u0159ejn\u011bn\u00edm aktualizac\u00ed nebo zm\u011bn na na\u0161ich webov\u00fdch str\u00e1nk\u00e1ch.<br \/> <strong>ODD\u00cdL 1 \u2013 PODM\u00cdNKY puyapeptide.net<\/strong><\/p>\n<p> Souhlasem s t\u011bmito Podm\u00ednkami slu\u017eby nesm\u00edte pou\u017e\u00edvat na\u0161e produkty k \u017e\u00e1dn\u00e9mu nez\u00e1konn\u00e9mu nebo neopr\u00e1vn\u011bn\u00e9mu \u00fa\u010delu, ani nesm\u00edte p\u0159i pou\u017e\u00edv\u00e1n\u00ed slu\u017eby poru\u0161ovat \u017e\u00e1dn\u00e9 z\u00e1kony ve va\u0161\u00ed jurisdikci (v\u010detn\u011b, ale ne v\u00fdhradn\u011b, z\u00e1kon\u016f o autorsk\u00fdch pr\u00e1vech).<\/p>\n<p> <strong>ODD\u00cdL 2 \u2013 V\u0160EOBECN\u00c9 PODM\u00cdNKY<\/strong><\/p>\n<p> Berete na v\u011bdom\u00ed, \u017ee v\u00e1\u0161 obsah (nezahrnuj\u00edc\u00ed informace o kreditn\u00ed kart\u011b) m\u016f\u017ee b\u00fdt p\u0159en\u00e1\u0161en ne\u0161ifrovan\u00fd a m\u016f\u017ee zahrnovat (a) p\u0159enosy p\u0159es r\u016fzn\u00e9 s\u00edt\u011b; a b) zm\u011bny za \u00fa\u010delem p\u0159izp\u016fsoben\u00ed a p\u0159izp\u016fsoben\u00ed technick\u00fdm po\u017eadavk\u016fm propojovac\u00edch s\u00edt\u00ed nebo za\u0159\u00edzen\u00ed. Tak, jak to komentujete na na\u0161ich bloz\u00edch.<\/p>\n<p> (Informace o kreditn\u00ed kart\u011b jsou p\u0159i p\u0159enosu p\u0159es s\u00edt\u011b v\u017edy za\u0161ifrov\u00e1ny.)<\/p>\n<p> <strong>ODD\u00cdL 3 \u2013 \u00daPRAVY SLU\u017dBY A CENY<\/strong><\/p>\n<p> Ceny na\u0161ich produkt\u016f se mohou bez upozorn\u011bn\u00ed zm\u011bnit.<\/p>\n<p> Vyhrazujeme si pr\u00e1vo kdykoli zm\u011bnit Slu\u017ebu (nebo jakoukoli jej\u00ed \u010d\u00e1st nebo obsah) bez p\u0159edchoz\u00edho upozorn\u011bn\u00ed.<\/p>\n<p> <strong>ODD\u00cdL 4 \u2013 PRODUKTY NEBO SLU\u017dBY (pokud existuj\u00ed)<\/strong><\/p>\n<p> Vynalo\u017eili jsme maxim\u00e1ln\u00ed \u00fasil\u00ed, abychom co nejp\u0159esn\u011bji zobrazovali barvy a obr\u00e1zky na\u0161ich produkt\u016f, kter\u00e9 se na prodejn\u011b objevuj\u00ed. Nem\u016f\u017eeme zaru\u010dit, \u017ee zobrazen\u00ed jak\u00e9koli barvy na monitoru va\u0161eho po\u010d\u00edta\u010de bude p\u0159esn\u00e9.<\/p>\n<p> Vyhrazujeme si pr\u00e1vo, ale nejsme povinni, omezit prodej na\u0161ich produkt\u016f nebo slu\u017eeb jak\u00e9koli osob\u011b, zem\u011bpisn\u00e9 oblasti nebo jurisdikci. Toto pr\u00e1vo m\u016f\u017eeme uplatnit p\u0159\u00edpad od p\u0159\u00edpadu. Vyhrazujeme si pr\u00e1vo omezit mno\u017estv\u00ed jak\u00fdchkoli produkt\u016f nebo slu\u017eeb, kter\u00e9 nab\u00edz\u00edme.<\/p>\n<p> Nezaru\u010dujeme, \u017ee kvalita jak\u00fdchkoli produkt\u016f, slu\u017eeb, informac\u00ed nebo jin\u00e9ho materi\u00e1lu, kter\u00fd jste zakoupili nebo z\u00edskali, spln\u00ed va\u0161e 100% o\u010dek\u00e1v\u00e1n\u00ed, ani \u017ee budou opraveny jak\u00e9koli chyby ve Slu\u017eb\u011b.<\/p>\n<p> <strong>ODD\u00cdL 5 \u2013 P\u0158ESNOST \u00daDAJE O \u00da\u010cTU A \u00da\u010cTU<\/strong><\/p>\n<p> Vyhrazujeme si pr\u00e1vo odm\u00edtnout jakoukoli objedn\u00e1vku, kterou u n\u00e1s zad\u00e1te. Podle vlastn\u00edho uv\u00e1\u017een\u00ed m\u016f\u017eeme omezit nebo zru\u0161it mno\u017estv\u00ed zakoupen\u00e1 na osobu, dom\u00e1cnost nebo objedn\u00e1vku. Tato omezen\u00ed mohou zahrnovat objedn\u00e1vky zadan\u00e9 stejn\u00fdm z\u00e1kaznick\u00fdm \u00fa\u010dtem nebo pod stejn\u00fdm z\u00e1kaznick\u00fdm \u00fa\u010dtem, stejnou kreditn\u00ed kartou nebo objedn\u00e1vky, kter\u00e9 pou\u017e\u00edvaj\u00ed stejnou faktura\u010dn\u00ed nebo dodac\u00ed adresu. V p\u0159\u00edpad\u011b, \u017ee objedn\u00e1vku zm\u011bn\u00edme nebo zru\u0161\u00edme, m\u016f\u017eeme se pokusit v\u00e1s upozornit kontaktov\u00e1n\u00edm e-mailu nebo telefonn\u00edho \u010d\u00edsla faktura\u010dn\u00ed adresy uveden\u00e9 v dob\u011b vytvo\u0159en\u00ed objedn\u00e1vky.<\/p>\n<p> Souhlas\u00edte s t\u00edm, \u017ee u v\u0161ech n\u00e1kup\u016f proveden\u00fdch v na\u0161em obchod\u011b poskytnete aktu\u00e1ln\u00ed, \u00fapln\u00e9 a p\u0159esn\u00e9 informace o n\u00e1kupu a \u00fa\u010dtu. Souhlas\u00edte s t\u00edm, \u017ee neprodlen\u011b aktualizujete sv\u016fj \u00fa\u010det a dal\u0161\u00ed informace, v\u010detn\u011b va\u0161\u00ed e-mailov\u00e9 adresy a \u010d\u00edsel kreditn\u00edch karet a data vypr\u0161en\u00ed platnosti, abychom mohli dokon\u010dit va\u0161e transakce a kontaktovat v\u00e1s podle pot\u0159eby<\/p>\n<p> <strong>ODD\u00cdL 6 \u2013 ODKAZY T\u0158ET\u00cdCH STRAN<\/strong><\/p>\n<p> Ur\u010dit\u00fd obsah, produkty a slu\u017eby dostupn\u00e9 prost\u0159ednictv\u00edm na\u0161\u00ed slu\u017eby mohou zahrnovat materi\u00e1ly od t\u0159et\u00edch stran.<\/p>\n<p> Obsah t\u0159et\u00edch stran bude nejv\u00edce propojen s na\u0161imi soci\u00e1ln\u00edmi m\u00e9dii, kde jsou zve\u0159ejn\u011bny n\u011bkter\u00e9 podrobn\u011bj\u0161\u00ed informace. na\u0161ich produkt\u016f puyapeptide.net a v\u011bt\u0161inou jsou spolehliv\u00e9.<\/p>\n<p> <strong>ODD\u00cdL 9 \u2013 U\u017dIVATELSK\u00c9 KOMENT\u00c1\u0158E, ZP\u011aTN\u00c1 VAZBA A JIN\u00c9 P\u0158\u00cdSP\u011aVKY<\/strong><\/p>\n<p> Pokud na na\u0161i \u017e\u00e1dost ode\u0161lete ur\u010dit\u00e9 konkr\u00e9tn\u00ed p\u0159\u00edsp\u011bvky (nap\u0159\u00edklad sout\u011b\u017en\u00ed p\u0159\u00edsp\u011bvky) nebo bez na\u0161\u00ed \u017e\u00e1dosti za\u0161lete kreativn\u00ed n\u00e1pady, n\u00e1vrhy, n\u00e1vrhy, pl\u00e1ny nebo jin\u00e9 materi\u00e1ly, a\u0165 u\u017e online, e-mailem, po\u0161tou nebo jinak (souhrnn\u011b \u201ekoment\u00e1\u0159e\u201c) souhlas\u00edte s t\u00edm, \u017ee m\u016f\u017eeme kdykoli bez omezen\u00ed upravovat, kop\u00edrovat, publikovat, distribuovat, p\u0159ekl\u00e1dat a jinak pou\u017e\u00edvat v jak\u00e9mkoli m\u00e9diu jak\u00e9koli koment\u00e1\u0159e, kter\u00e9 n\u00e1m p\u0159ed\u00e1te.<\/p>\n<p> Nejsme a nebudeme zav\u00e1z\u00e1ni<\/p>\n<p> (1) zachov\u00e1vat ml\u010denlivost o ve\u0161ker\u00fdch p\u0159ipom\u00ednk\u00e1ch;<\/p>\n<p> (2) zaplatit n\u00e1hradu za jak\u00e9koli p\u0159ipom\u00ednky;<\/p>\n<p> (3) reagovat na p\u0159\u00edpadn\u00e9 koment\u00e1\u0159e.<\/p>\n<p> M\u016f\u017eeme, ale nem\u00e1me \u017e\u00e1dnou povinnost, monitorovat, upravovat nebo odstra\u0148ovat obsah, o kter\u00e9m na z\u00e1klad\u011b na\u0161eho uv\u00e1\u017een\u00ed rozhodneme, \u017ee je nez\u00e1konn\u00fd, ur\u00e1\u017eliv\u00fd, v\u00fdhru\u017en\u00fd, ur\u00e1\u017eliv\u00fd, hanliv\u00fd, pornografick\u00fd, obsc\u00e9nn\u00ed nebo jinak nevhodn\u00fd nebo poru\u0161uje du\u0161evn\u00ed vlastnictv\u00ed kter\u00e9koli strany nebo tyto podm\u00ednky slu\u017eby. .<\/p>\n<p> Souhlas\u00edte s t\u00edm, \u017ee va\u0161e koment\u00e1\u0159e neporu\u0161\u00ed \u017e\u00e1dn\u00e1 pr\u00e1va \u017e\u00e1dn\u00e9 t\u0159et\u00ed strany, v\u010detn\u011b autorsk\u00fdch pr\u00e1v, ochrann\u00fdch zn\u00e1mek, soukrom\u00ed, osobnosti nebo jin\u00fdch osobn\u00edch \u010di vlastnick\u00fdch pr\u00e1v. D\u00e1le souhlas\u00edte s t\u00edm, \u017ee va\u0161e koment\u00e1\u0159e nebudou obsahovat ur\u00e1\u017eliv\u00fd nebo jinak nez\u00e1konn\u00fd, ur\u00e1\u017eliv\u00fd nebo obsc\u00e9nn\u00ed materi\u00e1l ani \u017e\u00e1dn\u00fd po\u010d\u00edta\u010dov\u00fd virus nebo jin\u00fd malware, kter\u00fd by mohl jak\u00fdmkoli zp\u016fsobem ovlivnit provoz slu\u017eby nebo jak\u00e9koli souvisej\u00edc\u00ed webov\u00e9 str\u00e1nky.<\/p>\n<p> Nesm\u00edte pou\u017e\u00edvat fale\u0161nou e-mailovou adresu, p\u0159edst\u00edrat, \u017ee jste n\u011bkdo jin\u00fd ne\u017e vy, nebo jinak uv\u00e1d\u011bt n\u00e1s nebo t\u0159et\u00ed strany v omyl ohledn\u011b p\u016fvodu jak\u00fdchkoli koment\u00e1\u0159\u016f. Jste v\u00fdhradn\u011b odpov\u011bdn\u00ed za jak\u00e9koli koment\u00e1\u0159e, kter\u00e9 u\u010din\u00edte, a jejich p\u0159esnost. Neneseme \u017e\u00e1dnou odpov\u011bdnost a nep\u0159eb\u00edr\u00e1me \u017e\u00e1dnou odpov\u011bdnost za jak\u00e9koli koment\u00e1\u0159e zve\u0159ejn\u011bn\u00e9 v\u00e1mi nebo jakoukoli t\u0159et\u00ed stranou.<\/p>\n<p> <strong>ODD\u00cdL 7 \u2013 OSOBN\u00cd \u00daDAJE<\/strong><\/p>\n<p> Va\u0161e odes\u00edl\u00e1n\u00ed osobn\u00edch \u00fadaj\u016f prost\u0159ednictv\u00edm obchodu se \u0159\u00edd\u00ed na\u0161imi Z\u00e1sadami ochrany osobn\u00edch \u00fadaj\u016f.<\/p>\n<p> <strong>ODD\u00cdL 8 \u2013 CHYBY, NEP\u0158ESNOSTI A OPOMENUT\u00cd<\/strong><\/p>\n<p> Ob\u010das se na na\u0161ich str\u00e1nk\u00e1ch nebo ve slu\u017eb\u011b mohou vyskytovat informace, kter\u00e9 obsahuj\u00ed typografick\u00e9 chyby, nep\u0159esnosti nebo opomenut\u00ed, kter\u00e9 se mohou t\u00fdkat popis\u016f produkt\u016f, cen, akc\u00ed, nab\u00eddek, poplatk\u016f za dopravu produkt\u016f, doby p\u0159epravy a dostupnosti.<\/p>\n<p> Vyhrazujeme si pr\u00e1vo opravit jak\u00e9koli chyby, nep\u0159esnosti nebo opomenut\u00ed a zm\u011bnit nebo aktualizovat informace, pokud jsou jak\u00e9koli informace ve Slu\u017eb\u011b nebo na jak\u00e9koli souvisej\u00edc\u00ed webov\u00e9 str\u00e1nce nep\u0159esn\u00e9, a to kdykoli bez p\u0159edchoz\u00edho upozorn\u011bn\u00ed.<\/p>\n<p> Zavazujeme se aktualizovat, dopl\u0148ovat nebo objas\u0148ovat informace ve Slu\u017eb\u011b nebo na jak\u00e9koli souvisej\u00edc\u00ed webov\u00e9 str\u00e1nce, v\u010detn\u011b, bez omezen\u00ed, informac\u00ed o cen\u00e1ch.<\/p>\n<p> \u017d\u00e1dn\u00e9 specifikovan\u00e9 datum aktualizace nebo aktualizace pou\u017eit\u00e9 ve slu\u017eb\u011b nebo na jak\u00e9koli souvisej\u00edc\u00ed webov\u00e9 str\u00e1nce by nem\u011blo b\u00fdt pova\u017eov\u00e1no za ozna\u010den\u00ed, \u017ee v\u0161echny informace ve slu\u017eb\u011b nebo na jak\u00e9koli souvisej\u00edc\u00ed webov\u00e9 str\u00e1nce byly zm\u011bn\u011bny nebo aktualizov\u00e1ny.<\/p>\n<p> <strong>ODD\u00cdL 9 \u2013 ZAK\u00c1ZAN\u00c9 POU\u017dIT\u00cd<\/strong><\/p>\n<p> Krom\u011b jin\u00fdch z\u00e1kaz\u016f uveden\u00fdch v podm\u00ednk\u00e1ch slu\u017eby m\u00e1te zak\u00e1z\u00e1no pou\u017e\u00edvat na\u0161e produkty.<\/p>\n<p> a) za jak\u00fdmkoli nez\u00e1konn\u00fdm \u00fa\u010delem;<\/p>\n<p> (b) vyz\u00fdvat ostatn\u00ed, aby prov\u00e1d\u011bli jak\u00e9koli nez\u00e1konn\u00e9 \u010diny nebo se na nich pod\u00edleli;<\/p>\n<p> (c) poru\u0161ovat jak\u00e9koli mezin\u00e1rodn\u00ed, feder\u00e1ln\u00ed, provin\u010dn\u00ed nebo st\u00e1tn\u00ed p\u0159edpisy, pravidla, z\u00e1kony nebo m\u00edstn\u00ed p\u0159edpisy<br \/> vyhl\u00e1\u0161ky;<\/p>\n<p> (d) obt\u011b\u017eovat, zneu\u017e\u00edvat, ur\u00e1\u017eet, ubli\u017eovat, pomlouvat, pomlouvat, zneva\u017eovat, zastra\u0161ovat nebo diskriminovat na z\u00e1klad\u011b pohlav\u00ed, sexu\u00e1ln\u00ed orientace, n\u00e1bo\u017eenstv\u00ed, etnick\u00e9ho p\u016fvodu, rasy, v\u011bku, n\u00e1rodnosti nebo zdravotn\u00edho posti\u017een\u00ed;<\/p>\n<p> (e) shroma\u017e\u010fovat nebo sledovat osobn\u00ed \u00fadaje ostatn\u00edch;<\/p>\n<p> (f) pro jak\u00fdkoli obsc\u00e9nn\u00ed nebo nemor\u00e1ln\u00ed \u00fa\u010del;<\/p>\n<p> <strong>ODD\u00cdL 10 \u2013<\/strong> DOVOZN\u00cd PR\u00c1VA A DOVOZN\u00cd CLO<\/p>\n<p> P\u0159ed zakoupen\u00edm produktu od n\u00e1s se mus\u00edte u m\u00edstn\u00edch \u00fa\u0159ad\u016f ujistit, \u017ee m\u00e1te n\u00e1rok tento produkt zakoupit. Vezm\u011bte pros\u00edm na v\u011bdom\u00ed, \u017ee celn\u00ed odd\u011blen\u00ed va\u0161\u00ed zem\u011b v\u00e1m m\u016f\u017ee \u00fa\u010dtovat dovozn\u00ed clo. Vy jako kupuj\u00edc\u00ed budete odpov\u011bdn\u00ed za zaplacen\u00ed t\u011bchto dovozn\u00edch cel. V p\u0159\u00edpad\u011b, \u017ee produkty nem\u016f\u017eete vymazat a produkty se n\u00e1m vr\u00e1t\u00ed, budete odpov\u011bdn\u00ed za poplatek za vr\u00e1cen\u00ed.<\/p>\n<p> <strong>ODD\u00cdL 11 \u2013 ROZHODN\u00c9 PR\u00c1VO<\/strong><\/p>\n<p> Tyto podm\u00ednky slu\u017eby a jak\u00e9koli samostatn\u00e9 smlouvy, kter\u00fdmi v\u00e1m poskytujeme slu\u017eby, se budou \u0159\u00eddit a vykl\u00e1dat v souladu se z\u00e1kony.<\/p><\/p>\n\t\t\t\t\t\t\t\t<\/div>\n\t\t\t\t<\/div>\n\t\t\t\t\t<\/div>\n\t\t<\/div>\n\t\t\t\t\t<\/div>\n\t\t<\/section>\n\t\t\t\t<\/div>\n\t\t","protected":false},"excerpt":{"rendered":"<p>P\u0159ehled Tyto webov\u00e9 str\u00e1nky provozuje puyapeptide.net za \u00fa\u010delem nab\u00edzen\u00ed slu\u017eeb online prodeje. Pojmy \u201emy\u201c, \u201en\u00e1s\u201c a \u201ena\u0161e\u201c na cel\u00e9m webu odkazuj\u00ed na puyapeptide.net Nab\u00edz\u00edme tento internetov\u00fd obchod puyapeptide.net, v\u010detn\u011b v\u0161ech informac\u00ed, n\u00e1stroj\u016f a slu\u017eeb dostupn\u00fdch z t\u00e9to str\u00e1nky v\u00e1m, u\u017eivateli, pod podm\u00ednkou, \u017ee p\u0159ijmete v\u0161echny zde uveden\u00e9 podm\u00ednky, z\u00e1sady a upozorn\u011bn\u00ed. N\u00e1v\u0161t\u011bvou na\u0161ich str\u00e1nek nebo [&hellip;]<\/p>\n","protected":false},"author":1,"featured_media":0,"parent":0,"menu_order":0,"comment_status":"closed","ping_status":"closed","template":"elementor_header_footer","meta":{"om_disable_all_campaigns":false,"_monsterinsights_skip_tracking":false,"_monsterinsights_sitenote_active":false,"_monsterinsights_sitenote_note":"","_monsterinsights_sitenote_category":0,"site-sidebar-layout":"default","site-content-layout":"","ast-site-content-layout":"default","site-content-style":"default","site-sidebar-style":"default","ast-global-header-display":"","ast-banner-title-visibility":"","ast-main-header-display":"","ast-hfb-above-header-display":"","ast-hfb-below-header-display":"","ast-hfb-mobile-header-display":"","site-post-title":"","ast-breadcrumbs-content":"","ast-featured-img":"","footer-sml-layout":"","ast-disable-related-posts":"","theme-transparent-header-meta":"","adv-header-id-meta":"","stick-header-meta":"","header-above-stick-meta":"","header-main-stick-meta":"","header-below-stick-meta":"","astra-migrate-meta-layouts":"default","ast-page-background-enabled":"default","ast-page-background-meta":{"desktop":{"background-color":"","background-image":"","background-repeat":"repeat","background-position":"center center","background-size":"auto","background-attachment":"scroll","background-type":"","background-media":"","overlay-type":"","overlay-color":"","overlay-opacity":"","overlay-gradient":""},"tablet":{"background-color":"","background-image":"","background-repeat":"repeat","background-position":"center center","background-size":"auto","background-attachment":"scroll","background-type":"","background-media":"","overlay-type":"","overlay-color":"","overlay-opacity":"","overlay-gradient":""},"mobile":{"background-color":"","background-image":"","background-repeat":"repeat","background-position":"center center","background-size":"auto","background-attachment":"scroll","background-type":"","background-media":"","overlay-type":"","overlay-color":"","overlay-opacity":"","overlay-gradient":""}},"ast-content-background-meta":{"desktop":{"background-color":"var(--ast-global-color-5)","background-image":"","background-repeat":"repeat","background-position":"center center","background-size":"auto","background-attachment":"scroll","background-type":"","background-media":"","overlay-type":"","overlay-color":"","overlay-opacity":"","overlay-gradient":""},"tablet":{"background-color":"var(--ast-global-color-5)","background-image":"","background-repeat":"repeat","background-position":"center center","background-size":"auto","background-attachment":"scroll","background-type":"","background-media":"","overlay-type":"","overlay-color":"","overlay-opacity":"","overlay-gradient":""},"mobile":{"background-color":"var(--ast-global-color-5)","background-image":"","background-repeat":"repeat","background-position":"center center","background-size":"auto","background-attachment":"scroll","background-type":"","background-media":"","overlay-type":"","overlay-color":"","overlay-opacity":"","overlay-gradient":""}},"footnotes":""},"class_list":["post-5622","page","type-page","status-publish","hentry"],"_links":{"self":[{"href":"https:\/\/puyapeptide.net\/cs\/wp-json\/wp\/v2\/pages\/5622","targetHints":{"allow":["GET"]}}],"collection":[{"href":"https:\/\/puyapeptide.net\/cs\/wp-json\/wp\/v2\/pages"}],"about":[{"href":"https:\/\/puyapeptide.net\/cs\/wp-json\/wp\/v2\/types\/page"}],"author":[{"embeddable":true,"href":"https:\/\/puyapeptide.net\/cs\/wp-json\/wp\/v2\/users\/1"}],"replies":[{"embeddable":true,"href":"https:\/\/puyapeptide.net\/cs\/wp-json\/wp\/v2\/comments?post=5622"}],"version-history":[{"count":44,"href":"https:\/\/puyapeptide.net\/cs\/wp-json\/wp\/v2\/pages\/5622\/revisions"}],"predecessor-version":[{"id":9628,"href":"https:\/\/puyapeptide.net\/cs\/wp-json\/wp\/v2\/pages\/5622\/revisions\/9628"}],"wp:attachment":[{"href":"https:\/\/puyapeptide.net\/cs\/wp-json\/wp\/v2\/media?parent=5622"}],"curies":[{"name":"wp","href":"https:\/\/api.w.org\/{rel}","templated":true}]}}