{"id":6282,"date":"2021-12-16T04:23:39","date_gmt":"2021-12-16T09:23:39","guid":{"rendered":"https:\/\/puyapeptide.net\/product\/acetyl-hexapeptid-37-cas-1447824-16-9-pro-hydrataci-pokozky\/"},"modified":"2021-12-16T04:23:39","modified_gmt":"2021-12-16T09:23:39","slug":"acetyl-hexapeptid-37-cas-1447824-16-9-pro-hydrataci-pokozky","status":"publish","type":"product","link":"https:\/\/puyapeptide.net\/cs\/product\/acetyl-hexapeptid-37-cas-1447824-16-9-pro-hydrataci-pokozky\/","title":{"rendered":"Acetyl Hexapeptid-37 CAS 1447824-16-9 pro hydrataci poko\u017eky"},"content":{"rendered":"<h2><strong>Acetyl Hexapeptid-37 CAS 1447824-16-9 pro hydrataci poko\u017eky<\/strong><\/h2>\n<p>N\u00e1zev produktu: Acetyl Hexapeptide-37, Diffuporine<br \/>\n\u010c. CAS: N\/A<br \/>\n\u010cistota: \u226598 %<br \/>\nMolekul\u00e1rn\u00ed hmotnost: 539,55 g\/mol<br \/>\nMolekul\u00e1rn\u00ed vzorec: C22H33N7O9<br \/>\n Vzhled: b\u00edl\u00fd pr\u00e1\u0161ek<br \/>\nSkladovac\u00ed podm\u00ednky: 2 \u2103\uff5e8 \u2103<br \/>\nSpecifikace balen\u00ed (pr\u00e1\u0161ek): 1g, 10g, 100g<br \/>\nPou\u017eit\u00ed: Kosmetick\u00e9 suroviny<\/p>\n<p>Acetyl hexapeptid-37, voda channel protein cell moisturizer, je nov\u00fd hexapeptid slo\u017een\u00fd z p\u0159\u00edrodn\u00edch aminokyselin, kter\u00fd dok\u00e1\u017ee \u00fa\u010dinn\u011b zv\u00fd\u0161it expresi AQP3 v lidsk\u00e9m t\u011ble na \u00farovni mRNA a t\u00edm zv\u00fd\u0161it obsah AQP3 v k\u016f\u017ei. Podporuje synt\u00e9zu kolagenu typu I v progenitorov\u00fdch bu\u0148k\u00e1ch lidsk\u00fdch derm\u00e1ln\u00edch fibroblast\u016f a proliferaci keratinizovan\u00fdch bun\u011bk.<\/p>\n<p> <strong>Funkce Acetyl Hexapeptide-37 CAS 1447824-16-9<\/strong><br \/>\n1. Acetyl Hexapeptide-37 p\u016fsob\u00ed proti vr\u00e1sk\u00e1m a st\u00e1rnut\u00ed a pro hydrataci poko\u017eky<br \/>\n2. Zlep\u0161ete kvalitu pleti<br \/>\n3. P\u00e9\u010de o obli\u010dej a t\u011blo<br \/>\n4. P\u0159\u00edpravky pro p\u00e9\u010di o obli\u010dej, krk a ruce<br \/>\n5. Lze p\u0159idat do produkt\u016f p\u00e9\u010de o kr\u00e1su, jako jsou ple\u0165ov\u00e9 vody, rann\u00ed a no\u010dn\u00ed kr\u00e9my, o\u010dn\u00ed s\u00e9ra atd.<\/p>\n<p> <strong>Pou\u017eit\u00ed Acetyl Hexapeptide-37 CAS 1447824-16-9<\/strong><br \/>\nM\u016f\u017ee \u00fa\u010dinn\u011b zv\u00fd\u0161it expresi AQP3 v lidsk\u00e9m t\u011ble na \u00farovni mRNA, \u010d\u00edm\u017e se zvy\u0161uje obsah AQP3 v k\u016f\u017ei. M\u00e1 vlastnosti zesiluj\u00edc\u00ed hydrataci a je dobrou hydrata\u010dn\u00ed aktivn\u00ed slo\u017ekou. M\u016f\u017ee tak\u00e9 podporovat typ I v lidsk\u00fdch derm\u00e1ln\u00edch fibroblastech. Synt\u00e9za kolagenu a proliferace keratinocyt\u016f. Hydrata\u010dn\u00ed peptid Acetyl hexapeptid-37 je nov\u00e1 a komplexn\u00ed aktivn\u00ed slo\u017eka proti st\u00e1rnut\u00ed.<\/p>\n","protected":false},"excerpt":{"rendered":"<p>N\u00e1zev produktu: Acetyl Hexapeptide-37, Diffuporine<br \/>\n\u010cistota\uff1a\u226598%<br \/>\nMolekulov\u00e1 hmotnost \uff1a539,55g\/mol<br \/>\nMolekul\u00e1rn\u00ed vzorec: C22H33N7O9<br \/>\nVzhled: b\u00edl\u00fd pr\u00e1\u0161ek<br \/>\nPou\u017eit\u00ed: Kosmetick\u00e9 suroviny<\/p>\n","protected":false},"featured_media":2202,"comment_status":"open","ping_status":"closed","template":"","meta":{"om_disable_all_campaigns":false,"_monsterinsights_skip_tracking":false,"_monsterinsights_sitenote_active":false,"_monsterinsights_sitenote_note":"","_monsterinsights_sitenote_category":0,"site-sidebar-layout":"default","site-content-layout":"default","ast-site-content-layout":"default","site-content-style":"default","site-sidebar-style":"default","ast-global-header-display":"","ast-banner-title-visibility":"","ast-main-header-display":"","ast-hfb-above-header-display":"","ast-hfb-below-header-display":"","ast-hfb-mobile-header-display":"","site-post-title":"","ast-breadcrumbs-content":"","ast-featured-img":"","footer-sml-layout":"","ast-disable-related-posts":"","theme-transparent-header-meta":"default","adv-header-id-meta":"","stick-header-meta":"","header-above-stick-meta":"","header-main-stick-meta":"","header-below-stick-meta":"","astra-migrate-meta-layouts":"default","ast-page-background-enabled":"default","ast-page-background-meta":{"desktop":{"background-color":"","background-image":"","background-repeat":"repeat","background-position":"center center","background-size":"auto","background-attachment":"scroll","background-type":"","background-media":"","overlay-type":"","overlay-color":"","overlay-opacity":"","overlay-gradient":""},"tablet":{"background-color":"","background-image":"","background-repeat":"repeat","background-position":"center center","background-size":"auto","background-attachment":"scroll","background-type":"","background-media":"","overlay-type":"","overlay-color":"","overlay-opacity":"","overlay-gradient":""},"mobile":{"background-color":"","background-image":"","background-repeat":"repeat","background-position":"center center","background-size":"auto","background-attachment":"scroll","background-type":"","background-media":"","overlay-type":"","overlay-color":"","overlay-opacity":"","overlay-gradient":""}},"ast-content-background-meta":{"desktop":{"background-color":"var(--ast-global-color-5)","background-image":"","background-repeat":"repeat","background-position":"center center","background-size":"auto","background-attachment":"scroll","background-type":"","background-media":"","overlay-type":"","overlay-color":"","overlay-opacity":"","overlay-gradient":""},"tablet":{"background-color":"var(--ast-global-color-5)","background-image":"","background-repeat":"repeat","background-position":"center center","background-size":"auto","background-attachment":"scroll","background-type":"","background-media":"","overlay-type":"","overlay-color":"","overlay-opacity":"","overlay-gradient":""},"mobile":{"background-color":"var(--ast-global-color-5)","background-image":"","background-repeat":"repeat","background-position":"center center","background-size":"auto","background-attachment":"scroll","background-type":"","background-media":"","overlay-type":"","overlay-color":"","overlay-opacity":"","overlay-gradient":""}}},"product_brand":[],"product_cat":[712],"product_tag":[3594],"class_list":{"0":"post-6282","1":"product","2":"type-product","3":"status-publish","4":"has-post-thumbnail","6":"product_cat-hydratacni-antioxidacni-peptid","7":"product_tag-acetyl-hexapeptide-37-cas-1447824-16-9-for-skin-moisturizing-cs","8":"desktop-align-left","9":"tablet-align-left","10":"mobile-align-left","12":"first","13":"instock","14":"shipping-taxable","15":"product-type-simple"},"_links":{"self":[{"href":"https:\/\/puyapeptide.net\/cs\/wp-json\/wp\/v2\/product\/6282","targetHints":{"allow":["GET"]}}],"collection":[{"href":"https:\/\/puyapeptide.net\/cs\/wp-json\/wp\/v2\/product"}],"about":[{"href":"https:\/\/puyapeptide.net\/cs\/wp-json\/wp\/v2\/types\/product"}],"replies":[{"embeddable":true,"href":"https:\/\/puyapeptide.net\/cs\/wp-json\/wp\/v2\/comments?post=6282"}],"wp:featuredmedia":[{"embeddable":true,"href":"https:\/\/puyapeptide.net\/cs\/wp-json\/wp\/v2\/media\/2202"}],"wp:attachment":[{"href":"https:\/\/puyapeptide.net\/cs\/wp-json\/wp\/v2\/media?parent=6282"}],"wp:term":[{"taxonomy":"product_brand","embeddable":true,"href":"https:\/\/puyapeptide.net\/cs\/wp-json\/wp\/v2\/product_brand?post=6282"},{"taxonomy":"product_cat","embeddable":true,"href":"https:\/\/puyapeptide.net\/cs\/wp-json\/wp\/v2\/product_cat?post=6282"},{"taxonomy":"product_tag","embeddable":true,"href":"https:\/\/puyapeptide.net\/cs\/wp-json\/wp\/v2\/product_tag?post=6282"}],"curies":[{"name":"wp","href":"https:\/\/api.w.org\/{rel}","templated":true}]}}