{"id":6463,"date":"2021-12-16T05:01:45","date_gmt":"2021-12-16T10:01:45","guid":{"rendered":"https:\/\/puyapeptide.net\/product\/acetyl-hexapeptid-39-pro-hubnuti\/"},"modified":"2021-12-16T05:01:45","modified_gmt":"2021-12-16T10:01:45","slug":"acetyl-hexapeptid-39-pro-hubnuti","status":"publish","type":"product","link":"https:\/\/puyapeptide.net\/cs\/product\/acetyl-hexapeptid-39-pro-hubnuti\/","title":{"rendered":"Acetyl Hexapeptid-39 pro hubnut\u00ed"},"content":{"rendered":"<h2><strong>Acetyl Hexapeptid-39 pro hubnut\u00ed<\/strong><\/h2>\n<p>Anglick\u00fd n\u00e1zev: Acetyl Hexapeptide-39, Silusyne<br \/>\nMolekul\u00e1rn\u00ed vzorec \uff1aC14H24N6O4<br \/>\nMolekulov\u00e1 hmotnost \uff1a340,80 g\/mol<br \/>\nVzhled: B\u00edl\u00fd pr\u00e1\u0161ek<\/p>\n<p>Nov\u00e1 slo\u017eka Silusyne obsahuje hexapeptidy v nov\u00fd aplika\u010dn\u00ed syst\u00e9m (INCI n\u00e1zev: acetyl hexapeptid-39), kter\u00fd sni\u017euje expresi PGC-1\u03b2, z\u00edsk\u00e1v\u00e1 opa\u010dn\u00fd \u00fa\u010dinek a zkracuje derm\u00e1ln\u00ed-subkut\u00e1nn\u00ed spojen\u00ed, co\u017e vede ke ze\u0161t\u00edhlen\u00ed a proti vr\u00e1sk\u00e1m. L\u00e9\u010dba tukov\u00e9 tk\u00e1n\u011b. Ke zkoum\u00e1n\u00ed jeho role p\u0159i expresi PGC-1\u03b1 a akumulaci lipid\u016f a tak\u00e9 jeho makroskopick\u00fdch \u00fa\u010dink\u016f byly na obou slo\u017ek\u00e1ch provedeny testy in vitro a in vivo.<\/p>\n<p>Acetyl Hexapeptid-39 sni\u017euje receptor gama koaktiv\u00e1tor 1a aktivovan\u00fd peroxisomov\u00fdm prolifer\u00e1torem (PGC-1a) a sni\u017euje adipogenezi. Pou\u017e\u00edv\u00e1 se jako prost\u0159edek na hubnut\u00ed.<\/p>\n<p>Acetyl Hexapeptide-39 (peptid na hubnut\u00ed) je nov\u00fd aktivn\u00ed peptid na hubnut\u00ed a hubnut\u00ed obsahuj\u00edc\u00ed \u0161est aminokyselin, kter\u00fd p\u016fsob\u00ed na redukci celulitidy, celulitidy, celulitidy a ze\u0161t\u00edhlen\u00ed. <\/p>\n<p>Acetyl hexapeptid-39 (peptid na hubnut\u00ed) sni\u017euje rychlost diferenciace a zr\u00e1n\u00ed tukov\u00fdch bun\u011bk, sni\u017euje hromad\u011bn\u00ed lipid\u016f v tukov\u00e9 tk\u00e1ni a p\u016fsob\u00ed na redukci celulitidy, celulitidy, celulitidy a hubnut\u00ed.<\/p>\n<p> <strong>Aplikace Acetyl Hexapeptide-39<\/strong><br \/>\nAcetyl Hexapeptide-39 je dokonalou slo\u017ekou pro o\u0161et\u0159en\u00ed proti celulitid\u011b a ze\u0161t\u00edhlen\u00ed a jako dopln\u011bk v jak\u00e9mkoli typu p\u0159\u00edpravk\u016f p\u00e9\u010de o t\u011blo.<\/p>\n<p> <strong>Pou\u017eit\u00ed Acetyl Hexapeptide-39<\/strong><br \/>\nAcetyl Hexapeptide-39 Sni\u017euje adipogenezi (nov\u00fd tuk) sn\u00ed\u017een\u00edm aktivity PGC-1\u03b1<\/p>\n<p> <strong>Acetyl Hexapeptide-39 V\u00fdhody<\/strong><br \/>\nAcetyl Hexapeptide-39 je dokonal\u00e1 slo\u017eka proti celulitid\u011b a ze\u0161t\u00edhluj\u00edc\u00ed k\u00fary a jako dopln\u011bk v jak\u00e9mkoli typu p\u0159\u00edpravk\u016f p\u00e9\u010de o t\u011blo.<\/p>\n<p>Acetyl Hexa peptid-39 Sni\u017euje adipogenezi (nov\u00fd tuk) sn\u00ed\u017een\u00edm aktivity PGC-1\u03b1.<br \/>\nV\u011bda dok\u00e1zala, \u017ee peptidy mohou pomoci zvl\u00e1dat vr\u00e1sky ve va\u0161\u00ed pleti a zvr\u00e1tit zn\u00e1mky st\u00e1rnut\u00ed.<br \/>\nLidsk\u00e1 k\u016f\u017ee se skl\u00e1d\u00e1 p\u0159ev\u00e1\u017en\u011b z kolagenu. Kolagen je protein slo\u017een\u00fd z dlouh\u00fdch segment\u016f aminokyselin uspo\u0159\u00e1dan\u00fdch jako \u0159et\u011bzec. Kolagen poskytuje pleti z\u00e1klad a tlou\u0161\u0165ku.<br \/>\n\u017deny do 30 let maj\u00ed dostatek kolagenu, co\u017e m\u00e1 za n\u00e1sledek hladkou a napnutou poko\u017eku.<br \/>\nMy ostatn\u00ed m\u00e1me m\u00e9n\u011b kolagenu \u2013 ple\u0165 m\u00e1 tendenci b\u00fdt ten\u010d\u00ed a odhaluje v\u00edce vr\u00e1sek.&lt;&amp; &gt;P\u0159i rozpadu kolagenu se tvo\u0159\u00ed kr\u00e1tk\u00e9 segmenty aminokyselin. Jedn\u00e1 se o drobn\u00e9 proteiny a aktivn\u00ed molekuly zn\u00e1m\u00e9 jako peptidy. Peptidy v p\u00e9\u010di o ple\u0165 mohou poskytnout v\u00fdznamn\u00e9 v\u00fdhody proti st\u00e1rnut\u00ed.<\/p>\n","protected":false},"excerpt":{"rendered":"<p>Anglick\u00fd n\u00e1zev: Acetyl Hexapeptide-39, Silusyne<br \/>\nMolekul\u00e1rn\u00ed vzorec \uff1aC14H24N6O4<br \/>\nMolekul\u00e1rn\u00ed hmotnost \uff1a340,80 g\/mol<br \/>\nVzhled: B\u00edl\u00fd pr\u00e1\u0161ek<\/p>\n","protected":false},"featured_media":2097,"comment_status":"open","ping_status":"closed","template":"","meta":{"om_disable_all_campaigns":false,"_monsterinsights_skip_tracking":false,"_monsterinsights_sitenote_active":false,"_monsterinsights_sitenote_note":"","_monsterinsights_sitenote_category":0,"site-sidebar-layout":"default","site-content-layout":"default","ast-site-content-layout":"default","site-content-style":"default","site-sidebar-style":"default","ast-global-header-display":"","ast-banner-title-visibility":"","ast-main-header-display":"","ast-hfb-above-header-display":"","ast-hfb-below-header-display":"","ast-hfb-mobile-header-display":"","site-post-title":"","ast-breadcrumbs-content":"","ast-featured-img":"","footer-sml-layout":"","ast-disable-related-posts":"","theme-transparent-header-meta":"default","adv-header-id-meta":"","stick-header-meta":"","header-above-stick-meta":"","header-main-stick-meta":"","header-below-stick-meta":"","astra-migrate-meta-layouts":"default","ast-page-background-enabled":"default","ast-page-background-meta":{"desktop":{"background-color":"","background-image":"","background-repeat":"repeat","background-position":"center center","background-size":"auto","background-attachment":"scroll","background-type":"","background-media":"","overlay-type":"","overlay-color":"","overlay-opacity":"","overlay-gradient":""},"tablet":{"background-color":"","background-image":"","background-repeat":"repeat","background-position":"center center","background-size":"auto","background-attachment":"scroll","background-type":"","background-media":"","overlay-type":"","overlay-color":"","overlay-opacity":"","overlay-gradient":""},"mobile":{"background-color":"","background-image":"","background-repeat":"repeat","background-position":"center center","background-size":"auto","background-attachment":"scroll","background-type":"","background-media":"","overlay-type":"","overlay-color":"","overlay-opacity":"","overlay-gradient":""}},"ast-content-background-meta":{"desktop":{"background-color":"var(--ast-global-color-5)","background-image":"","background-repeat":"repeat","background-position":"center center","background-size":"auto","background-attachment":"scroll","background-type":"","background-media":"","overlay-type":"","overlay-color":"","overlay-opacity":"","overlay-gradient":""},"tablet":{"background-color":"var(--ast-global-color-5)","background-image":"","background-repeat":"repeat","background-position":"center center","background-size":"auto","background-attachment":"scroll","background-type":"","background-media":"","overlay-type":"","overlay-color":"","overlay-opacity":"","overlay-gradient":""},"mobile":{"background-color":"var(--ast-global-color-5)","background-image":"","background-repeat":"repeat","background-position":"center center","background-size":"auto","background-attachment":"scroll","background-type":"","background-media":"","overlay-type":"","overlay-color":"","overlay-opacity":"","overlay-gradient":""}}},"product_brand":[],"product_cat":[645],"product_tag":[3424],"class_list":{"0":"post-6463","1":"product","2":"type-product","3":"status-publish","4":"has-post-thumbnail","6":"product_cat-peptid-pro-ztratu-tuku","7":"product_tag-acetyl-hexapeptide-39-for-slimming-cs","8":"desktop-align-left","9":"tablet-align-left","10":"mobile-align-left","12":"first","13":"instock","14":"shipping-taxable","15":"product-type-simple"},"_links":{"self":[{"href":"https:\/\/puyapeptide.net\/cs\/wp-json\/wp\/v2\/product\/6463","targetHints":{"allow":["GET"]}}],"collection":[{"href":"https:\/\/puyapeptide.net\/cs\/wp-json\/wp\/v2\/product"}],"about":[{"href":"https:\/\/puyapeptide.net\/cs\/wp-json\/wp\/v2\/types\/product"}],"replies":[{"embeddable":true,"href":"https:\/\/puyapeptide.net\/cs\/wp-json\/wp\/v2\/comments?post=6463"}],"wp:featuredmedia":[{"embeddable":true,"href":"https:\/\/puyapeptide.net\/cs\/wp-json\/wp\/v2\/media\/2097"}],"wp:attachment":[{"href":"https:\/\/puyapeptide.net\/cs\/wp-json\/wp\/v2\/media?parent=6463"}],"wp:term":[{"taxonomy":"product_brand","embeddable":true,"href":"https:\/\/puyapeptide.net\/cs\/wp-json\/wp\/v2\/product_brand?post=6463"},{"taxonomy":"product_cat","embeddable":true,"href":"https:\/\/puyapeptide.net\/cs\/wp-json\/wp\/v2\/product_cat?post=6463"},{"taxonomy":"product_tag","embeddable":true,"href":"https:\/\/puyapeptide.net\/cs\/wp-json\/wp\/v2\/product_tag?post=6463"}],"curies":[{"name":"wp","href":"https:\/\/api.w.org\/{rel}","templated":true}]}}