{"id":6480,"date":"2021-12-16T05:02:52","date_gmt":"2021-12-16T10:02:52","guid":{"rendered":"https:\/\/puyapeptide.net\/product\/acetyl-hexapeptid-38-adifyline-cas-1400634-44-7-muze-zvetsit-objem-prsou-nebo-tvari\/"},"modified":"2021-12-16T05:02:52","modified_gmt":"2021-12-16T10:02:52","slug":"acetyl-hexapeptid-38-adifyline-cas-1400634-44-7-muze-zvetsit-objem-prsou-nebo-tvari","status":"publish","type":"product","link":"https:\/\/puyapeptide.net\/cs\/product\/acetyl-hexapeptid-38-adifyline-cas-1400634-44-7-muze-zvetsit-objem-prsou-nebo-tvari\/","title":{"rendered":"Acetyl hexapeptid 38\/ Adifyline CAS 1400634-44-7 m\u016f\u017ee zv\u011bt\u0161it objem prsou nebo tv\u00e1\u0159\u00ed"},"content":{"rendered":"<h2><strong>Acetyl hexapeptid 38\/ Adifyline CAS 1400634-44-7 m\u016f\u017ee zv\u011bt\u0161it objem prsou nebo tv\u00e1\u0159\u00ed<\/strong><\/h2>\n<p>N\u00e1zev produktu: Acetyl hexapeptid 38<br \/>\nSynonyma: Acetyl hexapeptid 38;adifyline;PAW-\u03b2;Acetyl Hexapeptid-38, Adifyline;Acetyl sixpeptid;Acetylhexapeptid-38 pr\u00e1\u0161ek;Acetylhexapeptid-38;Acetyl USP hexapeptid \/EP\/BP<br \/>\nCAS: 1400634-44-7<br \/>\nMF:<br \/>\nMW: 0<br \/>\nEINECS: 000-000-0<br \/>\nKategorie produkt\u016f:<br \/>\nSoubor Mol: Soubor Mol&lt; &amp;&gt;Platebn\u00ed term\u00edn: Trade Assurance, T\/T, Western Union, L\/C<\/p>\n<p>Acetyl Hexapeptide-38 (Adifyline), kter\u00e9 zvy\u0161uj\u00ed objem tukov\u00e9 tk\u00e1n\u011b ve specifick\u00fdch oblastech, zlep\u0161uj\u00ed vzhled obli\u010deje a poskytuj\u00ed atraktivn\u00ed k\u0159ivky t\u011bla .Stimuluje expresi gama koaktiv\u00e1toru 1a (PGC-1a) receptoru aktivovan\u00e9ho peroxisomov\u00fdm prolifer\u00e1torem, \u010d\u00edm\u017e zvy\u0161uje rychlost adipogeneze. To vede k vy\u0161\u0161\u00ed akumulaci lipid\u016f a r\u016fstu objemu v po\u017eadovan\u00fdch oblastech, jako jsou prsa a tv\u00e1\u0159e.<br \/>\nHexapeptid38 zv\u011bt\u0161uje m\u00edstn\u00ed objem a zlep\u0161uje vzhled obli\u010deje a poskytnut\u00ed k\u0159ivky siluety podporou exprese PGC-1a a akumulace lipid\u016f v tukov\u00e9 tk\u00e1ni.<\/p>\n<p> <strong>Funkce a aplikace acetyl hexapeptidu 38 \/ Adifyline CAS 1400634-44-7<\/strong> <\/p>\n<p>1. Zvy\u0161te rychlost adipogeneze.<\/p>\n<p>2. Vede k vy\u0161\u0161\u00ed akumulaci lipid\u016f a r\u016fstu objemu v po\u017eadovan\u00fdch oblastech, jako jsou prsa a tv\u00e1\u0159e.<\/p>\n<p>3. Zlep\u0161ete vzhled obli\u010deje a poskytn\u011bte atraktivn\u00ed k\u0159ivky t\u011bla.<\/p>\n<p> <strong>Pou\u017eit\u00ed Acetyl hexapeptidu 38\/ Adifyline CAS 1400634-44-7<\/strong><br \/>\nzv\u00fd\u0161en\u00ed m\u00edstn\u00edho objemu, zlep\u0161en\u00ed vzhledu obli\u010deje a poskytnut\u00ed k\u0159ivky siluety podporou v\u00fdrazu PGC-1a a hromad\u011bn\u00ed lipid\u016f v tukov\u00e9 tk\u00e1ni.<\/p>\n","protected":false},"excerpt":{"rendered":"<p>N\u00e1zev produktu: Acetyl hexapeptid 38<br \/>\nCAS: 1400634-44-7<br \/>\nSoubor Mol: Soubor Mol<\/p>\n","protected":false},"featured_media":2118,"comment_status":"open","ping_status":"closed","template":"","meta":{"om_disable_all_campaigns":false,"_monsterinsights_skip_tracking":false,"_monsterinsights_sitenote_active":false,"_monsterinsights_sitenote_note":"","_monsterinsights_sitenote_category":0,"site-sidebar-layout":"default","site-content-layout":"default","ast-site-content-layout":"default","site-content-style":"default","site-sidebar-style":"default","ast-global-header-display":"","ast-banner-title-visibility":"","ast-main-header-display":"","ast-hfb-above-header-display":"","ast-hfb-below-header-display":"","ast-hfb-mobile-header-display":"","site-post-title":"","ast-breadcrumbs-content":"","ast-featured-img":"","footer-sml-layout":"","ast-disable-related-posts":"","theme-transparent-header-meta":"default","adv-header-id-meta":"","stick-header-meta":"","header-above-stick-meta":"","header-main-stick-meta":"","header-below-stick-meta":"","astra-migrate-meta-layouts":"default","ast-page-background-enabled":"default","ast-page-background-meta":{"desktop":{"background-color":"","background-image":"","background-repeat":"repeat","background-position":"center center","background-size":"auto","background-attachment":"scroll","background-type":"","background-media":"","overlay-type":"","overlay-color":"","overlay-opacity":"","overlay-gradient":""},"tablet":{"background-color":"","background-image":"","background-repeat":"repeat","background-position":"center center","background-size":"auto","background-attachment":"scroll","background-type":"","background-media":"","overlay-type":"","overlay-color":"","overlay-opacity":"","overlay-gradient":""},"mobile":{"background-color":"","background-image":"","background-repeat":"repeat","background-position":"center center","background-size":"auto","background-attachment":"scroll","background-type":"","background-media":"","overlay-type":"","overlay-color":"","overlay-opacity":"","overlay-gradient":""}},"ast-content-background-meta":{"desktop":{"background-color":"var(--ast-global-color-5)","background-image":"","background-repeat":"repeat","background-position":"center center","background-size":"auto","background-attachment":"scroll","background-type":"","background-media":"","overlay-type":"","overlay-color":"","overlay-opacity":"","overlay-gradient":""},"tablet":{"background-color":"var(--ast-global-color-5)","background-image":"","background-repeat":"repeat","background-position":"center center","background-size":"auto","background-attachment":"scroll","background-type":"","background-media":"","overlay-type":"","overlay-color":"","overlay-opacity":"","overlay-gradient":""},"mobile":{"background-color":"var(--ast-global-color-5)","background-image":"","background-repeat":"repeat","background-position":"center center","background-size":"auto","background-attachment":"scroll","background-type":"","background-media":"","overlay-type":"","overlay-color":"","overlay-opacity":"","overlay-gradient":""}}},"product_brand":[],"product_cat":[624],"product_tag":[3396],"class_list":{"0":"post-6480","1":"product","2":"type-product","3":"status-publish","4":"has-post-thumbnail","6":"product_cat-peptid-zvysujici-tuk-a-prsa","7":"product_tag-acetyl-hexapeptide-38-adifyline-cas-1400634-44-7-can-increase-the-volume-of-the-breasts-or-cheeks-cs","8":"desktop-align-left","9":"tablet-align-left","10":"mobile-align-left","12":"first","13":"instock","14":"shipping-taxable","15":"product-type-simple"},"_links":{"self":[{"href":"https:\/\/puyapeptide.net\/cs\/wp-json\/wp\/v2\/product\/6480","targetHints":{"allow":["GET"]}}],"collection":[{"href":"https:\/\/puyapeptide.net\/cs\/wp-json\/wp\/v2\/product"}],"about":[{"href":"https:\/\/puyapeptide.net\/cs\/wp-json\/wp\/v2\/types\/product"}],"replies":[{"embeddable":true,"href":"https:\/\/puyapeptide.net\/cs\/wp-json\/wp\/v2\/comments?post=6480"}],"wp:featuredmedia":[{"embeddable":true,"href":"https:\/\/puyapeptide.net\/cs\/wp-json\/wp\/v2\/media\/2118"}],"wp:attachment":[{"href":"https:\/\/puyapeptide.net\/cs\/wp-json\/wp\/v2\/media?parent=6480"}],"wp:term":[{"taxonomy":"product_brand","embeddable":true,"href":"https:\/\/puyapeptide.net\/cs\/wp-json\/wp\/v2\/product_brand?post=6480"},{"taxonomy":"product_cat","embeddable":true,"href":"https:\/\/puyapeptide.net\/cs\/wp-json\/wp\/v2\/product_cat?post=6480"},{"taxonomy":"product_tag","embeddable":true,"href":"https:\/\/puyapeptide.net\/cs\/wp-json\/wp\/v2\/product_tag?post=6480"}],"curies":[{"name":"wp","href":"https:\/\/api.w.org\/{rel}","templated":true}]}}