{"id":6501,"date":"2021-12-16T05:04:05","date_gmt":"2021-12-16T10:04:05","guid":{"rendered":"https:\/\/puyapeptide.net\/product\/palmitoyl-tripeptid-28-zlepsuje-elasticitu-pokozky-pevnost-a-pusobi-protizanetlive\/"},"modified":"2021-12-16T05:04:05","modified_gmt":"2021-12-16T10:04:05","slug":"palmitoyl-tripeptid-28-zlepsuje-elasticitu-pokozky-pevnost-a-pusobi-protizanetlive","status":"publish","type":"product","link":"https:\/\/puyapeptide.net\/cs\/product\/palmitoyl-tripeptid-28-zlepsuje-elasticitu-pokozky-pevnost-a-pusobi-protizanetlive\/","title":{"rendered":"Palmitoyl Tripeptid-28 zlep\u0161uje elasticitu poko\u017eky, pevnost a p\u016fsob\u00ed protiz\u00e1n\u011btliv\u011b"},"content":{"rendered":"<h2><strong>Palmitoyl Tripeptid-28 zlep\u0161uje elasticitu poko\u017eky, pevnost a p\u016fsob\u00ed protiz\u00e1n\u011btliv\u011b<\/strong><\/h2>\n<p>N\u00e1zev produktu: Palmitoyl Tripeptide-28<br \/>\nReference: ECM Moduline peptide<br \/>\nZdroj: syntetick\u00fd<br \/>\nRozpustnost: rozpustn\u00fd ve vod\u011b<br \/>\nStabilita: stabiln\u00ed<br \/>\n\u010cistota: &gt;=95%<br \/>\n T\u0159\u00edda: kosmetick\u00fd<br \/>\nMSDS a COA: k dispozici pro va\u0161i informaci, kontaktujte n\u00e1s<br \/>\nKapacita: 1 kg za m\u011bs\u00edc<br \/>\nVzhled: b\u00edl\u00fd pr\u00e1\u0161ek<\/p>\n<p> <strong>Funkce palmitoyl tripeptidu-28<\/strong><br \/>\npalmitoyl tripeptid -28 zlep\u0161uje elasticitu a pevnost poko\u017eky a p\u016fsob\u00ed protiz\u00e1n\u011btliv\u011b.<\/p>\n<p> <strong>Aplikace Palmitoyl Tripeptid-28<\/strong><br \/>\nPalmitoyl Tripeptid-28 se v\u00e1\u017ee na specifick\u00fd receptor TGF-bII (TbRII) na bun\u011b\u010dn\u00e9m povrchu. Tento receptor fosforyluje receptor TGF-bi (TbRI) za vzniku aktivn\u00edho komplexu receptor\u016f, tak\u017ee fosforyluj\u00ed protein Smad 2 nebo Smad 3. Smad 2 nebo Smad 3 tvo\u0159\u00ed komplex s proteinem citoplazmatick\u00fdm Smad 4 a to umo\u017e\u0148uje translokaci komplexu Smad do j\u00e1dra. Tam se booster Smad komplex v\u00e1\u017ee se specifick\u00fdmi sekvencemi promotor\u016f gen\u016f extracelul\u00e1rn\u00ed matrix, kter\u00e9 aktivuj\u00ed jeho expresi.<\/p>\n<p>Palmitoyl Tripeptid-28 je kl\u00ed\u010dem k regeneraci extracelul\u00e1rn\u00ed matrix, proto\u017ee stimuluje synt\u00e9zu protein\u016f v extracelul\u00e1rn\u00ed matrix, inhibuje metaloprotein\u00e1zy, kter\u00e9 degraduj\u00ed kolagen, stimuluje produkci inhibitor\u016f prote\u00e1z a synt\u00e9zu integrin\u016f.<\/p>\n","protected":false},"excerpt":{"rendered":"<p>N\u00e1zev produktu: Palmitoyl Tripeptid-28<br \/>\nZdroj: syntetick\u00fd<br \/>\nRozpustnost: rozpustn\u00fd ve vod\u011b<br \/>\nStabilita: stabiln\u00ed<br \/>\n\u010cistota: &gt;=95%<br \/>\nStupe\u0148: kosmetick\u00fd<br \/>\nVzhled: b\u00edl\u00fd pr\u00e1\u0161ek<\/p>\n","protected":false},"featured_media":2202,"comment_status":"open","ping_status":"closed","template":"","meta":{"om_disable_all_campaigns":false,"_monsterinsights_skip_tracking":false,"_monsterinsights_sitenote_active":false,"_monsterinsights_sitenote_note":"","_monsterinsights_sitenote_category":0,"site-sidebar-layout":"default","site-content-layout":"default","ast-site-content-layout":"default","site-content-style":"default","site-sidebar-style":"default","ast-global-header-display":"","ast-banner-title-visibility":"","ast-main-header-display":"","ast-hfb-above-header-display":"","ast-hfb-below-header-display":"","ast-hfb-mobile-header-display":"","site-post-title":"","ast-breadcrumbs-content":"","ast-featured-img":"","footer-sml-layout":"","ast-disable-related-posts":"","theme-transparent-header-meta":"default","adv-header-id-meta":"","stick-header-meta":"","header-above-stick-meta":"","header-main-stick-meta":"","header-below-stick-meta":"","astra-migrate-meta-layouts":"default","ast-page-background-enabled":"default","ast-page-background-meta":{"desktop":{"background-color":"","background-image":"","background-repeat":"repeat","background-position":"center center","background-size":"auto","background-attachment":"scroll","background-type":"","background-media":"","overlay-type":"","overlay-color":"","overlay-opacity":"","overlay-gradient":""},"tablet":{"background-color":"","background-image":"","background-repeat":"repeat","background-position":"center center","background-size":"auto","background-attachment":"scroll","background-type":"","background-media":"","overlay-type":"","overlay-color":"","overlay-opacity":"","overlay-gradient":""},"mobile":{"background-color":"","background-image":"","background-repeat":"repeat","background-position":"center center","background-size":"auto","background-attachment":"scroll","background-type":"","background-media":"","overlay-type":"","overlay-color":"","overlay-opacity":"","overlay-gradient":""}},"ast-content-background-meta":{"desktop":{"background-color":"var(--ast-global-color-5)","background-image":"","background-repeat":"repeat","background-position":"center center","background-size":"auto","background-attachment":"scroll","background-type":"","background-media":"","overlay-type":"","overlay-color":"","overlay-opacity":"","overlay-gradient":""},"tablet":{"background-color":"var(--ast-global-color-5)","background-image":"","background-repeat":"repeat","background-position":"center center","background-size":"auto","background-attachment":"scroll","background-type":"","background-media":"","overlay-type":"","overlay-color":"","overlay-opacity":"","overlay-gradient":""},"mobile":{"background-color":"var(--ast-global-color-5)","background-image":"","background-repeat":"repeat","background-position":"center center","background-size":"auto","background-attachment":"scroll","background-type":"","background-media":"","overlay-type":"","overlay-color":"","overlay-opacity":"","overlay-gradient":""}}},"product_brand":[],"product_cat":[624],"product_tag":[3373,3351],"class_list":{"0":"post-6501","1":"product","2":"type-product","3":"status-publish","4":"has-post-thumbnail","6":"product_cat-peptid-zvysujici-tuk-a-prsa","7":"product_tag-firmness-and-serves-as-an-anti-inflammatory-cs","8":"product_tag-palmitoyl-tripeptide-28-improves-skin-elasticity-cs","9":"desktop-align-left","10":"tablet-align-left","11":"mobile-align-left","13":"first","14":"instock","15":"shipping-taxable","16":"product-type-simple"},"_links":{"self":[{"href":"https:\/\/puyapeptide.net\/cs\/wp-json\/wp\/v2\/product\/6501","targetHints":{"allow":["GET"]}}],"collection":[{"href":"https:\/\/puyapeptide.net\/cs\/wp-json\/wp\/v2\/product"}],"about":[{"href":"https:\/\/puyapeptide.net\/cs\/wp-json\/wp\/v2\/types\/product"}],"replies":[{"embeddable":true,"href":"https:\/\/puyapeptide.net\/cs\/wp-json\/wp\/v2\/comments?post=6501"}],"wp:featuredmedia":[{"embeddable":true,"href":"https:\/\/puyapeptide.net\/cs\/wp-json\/wp\/v2\/media\/2202"}],"wp:attachment":[{"href":"https:\/\/puyapeptide.net\/cs\/wp-json\/wp\/v2\/media?parent=6501"}],"wp:term":[{"taxonomy":"product_brand","embeddable":true,"href":"https:\/\/puyapeptide.net\/cs\/wp-json\/wp\/v2\/product_brand?post=6501"},{"taxonomy":"product_cat","embeddable":true,"href":"https:\/\/puyapeptide.net\/cs\/wp-json\/wp\/v2\/product_cat?post=6501"},{"taxonomy":"product_tag","embeddable":true,"href":"https:\/\/puyapeptide.net\/cs\/wp-json\/wp\/v2\/product_tag?post=6501"}],"curies":[{"name":"wp","href":"https:\/\/api.w.org\/{rel}","templated":true}]}}