{"id":6524,"date":"2021-12-16T05:05:45","date_gmt":"2021-12-16T10:05:45","guid":{"rendered":"https:\/\/puyapeptide.net\/product\/palmitoyl-tetrapeptid-20-nejvyssi-kvality-pro-sedive-vlasy\/"},"modified":"2021-12-16T05:05:45","modified_gmt":"2021-12-16T10:05:45","slug":"palmitoyl-tetrapeptid-20-nejvyssi-kvality-pro-sedive-vlasy","status":"publish","type":"product","link":"https:\/\/puyapeptide.net\/cs\/product\/palmitoyl-tetrapeptid-20-nejvyssi-kvality-pro-sedive-vlasy\/","title":{"rendered":"Palmitoyl Tetrapeptid-20 nejvy\u0161\u0161\u00ed kvality pro \u0161ediv\u00e9 vlasy"},"content":{"rendered":"<h2><strong>Palmitoyl Tetrapeptid-20 nejvy\u0161\u0161\u00ed kvality pro \u0161ediv\u00e9 vlasy<\/strong><\/h2>\n<p>N\u00e1zev produktu Palmitoyl Tetrapeptid-20<br \/>\n\u010cistota 95-99%<br \/>\nMSDS a COA k dispozici pro va\u0161i referenci<br \/>\nOkam\u017eit\u00e9 dod\u00e1n\u00ed ze skladu<br \/>\nSekvence Pal-PEKK<br \/>\nCas 221227-05-0 <\/p>\n<p>Palmitoyl tetrapeptid-20 je agonista \u03b1-MSH, stimuluje synt\u00e9zu melaninu a zlep\u0161uje aktivitu katal\u00e1zy a sni\u017euje nadbytek (H202). M\u016f\u017ee b\u00fdt pou\u017eit p\u0159i pigmentaci vlas\u016f.<\/p>\n<p>Palmitoyl tetrapeptid-20 je hormon\u00e1ln\u00ed (MSH-\u03b1) bionick\u00fd peptid, kter\u00fd p\u016fsob\u00ed na dv\u011b hlavn\u00ed p\u0159\u00ed\u010diny \u0161ediv\u011bn\u00ed vlas\u016f: redukci melaninu a oxida\u010dn\u00ed stres. Palmitoyl Tetrapeptid-10 (Zna\u010dka: Kramer) nab\u00edz\u00ed bezprecedentn\u011b \u00fa\u010dinn\u00fd zp\u016fsob, jak zabr\u00e1nit, zastavit a zvr\u00e1tit fenom\u00e9n st\u00e1rnut\u00ed vlas\u016f. Klinicky testovan\u00fd, aby byl \u00fa\u010dinn\u00fd, m\u016f\u017ee Black Hair Peptide pomoci mu\u017e\u016fm a \u017een\u00e1m, kte\u0159\u00ed trp\u00ed \u0161edinami t\u00edm, \u017ee zvr\u00e1til proces st\u00e1rnut\u00ed vlas\u016f a zv\u00fd\u0161il sebev\u011bdom\u00ed lid\u00ed, aby vypadali p\u0159irozen\u011bji mladistv\u011bji.<\/p>\n<p> <strong>Pou\u017eit\u00ed Palmitoyl Tetrapeptide-20<\/strong> &lt; &amp;&gt;Palmitoyl tetrapeptid-20 stimuluje pigmentaci vlas\u016f a zvr\u00e1tit proces \u0161ediv\u011bn\u00ed vlas\u016f, poskytuje mu\u017e\u016fm a \u017een\u00e1m mlad\u0161\u00ed vzhled a zlep\u0161uje jejich sebev\u011bdom\u00ed<\/p>\n<p> <strong>Funkce palmitoyltetrapeptidu-20<\/strong><br \/>\npalmitoyltetrapeptid-20 m\u016f\u017ee stimulovat p\u0159irozen\u00e1 produkce vlasov\u00e9ho pigmentu a postupn\u011b obnovuje p\u0159irozenou barvu vlas\u016f; odol\u00e1v\u00e1 st\u00e1rnut\u00ed vlas\u016f a zabra\u0148uje vzniku \u0161ediv\u00fdch vlas\u016f. M\u016f\u017ee b\u00fdt pou\u017eit pro vlasy proti st\u00e1rnut\u00ed, kryt\u00ed \u0161ediv\u00fdch vlas\u016f s \u010dasn\u00fdm n\u00e1stupem, p\u00e9\u010di po barven\u00ed, p\u0159\u00edrodn\u00ed zv\u00fdraz\u0148ova\u010d barvy vlas\u016f, jemn\u011bj\u0161\u00ed ne\u017e chemick\u00e9 barvy pro produkty p\u00e9\u010de o poko\u017eku hlavy a vousy.<\/p>\n","protected":false},"excerpt":{"rendered":"<p>N\u00e1zev produktu Palmitoyl Tetrapeptid-20<br \/>\n\u010cistota 95-99%<br \/>\nOkam\u017eit\u00e9 dod\u00e1n\u00ed ze skladu<br \/>\nSekvence Pal-PEKK<br \/>\nCas 221227-05-0<\/p>\n","protected":false},"featured_media":2160,"comment_status":"open","ping_status":"closed","template":"","meta":{"om_disable_all_campaigns":false,"_monsterinsights_skip_tracking":false,"_monsterinsights_sitenote_active":false,"_monsterinsights_sitenote_note":"","_monsterinsights_sitenote_category":0,"site-sidebar-layout":"default","site-content-layout":"default","ast-site-content-layout":"default","site-content-style":"default","site-sidebar-style":"default","ast-global-header-display":"","ast-banner-title-visibility":"","ast-main-header-display":"","ast-hfb-above-header-display":"","ast-hfb-below-header-display":"","ast-hfb-mobile-header-display":"","site-post-title":"","ast-breadcrumbs-content":"","ast-featured-img":"","footer-sml-layout":"","ast-disable-related-posts":"","theme-transparent-header-meta":"default","adv-header-id-meta":"","stick-header-meta":"","header-above-stick-meta":"","header-main-stick-meta":"","header-below-stick-meta":"","astra-migrate-meta-layouts":"default","ast-page-background-enabled":"default","ast-page-background-meta":{"desktop":{"background-color":"","background-image":"","background-repeat":"repeat","background-position":"center center","background-size":"auto","background-attachment":"scroll","background-type":"","background-media":"","overlay-type":"","overlay-color":"","overlay-opacity":"","overlay-gradient":""},"tablet":{"background-color":"","background-image":"","background-repeat":"repeat","background-position":"center center","background-size":"auto","background-attachment":"scroll","background-type":"","background-media":"","overlay-type":"","overlay-color":"","overlay-opacity":"","overlay-gradient":""},"mobile":{"background-color":"","background-image":"","background-repeat":"repeat","background-position":"center center","background-size":"auto","background-attachment":"scroll","background-type":"","background-media":"","overlay-type":"","overlay-color":"","overlay-opacity":"","overlay-gradient":""}},"ast-content-background-meta":{"desktop":{"background-color":"var(--ast-global-color-5)","background-image":"","background-repeat":"repeat","background-position":"center center","background-size":"auto","background-attachment":"scroll","background-type":"","background-media":"","overlay-type":"","overlay-color":"","overlay-opacity":"","overlay-gradient":""},"tablet":{"background-color":"var(--ast-global-color-5)","background-image":"","background-repeat":"repeat","background-position":"center center","background-size":"auto","background-attachment":"scroll","background-type":"","background-media":"","overlay-type":"","overlay-color":"","overlay-opacity":"","overlay-gradient":""},"mobile":{"background-color":"var(--ast-global-color-5)","background-image":"","background-repeat":"repeat","background-position":"center center","background-size":"auto","background-attachment":"scroll","background-type":"","background-media":"","overlay-type":"","overlay-color":"","overlay-opacity":"","overlay-gradient":""}}},"product_brand":[],"product_cat":[603],"product_tag":[3331],"class_list":{"0":"post-6524","1":"product","2":"type-product","3":"status-publish","4":"has-post-thumbnail","6":"product_cat-peptid-podporujici-rust-vlasu-ras","7":"product_tag-top-grade-palmitoyl-tetrapeptide-20-for-grey-hair-cs","8":"desktop-align-left","9":"tablet-align-left","10":"mobile-align-left","12":"first","13":"instock","14":"shipping-taxable","15":"product-type-simple"},"_links":{"self":[{"href":"https:\/\/puyapeptide.net\/cs\/wp-json\/wp\/v2\/product\/6524","targetHints":{"allow":["GET"]}}],"collection":[{"href":"https:\/\/puyapeptide.net\/cs\/wp-json\/wp\/v2\/product"}],"about":[{"href":"https:\/\/puyapeptide.net\/cs\/wp-json\/wp\/v2\/types\/product"}],"replies":[{"embeddable":true,"href":"https:\/\/puyapeptide.net\/cs\/wp-json\/wp\/v2\/comments?post=6524"}],"wp:featuredmedia":[{"embeddable":true,"href":"https:\/\/puyapeptide.net\/cs\/wp-json\/wp\/v2\/media\/2160"}],"wp:attachment":[{"href":"https:\/\/puyapeptide.net\/cs\/wp-json\/wp\/v2\/media?parent=6524"}],"wp:term":[{"taxonomy":"product_brand","embeddable":true,"href":"https:\/\/puyapeptide.net\/cs\/wp-json\/wp\/v2\/product_brand?post=6524"},{"taxonomy":"product_cat","embeddable":true,"href":"https:\/\/puyapeptide.net\/cs\/wp-json\/wp\/v2\/product_cat?post=6524"},{"taxonomy":"product_tag","embeddable":true,"href":"https:\/\/puyapeptide.net\/cs\/wp-json\/wp\/v2\/product_tag?post=6524"}],"curies":[{"name":"wp","href":"https:\/\/api.w.org\/{rel}","templated":true}]}}