{"id":6546,"date":"2021-12-16T05:06:54","date_gmt":"2021-12-16T10:06:54","guid":{"rendered":"https:\/\/puyapeptide.net\/product\/vysoce-kvalitni-myristoyl-dipeptid-13-pro-rust-vlasu\/"},"modified":"2021-12-16T05:37:29","modified_gmt":"2021-12-16T10:37:29","slug":"vysoce-kvalitni-myristoyl-dipeptid-13-pro-rust-vlasu","status":"publish","type":"product","link":"https:\/\/puyapeptide.net\/cs\/product\/vysoce-kvalitni-myristoyl-dipeptid-13-pro-rust-vlasu\/","title":{"rendered":"Vysoce kvalitn\u00ed Myristoyl Dipeptid-13 pro r\u016fst vlas\u016f"},"content":{"rendered":"<h2><strong>Vysoce kvalitn\u00ed Myristoyl Dipeptid-13 pro r\u016fst vlas\u016f<\/strong><\/h2>\n<p>N\u00e1zev produktu: Myristoyl Dipeptide-13<br \/>\nReference: RELISTASE<br \/>\n\u010cistota: 95%<br \/>\nZdroj: syntetick\u00fd<br \/>\nStupe\u0148: kosmetick\u00fd<br \/>\nZ\u00e1pach: ne<br \/>\nRozpustnost: rozpustn\u00fd ve vod\u011b&lt; &amp;&gt;P\u0159\u00edsada: 4 PPM<br \/>\nStabilita: stabiln\u00ed<br \/>\nKapacita: 100 g za m\u011bs\u00edc<br \/>\nVzhled: b\u00edl\u00fd pr\u00e1\u0161ek<\/p>\n<p>Myristoyl Dipeptide-13 je \u00fa\u010dinn\u00fd peptid stimuluj\u00edc\u00ed r\u016fst vlas\u016f; podporuje bun\u011b\u010dnou proliferaci a zvy\u0161uje hustotu vlas\u016f u \u010dlov\u011bka.<\/p>\n<p> <strong>Funkce Myristoyl Dipeptide-13<\/strong><br \/>\nMyristoyl Pentapeptide-13 je siln\u00fd stimul\u00e1tor r\u016fstu \u0159as, kter\u00fd p\u0159\u00edmo aktivuje keratinov\u00fd gen, kter\u00fd vede k r\u016fstu \u0159as.<\/p>\n","protected":false},"excerpt":{"rendered":"<p>N\u00e1zev produktu: Myristoyl Dipeptide-13<br \/>\n\u010cistota: 95%<br \/>\nZdroj: syntetick\u00fd<br \/>\nStupe\u0148: kosmetick\u00fd<br \/>\nRozpustnost: rozpustn\u00fd ve vod\u011b<br \/>\nP\u0159\u00edsada: 4 PPM<br \/>\nVzhled: b\u00edl\u00fd pr\u00e1\u0161ek<\/p>\n","protected":false},"featured_media":2202,"comment_status":"open","ping_status":"closed","template":"","meta":{"om_disable_all_campaigns":false,"_monsterinsights_skip_tracking":false,"_monsterinsights_sitenote_active":false,"_monsterinsights_sitenote_note":"","_monsterinsights_sitenote_category":0,"site-sidebar-layout":"default","site-content-layout":"default","ast-site-content-layout":"default","site-content-style":"default","site-sidebar-style":"default","ast-global-header-display":"","ast-banner-title-visibility":"","ast-main-header-display":"","ast-hfb-above-header-display":"","ast-hfb-below-header-display":"","ast-hfb-mobile-header-display":"","site-post-title":"","ast-breadcrumbs-content":"","ast-featured-img":"","footer-sml-layout":"","ast-disable-related-posts":"","theme-transparent-header-meta":"default","adv-header-id-meta":"","stick-header-meta":"","header-above-stick-meta":"","header-main-stick-meta":"","header-below-stick-meta":"","astra-migrate-meta-layouts":"default","ast-page-background-enabled":"default","ast-page-background-meta":{"desktop":{"background-color":"","background-image":"","background-repeat":"repeat","background-position":"center center","background-size":"auto","background-attachment":"scroll","background-type":"","background-media":"","overlay-type":"","overlay-color":"","overlay-opacity":"","overlay-gradient":""},"tablet":{"background-color":"","background-image":"","background-repeat":"repeat","background-position":"center center","background-size":"auto","background-attachment":"scroll","background-type":"","background-media":"","overlay-type":"","overlay-color":"","overlay-opacity":"","overlay-gradient":""},"mobile":{"background-color":"","background-image":"","background-repeat":"repeat","background-position":"center center","background-size":"auto","background-attachment":"scroll","background-type":"","background-media":"","overlay-type":"","overlay-color":"","overlay-opacity":"","overlay-gradient":""}},"ast-content-background-meta":{"desktop":{"background-color":"var(--ast-global-color-5)","background-image":"","background-repeat":"repeat","background-position":"center center","background-size":"auto","background-attachment":"scroll","background-type":"","background-media":"","overlay-type":"","overlay-color":"","overlay-opacity":"","overlay-gradient":""},"tablet":{"background-color":"var(--ast-global-color-5)","background-image":"","background-repeat":"repeat","background-position":"center center","background-size":"auto","background-attachment":"scroll","background-type":"","background-media":"","overlay-type":"","overlay-color":"","overlay-opacity":"","overlay-gradient":""},"mobile":{"background-color":"var(--ast-global-color-5)","background-image":"","background-repeat":"repeat","background-position":"center center","background-size":"auto","background-attachment":"scroll","background-type":"","background-media":"","overlay-type":"","overlay-color":"","overlay-opacity":"","overlay-gradient":""}}},"product_brand":[],"product_cat":[603],"product_tag":[3308],"class_list":{"0":"post-6546","1":"product","2":"type-product","3":"status-publish","4":"has-post-thumbnail","6":"product_cat-peptid-podporujici-rust-vlasu-ras","7":"product_tag-high-quality-myristoyl-dipeptide-13-for-hair-growth-cs","8":"desktop-align-left","9":"tablet-align-left","10":"mobile-align-left","12":"first","13":"instock","14":"shipping-taxable","15":"product-type-simple"},"_links":{"self":[{"href":"https:\/\/puyapeptide.net\/cs\/wp-json\/wp\/v2\/product\/6546","targetHints":{"allow":["GET"]}}],"collection":[{"href":"https:\/\/puyapeptide.net\/cs\/wp-json\/wp\/v2\/product"}],"about":[{"href":"https:\/\/puyapeptide.net\/cs\/wp-json\/wp\/v2\/types\/product"}],"replies":[{"embeddable":true,"href":"https:\/\/puyapeptide.net\/cs\/wp-json\/wp\/v2\/comments?post=6546"}],"wp:featuredmedia":[{"embeddable":true,"href":"https:\/\/puyapeptide.net\/cs\/wp-json\/wp\/v2\/media\/2202"}],"wp:attachment":[{"href":"https:\/\/puyapeptide.net\/cs\/wp-json\/wp\/v2\/media?parent=6546"}],"wp:term":[{"taxonomy":"product_brand","embeddable":true,"href":"https:\/\/puyapeptide.net\/cs\/wp-json\/wp\/v2\/product_brand?post=6546"},{"taxonomy":"product_cat","embeddable":true,"href":"https:\/\/puyapeptide.net\/cs\/wp-json\/wp\/v2\/product_cat?post=6546"},{"taxonomy":"product_tag","embeddable":true,"href":"https:\/\/puyapeptide.net\/cs\/wp-json\/wp\/v2\/product_tag?post=6546"}],"curies":[{"name":"wp","href":"https:\/\/api.w.org\/{rel}","templated":true}]}}