{"id":6563,"date":"2021-12-16T05:07:37","date_gmt":"2021-12-16T10:07:37","guid":{"rendered":"https:\/\/puyapeptide.net\/product\/oligopeptid-54-je-novy-peptid-podporujici-rust-vlasu\/"},"modified":"2021-12-16T05:07:37","modified_gmt":"2021-12-16T10:07:37","slug":"oligopeptid-54-je-novy-peptid-podporujici-rust-vlasu","status":"publish","type":"product","link":"https:\/\/puyapeptide.net\/cs\/product\/oligopeptid-54-je-novy-peptid-podporujici-rust-vlasu\/","title":{"rendered":"Oligopeptid-54 je nov\u00fd peptid podporuj\u00edc\u00ed r\u016fst vlas\u016f"},"content":{"rendered":"<h2><strong>Oligopeptid-54 je nov\u00fd peptid podporuj\u00edc\u00ed r\u016fst vlas\u016f<\/strong><\/h2>\n<p>Anglick\u00fd n\u00e1zev: Oligopeptid-54, CG-Nokkin<br \/>\n\u010cistota: \u226598%<br \/>\nMolekul\u00e1rn\u00ed hmotnost \uff1a923,61 g\/mol<br \/>\nMolekul\u00e1rn\u00ed vzorec \uff1aC51H57N9O8<br \/>\nVzhled: b\u00edl\u00fd pr\u00e1\u0161ek<br \/>\nSpecifikace balen\u00ed (pr\u00e1\u0161ek): 1g, 10g, 100g<\/p>\n<p>Oligopeptid-54, oligopeptid-54 (CG nokkin), tento biopeptid sni\u017euje aktivitu gen\u016f odpov\u011bdn\u00fdch za androgenn\u00ed alopecii blokov\u00e1n\u00edm exprese gen\u016f citliv\u00fdch na DHT. Aktivuje WNT signalizaci se siln\u00fdm antagonistou BMP, kter\u00fd podporuje r\u016fst vlas\u016f a inhibuje ztr\u00e1tu pigmentu ve vlasech. Posiluje vlasy a z\u00e1rove\u0148 stimuluje folikuly, aby produkovaly zdrav\u011bj\u0161\u00ed vlasy. Napom\u00e1h\u00e1 krevn\u00edmu ob\u011bhu ve vlasov\u00e9 poko\u017ece a revitalizuje vlasov\u00e9 folikuly.<\/p>\n<p>Nav\u00edc stimuluje metabolismus melanocyt\u016f a jejich migraci, \u010d\u00edm\u017e zlep\u0161uje tvorbu melaninu ve vlasov\u00fdch folikulech a p\u016fsob\u00ed tak na barvu vlas\u016f. <\/p>\n<p>Zv\u00fdraz\u0148uje vlasy a z\u00e1rove\u0148 stimuluje vlasov\u00e9 folikuly, aby produkovaly zdrav\u00e9 vlasy, a zabra\u0148uje tomu, aby vlasy \u0161ediv\u011bly.<\/p>\n<p>Oligopeptid-54, oligopeptid-54 (CG nokkin) posiluje vlasy a z\u00e1rove\u0148 stimuluje vlasov\u00e9 folikuly produkuj\u00ed zdrav\u00e9 vlasy a br\u00e1n\u00ed jejich \u0161ediv\u011bn\u00ed.<\/p>\n<p> <strong>Funkce oligopeptidu-54<\/strong><br \/>\n1. Pigmentace vlas\u016f a zvr\u00e1cen\u00ed procesu \u0161ediv\u011bn\u00ed vlas\u016f<br \/>\n2. Stimulace r\u016fstu vlas\u016f<\/p>\n","protected":false},"excerpt":{"rendered":"<p>Anglick\u00fd n\u00e1zev: Oligopeptid-54, CG-Nokkin<br \/>\n\u010cistota \uff1a\u226598%<br \/>\nMolekul\u00e1rn\u00ed hmotnost \uff1a923,61g\/mol<br \/>\nMolekul\u00e1rn\u00ed vzorec \uff1aC51H57N9O8<br \/>\nVzhled: b\u00edl\u00fd pr\u00e1\u0161ek<\/p>\n","protected":false},"featured_media":2118,"comment_status":"open","ping_status":"closed","template":"","meta":{"om_disable_all_campaigns":false,"_monsterinsights_skip_tracking":false,"_monsterinsights_sitenote_active":false,"_monsterinsights_sitenote_note":"","_monsterinsights_sitenote_category":0,"site-sidebar-layout":"default","site-content-layout":"default","ast-site-content-layout":"default","site-content-style":"default","site-sidebar-style":"default","ast-global-header-display":"","ast-banner-title-visibility":"","ast-main-header-display":"","ast-hfb-above-header-display":"","ast-hfb-below-header-display":"","ast-hfb-mobile-header-display":"","site-post-title":"","ast-breadcrumbs-content":"","ast-featured-img":"","footer-sml-layout":"","ast-disable-related-posts":"","theme-transparent-header-meta":"default","adv-header-id-meta":"","stick-header-meta":"","header-above-stick-meta":"","header-main-stick-meta":"","header-below-stick-meta":"","astra-migrate-meta-layouts":"default","ast-page-background-enabled":"default","ast-page-background-meta":{"desktop":{"background-color":"","background-image":"","background-repeat":"repeat","background-position":"center center","background-size":"auto","background-attachment":"scroll","background-type":"","background-media":"","overlay-type":"","overlay-color":"","overlay-opacity":"","overlay-gradient":""},"tablet":{"background-color":"","background-image":"","background-repeat":"repeat","background-position":"center center","background-size":"auto","background-attachment":"scroll","background-type":"","background-media":"","overlay-type":"","overlay-color":"","overlay-opacity":"","overlay-gradient":""},"mobile":{"background-color":"","background-image":"","background-repeat":"repeat","background-position":"center center","background-size":"auto","background-attachment":"scroll","background-type":"","background-media":"","overlay-type":"","overlay-color":"","overlay-opacity":"","overlay-gradient":""}},"ast-content-background-meta":{"desktop":{"background-color":"var(--ast-global-color-5)","background-image":"","background-repeat":"repeat","background-position":"center center","background-size":"auto","background-attachment":"scroll","background-type":"","background-media":"","overlay-type":"","overlay-color":"","overlay-opacity":"","overlay-gradient":""},"tablet":{"background-color":"var(--ast-global-color-5)","background-image":"","background-repeat":"repeat","background-position":"center center","background-size":"auto","background-attachment":"scroll","background-type":"","background-media":"","overlay-type":"","overlay-color":"","overlay-opacity":"","overlay-gradient":""},"mobile":{"background-color":"var(--ast-global-color-5)","background-image":"","background-repeat":"repeat","background-position":"center center","background-size":"auto","background-attachment":"scroll","background-type":"","background-media":"","overlay-type":"","overlay-color":"","overlay-opacity":"","overlay-gradient":""}}},"product_brand":[],"product_cat":[603],"product_tag":[3285],"class_list":{"0":"post-6563","1":"product","2":"type-product","3":"status-publish","4":"has-post-thumbnail","6":"product_cat-peptid-podporujici-rust-vlasu-ras","7":"product_tag-oligopeptide-54-is-a-novel-hair-growth-promoting-peptide-cs","8":"desktop-align-left","9":"tablet-align-left","10":"mobile-align-left","12":"first","13":"instock","14":"shipping-taxable","15":"product-type-simple"},"_links":{"self":[{"href":"https:\/\/puyapeptide.net\/cs\/wp-json\/wp\/v2\/product\/6563","targetHints":{"allow":["GET"]}}],"collection":[{"href":"https:\/\/puyapeptide.net\/cs\/wp-json\/wp\/v2\/product"}],"about":[{"href":"https:\/\/puyapeptide.net\/cs\/wp-json\/wp\/v2\/types\/product"}],"replies":[{"embeddable":true,"href":"https:\/\/puyapeptide.net\/cs\/wp-json\/wp\/v2\/comments?post=6563"}],"wp:featuredmedia":[{"embeddable":true,"href":"https:\/\/puyapeptide.net\/cs\/wp-json\/wp\/v2\/media\/2118"}],"wp:attachment":[{"href":"https:\/\/puyapeptide.net\/cs\/wp-json\/wp\/v2\/media?parent=6563"}],"wp:term":[{"taxonomy":"product_brand","embeddable":true,"href":"https:\/\/puyapeptide.net\/cs\/wp-json\/wp\/v2\/product_brand?post=6563"},{"taxonomy":"product_cat","embeddable":true,"href":"https:\/\/puyapeptide.net\/cs\/wp-json\/wp\/v2\/product_cat?post=6563"},{"taxonomy":"product_tag","embeddable":true,"href":"https:\/\/puyapeptide.net\/cs\/wp-json\/wp\/v2\/product_tag?post=6563"}],"curies":[{"name":"wp","href":"https:\/\/api.w.org\/{rel}","templated":true}]}}