{"id":6590,"date":"2021-12-16T05:09:35","date_gmt":"2021-12-16T10:09:35","guid":{"rendered":"https:\/\/puyapeptide.net\/product\/myristoyl-pentapeptid-17-cas-959610-30-1-je-ucinna-kosmeticka-prisada-pro-podporu-rustu-ras\/"},"modified":"2021-12-16T05:09:35","modified_gmt":"2021-12-16T10:09:35","slug":"myristoyl-pentapeptid-17-cas-959610-30-1-je-ucinna-kosmeticka-prisada-pro-podporu-rustu-ras","status":"publish","type":"product","link":"https:\/\/puyapeptide.net\/cs\/product\/myristoyl-pentapeptid-17-cas-959610-30-1-je-ucinna-kosmeticka-prisada-pro-podporu-rustu-ras\/","title":{"rendered":"Myristoyl Pentapeptid-17 CAS 959610-30-1 je \u00fa\u010dinn\u00e1 kosmetick\u00e1 p\u0159\u00edsada pro podporu r\u016fstu \u0159as"},"content":{"rendered":"<h2><strong>Myristoyl Pentapeptid-17 CAS 959610-30-1 je \u00fa\u010dinn\u00e1 kosmetick\u00e1 p\u0159\u00edsada pro podporu r\u016fstu \u0159as<\/strong><\/h2>\n<p>N\u00e1zev produktu: Myristoyl Pentapeptide-17<br \/>\nSynonyma: Myristoyl Pentapeptide-17;sympeptide226;N2-(1-Oxotetradecyl)-L-lysyl-L-leucyl-L-alanyl-L-lysyl-L-lysinamid; Mu\u0161k\u00e1tov\u00fd o\u0159\u00ed\u0161ek p\u011bt peptid 17;Myr-KLAKK-NH2;N-[(2S)-6-amino-1-[[(2S)-1-[[(2S)-1-[[(2S)-6-amino- 1-[[(2S)-1,6-diamino-1-oxohexan-2-yl]amino]-1-oxohexan-2-yl]amino]-1-oxopropan-2-yl]amino]-4-methyl N2-(l-oxotetradecyl)-L-lysyl-L-leucyl-L-alanyl-L-lysyl-L-lys; Sympeptide 235<br \/>\nCAS: 959610-30-1<br \/>\nMF: C41H81N9O6<br \/>\nMW: 796,14<br \/>\nEINECS:<br \/>\nKategorie produkt\u016f:<br \/>\nMol File: 959610-30-1.mol&lt;&amp; &gt;<br \/>\nMyristoyl pentapeptid-17\/peptid na \u0159asy je \u00fa\u010dinn\u00e1 kosmetick\u00e1 p\u0159\u00edsada na podporu r\u016fstu \u0159as, kter\u00e1 dok\u00e1\u017ee \u00fa\u010dinn\u011b stimulovat synt\u00e9zu keratinu ve vlasech, podporovat r\u016fst chloupk\u016f (\u0159asy, obo\u010d\u00ed, vlasy) a \u010din\u00ed je siln\u011bj\u0161\u00edmi a pevn\u011bj\u0161\u00edmi .<\/p>\n<p>Jednou z prim\u00e1rn\u00edch rol\u00ed Myristoyl Pentapeptide-17 je antioxidant. Stejn\u011b jako v\u0161echny antioxidanty, Myristoyl Pentapeptide-17 m\u00e1 za \u00fakol chr\u00e1nit poko\u017eku p\u0159ed \u0161kodliv\u00fdmi voln\u00fdmi radik\u00e1ly, kter\u00e9 jsou d\u016fsledkem nadm\u011brn\u00e9ho slun\u011bn\u00ed nebo kontaktu s l\u00e1tkami zne\u010di\u0161\u0165uj\u00edc\u00edmi \u017eivotn\u00ed prost\u0159ed\u00ed. Tyto voln\u00e9 radik\u00e1ly po\u0161kozuj\u00ed jednotliv\u00e9 ko\u017en\u00ed bu\u0148ky, ale jejich skute\u010dn\u00e9 nebezpe\u010d\u00ed spo\u010d\u00edv\u00e1 v tom, \u017ee mohou zp\u016fsobit p\u0159ed\u010dasn\u00e9 st\u00e1rnut\u00ed. Voln\u00e9 radik\u00e1ly mohou povzbudit ko\u017en\u00ed bu\u0148ky, aby se za\u010daly rychle a nekontrolovan\u011b mno\u017eit. Nejen, \u017ee chr\u00e1n\u00ed ko\u017en\u00ed bu\u0148ky p\u0159ed antioxidanty, ale tak\u00e9 je pom\u00e1h\u00e1 neutralizovat, tak\u017ee je lze odstranit. Obli\u010dej m\u016f\u017ee za\u010d\u00edt b\u00fdt op\u011bt zdrav\u00fd. D\u00edky tomu je jedn\u00edm z nejprosp\u011b\u0161n\u011bj\u0161\u00edch antioxidant\u016f na trhu.<\/p>\n<p> <strong>Myristoyl Pentapeptide-17 CAS 959610-30-1 Chemick\u00e9 vlastnosti<\/strong><br \/>\nBod varu 1071,6\u00b165,0 \u00b0C (p\u0159edpoklad)<br \/>\n hustota 1,062\u00b10,06 g\/cm3 (P\u0159edpov\u011bzeno)<br \/>\ntepl. Uzav\u0159eno za sucha, pokojov\u00e1 teplota<br \/>\npka 13,42\u00b10,46(p\u0159edpov\u011bzen\u00e1)<\/p>\n<p> <strong>Aplikace a pou\u017eit\u00ed Myristoyl Pentapeptide-17 CAS 959610-30-1<\/strong><br \/>\n1. Mimo\u0159\u00e1dn\u00e9 zlep\u0161en\u00ed vzhledu \u0159as a obo\u010d\u00ed<br \/>\n2. Poskytuje n\u00e1dhern\u00e9, hust\u00e9 a sv\u011b\u017ee vypadaj\u00edc\u00ed \u0159asy<br \/>\n3. Technologie bez prostaglandin\u016f<br \/>\n4. \u017d\u00e1dn\u00e9 podr\u00e1\u017ed\u011bn\u00ed o\u010d\u00ed ani riziko zm\u011bny barvy<br \/>\n5. Bezpe\u010dnost testov\u00e1na dermatologem a oftalmologem.<\/p>\n","protected":false},"excerpt":{"rendered":"<p>N\u00e1zev produktu: Myristoyl Pentapeptide-17<br \/>\nCAS: 959610-30-1<br \/>\nMF: C41H81N9O6<br \/>\nMW: 796,14<br \/>\nMol Soubor: 959610-30-1.mol<\/p>\n","protected":false},"featured_media":2097,"comment_status":"open","ping_status":"closed","template":"","meta":{"om_disable_all_campaigns":false,"_monsterinsights_skip_tracking":false,"_monsterinsights_sitenote_active":false,"_monsterinsights_sitenote_note":"","_monsterinsights_sitenote_category":0,"site-sidebar-layout":"default","site-content-layout":"default","ast-site-content-layout":"default","site-content-style":"default","site-sidebar-style":"default","ast-global-header-display":"","ast-banner-title-visibility":"","ast-main-header-display":"","ast-hfb-above-header-display":"","ast-hfb-below-header-display":"","ast-hfb-mobile-header-display":"","site-post-title":"","ast-breadcrumbs-content":"","ast-featured-img":"","footer-sml-layout":"","ast-disable-related-posts":"","theme-transparent-header-meta":"default","adv-header-id-meta":"","stick-header-meta":"","header-above-stick-meta":"","header-main-stick-meta":"","header-below-stick-meta":"","astra-migrate-meta-layouts":"default","ast-page-background-enabled":"default","ast-page-background-meta":{"desktop":{"background-color":"","background-image":"","background-repeat":"repeat","background-position":"center center","background-size":"auto","background-attachment":"scroll","background-type":"","background-media":"","overlay-type":"","overlay-color":"","overlay-opacity":"","overlay-gradient":""},"tablet":{"background-color":"","background-image":"","background-repeat":"repeat","background-position":"center center","background-size":"auto","background-attachment":"scroll","background-type":"","background-media":"","overlay-type":"","overlay-color":"","overlay-opacity":"","overlay-gradient":""},"mobile":{"background-color":"","background-image":"","background-repeat":"repeat","background-position":"center center","background-size":"auto","background-attachment":"scroll","background-type":"","background-media":"","overlay-type":"","overlay-color":"","overlay-opacity":"","overlay-gradient":""}},"ast-content-background-meta":{"desktop":{"background-color":"var(--ast-global-color-5)","background-image":"","background-repeat":"repeat","background-position":"center center","background-size":"auto","background-attachment":"scroll","background-type":"","background-media":"","overlay-type":"","overlay-color":"","overlay-opacity":"","overlay-gradient":""},"tablet":{"background-color":"var(--ast-global-color-5)","background-image":"","background-repeat":"repeat","background-position":"center center","background-size":"auto","background-attachment":"scroll","background-type":"","background-media":"","overlay-type":"","overlay-color":"","overlay-opacity":"","overlay-gradient":""},"mobile":{"background-color":"var(--ast-global-color-5)","background-image":"","background-repeat":"repeat","background-position":"center center","background-size":"auto","background-attachment":"scroll","background-type":"","background-media":"","overlay-type":"","overlay-color":"","overlay-opacity":"","overlay-gradient":""}}},"product_brand":[],"product_cat":[580],"product_tag":[3264],"class_list":{"0":"post-6590","1":"product","2":"type-product","3":"status-publish","4":"has-post-thumbnail","6":"product_cat-peptid-pro-peci-o-oci-cs","7":"product_tag-myristoyl-pentapeptide-17-cas-959610-30-1-is-an-effective-cosmetic-ingredient-to-promote-eyelash-growth-cs","8":"desktop-align-left","9":"tablet-align-left","10":"mobile-align-left","12":"first","13":"instock","14":"shipping-taxable","15":"product-type-simple"},"_links":{"self":[{"href":"https:\/\/puyapeptide.net\/cs\/wp-json\/wp\/v2\/product\/6590","targetHints":{"allow":["GET"]}}],"collection":[{"href":"https:\/\/puyapeptide.net\/cs\/wp-json\/wp\/v2\/product"}],"about":[{"href":"https:\/\/puyapeptide.net\/cs\/wp-json\/wp\/v2\/types\/product"}],"replies":[{"embeddable":true,"href":"https:\/\/puyapeptide.net\/cs\/wp-json\/wp\/v2\/comments?post=6590"}],"wp:featuredmedia":[{"embeddable":true,"href":"https:\/\/puyapeptide.net\/cs\/wp-json\/wp\/v2\/media\/2097"}],"wp:attachment":[{"href":"https:\/\/puyapeptide.net\/cs\/wp-json\/wp\/v2\/media?parent=6590"}],"wp:term":[{"taxonomy":"product_brand","embeddable":true,"href":"https:\/\/puyapeptide.net\/cs\/wp-json\/wp\/v2\/product_brand?post=6590"},{"taxonomy":"product_cat","embeddable":true,"href":"https:\/\/puyapeptide.net\/cs\/wp-json\/wp\/v2\/product_cat?post=6590"},{"taxonomy":"product_tag","embeddable":true,"href":"https:\/\/puyapeptide.net\/cs\/wp-json\/wp\/v2\/product_tag?post=6590"}],"curies":[{"name":"wp","href":"https:\/\/api.w.org\/{rel}","templated":true}]}}