{"id":6662,"date":"2021-12-16T05:41:00","date_gmt":"2021-12-16T10:41:00","guid":{"rendered":"https:\/\/puyapeptide.net\/product\/tetrapeptid-16-inhibuje-ultrafialove-svetlo-uv\/"},"modified":"2021-12-16T05:41:00","modified_gmt":"2021-12-16T10:41:00","slug":"tetrapeptid-16-inhibuje-ultrafialove-svetlo-uv","status":"publish","type":"product","link":"https:\/\/puyapeptide.net\/cs\/product\/tetrapeptid-16-inhibuje-ultrafialove-svetlo-uv\/","title":{"rendered":"Tetrapeptid-16 inhibuje ultrafialov\u00e9 sv\u011btlo (UV)"},"content":{"rendered":"<h2><strong>Tetrapeptid-16 inhibuje ultrafialov\u00e9 sv\u011btlo (UV)<\/strong><\/h2>\n<p>N\u00e1zev produktu: Tetrapeptid-16<br \/>\nZdroj: syntetick\u00fd<br \/>\nStupe\u0148: kosmetick\u00fd<br \/>\nSlo\u017een\u00ed: k dispozici pro va\u0161i referenci, kontaktujte n\u00e1s.<br \/>\nMSDS a COA: k dispozici pro va\u0161i informaci, kontaktujte n\u00e1s<br \/>\nDod\u00e1vka: ihned ze skladu<br \/>\nZ\u00e1pach: charakteristick\u00fd<br \/>\nStabilita: stabiln\u00ed<br \/>\nRozpustnost: rozpustn\u00fd ve vod\u011b<br \/>\nKapacita: 800 g za m\u011bs\u00edc<br \/>\nVzhled: b\u00edl\u00fd pr\u00e1\u0161ek<\/p>\n<p>Toto Tetrapeptid-16 inhibuje ultrafialov\u00fdm sv\u011btlem (UV) indukovanou expresi proz\u00e1n\u011btliv\u00e9ho cytokinu interleukinu-6 (IL-6) ko\u017en\u00edmi epiteli\u00e1ln\u00edmi bu\u0148kami a fibroblasty. Krom\u011b toho tetrapeptidy potla\u010duj\u00ed upregulaci matricov\u00e9 metaloprotein\u00e1zy-1 (MMP-1) ko\u017en\u00edmi fibroblasty indukovanou bu\u010f p\u0159\u00edmou expozic\u00ed UV z\u00e1\u0159en\u00ed nebo p\u016fsoben\u00edm m\u00e9dia kondicionovan\u00e9ho keratinocyty o\u0161et\u0159en\u00fdmi UV z\u00e1\u0159en\u00edm. Mal\u00e1 velikost a biologick\u00e1 aktivita tetrapeptid\u016f je \u010din\u00ed vhodn\u00fdmi pro pou\u017eit\u00ed v terapi\u00edch zam\u011b\u0159en\u00fdch na z\u00e1n\u011btliv\u00e9 ko\u017en\u00ed poruchy a jako aktivn\u00ed slo\u017eky v produktech p\u00e9\u010de o ple\u0165.<\/p>\n","protected":false},"excerpt":{"rendered":"<p>N\u00e1zev produktu: Tetrapeptid-16<br \/>\nZdroj: syntetick\u00fd<br \/>\nStupe\u0148: kosmetick\u00fd<br \/>\nRozpustnost: rozpustn\u00fd ve vod\u011b<br \/>\nVzhled: b\u00edl\u00fd pr\u00e1\u0161ek<\/p>\n","protected":false},"featured_media":2097,"comment_status":"open","ping_status":"closed","template":"","meta":{"om_disable_all_campaigns":false,"_monsterinsights_skip_tracking":false,"_monsterinsights_sitenote_active":false,"_monsterinsights_sitenote_note":"","_monsterinsights_sitenote_category":0,"site-sidebar-layout":"default","site-content-layout":"default","ast-site-content-layout":"default","site-content-style":"default","site-sidebar-style":"default","ast-global-header-display":"","ast-banner-title-visibility":"","ast-main-header-display":"","ast-hfb-above-header-display":"","ast-hfb-below-header-display":"","ast-hfb-mobile-header-display":"","site-post-title":"","ast-breadcrumbs-content":"","ast-featured-img":"","footer-sml-layout":"","ast-disable-related-posts":"","theme-transparent-header-meta":"default","adv-header-id-meta":"","stick-header-meta":"","header-above-stick-meta":"","header-main-stick-meta":"","header-below-stick-meta":"","astra-migrate-meta-layouts":"default","ast-page-background-enabled":"default","ast-page-background-meta":{"desktop":{"background-color":"","background-image":"","background-repeat":"repeat","background-position":"center center","background-size":"auto","background-attachment":"scroll","background-type":"","background-media":"","overlay-type":"","overlay-color":"","overlay-opacity":"","overlay-gradient":""},"tablet":{"background-color":"","background-image":"","background-repeat":"repeat","background-position":"center center","background-size":"auto","background-attachment":"scroll","background-type":"","background-media":"","overlay-type":"","overlay-color":"","overlay-opacity":"","overlay-gradient":""},"mobile":{"background-color":"","background-image":"","background-repeat":"repeat","background-position":"center center","background-size":"auto","background-attachment":"scroll","background-type":"","background-media":"","overlay-type":"","overlay-color":"","overlay-opacity":"","overlay-gradient":""}},"ast-content-background-meta":{"desktop":{"background-color":"var(--ast-global-color-5)","background-image":"","background-repeat":"repeat","background-position":"center center","background-size":"auto","background-attachment":"scroll","background-type":"","background-media":"","overlay-type":"","overlay-color":"","overlay-opacity":"","overlay-gradient":""},"tablet":{"background-color":"var(--ast-global-color-5)","background-image":"","background-repeat":"repeat","background-position":"center center","background-size":"auto","background-attachment":"scroll","background-type":"","background-media":"","overlay-type":"","overlay-color":"","overlay-opacity":"","overlay-gradient":""},"mobile":{"background-color":"var(--ast-global-color-5)","background-image":"","background-repeat":"repeat","background-position":"center center","background-size":"auto","background-attachment":"scroll","background-type":"","background-media":"","overlay-type":"","overlay-color":"","overlay-opacity":"","overlay-gradient":""}}},"product_brand":[],"product_cat":[580],"product_tag":[3161],"class_list":{"0":"post-6662","1":"product","2":"type-product","3":"status-publish","4":"has-post-thumbnail","6":"product_cat-peptid-pro-peci-o-oci-cs","7":"product_tag-tetrapeptide-16-inhibit-ultraviolet-light-uv-cs","8":"desktop-align-left","9":"tablet-align-left","10":"mobile-align-left","12":"first","13":"instock","14":"shipping-taxable","15":"product-type-simple"},"_links":{"self":[{"href":"https:\/\/puyapeptide.net\/cs\/wp-json\/wp\/v2\/product\/6662","targetHints":{"allow":["GET"]}}],"collection":[{"href":"https:\/\/puyapeptide.net\/cs\/wp-json\/wp\/v2\/product"}],"about":[{"href":"https:\/\/puyapeptide.net\/cs\/wp-json\/wp\/v2\/types\/product"}],"replies":[{"embeddable":true,"href":"https:\/\/puyapeptide.net\/cs\/wp-json\/wp\/v2\/comments?post=6662"}],"wp:featuredmedia":[{"embeddable":true,"href":"https:\/\/puyapeptide.net\/cs\/wp-json\/wp\/v2\/media\/2097"}],"wp:attachment":[{"href":"https:\/\/puyapeptide.net\/cs\/wp-json\/wp\/v2\/media?parent=6662"}],"wp:term":[{"taxonomy":"product_brand","embeddable":true,"href":"https:\/\/puyapeptide.net\/cs\/wp-json\/wp\/v2\/product_brand?post=6662"},{"taxonomy":"product_cat","embeddable":true,"href":"https:\/\/puyapeptide.net\/cs\/wp-json\/wp\/v2\/product_cat?post=6662"},{"taxonomy":"product_tag","embeddable":true,"href":"https:\/\/puyapeptide.net\/cs\/wp-json\/wp\/v2\/product_tag?post=6662"}],"curies":[{"name":"wp","href":"https:\/\/api.w.org\/{rel}","templated":true}]}}