{"id":6722,"date":"2021-12-16T06:01:41","date_gmt":"2021-12-16T11:01:41","guid":{"rendered":"https:\/\/puyapeptide.net\/product\/acetyltetrapeptid-5-eyeseryl-cas-820959-17-9-muze-pomoci-snizit-otoky-oci\/"},"modified":"2021-12-16T06:01:41","modified_gmt":"2021-12-16T11:01:41","slug":"acetyltetrapeptid-5-eyeseryl-cas-820959-17-9-muze-pomoci-snizit-otoky-oci","status":"publish","type":"product","link":"https:\/\/puyapeptide.net\/cs\/product\/acetyltetrapeptid-5-eyeseryl-cas-820959-17-9-muze-pomoci-snizit-otoky-oci\/","title":{"rendered":"Acetyltetrapeptid-5\/ Eyeseryl CAS 820959-17-9 m\u016f\u017ee pomoci sn\u00ed\u017eit otoky o\u010d\u00ed"},"content":{"rendered":"<h2><strong>Acetyltetrapeptid-5\/ Eyeseryl CAS 820959-17-9 m\u016f\u017ee pomoci sn\u00ed\u017eit otoky o\u010d\u00ed<\/strong><\/h2>\n<p>N\u00e1zev produktu: Acetyl tetrapeptid-5\/ Eyeseryl<br \/>\nSynonyma: (2S)-2-[[(2S)-2-[[(2S)-2-(3-acetamidopropanoylamino)-3-(1H- kyselina imidazol-5-yl)propanoyl]amino]-3-hydroxypropanoyl]amino]-3-(lH-imidazol-5-yl)propanov\u00e1; N-acetyl-beta-alanyl-L-histidyl-L-seryl-L- histidin;Acetyltetrapeptid-5;Acetyltetrapeptid;Depuffin\/Acetyltetrapeptid-5;Acetyltetrapeptid-5\/eyeseryl;Depuffin;tetrapeptid<br \/>\nCAS: 820959-17-9<br \/>\nMF: C20H28N8O7<br \/>\nM. &amp;&gt;EINECS: 1312995-182-4<br \/>\nKategorie produkt\u016f: BEAUTY PEPTIDES<br \/>\nMol File: 820959-17-9.mol<\/p>\n<p>Acetyl tetrapeptid-5\/ Eyeseryl je aktivn\u00ed peptid s antied\u00e9mem funkce a \u0161iroce pou\u017e\u00edvan\u00e9 ve schopnosti zbavit se o\u010dn\u00edch v\u00e1\u010dk\u016f, zbavit se o\u010dn\u00edch v\u00e1\u010dk\u016f a tmav\u00fdch kruh\u016f, bojovat proti otok\u016fm, antiglykosylaci a m\u016f\u017ee v\u00fdrazn\u011b zm\u00edrnit p\u0159\u00edznaky o\u010dn\u00edch v\u00e1\u010dk\u016f typu ed\u00e9m. Eye Silk Amino Peptide je pova\u017eov\u00e1n za zvlh\u010duj\u00edc\u00ed \u010dinidlo z chemick\u00e9 knihy nebo \u010dinidlo absorbuj\u00edc\u00ed vlhkost, kter\u00e9 m\u016f\u017ee pomoci sn\u00ed\u017eit otoky o\u010d\u00ed a zlep\u0161it elasticitu poko\u017eky a tak\u00e9 celkovou hladkost. Vyu\u017e\u00edv\u00e1 hygroskopick\u00fdch vlastnost\u00ed t\u00e9to slou\u010deniny ke sn\u00ed\u017een\u00ed otok\u016f t\u00edm, \u017ee nas\u00e1v\u00e1 vlhkost z hloubky k\u016f\u017ee do nejvzd\u00e1len\u011bj\u0161\u00ed vrstvy poko\u017eky (stratum corneum).<\/p>\n<p>Acetyl Tetrapeptid-5 je pova\u017eov\u00e1n za zvlh\u010duj\u00edc\u00ed nebo hygroskopick\u00e9 \u010dinidlo, kter\u00fd m\u016f\u017ee pomoci sn\u00ed\u017eit otoky o\u010d\u00ed, zlep\u0161it elasticitu poko\u017eky a celkovou hladkost. Vyu\u017e\u00edv\u00e1 hygroskopi\u010dnosti t\u00e9to slou\u010deniny k absorbov\u00e1n\u00ed vlhkosti z hlubok\u00e9 \u010d\u00e1sti poko\u017eky do nejvzd\u00e1len\u011bj\u0161\u00ed vrstvy poko\u017eky (stratum corneum), \u010d\u00edm\u017e se sni\u017euje otoky. Jeho hydrata\u010dn\u00ed funkce umo\u017e\u0148uje jeho efektivn\u00ed pou\u017eit\u00ed k o\u0161et\u0159en\u00ed such\u00e9 poko\u017eky.<\/p>\n<p> <strong>Funkce Acetyl Tetrapeptid-5 CAS 820959-17-9<\/strong><br \/>\n1. Zlep\u0161ete mikrocirkulaci poko\u017eky oka inhibic\u00ed enzymu konvertuj\u00edc\u00edho angiotenzin I<br \/>\n2. Zvy\u0161te aktivitu SOD a inhibujte jej\u00ed glykosylaci<br \/>\n3. Sni\u017ete propustnost krevn\u00edch c\u00e9v a omezte exsudaci vody<\/p>\n","protected":false},"excerpt":{"rendered":"<p>N\u00e1zev produktu: Acetyl tetrapeptid-5\/ Eyeseryl<br \/>\nCAS: 820959-17-9<br \/>\nMF: C20H28N8O7<br \/>\nMW: 492,49<br \/>\nEINECS: 1312995-182-4<br \/>\nMol File: 8270959-1 -9,mol<\/p>\n","protected":false},"featured_media":2202,"comment_status":"open","ping_status":"closed","template":"","meta":{"om_disable_all_campaigns":false,"_monsterinsights_skip_tracking":false,"_monsterinsights_sitenote_active":false,"_monsterinsights_sitenote_note":"","_monsterinsights_sitenote_category":0,"site-sidebar-layout":"default","site-content-layout":"default","ast-site-content-layout":"default","site-content-style":"default","site-sidebar-style":"default","ast-global-header-display":"","ast-banner-title-visibility":"","ast-main-header-display":"","ast-hfb-above-header-display":"","ast-hfb-below-header-display":"","ast-hfb-mobile-header-display":"","site-post-title":"","ast-breadcrumbs-content":"","ast-featured-img":"","footer-sml-layout":"","ast-disable-related-posts":"","theme-transparent-header-meta":"default","adv-header-id-meta":"","stick-header-meta":"","header-above-stick-meta":"","header-main-stick-meta":"","header-below-stick-meta":"","astra-migrate-meta-layouts":"default","ast-page-background-enabled":"default","ast-page-background-meta":{"desktop":{"background-color":"","background-image":"","background-repeat":"repeat","background-position":"center center","background-size":"auto","background-attachment":"scroll","background-type":"","background-media":"","overlay-type":"","overlay-color":"","overlay-opacity":"","overlay-gradient":""},"tablet":{"background-color":"","background-image":"","background-repeat":"repeat","background-position":"center center","background-size":"auto","background-attachment":"scroll","background-type":"","background-media":"","overlay-type":"","overlay-color":"","overlay-opacity":"","overlay-gradient":""},"mobile":{"background-color":"","background-image":"","background-repeat":"repeat","background-position":"center center","background-size":"auto","background-attachment":"scroll","background-type":"","background-media":"","overlay-type":"","overlay-color":"","overlay-opacity":"","overlay-gradient":""}},"ast-content-background-meta":{"desktop":{"background-color":"var(--ast-global-color-5)","background-image":"","background-repeat":"repeat","background-position":"center center","background-size":"auto","background-attachment":"scroll","background-type":"","background-media":"","overlay-type":"","overlay-color":"","overlay-opacity":"","overlay-gradient":""},"tablet":{"background-color":"var(--ast-global-color-5)","background-image":"","background-repeat":"repeat","background-position":"center center","background-size":"auto","background-attachment":"scroll","background-type":"","background-media":"","overlay-type":"","overlay-color":"","overlay-opacity":"","overlay-gradient":""},"mobile":{"background-color":"var(--ast-global-color-5)","background-image":"","background-repeat":"repeat","background-position":"center center","background-size":"auto","background-attachment":"scroll","background-type":"","background-media":"","overlay-type":"","overlay-color":"","overlay-opacity":"","overlay-gradient":""}}},"product_brand":[],"product_cat":[580],"product_tag":[3088],"class_list":{"0":"post-6722","1":"product","2":"type-product","3":"status-publish","4":"has-post-thumbnail","6":"product_cat-peptid-pro-peci-o-oci-cs","7":"product_tag-acetyl-tetrapeptide-5-eyeseryl-cas-820959-17-9-can-help-reduce-eye-puffiness-cs","8":"desktop-align-left","9":"tablet-align-left","10":"mobile-align-left","12":"first","13":"instock","14":"shipping-taxable","15":"product-type-simple"},"_links":{"self":[{"href":"https:\/\/puyapeptide.net\/cs\/wp-json\/wp\/v2\/product\/6722","targetHints":{"allow":["GET"]}}],"collection":[{"href":"https:\/\/puyapeptide.net\/cs\/wp-json\/wp\/v2\/product"}],"about":[{"href":"https:\/\/puyapeptide.net\/cs\/wp-json\/wp\/v2\/types\/product"}],"replies":[{"embeddable":true,"href":"https:\/\/puyapeptide.net\/cs\/wp-json\/wp\/v2\/comments?post=6722"}],"wp:featuredmedia":[{"embeddable":true,"href":"https:\/\/puyapeptide.net\/cs\/wp-json\/wp\/v2\/media\/2202"}],"wp:attachment":[{"href":"https:\/\/puyapeptide.net\/cs\/wp-json\/wp\/v2\/media?parent=6722"}],"wp:term":[{"taxonomy":"product_brand","embeddable":true,"href":"https:\/\/puyapeptide.net\/cs\/wp-json\/wp\/v2\/product_brand?post=6722"},{"taxonomy":"product_cat","embeddable":true,"href":"https:\/\/puyapeptide.net\/cs\/wp-json\/wp\/v2\/product_cat?post=6722"},{"taxonomy":"product_tag","embeddable":true,"href":"https:\/\/puyapeptide.net\/cs\/wp-json\/wp\/v2\/product_tag?post=6722"}],"curies":[{"name":"wp","href":"https:\/\/api.w.org\/{rel}","templated":true}]}}