{"id":6809,"date":"2021-12-16T06:05:17","date_gmt":"2021-12-16T11:05:17","guid":{"rendered":"https:\/\/puyapeptide.net\/product\/tetrapeptid-30-tegopep-peptid-pro-zesvetleni-pokozky-cas-1036207-61-0-pro-zesvetleni-pokozky\/"},"modified":"2021-12-16T06:05:17","modified_gmt":"2021-12-16T11:05:17","slug":"tetrapeptid-30-tegopep-peptid-pro-zesvetleni-pokozky-cas-1036207-61-0-pro-zesvetleni-pokozky","status":"publish","type":"product","link":"https:\/\/puyapeptide.net\/cs\/product\/tetrapeptid-30-tegopep-peptid-pro-zesvetleni-pokozky-cas-1036207-61-0-pro-zesvetleni-pokozky\/","title":{"rendered":"Tetrapeptid-30\/ Tegopep\/ peptid pro zesv\u011btlen\u00ed poko\u017eky CAS 1036207-61-0 Pro zesv\u011btlen\u00ed poko\u017eky"},"content":{"rendered":"<h2><strong>Tetrapeptid-30\/ Tegopep\/ peptid pro zesv\u011btlen\u00ed poko\u017eky CAS 1036207-61-0 Pro zesv\u011btlen\u00ed poko\u017eky<\/strong><\/h2>\n<p>N\u00e1zev produktu: Tetrapeptid-30<br \/>\nSynonyma: Tetrapeptid-30;Tetrapeptid-30 (peptid zesv\u011btluj\u00edc\u00ed poko\u017eku);L-lysin, L-prolyl-L-lysyl-L-\u03b1-glutamyl-<br \/>\nCAS: 1036207-61-0<br \/>\nMF: C22 H40 N6 O7<br \/>\nMW: 500,59<br \/>\nEINECS:<br \/>\nKategorie produkt\u016f:<br \/>\nMol File: 1036207-61-0.mol<\/p>\n<p> Tetrapeptid-30 je nov\u00fd peptid vyvinut\u00fd pro vyv\u00e1\u017een\u00ed t\u00f3nu pleti. Existuj\u00ed r\u016fzn\u00e9 mechanismy pro zesv\u011btlen\u00ed t\u00f3nu pleti, v\u010detn\u011b sn\u00ed\u017een\u00ed nebo inhibice aktivity tyrosin\u00e1zy, blokov\u00e1n\u00ed p\u0159enosu melaninu do keratinocyt\u016f a inhibice aktivace melanocyt\u016f. P\u0159edpokl\u00e1d\u00e1 se, \u017ee roztok Tetrapeptid-30 p\u016fsob\u00ed tak, \u017ee sni\u017euje mno\u017estv\u00ed tyrosin\u00e1zy a inhibuje aktivaci melanocyt\u016f.<\/p>\n<p> <strong>Tetrapeptid-30\/ Tegopep\/ peptid zesv\u011btluj\u00edc\u00ed poko\u017eku CAS 1036207-61-0 Chemick\u00e9 vlastnosti<\/strong><br \/>\nBod varu 931,5\u00b1 65,0 \u00b0C (p\u0159edpov\u011bzen\u00e1)<br \/>\nhustota 1,256\u00b10,06 g\/cm3 (p\u0159edpokl\u00e1dan\u00e1)<br \/>\npka 3,24\u00b10,10(p\u0159edpokl\u00e1dan\u00e1)<\/p>\n<p> <strong>Funkce a aplikace Tetrapeptidu-30\/ Tegopepu\/ peptidu pro zesv\u011btlen\u00ed poko\u017eky CAS 1036207 -61-0<\/strong><br \/>\n1. Tetrapeptid-30 pro zesv\u011btlen\u00ed pleti a pihy<br \/>\n2. Inhibujte nadm\u011brnou produkci melaninu<br \/>\n3. Sni\u017ete ukl\u00e1d\u00e1n\u00ed melaninu<br \/>\n4. Lze p\u0159idat do produkt\u016f pro kr\u00e1su a p\u00e9\u010di o ple\u0165, jako je rozjas\u0148uj\u00edc\u00ed kr\u00e9m, rozjas\u0148uj\u00edc\u00ed podklad, pudr, kr\u00e9m na pihy (sp\u00e1leniny, pihy)<\/p>\n","protected":false},"excerpt":{"rendered":"<p>N\u00e1zev produktu: Tetrapeptid-30<br \/>\nCAS: 1036207-61-0<br \/>\nMF: C22 H40 N6 O7<br \/>\nMW: 500,59<br \/>\nMol Soubor: 1036207-61-0.mol<\/p>\n","protected":false},"featured_media":2118,"comment_status":"open","ping_status":"closed","template":"","meta":{"om_disable_all_campaigns":false,"_monsterinsights_skip_tracking":false,"_monsterinsights_sitenote_active":false,"_monsterinsights_sitenote_note":"","_monsterinsights_sitenote_category":0,"site-sidebar-layout":"default","site-content-layout":"default","ast-site-content-layout":"default","site-content-style":"default","site-sidebar-style":"default","ast-global-header-display":"","ast-banner-title-visibility":"","ast-main-header-display":"","ast-hfb-above-header-display":"","ast-hfb-below-header-display":"","ast-hfb-mobile-header-display":"","site-post-title":"","ast-breadcrumbs-content":"","ast-featured-img":"","footer-sml-layout":"","ast-disable-related-posts":"","theme-transparent-header-meta":"default","adv-header-id-meta":"","stick-header-meta":"","header-above-stick-meta":"","header-main-stick-meta":"","header-below-stick-meta":"","astra-migrate-meta-layouts":"default","ast-page-background-enabled":"default","ast-page-background-meta":{"desktop":{"background-color":"","background-image":"","background-repeat":"repeat","background-position":"center center","background-size":"auto","background-attachment":"scroll","background-type":"","background-media":"","overlay-type":"","overlay-color":"","overlay-opacity":"","overlay-gradient":""},"tablet":{"background-color":"","background-image":"","background-repeat":"repeat","background-position":"center center","background-size":"auto","background-attachment":"scroll","background-type":"","background-media":"","overlay-type":"","overlay-color":"","overlay-opacity":"","overlay-gradient":""},"mobile":{"background-color":"","background-image":"","background-repeat":"repeat","background-position":"center center","background-size":"auto","background-attachment":"scroll","background-type":"","background-media":"","overlay-type":"","overlay-color":"","overlay-opacity":"","overlay-gradient":""}},"ast-content-background-meta":{"desktop":{"background-color":"var(--ast-global-color-5)","background-image":"","background-repeat":"repeat","background-position":"center center","background-size":"auto","background-attachment":"scroll","background-type":"","background-media":"","overlay-type":"","overlay-color":"","overlay-opacity":"","overlay-gradient":""},"tablet":{"background-color":"var(--ast-global-color-5)","background-image":"","background-repeat":"repeat","background-position":"center center","background-size":"auto","background-attachment":"scroll","background-type":"","background-media":"","overlay-type":"","overlay-color":"","overlay-opacity":"","overlay-gradient":""},"mobile":{"background-color":"var(--ast-global-color-5)","background-image":"","background-repeat":"repeat","background-position":"center center","background-size":"auto","background-attachment":"scroll","background-type":"","background-media":"","overlay-type":"","overlay-color":"","overlay-opacity":"","overlay-gradient":""}}},"product_brand":[],"product_cat":[557],"product_tag":[2978],"class_list":{"0":"post-6809","1":"product","2":"type-product","3":"status-publish","4":"has-post-thumbnail","6":"product_cat-belici-peptid","7":"product_tag-tetrapeptide-30-tegopep-skin-lightening-peptide-cas-1036207-61-0-for-skin-lightening-cs","8":"desktop-align-left","9":"tablet-align-left","10":"mobile-align-left","12":"first","13":"instock","14":"shipping-taxable","15":"product-type-simple"},"_links":{"self":[{"href":"https:\/\/puyapeptide.net\/cs\/wp-json\/wp\/v2\/product\/6809","targetHints":{"allow":["GET"]}}],"collection":[{"href":"https:\/\/puyapeptide.net\/cs\/wp-json\/wp\/v2\/product"}],"about":[{"href":"https:\/\/puyapeptide.net\/cs\/wp-json\/wp\/v2\/types\/product"}],"replies":[{"embeddable":true,"href":"https:\/\/puyapeptide.net\/cs\/wp-json\/wp\/v2\/comments?post=6809"}],"wp:featuredmedia":[{"embeddable":true,"href":"https:\/\/puyapeptide.net\/cs\/wp-json\/wp\/v2\/media\/2118"}],"wp:attachment":[{"href":"https:\/\/puyapeptide.net\/cs\/wp-json\/wp\/v2\/media?parent=6809"}],"wp:term":[{"taxonomy":"product_brand","embeddable":true,"href":"https:\/\/puyapeptide.net\/cs\/wp-json\/wp\/v2\/product_brand?post=6809"},{"taxonomy":"product_cat","embeddable":true,"href":"https:\/\/puyapeptide.net\/cs\/wp-json\/wp\/v2\/product_cat?post=6809"},{"taxonomy":"product_tag","embeddable":true,"href":"https:\/\/puyapeptide.net\/cs\/wp-json\/wp\/v2\/product_tag?post=6809"}],"curies":[{"name":"wp","href":"https:\/\/api.w.org\/{rel}","templated":true}]}}