{"id":6872,"date":"2021-12-16T06:09:13","date_gmt":"2021-12-16T11:09:13","guid":{"rendered":"https:\/\/puyapeptide.net\/product\/acetyl-decapeptide-3-cas-935288-50-9-muze-proniknout-do-dermis-a-zvysit-kolagen\/"},"modified":"2021-12-16T06:09:13","modified_gmt":"2021-12-16T11:09:13","slug":"acetyl-decapeptide-3-cas-935288-50-9-muze-proniknout-do-dermis-a-zvysit-kolagen","status":"publish","type":"product","link":"https:\/\/puyapeptide.net\/cs\/product\/acetyl-decapeptide-3-cas-935288-50-9-muze-proniknout-do-dermis-a-zvysit-kolagen\/","title":{"rendered":"Acetyl Decapeptide-3 CAS 935288-50-9 m\u016f\u017ee proniknout do dermis a zv\u00fd\u0161it kolagen"},"content":{"rendered":"<h2><strong>Acetyl Decapeptide-3 CAS 935288-50-9 m\u016f\u017ee proniknout do dermis a zv\u00fd\u0161it kolagen<\/strong><\/h2>\n<p>N\u00e1zev produktu: Acetyl Dekapeptid-3<br \/>\nSynonyma: Acetyl Dekapeptid-3; Acetyl dekapeptid-3\/ Dekapeptid-4; L-tyrosinamid, N-acetyl-L-tyrosyl-L-arginyl-L-seryl-L -arginyl-L-lysyl-L-tyrosyl-L-threonyl-L-seryl-L-tryptofyl-;Acetyldekapeptid-3 USP\/EP\/BP;vysoce kvalitn\u00ed acetyldekapeptid-3 CAS 935288-50-9<br \/>\n CAS: 935288-50-9<br \/>\nMF: C68H95N19O17<br \/>\nMW: 1450,6<br \/>\nEINECS:<br \/>\nKategorie produkt\u016f:<br \/>\nMol Soubor: 935288-50-9.mol<\/p>\n<p>Acetyl dekapeptid-3 m\u016f\u017ee proniknout do dermis, aby zv\u00fd\u0161il kolagen a zvr\u00e1til proces st\u00e1rnut\u00ed poko\u017eky p\u0159estavbou zevnit\u0159 ven; stimuluj\u00ed kolagen, elastick\u00e1 vl\u00e1kna a kyselinu hyaluronovou k proliferaci, zlep\u0161uj\u00ed obsah vody v poko\u017ece a vodn\u00ed z\u00e1mek, zvy\u0161uj\u00ed tlou\u0161\u0165ku poko\u017eky a tak\u00e9 redukuj\u00ed jemn\u00e9 linky.<br \/>\nProti vr\u00e1sk\u00e1m a st\u00e1rnut\u00ed Zlep\u0161uje kvalitu pleti. Produkty p\u00e9\u010de o obli\u010dej, krk a ruce lze p\u0159idat do kosmetick\u00e9 p\u00e9\u010de o ple\u0165, jako je ple\u0165ov\u00e1 voda, ple\u0165ov\u00e1 maska, rann\u00ed a ve\u010dern\u00ed kr\u00e9m, o\u010dn\u00ed s\u00e9rum atd.<\/p>\n<p> <strong>Funkce Acetyl Decapeptide-3 CAS 935288-50-9<\/strong><br \/>\nPodpora produkce nov\u00fdch ko\u017en\u00edch bun\u011bk Redukce a prevence jemn\u00fdch linek a vr\u00e1sek Norm\u00e1ln\u00ed vitalita a energie pleti Rozjasn\u011bn\u00ed t\u00f3nu pleti Podpora produkce nov\u00fdch ko\u017en\u00edch bun\u011bk Zesv\u011btlen\u00ed jizev Podpora produkce bun\u011bk Migrace bun\u011bk P\u0159e\u017eit\u00ed bun\u011bk a zv\u00fd\u0161en\u00e1 exprese extracelul\u00e1rn\u00ed matrix.&lt;&amp; &gt;1. Proti vr\u00e1sk\u00e1m a st\u00e1rnut\u00ed<br \/>\n2. Zlep\u0161en\u00ed kvality pleti<\/p>\n<p> <strong>Aplikace Acetyl Decapeptide-3 CAS 935288-50-9<\/strong><br \/>\nP\u0159\u00edpravky pro p\u00e9\u010di o obli\u010dej, krk a ruce, kter\u00e9 lze p\u0159idat do kosmetick\u00fdch produkt\u016f p\u00e9\u010de o ple\u0165, jako jsou ple\u0165ov\u00e9 vody, ple\u0165ov\u00e9 masky, r\u00e1no a ve\u010dern\u00ed kr\u00e9my, o\u010dn\u00ed esence atd<\/p>\n","protected":false},"excerpt":{"rendered":"<p>N\u00e1zev produktu: Acetyl Decapeptide-3<br \/>\nCAS: 935288-50-9<br \/>\nMF: C68H95N19O17<br \/>\nMW: 1450,6<br \/>\nMol Soubor: 935288-50-9.mol<\/p>\n","protected":false},"featured_media":2202,"comment_status":"open","ping_status":"closed","template":"","meta":{"om_disable_all_campaigns":false,"_monsterinsights_skip_tracking":false,"_monsterinsights_sitenote_active":false,"_monsterinsights_sitenote_note":"","_monsterinsights_sitenote_category":0,"site-sidebar-layout":"default","site-content-layout":"default","ast-site-content-layout":"default","site-content-style":"default","site-sidebar-style":"default","ast-global-header-display":"","ast-banner-title-visibility":"","ast-main-header-display":"","ast-hfb-above-header-display":"","ast-hfb-below-header-display":"","ast-hfb-mobile-header-display":"","site-post-title":"","ast-breadcrumbs-content":"","ast-featured-img":"","footer-sml-layout":"","ast-disable-related-posts":"","theme-transparent-header-meta":"default","adv-header-id-meta":"","stick-header-meta":"","header-above-stick-meta":"","header-main-stick-meta":"","header-below-stick-meta":"","astra-migrate-meta-layouts":"default","ast-page-background-enabled":"default","ast-page-background-meta":{"desktop":{"background-color":"","background-image":"","background-repeat":"repeat","background-position":"center center","background-size":"auto","background-attachment":"scroll","background-type":"","background-media":"","overlay-type":"","overlay-color":"","overlay-opacity":"","overlay-gradient":""},"tablet":{"background-color":"","background-image":"","background-repeat":"repeat","background-position":"center center","background-size":"auto","background-attachment":"scroll","background-type":"","background-media":"","overlay-type":"","overlay-color":"","overlay-opacity":"","overlay-gradient":""},"mobile":{"background-color":"","background-image":"","background-repeat":"repeat","background-position":"center center","background-size":"auto","background-attachment":"scroll","background-type":"","background-media":"","overlay-type":"","overlay-color":"","overlay-opacity":"","overlay-gradient":""}},"ast-content-background-meta":{"desktop":{"background-color":"var(--ast-global-color-5)","background-image":"","background-repeat":"repeat","background-position":"center center","background-size":"auto","background-attachment":"scroll","background-type":"","background-media":"","overlay-type":"","overlay-color":"","overlay-opacity":"","overlay-gradient":""},"tablet":{"background-color":"var(--ast-global-color-5)","background-image":"","background-repeat":"repeat","background-position":"center center","background-size":"auto","background-attachment":"scroll","background-type":"","background-media":"","overlay-type":"","overlay-color":"","overlay-opacity":"","overlay-gradient":""},"mobile":{"background-color":"var(--ast-global-color-5)","background-image":"","background-repeat":"repeat","background-position":"center center","background-size":"auto","background-attachment":"scroll","background-type":"","background-media":"","overlay-type":"","overlay-color":"","overlay-opacity":"","overlay-gradient":""}}},"product_brand":[],"product_cat":[535],"product_tag":[2911],"class_list":{"0":"post-6872","1":"product","2":"type-product","3":"status-publish","4":"has-post-thumbnail","6":"product_cat-peptid-proti-vraskam-a-starnuti","7":"product_tag-acetyl-decapeptide-3-cas-935288-50-9-can-penetrate-the-dermis-to-increase-collagen-cs","8":"desktop-align-left","9":"tablet-align-left","10":"mobile-align-left","12":"first","13":"instock","14":"shipping-taxable","15":"product-type-simple"},"_links":{"self":[{"href":"https:\/\/puyapeptide.net\/cs\/wp-json\/wp\/v2\/product\/6872","targetHints":{"allow":["GET"]}}],"collection":[{"href":"https:\/\/puyapeptide.net\/cs\/wp-json\/wp\/v2\/product"}],"about":[{"href":"https:\/\/puyapeptide.net\/cs\/wp-json\/wp\/v2\/types\/product"}],"replies":[{"embeddable":true,"href":"https:\/\/puyapeptide.net\/cs\/wp-json\/wp\/v2\/comments?post=6872"}],"wp:featuredmedia":[{"embeddable":true,"href":"https:\/\/puyapeptide.net\/cs\/wp-json\/wp\/v2\/media\/2202"}],"wp:attachment":[{"href":"https:\/\/puyapeptide.net\/cs\/wp-json\/wp\/v2\/media?parent=6872"}],"wp:term":[{"taxonomy":"product_brand","embeddable":true,"href":"https:\/\/puyapeptide.net\/cs\/wp-json\/wp\/v2\/product_brand?post=6872"},{"taxonomy":"product_cat","embeddable":true,"href":"https:\/\/puyapeptide.net\/cs\/wp-json\/wp\/v2\/product_cat?post=6872"},{"taxonomy":"product_tag","embeddable":true,"href":"https:\/\/puyapeptide.net\/cs\/wp-json\/wp\/v2\/product_tag?post=6872"}],"curies":[{"name":"wp","href":"https:\/\/api.w.org\/{rel}","templated":true}]}}