{"id":6888,"date":"2021-12-16T06:09:59","date_gmt":"2021-12-16T11:09:59","guid":{"rendered":"https:\/\/puyapeptide.net\/product\/hot-sale-kosmeticky-peptid-l-carnosine-carnosine-cas-305-84-0\/"},"modified":"2021-12-16T06:09:59","modified_gmt":"2021-12-16T11:09:59","slug":"hot-sale-kosmeticky-peptid-l-carnosine-carnosine-cas-305-84-0","status":"publish","type":"product","link":"https:\/\/puyapeptide.net\/cs\/product\/hot-sale-kosmeticky-peptid-l-carnosine-carnosine-cas-305-84-0\/","title":{"rendered":"Hot Sale Kosmetick\u00fd Peptid L-Carnosine\/Carnosine CAS 305-84-0"},"content":{"rendered":"<h2><strong>Hot Sale Kosmetick\u00fd Peptid L-Carnosine\/Carnosine CAS 305-84-0<\/strong><\/h2>\n<p>N\u00e1zev produktu: L-Karnosin\/Karnosin<br \/>\nSynonyma: NB-ALANYL-L-HISTIDIN;H-BETA-ALA-HIS-OH;L-IGNOTINE;L-BETA-ALANIN HISTIDIN;L-KARNOSIN;B -ALANYL-L-HISTIDIN;BETA-AH;BETA-ALANYL-L-HISTIDIN<br \/>\nCAS: 305-84-0<br \/>\nMF: C9H14N4O3<br \/>\nMW: 226,23<br \/>\nEINECS: 206-169-9<br \/>\nKategorie produkt\u016f: P\u0159\u00edsada do potravin;amino;Aminokyseliny;chir\u00e1ln\u00ed;V\u00fd\u017eivov\u00e9 dopl\u0148ky;API;Deriv\u00e1ty aminokyselin;kosmetick\u00fd<br \/>\nMol File: 305-84-0.mol<\/p>\n<p>Karnosin je dipeptid obsahuj\u00edc\u00ed beta-alanin a histidin. Nach\u00e1z\u00ed se ve svalech a jin\u00fdch tk\u00e1n\u00edch. M\u00e1 siln\u00e9 oxida\u010dn\u00ed vlastnosti, proto\u017ee dok\u00e1\u017ee zachycovat jak reaktivn\u00ed formy kysl\u00edku (ROS), tak reaktivn\u00ed formy dus\u00edku (RNS). Karnosin p\u016fsob\u00ed jako cytosolov\u00e9 pufrovac\u00ed \u010dinidlo a jako regul\u00e1tor funkce makrof\u00e1g\u016f.1 D\u00edky sv\u00e9 schopnosti tvo\u0159it komplexy s p\u0159echodn\u00fdmi kovy se pou\u017e\u00edv\u00e1 k regulaci obsahu iont\u016f p\u0159echodn\u00fdch kov\u016f v biologick\u00fdch tekutin\u00e1ch a tk\u00e1n\u00edch.<br \/>\nKarnosin m\u016f\u017ee zabr\u00e1nit st\u00e1rnut\u00ed a lze jej pou\u017e\u00edt k prevenci nebo l\u00e9\u010db\u011b komplikac\u00ed diabetu, jako je po\u0161kozen\u00ed nerv\u016f, o\u010dn\u00ed poruchy (\u0161ed\u00fd z\u00e1kal) a probl\u00e9my s ledvinami. Potenci\u00e1ln\u00ed terapeutick\u00e9 \u00fa\u010dinky karnosinu zahrnuj\u00ed antihypertenzn\u00ed \u00fa\u010dinky, imunomodulaci, hojen\u00ed a protin\u00e1dorov\u00e9\/chemopreventivn\u00ed \u00fa\u010dinky. Chel\u00e1tov\u00e1 slou\u010denina zinkov\u00e9ho iontu a karnosinu se v Japonsku pou\u017e\u00edv\u00e1 k l\u00e9\u010db\u011b gastritidy, \u017ealude\u010dn\u00edch v\u0159ed\u016f a symptom\u016f dyspepsie.<\/p>\n<p> <strong>L-Carnosine\/Carnosine CAS 305-84-0 Chemick\u00e9 vlastnosti<\/strong><br \/>\nBod t\u00e1n\u00ed 253 \u00b0C (roz.) (lit.)<br \/>\nalfa 20,9 \u00ba (c=1,5, H2O)<br \/>\nBod varu 367,84 \u00b0C (hrub\u00fd odhad)<br \/>\nhustota 1,2673 (hrub\u00fd odhad)<br \/>\nindex lomu 21 \u00b0 ( C=2, H2O)<br \/>\ntepl. -20\u00b0C<br \/>\npka 2,62(p\u0159i 25\u2103)<br \/>\nforma krystalick\u00e1<br \/>\nbarva B\u00edl\u00e1<br \/>\nRozpustnost ve vod\u011b t\u00e9m\u011b\u0159 pr\u016fhledn\u00e1<br \/>\nMerck 14,1850<br \/>\nBRN 87671<br \/>\nStabilita: Stabiln\u00ed, ale m\u016f\u017ee b\u00fdt citliv\u00fd na teplo &#8211; skladujte v chladu. Neslu\u010diteln\u00e9 se siln\u00fdmi oxida\u010dn\u00edmi \u010dinidly.<br \/>\nInChIKey CQOVPNPJLQNMDC-ZETCQYMHSA-N<br \/>\nCAS DataBase Reference 305-84-0 (CAS DataBase Reference)<br \/>\nEPA Substance Registry System L-Histidin, beta-alanyl- (305 -84-0)<\/p>\n<p> <strong>Funkce L-karnosinu\/karnosinu CAS 305-84-0<\/strong><br \/>\n1. Nov\u00e9 potravin\u00e1\u0159sk\u00e9 p\u0159\u00eddatn\u00e9 l\u00e1tky;<br \/>\n2. Karnosin je \u03b2-alanin a histidin dipeptidov\u00e1 kompozice, m\u016f\u017ee b\u00fdt syntetizov\u00e1n u zv\u00ed\u0159at;<br \/>\n3. Inhibuj\u00ed oxidaci tuk\u016f a chr\u00e1n\u00ed \u00falohu masa;<br \/>\n4. Kosmetick\u00fd peptid m\u016f\u017ee zabr\u00e1nit st\u00e1rnut\u00ed poko\u017eky a efektu b\u011blen\u00ed poko\u017eky;<br \/>\n5. L\u00e9\u010dba seniln\u00ed katarakty;<br \/>\n6. M\u016f\u017ee podporovat hojen\u00ed ran <\/p>\n<p> <strong>Aplikace L-Carnosine\/Carnosine CAS 305-84-0<\/strong><br \/>\n1. M\u016f\u017ee se v\u00e1zat na \u0161kodliv\u00e9 slou\u010deniny kov\u016f a inaktivovat je.<br \/>\n2. Chra\u0148te zdrav\u00e9 bu\u0148ky p\u0159ed po\u0161kozen\u00edm z\u00e1\u0159en\u00edm.<br \/>\n3. P\u016fsob\u00ed jako katalyz\u00e1tor pro pos\u00edlen\u00ed pr\u00e1ce mnoha dal\u0161\u00edch \u017eivin a slou\u010denin.<\/p>\n","protected":false},"excerpt":{"rendered":"<p>N\u00e1zev produktu: L-Carnosine\/Carnosine<br \/>\nCAS: 305-84-0<br \/>\nMF: C9H14N4O3<br \/>\nMW: 226,23<br \/>\nEINECS: 206-169-9<br \/>\nMol File: 305-84- 0,mol<\/p>\n","protected":false},"featured_media":2160,"comment_status":"open","ping_status":"closed","template":"","meta":{"om_disable_all_campaigns":false,"_monsterinsights_skip_tracking":false,"_monsterinsights_sitenote_active":false,"_monsterinsights_sitenote_note":"","_monsterinsights_sitenote_category":0,"site-sidebar-layout":"default","site-content-layout":"default","ast-site-content-layout":"default","site-content-style":"default","site-sidebar-style":"default","ast-global-header-display":"","ast-banner-title-visibility":"","ast-main-header-display":"","ast-hfb-above-header-display":"","ast-hfb-below-header-display":"","ast-hfb-mobile-header-display":"","site-post-title":"","ast-breadcrumbs-content":"","ast-featured-img":"","footer-sml-layout":"","ast-disable-related-posts":"","theme-transparent-header-meta":"default","adv-header-id-meta":"","stick-header-meta":"","header-above-stick-meta":"","header-main-stick-meta":"","header-below-stick-meta":"","astra-migrate-meta-layouts":"default","ast-page-background-enabled":"default","ast-page-background-meta":{"desktop":{"background-color":"","background-image":"","background-repeat":"repeat","background-position":"center center","background-size":"auto","background-attachment":"scroll","background-type":"","background-media":"","overlay-type":"","overlay-color":"","overlay-opacity":"","overlay-gradient":""},"tablet":{"background-color":"","background-image":"","background-repeat":"repeat","background-position":"center center","background-size":"auto","background-attachment":"scroll","background-type":"","background-media":"","overlay-type":"","overlay-color":"","overlay-opacity":"","overlay-gradient":""},"mobile":{"background-color":"","background-image":"","background-repeat":"repeat","background-position":"center center","background-size":"auto","background-attachment":"scroll","background-type":"","background-media":"","overlay-type":"","overlay-color":"","overlay-opacity":"","overlay-gradient":""}},"ast-content-background-meta":{"desktop":{"background-color":"var(--ast-global-color-5)","background-image":"","background-repeat":"repeat","background-position":"center center","background-size":"auto","background-attachment":"scroll","background-type":"","background-media":"","overlay-type":"","overlay-color":"","overlay-opacity":"","overlay-gradient":""},"tablet":{"background-color":"var(--ast-global-color-5)","background-image":"","background-repeat":"repeat","background-position":"center center","background-size":"auto","background-attachment":"scroll","background-type":"","background-media":"","overlay-type":"","overlay-color":"","overlay-opacity":"","overlay-gradient":""},"mobile":{"background-color":"var(--ast-global-color-5)","background-image":"","background-repeat":"repeat","background-position":"center center","background-size":"auto","background-attachment":"scroll","background-type":"","background-media":"","overlay-type":"","overlay-color":"","overlay-opacity":"","overlay-gradient":""}}},"product_brand":[],"product_cat":[535],"product_tag":[2888],"class_list":{"0":"post-6888","1":"product","2":"type-product","3":"status-publish","4":"has-post-thumbnail","6":"product_cat-peptid-proti-vraskam-a-starnuti","7":"product_tag-hot-sale-cosmetic-peptide-l-carnosine-carnosine-cas-305-84-0-cs","8":"desktop-align-left","9":"tablet-align-left","10":"mobile-align-left","12":"first","13":"instock","14":"shipping-taxable","15":"product-type-simple"},"_links":{"self":[{"href":"https:\/\/puyapeptide.net\/cs\/wp-json\/wp\/v2\/product\/6888","targetHints":{"allow":["GET"]}}],"collection":[{"href":"https:\/\/puyapeptide.net\/cs\/wp-json\/wp\/v2\/product"}],"about":[{"href":"https:\/\/puyapeptide.net\/cs\/wp-json\/wp\/v2\/types\/product"}],"replies":[{"embeddable":true,"href":"https:\/\/puyapeptide.net\/cs\/wp-json\/wp\/v2\/comments?post=6888"}],"wp:featuredmedia":[{"embeddable":true,"href":"https:\/\/puyapeptide.net\/cs\/wp-json\/wp\/v2\/media\/2160"}],"wp:attachment":[{"href":"https:\/\/puyapeptide.net\/cs\/wp-json\/wp\/v2\/media?parent=6888"}],"wp:term":[{"taxonomy":"product_brand","embeddable":true,"href":"https:\/\/puyapeptide.net\/cs\/wp-json\/wp\/v2\/product_brand?post=6888"},{"taxonomy":"product_cat","embeddable":true,"href":"https:\/\/puyapeptide.net\/cs\/wp-json\/wp\/v2\/product_cat?post=6888"},{"taxonomy":"product_tag","embeddable":true,"href":"https:\/\/puyapeptide.net\/cs\/wp-json\/wp\/v2\/product_tag?post=6888"}],"curies":[{"name":"wp","href":"https:\/\/api.w.org\/{rel}","templated":true}]}}