{"id":6913,"date":"2021-12-16T06:10:51","date_gmt":"2021-12-16T11:10:51","guid":{"rendered":"https:\/\/puyapeptide.net\/product\/palmitoyl-dipeptid-7-cas-911813-90-6-je-signalni-peptid-ktery-podporuje-syntezu-matricovych-proteinu-a-kolagenu\/"},"modified":"2021-12-16T06:10:51","modified_gmt":"2021-12-16T11:10:51","slug":"palmitoyl-dipeptid-7-cas-911813-90-6-je-signalni-peptid-ktery-podporuje-syntezu-matricovych-proteinu-a-kolagenu","status":"publish","type":"product","link":"https:\/\/puyapeptide.net\/cs\/product\/palmitoyl-dipeptid-7-cas-911813-90-6-je-signalni-peptid-ktery-podporuje-syntezu-matricovych-proteinu-a-kolagenu\/","title":{"rendered":"Palmitoyl dipeptid-7 CAS 911813-90-6 je sign\u00e1ln\u00ed peptid, kter\u00fd podporuje synt\u00e9zu matricov\u00fdch protein\u016f a kolagenu"},"content":{"rendered":"<h2><strong>Palmitoyl dipeptid-7 CAS 911813-90-6 je sign\u00e1ln\u00ed peptid, kter\u00fd podporuje synt\u00e9zu matricov\u00fdch protein\u016f a kolagenu<\/strong><\/h2>\n<p>N\u00e1zev produktu: Palmitoyl dipeptid-7\/ (2S,3R)-2-[[(2S)-6-amino-2-(hexadekanoylamino)hexanoyl]amino]-3-hydroxybutanov\u00e1 kyselina<br \/>\nSynonyma: Palmitoyl Dipeptid -7;PAL-KT;(2S,3R)-2-[[(2S)-6-amino-2-(hexadekanoylamino)hexanoyl]amino]-3-hydroxybutanov\u00e1 kyselina;Palmitoyl dipeptid-7 palestrina<br \/>\nCAS: 911813-90-6<br \/>\nMF: C26H51N3O5<br \/>\nMW: 485,7<br \/>\nEINECS:<br \/>\nKategorie produkt\u016f:<br \/>\nMol Soubor: 911813-90-6.mol<\/p>\n<p>Palmitoyl dipeptid- 7 je sign\u00e1ln\u00ed peptid, kter\u00fd podporuje matricov\u00e9 proteiny, podporuje synt\u00e9zu kolagenu a m\u016f\u017ee tak\u00e9 zv\u00fd\u0161it produkci elastinu, kyseliny hyaluronov\u00e9, glykosaminoglykanu a fibronektinu. Podporuje synt\u00e9zu kolagenu zv\u00fd\u0161en\u00edm aktivity strom\u00e1ln\u00edch bun\u011bk, d\u00edky \u010demu\u017e poko\u017eka vypad\u00e1 pru\u017en\u011bj\u0161\u00ed a mladistv\u011bj\u0161\u00ed.<\/p>\n<p>Palmitoyl dipeptid-7 je jeden z nejkrat\u0161\u00edch peptid\u016f. P\u0159i testov\u00e1n\u00ed s ekvivalenty lidsk\u00e9 k\u016f\u017ee bylo zji\u0161t\u011bno, \u017ee zvy\u0161uje diferenciaci epidermis, z\u00f3ny baz\u00e1ln\u00ed membr\u00e1ny a derm\u00e1ln\u00edch fibroblast\u016f. V derm\u00e1ln\u00edch fibroblastech zv\u00fd\u0161il palmitoyl dipeptid-7 kolagen I, kolagen IV a fibronektin. Pou\u017eit\u00ed peptid\u016f pro topickou aplikaci je omezeno iontovou povahou aminokyselinov\u00fdch \u0159et\u011bzc\u016f. To v\u0161ak lze obej\u00edt za\u010dlen\u011bn\u00edm lipofiln\u00edho deriv\u00e1tu, jako je palmitoyl.<\/p>\n<p> <strong>Funkce palmitoyldipeptidu-7 CAS 911813 -90-6<\/strong><br \/>\nAnti-aging; kosmetick\u00e9 peptidy<\/p>\n","protected":false},"excerpt":{"rendered":"<p>N\u00e1zev produktu: Kyselina palmitoyldipeptid-7\/ (2S,3R)-2-[[(2S)-6-amino-2-(hexadekanoylamino)hexanoyl]amino]-3-hydroxybutanov\u00e1<br \/>\nCAS: 911813-90-6<br \/>\nMF: C26H51N3O5<br \/>\nMW: 485,7<br \/>\nMol Soubor: 911813-90-6.mol<\/p>\n","protected":false},"featured_media":2286,"comment_status":"open","ping_status":"closed","template":"","meta":{"om_disable_all_campaigns":false,"_monsterinsights_skip_tracking":false,"_monsterinsights_sitenote_active":false,"_monsterinsights_sitenote_note":"","_monsterinsights_sitenote_category":0,"site-sidebar-layout":"default","site-content-layout":"default","ast-site-content-layout":"default","site-content-style":"default","site-sidebar-style":"default","ast-global-header-display":"","ast-banner-title-visibility":"","ast-main-header-display":"","ast-hfb-above-header-display":"","ast-hfb-below-header-display":"","ast-hfb-mobile-header-display":"","site-post-title":"","ast-breadcrumbs-content":"","ast-featured-img":"","footer-sml-layout":"","ast-disable-related-posts":"","theme-transparent-header-meta":"default","adv-header-id-meta":"","stick-header-meta":"","header-above-stick-meta":"","header-main-stick-meta":"","header-below-stick-meta":"","astra-migrate-meta-layouts":"default","ast-page-background-enabled":"default","ast-page-background-meta":{"desktop":{"background-color":"","background-image":"","background-repeat":"repeat","background-position":"center center","background-size":"auto","background-attachment":"scroll","background-type":"","background-media":"","overlay-type":"","overlay-color":"","overlay-opacity":"","overlay-gradient":""},"tablet":{"background-color":"","background-image":"","background-repeat":"repeat","background-position":"center center","background-size":"auto","background-attachment":"scroll","background-type":"","background-media":"","overlay-type":"","overlay-color":"","overlay-opacity":"","overlay-gradient":""},"mobile":{"background-color":"","background-image":"","background-repeat":"repeat","background-position":"center center","background-size":"auto","background-attachment":"scroll","background-type":"","background-media":"","overlay-type":"","overlay-color":"","overlay-opacity":"","overlay-gradient":""}},"ast-content-background-meta":{"desktop":{"background-color":"var(--ast-global-color-5)","background-image":"","background-repeat":"repeat","background-position":"center center","background-size":"auto","background-attachment":"scroll","background-type":"","background-media":"","overlay-type":"","overlay-color":"","overlay-opacity":"","overlay-gradient":""},"tablet":{"background-color":"var(--ast-global-color-5)","background-image":"","background-repeat":"repeat","background-position":"center center","background-size":"auto","background-attachment":"scroll","background-type":"","background-media":"","overlay-type":"","overlay-color":"","overlay-opacity":"","overlay-gradient":""},"mobile":{"background-color":"var(--ast-global-color-5)","background-image":"","background-repeat":"repeat","background-position":"center center","background-size":"auto","background-attachment":"scroll","background-type":"","background-media":"","overlay-type":"","overlay-color":"","overlay-opacity":"","overlay-gradient":""}}},"product_brand":[],"product_cat":[535],"product_tag":[2868],"class_list":{"0":"post-6913","1":"product","2":"type-product","3":"status-publish","4":"has-post-thumbnail","6":"product_cat-peptid-proti-vraskam-a-starnuti","7":"product_tag-palmitoyl-dipeptide-7-cas-911813-90-6-is-a-signal-like-peptide-that-promotes-matrix-protein-and-collagen-synthesis-cs","8":"desktop-align-left","9":"tablet-align-left","10":"mobile-align-left","12":"first","13":"instock","14":"shipping-taxable","15":"product-type-simple"},"_links":{"self":[{"href":"https:\/\/puyapeptide.net\/cs\/wp-json\/wp\/v2\/product\/6913","targetHints":{"allow":["GET"]}}],"collection":[{"href":"https:\/\/puyapeptide.net\/cs\/wp-json\/wp\/v2\/product"}],"about":[{"href":"https:\/\/puyapeptide.net\/cs\/wp-json\/wp\/v2\/types\/product"}],"replies":[{"embeddable":true,"href":"https:\/\/puyapeptide.net\/cs\/wp-json\/wp\/v2\/comments?post=6913"}],"wp:featuredmedia":[{"embeddable":true,"href":"https:\/\/puyapeptide.net\/cs\/wp-json\/wp\/v2\/media\/2286"}],"wp:attachment":[{"href":"https:\/\/puyapeptide.net\/cs\/wp-json\/wp\/v2\/media?parent=6913"}],"wp:term":[{"taxonomy":"product_brand","embeddable":true,"href":"https:\/\/puyapeptide.net\/cs\/wp-json\/wp\/v2\/product_brand?post=6913"},{"taxonomy":"product_cat","embeddable":true,"href":"https:\/\/puyapeptide.net\/cs\/wp-json\/wp\/v2\/product_cat?post=6913"},{"taxonomy":"product_tag","embeddable":true,"href":"https:\/\/puyapeptide.net\/cs\/wp-json\/wp\/v2\/product_tag?post=6913"}],"curies":[{"name":"wp","href":"https:\/\/api.w.org\/{rel}","templated":true}]}}