{"id":6966,"date":"2021-12-16T06:35:27","date_gmt":"2021-12-16T11:35:27","guid":{"rendered":"https:\/\/puyapeptide.net\/product\/hexapeptid-10-serilesine-cas-146439-94-3-siroce-se-pouziva-v-hydratacnich-kremech-kremech-pletovych-maskach-ocnich-kremech\/"},"modified":"2021-12-16T06:35:27","modified_gmt":"2021-12-16T11:35:27","slug":"hexapeptid-10-serilesine-cas-146439-94-3-siroce-se-pouziva-v-hydratacnich-kremech-kremech-pletovych-maskach-ocnich-kremech","status":"publish","type":"product","link":"https:\/\/puyapeptide.net\/cs\/product\/hexapeptid-10-serilesine-cas-146439-94-3-siroce-se-pouziva-v-hydratacnich-kremech-kremech-pletovych-maskach-ocnich-kremech\/","title":{"rendered":"Hexapeptid-10\/ Serilesine CAS 146439-94-3 \u0160iroce se pou\u017e\u00edv\u00e1 v hydrata\u010dn\u00edch kr\u00e9mech, kr\u00e9mech, ple\u0165ov\u00fdch mask\u00e1ch, o\u010dn\u00edch kr\u00e9mech"},"content":{"rendered":"<h2><strong>Hexapeptid-10\/ Serilesine CAS 146439-94-3 \u0160iroce se pou\u017e\u00edv\u00e1 v hydrata\u010dn\u00edch kr\u00e9mech, kr\u00e9mech, ple\u0165ov\u00fdch mask\u00e1ch, o\u010dn\u00edch kr\u00e9mech<\/strong><\/h2>\n<p>N\u00e1zev produktu: Hexapeptid-10<br \/>\nPopis produktu: Stimuluje obnovu ko\u017en\u00ed tk\u00e1n\u011b, p\u0159etv\u00e1\u0159\u00ed biochemickou funkci poko\u017eky, \u010d\u00edm\u017e zlep\u0161uje pevnost poko\u017eky, pou\u017e\u00edv\u00e1 se pro boj proti vr\u00e1sk\u00e1m a st\u00e1rnut\u00ed.<br \/>\nCAS: 146439-94 -3<br \/>\nSekvence: H-Ser-Ile-Lys-Val-Ala-Val-OH<br \/>\nMolekul\u00e1rn\u00ed vzorec: C28H53N7O8<br \/>\nMolekul\u00e1rn\u00ed hmotnost: 615,76252<\/p>\n<p>Hexapeptid-10 je z adhezn\u00ed sekvence lamininu, kter\u00fd obnovuje ko\u017en\u00ed strukturu. Hexapeptid-10 je zpev\u0148uj\u00edc\u00ed aktivn\u00ed l\u00e1tka, kter\u00e1 podporuje dvoubun\u011b\u010dnou aktivitu jak na keratinocyty, tak na fibroblasty. Zvy\u0161uje synt\u00e9zu lamininu-5, alfa6-integrinu a hemidesmozom\u016f, \u010d\u00edm\u017e posiluje derm\u00e1ln\u00ed-epiderm\u00e1ln\u00ed spojen\u00ed. S Hexapeptide-10 je poko\u017eka restrukturalizov\u00e1na, dopln\u011bna, pevn\u011bj\u0161\u00ed a pru\u017en\u011bj\u0161\u00ed, obnovuje svou plnost.<\/p>\n<p> <strong>Funkce Hexapeptide-10\/ Serilesine CAS 146439-94-3<\/strong><br \/>\nHexapeptid-10 odpov\u00edd\u00e1 zbytk\u016fm 2099-2104 \u0159et\u011bzce lamininu a1. Bylo prok\u00e1z\u00e1no, \u017ee hexapeptid-10 moduluje n\u00e1dorovou invazi, metast\u00e1zy a angiogenezi. Tak\u00e9 indukoval synt\u00e9zu<br \/>\nprostaglandinu E2, interstici\u00e1ln\u00ed kolagen\u00e1zy a \u017eelatin\u00e1zy B v monocytov\u00fdch bun\u011b\u010dn\u00fdch kultur\u00e1ch. Fragmenty lamininu<br \/>\nobsahuj\u00edc\u00ed sekvenci SIKVAV mohou p\u0159isp\u00edvat k z\u00e1n\u011btliv\u00e9 odpov\u011bdi v m\u00edstech hojen\u00ed ran.<br \/>\nMohou tak\u00e9 hr\u00e1t roli p\u0159i nadm\u011brn\u00e9 indukci metaloprotein\u00e1z u chronick\u00fdch z\u00e1n\u011btliv\u00fdch l\u00e9z\u00ed.<\/p>\n<p> <strong>Aplikace hexapeptidu -10\/ Serilesine CAS 146439-94-3<\/strong><br \/>\nHexapeptid-10 je z adhezn\u00ed sekvence lamininu, kter\u00e1 obnovuje ko\u017en\u00ed strukturu.<br \/>\nHexapeptid-10 je zpev\u0148uj\u00edc\u00ed l\u00e1tka, kter\u00e1 podporuje dvoubun\u011b\u010dnou aktivitu na obou keratinocytech a<br \/>\nfibroblast. Zvy\u0161uje synt\u00e9zu lamininu-5, alfa6-integrinu a hemidesmozom\u016f, \u010d\u00edm\u017e<br \/>\nposiluje derm\u00e1ln\u00ed-epiderm\u00e1ln\u00ed spojen\u00ed. S Hexapeptide-10 je poko\u017eka restrukturalizov\u00e1na, dopln\u011bna,<br \/>\npevn\u011bj\u0161\u00ed a pru\u017en\u011bj\u0161\u00ed, obnovuje svou plnost.<\/p>\n<p> <strong>Pou\u017eit\u00ed Hexapeptide-10\/ Serilesine CAS 146439-94-3<\/strong><br \/>\n1. \u0160iroce se pou\u017e\u00edv\u00e1 v hydrata\u010dn\u00edch kr\u00e9mech, ple\u0165ov\u00fdch mask\u00e1ch, o\u010dn\u00edch kr\u00e9mech a koupelov\u00fdch p\u0159\u00edpravc\u00edch.<br \/>\n2. P\u0159i pou\u017eit\u00ed ve spojen\u00ed se sladidly s vysokou sladkost\u00ed, jako je NHDC, m\u016f\u017ee sladkou chu\u0165 zjemnit a dos\u00e1hnout efektu zlep\u0161en\u00ed chuti j\u00eddla.<\/p>\n","protected":false},"excerpt":{"rendered":"<p>N\u00e1zev produktu: Hexapeptid-10<br \/>\nCAS: 146439-94-3<br \/>\nSekvence: H-Ser-Ile-Lys-Val-Ala-Val-OH<br \/>\nMolekul\u00e1rn\u00ed vzorec: C28H53N7O8<br \/>\nMolekul\u00e1rn\u00ed hmotnost: 615,76252<\/p>\n","protected":false},"featured_media":2160,"comment_status":"open","ping_status":"closed","template":"","meta":{"om_disable_all_campaigns":false,"_monsterinsights_skip_tracking":false,"_monsterinsights_sitenote_active":false,"_monsterinsights_sitenote_note":"","_monsterinsights_sitenote_category":0,"site-sidebar-layout":"default","site-content-layout":"default","ast-site-content-layout":"default","site-content-style":"default","site-sidebar-style":"default","ast-global-header-display":"","ast-banner-title-visibility":"","ast-main-header-display":"","ast-hfb-above-header-display":"","ast-hfb-below-header-display":"","ast-hfb-mobile-header-display":"","site-post-title":"","ast-breadcrumbs-content":"","ast-featured-img":"","footer-sml-layout":"","ast-disable-related-posts":"","theme-transparent-header-meta":"default","adv-header-id-meta":"","stick-header-meta":"","header-above-stick-meta":"","header-main-stick-meta":"","header-below-stick-meta":"","astra-migrate-meta-layouts":"default","ast-page-background-enabled":"default","ast-page-background-meta":{"desktop":{"background-color":"","background-image":"","background-repeat":"repeat","background-position":"center center","background-size":"auto","background-attachment":"scroll","background-type":"","background-media":"","overlay-type":"","overlay-color":"","overlay-opacity":"","overlay-gradient":""},"tablet":{"background-color":"","background-image":"","background-repeat":"repeat","background-position":"center center","background-size":"auto","background-attachment":"scroll","background-type":"","background-media":"","overlay-type":"","overlay-color":"","overlay-opacity":"","overlay-gradient":""},"mobile":{"background-color":"","background-image":"","background-repeat":"repeat","background-position":"center center","background-size":"auto","background-attachment":"scroll","background-type":"","background-media":"","overlay-type":"","overlay-color":"","overlay-opacity":"","overlay-gradient":""}},"ast-content-background-meta":{"desktop":{"background-color":"var(--ast-global-color-5)","background-image":"","background-repeat":"repeat","background-position":"center center","background-size":"auto","background-attachment":"scroll","background-type":"","background-media":"","overlay-type":"","overlay-color":"","overlay-opacity":"","overlay-gradient":""},"tablet":{"background-color":"var(--ast-global-color-5)","background-image":"","background-repeat":"repeat","background-position":"center center","background-size":"auto","background-attachment":"scroll","background-type":"","background-media":"","overlay-type":"","overlay-color":"","overlay-opacity":"","overlay-gradient":""},"mobile":{"background-color":"var(--ast-global-color-5)","background-image":"","background-repeat":"repeat","background-position":"center center","background-size":"auto","background-attachment":"scroll","background-type":"","background-media":"","overlay-type":"","overlay-color":"","overlay-opacity":"","overlay-gradient":""}}},"product_brand":[],"product_cat":[535],"product_tag":[2784,2828,2806,2762],"class_list":{"0":"post-6966","1":"product","2":"type-product","3":"status-publish","4":"has-post-thumbnail","6":"product_cat-peptid-proti-vraskam-a-starnuti","7":"product_tag-creams-cs","8":"product_tag-eye-creams-cs","9":"product_tag-facial-masks-cs","10":"product_tag-hexapeptide-10-serilesine-cas-146439-94-3-widely-used-in-moisturizers-cs","11":"desktop-align-left","12":"tablet-align-left","13":"mobile-align-left","15":"first","16":"instock","17":"shipping-taxable","18":"product-type-simple"},"_links":{"self":[{"href":"https:\/\/puyapeptide.net\/cs\/wp-json\/wp\/v2\/product\/6966","targetHints":{"allow":["GET"]}}],"collection":[{"href":"https:\/\/puyapeptide.net\/cs\/wp-json\/wp\/v2\/product"}],"about":[{"href":"https:\/\/puyapeptide.net\/cs\/wp-json\/wp\/v2\/types\/product"}],"replies":[{"embeddable":true,"href":"https:\/\/puyapeptide.net\/cs\/wp-json\/wp\/v2\/comments?post=6966"}],"wp:featuredmedia":[{"embeddable":true,"href":"https:\/\/puyapeptide.net\/cs\/wp-json\/wp\/v2\/media\/2160"}],"wp:attachment":[{"href":"https:\/\/puyapeptide.net\/cs\/wp-json\/wp\/v2\/media?parent=6966"}],"wp:term":[{"taxonomy":"product_brand","embeddable":true,"href":"https:\/\/puyapeptide.net\/cs\/wp-json\/wp\/v2\/product_brand?post=6966"},{"taxonomy":"product_cat","embeddable":true,"href":"https:\/\/puyapeptide.net\/cs\/wp-json\/wp\/v2\/product_cat?post=6966"},{"taxonomy":"product_tag","embeddable":true,"href":"https:\/\/puyapeptide.net\/cs\/wp-json\/wp\/v2\/product_tag?post=6966"}],"curies":[{"name":"wp","href":"https:\/\/api.w.org\/{rel}","templated":true}]}}