{"id":6982,"date":"2021-12-16T06:38:05","date_gmt":"2021-12-16T11:38:05","guid":{"rendered":"https:\/\/puyapeptide.net\/product\/palmitoyl-tripeptid-38-cas-1447824-23-8-je-silny-peptid-proti-vraskam\/"},"modified":"2021-12-16T06:38:05","modified_gmt":"2021-12-16T11:38:05","slug":"palmitoyl-tripeptid-38-cas-1447824-23-8-je-silny-peptid-proti-vraskam","status":"publish","type":"product","link":"https:\/\/puyapeptide.net\/cs\/product\/palmitoyl-tripeptid-38-cas-1447824-23-8-je-silny-peptid-proti-vraskam\/","title":{"rendered":"Palmitoyl tripeptid-38 CAS 1447824-23-8 je siln\u00fd peptid proti vr\u00e1sk\u00e1m"},"content":{"rendered":"<h2><strong>Palmitoyl tripeptid-38 CAS 1447824-23-8 je siln\u00fd peptid proti vr\u00e1sk\u00e1m<\/strong><\/h2>\n<p>N\u00e1zev produktu: Palmitoyl Tripeptid 38<br \/>\nSekvence: Pal-Lys-Met(O2)-Lys-OH<br \/>\nSynonyma: Matrixyl synthsis;Palmitoyl Tripeptide 38;matrixylsynthe6;Palmitoyl Tripeptide 38 USP\/EP\/BP; Bezpe\u010dn\u00e1 z\u00e1silka a rychl\u00e9 doru\u010den\u00ed Palmitoyl Tripeptide 38 Powder CAS 1447824-23-8 Od Biocar;matrixyl synthe6 Matrixyl synthsis<br \/>\nCAS: 1447824-23-8<br \/>\nMF:<br \/>\nMW: 0<br \/>\nEINECS: 7824- 223-8<br \/>\nKategorie produkt\u016f:<br \/>\nMol File: Mol File<\/p>\n<p>Palmitoyl Tripeptide-38 se skl\u00e1d\u00e1 ze t\u0159\u00ed aminokyselin a je to dioxygenovan\u00fd lipopeptid. Tento peptid je inspirov\u00e1n tripeptidem p\u0159irozen\u011b se vyskytuj\u00edc\u00edm v kolagenu VI a lamininu. Obnovuje poko\u017eku zevnit\u0159 tam, kde je to pot\u0159eba, aby zklidnil poko\u017eku vyhlazenou vr\u00e1skami, a je zvl\u00e1\u0161t\u011b \u00fa\u010dinn\u00fd na vr\u00e1sky na \u010dele, vr\u00e1ny, linie hlavy a linie krku.<\/p>\n<p>Palmitoyl Tripeptide-38 je reak\u010dn\u00ed produkt kyseliny palmitov\u00e9 a tripeptidu-38.<\/p>\n<p>Pronik\u00e1 hluboko do dermis a podporuje tvorbu kolagenu a synt\u00e9zu kyseliny hyaluronov\u00e9, zejm\u00e9na na \u010dele.<\/p>\n<p> <strong>Funkce a aplikace palmitoyltripeptidu 38<\/strong><br \/>\n1. Palmitoyl Tripeptide-38 je siln\u00fd protivr\u00e1skov\u00fd peptid p\u016fsob\u00edc\u00ed na 6 z\u00e1kladn\u00edch l\u00e1tek pro obnovu pleti a \u00fasp\u011b\u0161n\u011b testov\u00e1n na \u010dele.<br \/>\n2. Palmitoyl Tripeptid-38 a extrakt z Portulaca pilosa se pou\u017e\u00edvaj\u00ed k vyhlazen\u00ed rt\u016f synt\u00e9zou kyseliny hyaluronov\u00e9. Zlep\u0161uje vnit\u0159n\u00ed a povrchovou texturu rt\u016f s viditeln\u00fdm dopadem na tvar rt\u016f. Tento produkt zvy\u0161uje objem rt\u016f, hydratuje a zjem\u0148uje je. Nab\u00edz\u00ed \u00fa\u010dinky proti st\u00e1rnut\u00ed a ochabov\u00e1n\u00ed.<\/p>\n<p> <strong>Mechanismus palmitoyltripeptidu-38 CAS 1447824-23-8<\/strong> <\/p>\n<p>Palmitoyltripeptid-38 m\u00e1 \u00fa\u010dinek podobn\u00fd matrikinu, kter\u00fd m\u016f\u017ee podporovat synt\u00e9zu kolagenu I,III,IV, fibronektinu, kyseliny hyaluronov\u00e9 a lamininu 5, \u0161esti hlavn\u00edch slo\u017eek ko\u017en\u00ed matrix a epiderm\u00e1ln\u00ed-derm\u00e1ln\u00ed junkce (DEJ); palmitoyl tripeptid-38 proto dok\u00e1\u017ee obnovit strukturu pletiva a zklidnit vr\u00e1sky a vyhladit poko\u017eku.<\/p>\n<p>Klinick\u00fd test \u00fa\u010dinnosti oddalov\u00e1n\u00ed st\u00e1rnut\u00ed a boje proti vr\u00e1sk\u00e1m u 25 dobrovolnic ve v\u011bku od 42 do 70 let pro vr\u00e1sky na \u010dele a o\u010dn\u00ed linky. Po dvou m\u011bs\u00edc\u00edch aplikace roztoku obsahuj\u00edc\u00edho 2 % tripeptid\u016f dvakr\u00e1t denn\u011b.<\/p>\n<p>Kvalita poko\u017eky na \u010dele se zlep\u0161ila o 28 %, objem vr\u00e1sek se sn\u00ed\u017eil o 31 %, maxim\u00e1ln\u00ed hloubka vr\u00e1sek se sn\u00ed\u017eila o 16,3 %<\/p>\n<p> Kvalita pleti o\u010dn\u00edch koutk\u016f se zlep\u0161ila o 12,6 %, objem vr\u00e1sek se zmen\u0161il o 21,1 %, plocha vr\u00e1sek se zmen\u0161ila o 28,5 %, hloubka vr\u00e1sek se sn\u00ed\u017eila v pr\u016fm\u011bru o 15 % a roz\u0161\u00ed\u0159en\u00ed \u00fahel vr\u00e1sek byl zv\u00fd\u0161en o 8,4%<\/p>\n<p>Po testu je z\u0159ejm\u00e9, \u017ee palmitoyl tripeptid-38 m\u00e1 st\u00e1le velmi z\u0159ejm\u00fd \u00fa\u010dinek na odstran\u011bn\u00ed vr\u00e1sek.<\/p>\n","protected":false},"excerpt":{"rendered":"<p>N\u00e1zev produktu: Palmitoyl Tripeptide 38<br \/>\nSekvence: Pal-Lys-Met(O2)-Lys-OH<br \/>\nCAS: 1447824-23-8<br \/>\nSoubor Mol: Soubor Mol<\/p>\n","protected":false},"featured_media":2202,"comment_status":"open","ping_status":"closed","template":"","meta":{"om_disable_all_campaigns":false,"_monsterinsights_skip_tracking":false,"_monsterinsights_sitenote_active":false,"_monsterinsights_sitenote_note":"","_monsterinsights_sitenote_category":0,"site-sidebar-layout":"default","site-content-layout":"default","ast-site-content-layout":"default","site-content-style":"default","site-sidebar-style":"default","ast-global-header-display":"","ast-banner-title-visibility":"","ast-main-header-display":"","ast-hfb-above-header-display":"","ast-hfb-below-header-display":"","ast-hfb-mobile-header-display":"","site-post-title":"","ast-breadcrumbs-content":"","ast-featured-img":"","footer-sml-layout":"","ast-disable-related-posts":"","theme-transparent-header-meta":"default","adv-header-id-meta":"","stick-header-meta":"","header-above-stick-meta":"","header-main-stick-meta":"","header-below-stick-meta":"","astra-migrate-meta-layouts":"default","ast-page-background-enabled":"default","ast-page-background-meta":{"desktop":{"background-color":"","background-image":"","background-repeat":"repeat","background-position":"center center","background-size":"auto","background-attachment":"scroll","background-type":"","background-media":"","overlay-type":"","overlay-color":"","overlay-opacity":"","overlay-gradient":""},"tablet":{"background-color":"","background-image":"","background-repeat":"repeat","background-position":"center center","background-size":"auto","background-attachment":"scroll","background-type":"","background-media":"","overlay-type":"","overlay-color":"","overlay-opacity":"","overlay-gradient":""},"mobile":{"background-color":"","background-image":"","background-repeat":"repeat","background-position":"center center","background-size":"auto","background-attachment":"scroll","background-type":"","background-media":"","overlay-type":"","overlay-color":"","overlay-opacity":"","overlay-gradient":""}},"ast-content-background-meta":{"desktop":{"background-color":"var(--ast-global-color-5)","background-image":"","background-repeat":"repeat","background-position":"center center","background-size":"auto","background-attachment":"scroll","background-type":"","background-media":"","overlay-type":"","overlay-color":"","overlay-opacity":"","overlay-gradient":""},"tablet":{"background-color":"var(--ast-global-color-5)","background-image":"","background-repeat":"repeat","background-position":"center center","background-size":"auto","background-attachment":"scroll","background-type":"","background-media":"","overlay-type":"","overlay-color":"","overlay-opacity":"","overlay-gradient":""},"mobile":{"background-color":"var(--ast-global-color-5)","background-image":"","background-repeat":"repeat","background-position":"center center","background-size":"auto","background-attachment":"scroll","background-type":"","background-media":"","overlay-type":"","overlay-color":"","overlay-opacity":"","overlay-gradient":""}}},"product_brand":[],"product_cat":[535],"product_tag":[2738],"class_list":{"0":"post-6982","1":"product","2":"type-product","3":"status-publish","4":"has-post-thumbnail","6":"product_cat-peptid-proti-vraskam-a-starnuti","7":"product_tag-palmitoyl-tripeptide-38-cas-1447824-23-8-is-a-powerful-anti-wrinkle-peptide-cs","8":"desktop-align-left","9":"tablet-align-left","10":"mobile-align-left","12":"first","13":"instock","14":"shipping-taxable","15":"product-type-simple"},"_links":{"self":[{"href":"https:\/\/puyapeptide.net\/cs\/wp-json\/wp\/v2\/product\/6982","targetHints":{"allow":["GET"]}}],"collection":[{"href":"https:\/\/puyapeptide.net\/cs\/wp-json\/wp\/v2\/product"}],"about":[{"href":"https:\/\/puyapeptide.net\/cs\/wp-json\/wp\/v2\/types\/product"}],"replies":[{"embeddable":true,"href":"https:\/\/puyapeptide.net\/cs\/wp-json\/wp\/v2\/comments?post=6982"}],"wp:featuredmedia":[{"embeddable":true,"href":"https:\/\/puyapeptide.net\/cs\/wp-json\/wp\/v2\/media\/2202"}],"wp:attachment":[{"href":"https:\/\/puyapeptide.net\/cs\/wp-json\/wp\/v2\/media?parent=6982"}],"wp:term":[{"taxonomy":"product_brand","embeddable":true,"href":"https:\/\/puyapeptide.net\/cs\/wp-json\/wp\/v2\/product_brand?post=6982"},{"taxonomy":"product_cat","embeddable":true,"href":"https:\/\/puyapeptide.net\/cs\/wp-json\/wp\/v2\/product_cat?post=6982"},{"taxonomy":"product_tag","embeddable":true,"href":"https:\/\/puyapeptide.net\/cs\/wp-json\/wp\/v2\/product_tag?post=6982"}],"curies":[{"name":"wp","href":"https:\/\/api.w.org\/{rel}","templated":true}]}}