{"id":7008,"date":"2021-12-16T06:38:52","date_gmt":"2021-12-16T11:38:52","guid":{"rendered":"https:\/\/puyapeptide.net\/product\/hexapeptide-9-cleatide-cas-1228371-11-6-it-is-a-very-stable-collagen-peptide\/"},"modified":"2021-12-18T01:30:58","modified_gmt":"2021-12-18T06:30:58","slug":"hexapeptide-9-cleatide-cas-1228371-11-6-it-is-a-very-stable-collagen-peptide","status":"publish","type":"product","link":"https:\/\/puyapeptide.net\/cs\/product\/hexapeptide-9-cleatide-cas-1228371-11-6-it-is-a-very-stable-collagen-peptide\/","title":{"rendered":"Hexapeptid-9\/ Cleatide CAS 1228371-11-6 Je to velmi stabiln\u00ed kolagenov\u00fd peptid"},"content":{"rendered":"<h2><strong>Hexapeptid-9\/ Cleatide CAS 1228371-11-6 Je to velmi stabiln\u00ed kolagenov\u00fd peptid<\/strong><\/h2>\n<p>N\u00e1zev produktu: Hexapeptid 9<br \/>\nSynonyma: Collaxyl;Hexapeptid 9;Collaxyl III \/ Hexapeptid-9;Hexapeptid-9\/kolaxyl;Hexapeptid-9 (Cleatide);Hexapeptid 9 fandachem;Hexapeptid 9\/USP 9 pr\u00e1\u0161ek;Hex EP\/BP<br \/>\nCAS: 1228371-11-6<br \/>\nMF:<br \/>\nMW: 0<br \/>\nEINECS:<br \/>\nKategorie produkt\u016f:<br \/>\nSoubor Mol: Soubor Mol<\/p>\n<p>Hexapeptide -9 je peptid, kter\u00fd v kostce nut\u00ed poko\u017eku, aby se sama uzdravila. Hraje roli posla, kter\u00fd rychle spou\u0161t\u00ed poko\u017eku k regeneraci jej\u00edch po\u0161kozen\u00fdch bun\u011bk.<br \/>\nTv\u016frci Hexapeptidu-9 provedli experiment na MRTV\u00c9M kousku k\u016f\u017ee. Roztrhali k\u016f\u017ei, aby simulovali po\u0161kozen\u00ed bun\u011bk b\u011bhem zran\u011bn\u00ed, jako je opakovan\u00e9 akn\u00e9.<br \/>\nV\u011bdci aplikovali Hexapeptid-9 1kr\u00e1t a nechali jej na odum\u0159el\u00e9 poko\u017ece po dobu 72 hodin. Toto je obr\u00e1zek z experimentu vid\u011bn\u00fd mikroskopem. Pamatujte, \u017ee to bylo na mrtv\u00e9 poko\u017ece, tak\u017ee si dob\u0159e p\u0159edstavte, \u017ee to m\u016f\u017ee fungovat i na \u017eiv\u00e9 poko\u017ece.<\/p>\n<p>Hexapeptid-9 se m\u016f\u017ee skl\u00e1dat ze \u0161esti aminokyselin a je velmi stabiln\u00edm kolagenov\u00fdm peptidem. Struktura tohoto peptidu je p\u0159\u00edtomna ve struktu\u0159e kolagenu IV a XII (dva kl\u00ed\u010dov\u00e9 kolageny baz\u00e1ln\u00ed membr\u00e1ny) v lidsk\u00e9m t\u011ble. Hexapeptide-9Chemicalbook d\u00edky t\u00e9to struktu\u0159e vykazuje komplexn\u00ed a v\u00fdznamn\u00fd opravn\u00fd \u00fa\u010dinek proti vr\u00e1sk\u00e1m a m\u00e1 velmi zvl\u00e1\u0161tn\u00ed \u00fa\u010dinek na opravu skvrn po akn\u00e9. Krom\u011b toho m\u00e1 hexapeptid-9 tak\u00e9 v\u00fdznamn\u00fd kosmetick\u00fd \u00fa\u010dinek p\u0159i odstra\u0148ov\u00e1n\u00ed o\u010dn\u00edch vr\u00e1sek a vr\u00e1sek kolem o\u010d\u00ed.<\/p>\n<p> <strong>Funkce a aplikace Hexapeptidu-9\/ Cleatide CAS 1228371-11-6<\/strong><br \/>\n1\u3001Zv\u00fd\u0161en\u00ed kolagen typu I<br \/>\n2\u3001Zv\u00fd\u0161en\u00ed kolagenu typu IV<br \/>\n3\u3001Zv\u00fd\u0161en\u00ed lamininu-5<br \/>\n4\u3001Zv\u00fd\u0161en\u00ed integrinu<br \/>\n5\u3001Podpora diferenciace a zr\u00e1n\u00ed epiderm\u00e1ln\u00edch bun\u011bk<br \/>\n6\u3001Podpora regenerace poko\u017eky &lt;&amp; &gt;7\u3001Redukce vr\u00e1sek<\/p>\n<p> <strong>Hexapeptid-9\/ Cleatide CAS 1228371-11-6 V\u00fdhody<\/strong><br \/>\n1.Hexapeptid-9 m\u00e1 v\u00fdznamn\u00fd \u00fa\u010dinek na redukci vr\u00e1sek.<br \/>\n2.Hexapeptid-9 m\u00e1 ple\u0165 repara\u010dn\u00ed \u00fa\u010dinek.<\/p>\n<p>V\u011bda dok\u00e1zala, \u017ee peptidy mohou pomoci zvl\u00e1dnout vr\u00e1sky ve va\u0161\u00ed pleti a zvr\u00e1tit zn\u00e1mky st\u00e1rnut\u00ed.<br \/>\nLidsk\u00e1 k\u016f\u017ee se skl\u00e1d\u00e1 p\u0159ev\u00e1\u017en\u011b z kolagenu. Kolagen je protein slo\u017een\u00fd z dlouh\u00fdch segment\u016f aminokyselin uspo\u0159\u00e1dan\u00fdch jako \u0159et\u011bzec. Kolagen poskytuje pleti z\u00e1klad a tlou\u0161\u0165ku.<br \/>\n\u017deny do 30 let maj\u00ed dostatek kolagenu, co\u017e m\u00e1 za n\u00e1sledek hladkou a napnutou poko\u017eku.<br \/>\nMy ostatn\u00ed m\u00e1me m\u00e9n\u011b kolagenu \u2013 ple\u0165 m\u00e1 tendenci b\u00fdt ten\u010d\u00ed a odhaluje v\u00edce vr\u00e1sek.&lt;&amp; &gt;Kdy\u017e se kolagen rozpadne, vytvo\u0159\u00ed se kr\u00e1tk\u00e9 segmenty aminokyselin. Jedn\u00e1 se o drobn\u00e9 proteiny a aktivn\u00ed molekuly zn\u00e1m\u00e9 jako peptidy. Peptidy v p\u00e9\u010di o ple\u0165 mohou poskytnout v\u00fdznamn\u00e9 v\u00fdhody proti st\u00e1rnut\u00ed.<\/p>\n","protected":false},"excerpt":{"rendered":"<p>N\u00e1zev produktu: Hexapeptide 9<br \/>\nCAS: 1228371-11-6<br \/>\nSoubor Mol: Soubor Mol<\/p>\n","protected":false},"featured_media":2097,"comment_status":"open","ping_status":"closed","template":"","meta":{"om_disable_all_campaigns":false,"_monsterinsights_skip_tracking":false,"_monsterinsights_sitenote_active":false,"_monsterinsights_sitenote_note":"","_monsterinsights_sitenote_category":0,"site-sidebar-layout":"default","site-content-layout":"default","ast-site-content-layout":"default","site-content-style":"default","site-sidebar-style":"default","ast-global-header-display":"","ast-banner-title-visibility":"","ast-main-header-display":"","ast-hfb-above-header-display":"","ast-hfb-below-header-display":"","ast-hfb-mobile-header-display":"","site-post-title":"","ast-breadcrumbs-content":"","ast-featured-img":"","footer-sml-layout":"","ast-disable-related-posts":"","theme-transparent-header-meta":"default","adv-header-id-meta":"","stick-header-meta":"","header-above-stick-meta":"","header-main-stick-meta":"","header-below-stick-meta":"","astra-migrate-meta-layouts":"default","ast-page-background-enabled":"default","ast-page-background-meta":{"desktop":{"background-color":"","background-image":"","background-repeat":"repeat","background-position":"center center","background-size":"auto","background-attachment":"scroll","background-type":"","background-media":"","overlay-type":"","overlay-color":"","overlay-opacity":"","overlay-gradient":""},"tablet":{"background-color":"","background-image":"","background-repeat":"repeat","background-position":"center center","background-size":"auto","background-attachment":"scroll","background-type":"","background-media":"","overlay-type":"","overlay-color":"","overlay-opacity":"","overlay-gradient":""},"mobile":{"background-color":"","background-image":"","background-repeat":"repeat","background-position":"center center","background-size":"auto","background-attachment":"scroll","background-type":"","background-media":"","overlay-type":"","overlay-color":"","overlay-opacity":"","overlay-gradient":""}},"ast-content-background-meta":{"desktop":{"background-color":"var(--ast-global-color-5)","background-image":"","background-repeat":"repeat","background-position":"center center","background-size":"auto","background-attachment":"scroll","background-type":"","background-media":"","overlay-type":"","overlay-color":"","overlay-opacity":"","overlay-gradient":""},"tablet":{"background-color":"var(--ast-global-color-5)","background-image":"","background-repeat":"repeat","background-position":"center center","background-size":"auto","background-attachment":"scroll","background-type":"","background-media":"","overlay-type":"","overlay-color":"","overlay-opacity":"","overlay-gradient":""},"mobile":{"background-color":"var(--ast-global-color-5)","background-image":"","background-repeat":"repeat","background-position":"center center","background-size":"auto","background-attachment":"scroll","background-type":"","background-media":"","overlay-type":"","overlay-color":"","overlay-opacity":"","overlay-gradient":""}}},"product_brand":[],"product_cat":[535],"product_tag":[2714],"class_list":{"0":"post-7008","1":"product","2":"type-product","3":"status-publish","4":"has-post-thumbnail","6":"product_cat-peptid-proti-vraskam-a-starnuti","7":"product_tag-hexapeptide-9-cleatide-cas-1228371-11-6-it-is-a-very-stable-collagen-peptide-cs","8":"desktop-align-left","9":"tablet-align-left","10":"mobile-align-left","12":"first","13":"instock","14":"shipping-taxable","15":"product-type-simple"},"_links":{"self":[{"href":"https:\/\/puyapeptide.net\/cs\/wp-json\/wp\/v2\/product\/7008","targetHints":{"allow":["GET"]}}],"collection":[{"href":"https:\/\/puyapeptide.net\/cs\/wp-json\/wp\/v2\/product"}],"about":[{"href":"https:\/\/puyapeptide.net\/cs\/wp-json\/wp\/v2\/types\/product"}],"replies":[{"embeddable":true,"href":"https:\/\/puyapeptide.net\/cs\/wp-json\/wp\/v2\/comments?post=7008"}],"wp:featuredmedia":[{"embeddable":true,"href":"https:\/\/puyapeptide.net\/cs\/wp-json\/wp\/v2\/media\/2097"}],"wp:attachment":[{"href":"https:\/\/puyapeptide.net\/cs\/wp-json\/wp\/v2\/media?parent=7008"}],"wp:term":[{"taxonomy":"product_brand","embeddable":true,"href":"https:\/\/puyapeptide.net\/cs\/wp-json\/wp\/v2\/product_brand?post=7008"},{"taxonomy":"product_cat","embeddable":true,"href":"https:\/\/puyapeptide.net\/cs\/wp-json\/wp\/v2\/product_cat?post=7008"},{"taxonomy":"product_tag","embeddable":true,"href":"https:\/\/puyapeptide.net\/cs\/wp-json\/wp\/v2\/product_tag?post=7008"}],"curies":[{"name":"wp","href":"https:\/\/api.w.org\/{rel}","templated":true}]}}