{"id":7037,"date":"2021-12-16T06:39:45","date_gmt":"2021-12-16T11:39:45","guid":{"rendered":"https:\/\/puyapeptide.net\/product\/palmitoyl-tetrapeptid-3-palmitoyl-tetrapeptide-7-cas-221227-05-0-ma-vyrazne-protiotokove-a-protizanetlive-ucinky-na-ocni-vicka\/"},"modified":"2021-12-16T06:39:45","modified_gmt":"2021-12-16T11:39:45","slug":"palmitoyl-tetrapeptid-3-palmitoyl-tetrapeptide-7-cas-221227-05-0-ma-vyrazne-protiotokove-a-protizanetlive-ucinky-na-ocni-vicka","status":"publish","type":"product","link":"https:\/\/puyapeptide.net\/cs\/product\/palmitoyl-tetrapeptid-3-palmitoyl-tetrapeptide-7-cas-221227-05-0-ma-vyrazne-protiotokove-a-protizanetlive-ucinky-na-ocni-vicka\/","title":{"rendered":"Palmitoyl tetrapeptid-3\/ Palmitoyl tetrapeptide-7 CAS 221227-05-0 m\u00e1 v\u00fdrazn\u00e9 protiotokov\u00e9 a protiz\u00e1n\u011btliv\u00e9 \u00fa\u010dinky na o\u010dn\u00ed v\u00ed\u010dka."},"content":{"rendered":"<h2><strong>Palmitoyl tetrapeptid-3\/ Palmitoyl tetrapeptide-7 CAS 221227-05-0 m\u00e1 v\u00fdrazn\u00fd \u00fa\u010dinek proti otok\u016fm a N\u00e1zev produktu: PALMITOYL TETRAPEPTIDE 3<br \/>\nSynonyma: Matrixyl 3000\/Palmitoyl Tetrapeptide-3;N-Palmitoyl-Palmitoyl-PRIGIIN;P; GQPR;(S)-2-[(S)-1-[(S)-5-amino-5-oxo-2-(2-palmitamidoacetamido)pentanoyl]pyrrolidin-2-karboxamido]-5-[(diaminomethylen) kyselina amino]pentanov\u00e1;L-arginin, N-(1-oxohexadecyl)glycyl-L-glutaminyl-L-prolyl-;Pal-tetrapeptid-3(7)+ dipeptid-2;Palmitoyltetrapeptid-7(Pal-GQPR)&lt; &amp;&gt;CAS: 221227-05-0<br \/>\nMF: C34H62N8O7<br \/>\nMW: 694,91<br \/>\nEINECS:<br \/>\nKategorie produkt\u016f: BEAUTY PEPTIDES<br \/>\nMol File: 221227-05-0.mol<br \/>\n Palmitoyl Tetrapeptid-3 m\u016f\u017ee potla\u010dit produkci nadbyte\u010dn\u00fdch interleukin\u016f, \u010d\u00edm\u017e inhibuje zbyte\u010dn\u00e9 nevhodn\u00e9 z\u00e1n\u011btliv\u00e9 reakce a po\u0161kozen\u00ed glykace. Palmitoyl tetrapeptid-7\/palmitoyl tetrapeptid-3 jako medi\u00e1torov\u00fd peptid stimuluje synt\u00e9zu a v\u00fdvoj kolagenu (typ I, typ II, typ IV) a elastinu v dermis poko\u017eky.<\/p>\n<p> <strong>Palmitoyl tetrapeptid-3 \/ Palmitoyl tetrapeptid-7 CAS 221227-05-0 Chemick\u00e9 vlastnosti<\/strong><br \/>\nhustota 1,26\u00b10,1 g\/cm3 (p\u0159edpoklad)<br \/>\ntepl. Inertn\u00ed atmosf\u00e9ra,2-8\u00b0C<br \/>\npka 3,60\u00b10,21(P\u0159edpov\u011bzeno)<br \/>\nReferen\u010dn\u00ed \u010d\u00edslo datab\u00e1ze CAS 221227-05-0<\/p>\n<p> <strong>Funkce a aplikace palmitoyltetrapeptidu-3\/palmitoyltetrapeptidu-7 CAS 221227 -05-0<\/strong><br \/>\n1. Proti otok\u016fm o\u010dn\u00edch v\u00ed\u010dek, odstra\u0148uje o\u010dn\u00ed v\u00e1\u010dky, protiz\u00e1n\u011btliv\u011b<br \/>\n2. M\u016f\u017ee zlep\u0161it pevnost a pru\u017enost poko\u017eky. Nejv\u00edce se pou\u017e\u00edv\u00e1 na o\u010dn\u00ed kr\u00e9my, aby se zbavily o\u010dn\u00edch v\u00e1\u010dk\u016f<br \/>\n3.Zlep\u0161uje toleranci poko\u017eky v\u016f\u010di vn\u011bj\u0161\u00edmu prost\u0159ed\u00ed a zvy\u0161uje obranu proti zne\u010di\u0161t\u011bn\u00ed<br \/>\n4.Hydratuje, zlep\u0161uje lymfatick\u00fd ob\u011bh, zabra\u0148uje ztr\u00e1t\u011b elastinu<br \/>\n 5. Pom\u00e1h\u00e1 p\u0159edch\u00e1zet a odstra\u0148ovat o\u010dn\u00ed v\u00e1\u010dky a z\u00e1rove\u0148 nap\u00edn\u00e1 a reguluje poko\u017eku k vyhlazen\u00ed vr\u00e1sek.<br \/>\n6. Stimuluje synt\u00e9zu kolagenu (typ I, typ II, typ IV) a elastinu v dermis poko\u017eky<\/strong><\/p>\n","protected":false},"excerpt":{"rendered":"<p>N\u00e1zev produktu: PALMITOYL TETRAPEPTIDE 3<br \/>\nCAS: 221227-05-0<br \/>\nMF: C34H62N8O7<br \/>\nMW: 694,91<br \/>\nMol Soubor: 221227-05-0,mol<\/p>\n","protected":false},"featured_media":2160,"comment_status":"open","ping_status":"closed","template":"","meta":{"om_disable_all_campaigns":false,"_monsterinsights_skip_tracking":false,"_monsterinsights_sitenote_active":false,"_monsterinsights_sitenote_note":"","_monsterinsights_sitenote_category":0,"site-sidebar-layout":"default","site-content-layout":"default","ast-site-content-layout":"default","site-content-style":"default","site-sidebar-style":"default","ast-global-header-display":"","ast-banner-title-visibility":"","ast-main-header-display":"","ast-hfb-above-header-display":"","ast-hfb-below-header-display":"","ast-hfb-mobile-header-display":"","site-post-title":"","ast-breadcrumbs-content":"","ast-featured-img":"","footer-sml-layout":"","ast-disable-related-posts":"","theme-transparent-header-meta":"default","adv-header-id-meta":"","stick-header-meta":"","header-above-stick-meta":"","header-main-stick-meta":"","header-below-stick-meta":"","astra-migrate-meta-layouts":"default","ast-page-background-enabled":"default","ast-page-background-meta":{"desktop":{"background-color":"","background-image":"","background-repeat":"repeat","background-position":"center center","background-size":"auto","background-attachment":"scroll","background-type":"","background-media":"","overlay-type":"","overlay-color":"","overlay-opacity":"","overlay-gradient":""},"tablet":{"background-color":"","background-image":"","background-repeat":"repeat","background-position":"center center","background-size":"auto","background-attachment":"scroll","background-type":"","background-media":"","overlay-type":"","overlay-color":"","overlay-opacity":"","overlay-gradient":""},"mobile":{"background-color":"","background-image":"","background-repeat":"repeat","background-position":"center center","background-size":"auto","background-attachment":"scroll","background-type":"","background-media":"","overlay-type":"","overlay-color":"","overlay-opacity":"","overlay-gradient":""}},"ast-content-background-meta":{"desktop":{"background-color":"var(--ast-global-color-5)","background-image":"","background-repeat":"repeat","background-position":"center center","background-size":"auto","background-attachment":"scroll","background-type":"","background-media":"","overlay-type":"","overlay-color":"","overlay-opacity":"","overlay-gradient":""},"tablet":{"background-color":"var(--ast-global-color-5)","background-image":"","background-repeat":"repeat","background-position":"center center","background-size":"auto","background-attachment":"scroll","background-type":"","background-media":"","overlay-type":"","overlay-color":"","overlay-opacity":"","overlay-gradient":""},"mobile":{"background-color":"var(--ast-global-color-5)","background-image":"","background-repeat":"repeat","background-position":"center center","background-size":"auto","background-attachment":"scroll","background-type":"","background-media":"","overlay-type":"","overlay-color":"","overlay-opacity":"","overlay-gradient":""}}},"product_brand":[],"product_cat":[535],"product_tag":[],"class_list":{"0":"post-7037","1":"product","2":"type-product","3":"status-publish","4":"has-post-thumbnail","6":"product_cat-peptid-proti-vraskam-a-starnuti","7":"desktop-align-left","8":"tablet-align-left","9":"mobile-align-left","11":"first","12":"instock","13":"shipping-taxable","14":"product-type-simple"},"_links":{"self":[{"href":"https:\/\/puyapeptide.net\/cs\/wp-json\/wp\/v2\/product\/7037","targetHints":{"allow":["GET"]}}],"collection":[{"href":"https:\/\/puyapeptide.net\/cs\/wp-json\/wp\/v2\/product"}],"about":[{"href":"https:\/\/puyapeptide.net\/cs\/wp-json\/wp\/v2\/types\/product"}],"replies":[{"embeddable":true,"href":"https:\/\/puyapeptide.net\/cs\/wp-json\/wp\/v2\/comments?post=7037"}],"wp:featuredmedia":[{"embeddable":true,"href":"https:\/\/puyapeptide.net\/cs\/wp-json\/wp\/v2\/media\/2160"}],"wp:attachment":[{"href":"https:\/\/puyapeptide.net\/cs\/wp-json\/wp\/v2\/media?parent=7037"}],"wp:term":[{"taxonomy":"product_brand","embeddable":true,"href":"https:\/\/puyapeptide.net\/cs\/wp-json\/wp\/v2\/product_brand?post=7037"},{"taxonomy":"product_cat","embeddable":true,"href":"https:\/\/puyapeptide.net\/cs\/wp-json\/wp\/v2\/product_cat?post=7037"},{"taxonomy":"product_tag","embeddable":true,"href":"https:\/\/puyapeptide.net\/cs\/wp-json\/wp\/v2\/product_tag?post=7037"}],"curies":[{"name":"wp","href":"https:\/\/api.w.org\/{rel}","templated":true}]}}