{"id":7042,"date":"2021-12-16T06:40:28","date_gmt":"2021-12-16T11:40:28","guid":{"rendered":"https:\/\/puyapeptide.net\/product\/acetyldipeptid-1-acetyldipeptid-1-cetylester-cas-196604-48-5-muze-zlepsit-prirozenou-elasticitu-pokozky-a-snizit-ochablou-pokozku\/"},"modified":"2021-12-16T06:40:28","modified_gmt":"2021-12-16T11:40:28","slug":"acetyldipeptid-1-acetyldipeptid-1-cetylester-cas-196604-48-5-muze-zlepsit-prirozenou-elasticitu-pokozky-a-snizit-ochablou-pokozku","status":"publish","type":"product","link":"https:\/\/puyapeptide.net\/cs\/product\/acetyldipeptid-1-acetyldipeptid-1-cetylester-cas-196604-48-5-muze-zlepsit-prirozenou-elasticitu-pokozky-a-snizit-ochablou-pokozku\/","title":{"rendered":"Acetyldipeptid-1\/ Acetyldipeptid-1 cetylester CAS 196604-48-5 m\u016f\u017ee zlep\u0161it p\u0159irozenou elasticitu poko\u017eky a sn\u00ed\u017eit ochablou poko\u017eku"},"content":{"rendered":"<h2><strong>Acetyldipeptid-1\/ Acetyldipeptid-1 cetylester CAS 196604-48-5 m\u016f\u017ee zlep\u0161it p\u0159irozenou elasticitu poko\u017eky a sn\u00ed\u017eit ochablou poko\u017eku<\/strong><\/h2>\n<p>N\u00e1zev produktu: Acetyl Dipeptide-1 cetyl ester<br \/>\nSynonyma: Sensicalmine; Acetyl Dipeptide-1 Cetyl Ester, Sensicalmine, Tyr-Arg; Calmosensine; Calmosensine (kosmetick\u00e1 slo\u017eka); Idealift; N-Acetyl-L-tyrosyl- Hexadecylester L-argininu;Cetylester acetyldipeptidu;Cetylester Ac-Tyr-Arg-O-hexadecylester, acetyldipeptid-1-cetylester<br \/>\nCAS: 196604-48-5<br \/>\nMF: C33H57N5O5<br \/>\nMW: 603.<br \/>\nEINECS:<br \/>\nKategorie produkt\u016f: kosmetick\u00e9<br \/>\nMol File: 196604-48-5.mol<\/p>\n<p>Acetyldipeptid-1 Cetylester je produkt z\u00edskan\u00fd kopulac\u00ed acetylesteru tyrosinu z Dipeptide-1 (qv) s cetylesterem argininu z dipeptidu-1.<br \/>\nS\u00e9rum proti st\u00e1rnut\u00ed Acetyl Dipeptide-1 Cetyl Ester m\u016f\u017ee zlep\u0161it va\u0161i p\u0159irozenou elasticitu poko\u017eky a t\u00edm sn\u00ed\u017eit ochablou poko\u017eku. Ud\u011blejte sv\u016fj obli\u010dej pevn\u011bj\u0161\u00ed a pevn\u011bj\u0161\u00ed, vyhla\u010fte vr\u00e1sky a zadr\u017eujte vlhkost. Zpomaluje proces st\u00e1rnut\u00ed, zjem\u0148uje, vyhlazuje ji\u017e existuj\u00edc\u00ed jemn\u00e9 linky, bojuje proti ochabov\u00e1n\u00ed pleti, minimalizuje p\u00f3ry a zpev\u0148uje ple\u0165. Va\u0161e poko\u017eka bude vypadat hladk\u00e1 se z\u00e1\u0159iv\u00fdm, zdrav\u00fdm leskem.<\/p>\n<p> <strong>Acetyldipeptid-1 cetylester Chemick\u00e9 vlastnosti<\/strong><br \/>\nhustota 1,12\u00b10,1 g\/cm3(p\u0159edpokl\u00e1dan\u00e1)<br \/>\npka 9,83\u00b10,15(p\u0159edpokl\u00e1dan\u00e1)&lt; &amp;&gt;<br \/>\n <strong>Pou\u017eit\u00ed cetylesteru acetyldipeptidu-1 CAS 196604-48-5<\/strong><br \/>\nHair Conditioning Agent; Kondicionov\u00e1n\u00ed pleti<br \/>\n1. \u0160iroce se pou\u017e\u00edv\u00e1 v hydrata\u010dn\u00edch kr\u00e9mech, ple\u0165ov\u00fdch mask\u00e1ch, o\u010dn\u00edch kr\u00e9mech a koupelov\u00fdch p\u0159\u00edpravc\u00edch.<br \/>\n2. P\u0159i pou\u017eit\u00ed ve spojen\u00ed se sladidly s vysokou sladkost\u00ed, jako je NHDC, m\u016f\u017ee sladkou chu\u0165 zjemnit a dos\u00e1hnout efektu zlep\u0161en\u00ed chuti j\u00eddla.<\/p>\n","protected":false},"excerpt":{"rendered":"<p>N\u00e1zev produktu: Acetyldipeptid-1 cetylester<br \/>\nCAS: 196604-48-5<br \/>\nMF: C33H57N5O5<br \/>\nMW: 603,84<br \/>\nMol Soubor: 196604-48-5.mol<\/p>\n","protected":false},"featured_media":2202,"comment_status":"open","ping_status":"closed","template":"","meta":{"om_disable_all_campaigns":false,"_monsterinsights_skip_tracking":false,"_monsterinsights_sitenote_active":false,"_monsterinsights_sitenote_note":"","_monsterinsights_sitenote_category":0,"site-sidebar-layout":"default","site-content-layout":"default","ast-site-content-layout":"default","site-content-style":"default","site-sidebar-style":"default","ast-global-header-display":"","ast-banner-title-visibility":"","ast-main-header-display":"","ast-hfb-above-header-display":"","ast-hfb-below-header-display":"","ast-hfb-mobile-header-display":"","site-post-title":"","ast-breadcrumbs-content":"","ast-featured-img":"","footer-sml-layout":"","ast-disable-related-posts":"","theme-transparent-header-meta":"default","adv-header-id-meta":"","stick-header-meta":"","header-above-stick-meta":"","header-main-stick-meta":"","header-below-stick-meta":"","astra-migrate-meta-layouts":"default","ast-page-background-enabled":"default","ast-page-background-meta":{"desktop":{"background-color":"","background-image":"","background-repeat":"repeat","background-position":"center center","background-size":"auto","background-attachment":"scroll","background-type":"","background-media":"","overlay-type":"","overlay-color":"","overlay-opacity":"","overlay-gradient":""},"tablet":{"background-color":"","background-image":"","background-repeat":"repeat","background-position":"center center","background-size":"auto","background-attachment":"scroll","background-type":"","background-media":"","overlay-type":"","overlay-color":"","overlay-opacity":"","overlay-gradient":""},"mobile":{"background-color":"","background-image":"","background-repeat":"repeat","background-position":"center center","background-size":"auto","background-attachment":"scroll","background-type":"","background-media":"","overlay-type":"","overlay-color":"","overlay-opacity":"","overlay-gradient":""}},"ast-content-background-meta":{"desktop":{"background-color":"var(--ast-global-color-5)","background-image":"","background-repeat":"repeat","background-position":"center center","background-size":"auto","background-attachment":"scroll","background-type":"","background-media":"","overlay-type":"","overlay-color":"","overlay-opacity":"","overlay-gradient":""},"tablet":{"background-color":"var(--ast-global-color-5)","background-image":"","background-repeat":"repeat","background-position":"center center","background-size":"auto","background-attachment":"scroll","background-type":"","background-media":"","overlay-type":"","overlay-color":"","overlay-opacity":"","overlay-gradient":""},"mobile":{"background-color":"var(--ast-global-color-5)","background-image":"","background-repeat":"repeat","background-position":"center center","background-size":"auto","background-attachment":"scroll","background-type":"","background-media":"","overlay-type":"","overlay-color":"","overlay-opacity":"","overlay-gradient":""}}},"product_brand":[],"product_cat":[535],"product_tag":[2690],"class_list":{"0":"post-7042","1":"product","2":"type-product","3":"status-publish","4":"has-post-thumbnail","6":"product_cat-peptid-proti-vraskam-a-starnuti","7":"product_tag-acetyl-dipeptide-1-acetyl-dipeptide-1-cetyl-ester-cas-196604-48-5-can-improve-natural-skin-elasticity-and-reduce-sagging-skin-cs","8":"desktop-align-left","9":"tablet-align-left","10":"mobile-align-left","12":"first","13":"instock","14":"shipping-taxable","15":"product-type-simple"},"_links":{"self":[{"href":"https:\/\/puyapeptide.net\/cs\/wp-json\/wp\/v2\/product\/7042","targetHints":{"allow":["GET"]}}],"collection":[{"href":"https:\/\/puyapeptide.net\/cs\/wp-json\/wp\/v2\/product"}],"about":[{"href":"https:\/\/puyapeptide.net\/cs\/wp-json\/wp\/v2\/types\/product"}],"replies":[{"embeddable":true,"href":"https:\/\/puyapeptide.net\/cs\/wp-json\/wp\/v2\/comments?post=7042"}],"wp:featuredmedia":[{"embeddable":true,"href":"https:\/\/puyapeptide.net\/cs\/wp-json\/wp\/v2\/media\/2202"}],"wp:attachment":[{"href":"https:\/\/puyapeptide.net\/cs\/wp-json\/wp\/v2\/media?parent=7042"}],"wp:term":[{"taxonomy":"product_brand","embeddable":true,"href":"https:\/\/puyapeptide.net\/cs\/wp-json\/wp\/v2\/product_brand?post=7042"},{"taxonomy":"product_cat","embeddable":true,"href":"https:\/\/puyapeptide.net\/cs\/wp-json\/wp\/v2\/product_cat?post=7042"},{"taxonomy":"product_tag","embeddable":true,"href":"https:\/\/puyapeptide.net\/cs\/wp-json\/wp\/v2\/product_tag?post=7042"}],"curies":[{"name":"wp","href":"https:\/\/api.w.org\/{rel}","templated":true}]}}