{"id":7074,"date":"2021-12-16T06:41:20","date_gmt":"2021-12-16T11:41:20","guid":{"rendered":"https:\/\/puyapeptide.net\/product\/puya-supply-acetyl-pentapeptide-1-muze-zlepsit-kolagenovy-protein-a-elastinovy-protein\/"},"modified":"2021-12-16T06:41:20","modified_gmt":"2021-12-16T11:41:20","slug":"puya-supply-acetyl-pentapeptide-1-muze-zlepsit-kolagenovy-protein-a-elastinovy-protein","status":"publish","type":"product","link":"https:\/\/puyapeptide.net\/cs\/product\/puya-supply-acetyl-pentapeptide-1-muze-zlepsit-kolagenovy-protein-a-elastinovy-protein\/","title":{"rendered":"Puya Supply Acetyl Pentapeptide-1 m\u016f\u017ee zlep\u0161it kolagenov\u00fd protein a elastinov\u00fd protein"},"content":{"rendered":"<h2><strong>Puya Supply Acetyl Pentapeptide-1 m\u016f\u017ee zlep\u0161it kolagenov\u00fd protein a elastinov\u00fd protein<\/strong><\/h2>\n<p>N\u00e1zev produktu: Acetyl Pentapeptide-1<br \/>\nMolekul\u00e1rn\u00ed:720<br \/>\nVzhled: b\u00edl\u00fd nebo t\u00e9m\u011b\u0159 b\u00edl\u00fd pr\u00e1\u0161ek<br \/>\nCOA a MSDS: k dispozici pro va\u0161i referenci<br \/>\n\u010cistota: 95%<br \/>\nStupe\u0148: kosmetika<br \/>\nZdroj: syntetika<br \/>\nKapacita: 300 g za m\u011bs\u00edc<br \/>\nVzhled: b\u00edl\u00fd pr\u00e1\u0161ek<\/p>\n<p>Acetyl pentapeptid-1 je ide\u00e1ln\u00ed slo\u017eka pro zlep\u0161en\u00ed pevnosti poko\u017eky pos\u00edlen\u00edm p\u0159\u00edrodn\u00edch prvk\u016f, kter\u00e9 dok\u00e1\u017eou tyto vlastnosti zachovat v k\u016f\u017ei, v\u010detn\u011b elastinu a kolagenu. M\u016f\u017ee b\u00fdt tedy za\u010dlen\u011bn do zpev\u0148uj\u00edc\u00edch a anti-aging formulac\u00ed pro p\u00e9\u010di o obli\u010dej i t\u011blo, kde je pot\u0159eba zv\u00fd\u0161it soudr\u017enost a odolnost poko\u017eky, aby se minimalizovala ochablost a ochablost. Nav\u00edc by bylo tak\u00e9 u\u017eite\u010dn\u00e9 p\u0159idat do p\u0159\u00edpravk\u016f na hubnut\u00ed, aby se zabr\u00e1nilo ochabnut\u00ed po hubnut\u00ed.<\/p>\n<p> <strong>Funkce acetylpentapeptidu-1<\/strong><br \/>\nPodpora produkce kolagenu, oprava po\u0161kozen\u00e9 poko\u017eky, proti st\u00e1rnut\u00ed, zlep\u0161en\u00ed poko\u017eky elasticita, zv\u00fd\u0161en\u00ed vitality poko\u017eky.<br \/>\n1.Zlep\u0161en\u00ed synt\u00e9zy protein\u016f kolagenu a elastinu, proti vr\u00e1sk\u00e1m;<br \/>\n2.Pom\u00e1h\u00e1 tlou\u0161\u0165ce a zpevn\u011bn\u00ed poko\u017eky, zpev\u0148uje poko\u017eku.<\/p>\n<p> <strong>Pou\u017eit\u00ed acetylpentapeptidu- 1<\/strong><br \/>\nAcetylpentapeptid-1 m\u016f\u017ee zlep\u0161it synt\u00e9zu protein\u016f kolagenu a elastinu<br \/>\n, proti vr\u00e1sk\u00e1m; Pom\u00e1h\u00e1 tlou\u0161\u0165ce a zpevn\u011bn\u00ed poko\u017eky, zpev\u0148uje poko\u017eku.<\/p>\n","protected":false},"excerpt":{"rendered":"<p>N\u00e1zev produktu: Acetyl Pentapeptid-1<br \/>\nMolekul\u00e1rn\u00ed:720<br \/>\nVzhled: b\u00edl\u00fd nebo t\u00e9m\u011b\u0159 b\u00edl\u00fd pr\u00e1\u0161ek<br \/>\n\u010cistota: 95%<br \/>\nKvalita: kosmetika<br \/>\nZdroj: syntetick\u00fd<br \/>\nVzhled: b\u00edl\u00fd pr\u00e1\u0161ek<\/p>\n","protected":false},"featured_media":2118,"comment_status":"open","ping_status":"closed","template":"","meta":{"om_disable_all_campaigns":false,"_monsterinsights_skip_tracking":false,"_monsterinsights_sitenote_active":false,"_monsterinsights_sitenote_note":"","_monsterinsights_sitenote_category":0,"site-sidebar-layout":"default","site-content-layout":"default","ast-site-content-layout":"default","site-content-style":"default","site-sidebar-style":"default","ast-global-header-display":"","ast-banner-title-visibility":"","ast-main-header-display":"","ast-hfb-above-header-display":"","ast-hfb-below-header-display":"","ast-hfb-mobile-header-display":"","site-post-title":"","ast-breadcrumbs-content":"","ast-featured-img":"","footer-sml-layout":"","ast-disable-related-posts":"","theme-transparent-header-meta":"default","adv-header-id-meta":"","stick-header-meta":"","header-above-stick-meta":"","header-main-stick-meta":"","header-below-stick-meta":"","astra-migrate-meta-layouts":"default","ast-page-background-enabled":"default","ast-page-background-meta":{"desktop":{"background-color":"","background-image":"","background-repeat":"repeat","background-position":"center center","background-size":"auto","background-attachment":"scroll","background-type":"","background-media":"","overlay-type":"","overlay-color":"","overlay-opacity":"","overlay-gradient":""},"tablet":{"background-color":"","background-image":"","background-repeat":"repeat","background-position":"center center","background-size":"auto","background-attachment":"scroll","background-type":"","background-media":"","overlay-type":"","overlay-color":"","overlay-opacity":"","overlay-gradient":""},"mobile":{"background-color":"","background-image":"","background-repeat":"repeat","background-position":"center center","background-size":"auto","background-attachment":"scroll","background-type":"","background-media":"","overlay-type":"","overlay-color":"","overlay-opacity":"","overlay-gradient":""}},"ast-content-background-meta":{"desktop":{"background-color":"var(--ast-global-color-5)","background-image":"","background-repeat":"repeat","background-position":"center center","background-size":"auto","background-attachment":"scroll","background-type":"","background-media":"","overlay-type":"","overlay-color":"","overlay-opacity":"","overlay-gradient":""},"tablet":{"background-color":"var(--ast-global-color-5)","background-image":"","background-repeat":"repeat","background-position":"center center","background-size":"auto","background-attachment":"scroll","background-type":"","background-media":"","overlay-type":"","overlay-color":"","overlay-opacity":"","overlay-gradient":""},"mobile":{"background-color":"var(--ast-global-color-5)","background-image":"","background-repeat":"repeat","background-position":"center center","background-size":"auto","background-attachment":"scroll","background-type":"","background-media":"","overlay-type":"","overlay-color":"","overlay-opacity":"","overlay-gradient":""}}},"product_brand":[],"product_cat":[535],"product_tag":[2670],"class_list":{"0":"post-7074","1":"product","2":"type-product","3":"status-publish","4":"has-post-thumbnail","6":"product_cat-peptid-proti-vraskam-a-starnuti","7":"product_tag-puya-supply-acetyl-pentapeptide-1-can-improve-collagen-protein-and-elastin-protein-cs","8":"desktop-align-left","9":"tablet-align-left","10":"mobile-align-left","12":"first","13":"instock","14":"shipping-taxable","15":"product-type-simple"},"_links":{"self":[{"href":"https:\/\/puyapeptide.net\/cs\/wp-json\/wp\/v2\/product\/7074","targetHints":{"allow":["GET"]}}],"collection":[{"href":"https:\/\/puyapeptide.net\/cs\/wp-json\/wp\/v2\/product"}],"about":[{"href":"https:\/\/puyapeptide.net\/cs\/wp-json\/wp\/v2\/types\/product"}],"replies":[{"embeddable":true,"href":"https:\/\/puyapeptide.net\/cs\/wp-json\/wp\/v2\/comments?post=7074"}],"wp:featuredmedia":[{"embeddable":true,"href":"https:\/\/puyapeptide.net\/cs\/wp-json\/wp\/v2\/media\/2118"}],"wp:attachment":[{"href":"https:\/\/puyapeptide.net\/cs\/wp-json\/wp\/v2\/media?parent=7074"}],"wp:term":[{"taxonomy":"product_brand","embeddable":true,"href":"https:\/\/puyapeptide.net\/cs\/wp-json\/wp\/v2\/product_brand?post=7074"},{"taxonomy":"product_cat","embeddable":true,"href":"https:\/\/puyapeptide.net\/cs\/wp-json\/wp\/v2\/product_cat?post=7074"},{"taxonomy":"product_tag","embeddable":true,"href":"https:\/\/puyapeptide.net\/cs\/wp-json\/wp\/v2\/product_tag?post=7074"}],"curies":[{"name":"wp","href":"https:\/\/api.w.org\/{rel}","templated":true}]}}