{"id":7110,"date":"2021-12-16T06:43:51","date_gmt":"2021-12-16T11:43:51","guid":{"rendered":"https:\/\/puyapeptide.net\/product\/acetyl-hexapeptide-1-melitan-acetyl-hexapeptide-1-cas-448944-47-6-posiluje-obranyschopnost-pokozky-proti-skodlivym-ucinkum-uv-zareni\/"},"modified":"2021-12-16T06:43:51","modified_gmt":"2021-12-16T11:43:51","slug":"acetyl-hexapeptide-1-melitan-acetyl-hexapeptide-1-cas-448944-47-6-posiluje-obranyschopnost-pokozky-proti-skodlivym-ucinkum-uv-zareni","status":"publish","type":"product","link":"https:\/\/puyapeptide.net\/cs\/product\/acetyl-hexapeptide-1-melitan-acetyl-hexapeptide-1-cas-448944-47-6-posiluje-obranyschopnost-pokozky-proti-skodlivym-ucinkum-uv-zareni\/","title":{"rendered":"Acetyl Hexapeptide-1\/Melitan (Acetyl Hexapeptide-1) CAS 448944-47-6 Posiluje obranyschopnost poko\u017eky proti \u0161kodliv\u00fdm \u00fa\u010dink\u016fm UV z\u00e1\u0159en\u00ed"},"content":{"rendered":"<h2><strong>Acetyl Hexapeptide-1\/Melitan (Acetyl Hexapeptide-1) CAS 448944-47-6 Posiluje obranyschopnost poko\u017eky proti \u0161kodliv\u00fdm \u00fa\u010dink\u016fm UV z\u00e1\u0159en\u00ed<\/strong><\/h2>\n<p>N\u00e1zev produktu: Acetyl Hexapeptid-1\/Melitan (Acetyl Hexapeptide-1)<br \/>\nSynonyma: N-Acetyl-L-norleucyl-L-alanyl-L-histidyl-D-fenylalanyl-L-arginyl-L-tryptofanamid ;melitan;melitan\/acetylhexapeptid-1;peptidy Acetylhexapeptid-1;L-tryptofanamid, N-acetyl-L-norleucyl-L-alanyl-L-histidyl-D-fenylalanyl-L-arginyl-;N-acetyl-L- norleucyl-L-alanyl-L-histidyl-D-fenylalanyl-L-arginyl-L-tryptofanamid USP\/EP\/BP<br \/>\nCAS: 448944-47-6<br \/>\nMF: C43H59N13O7<br \/>\nMW: 870,01&lt;&amp; &gt;EINECS:<br \/>\nKategorie produkt\u016f:<br \/>\nMol File: 448944-47-6.mol<\/p>\n<p>Acetyl Hexapeptide-1 je reak\u010dn\u00ed produkt alaninu, argininu, histidinu, leucinu, fenylalaninu a tryptofanov\u00e9ho hexapeptidu s octov\u00e1 kyselina.<br \/>\nAktivuje regulaci synt\u00e9zy melaninu, co\u017e souvis\u00ed s ochranou p\u0159irozen\u00e9ho sv\u011btla a z\u00e1n\u011btliv\u00fdm regul\u00e1torem.<\/p>\n<p>Acetyl Hexapeptid-1 funguje jako bio-\u03b1-MSH peptidov\u00fd analog. Stimuluje pigmentaci vlas\u016f, ztmavuje vlasy a obrac\u00ed proces \u0161ediv\u011bn\u00ed vlas\u016f. M\u016f\u017ee tak\u00e9 pomoci opravit po\u0161kozen\u00ed DNA zp\u016fsoben\u00e9 vystaven\u00edm UV z\u00e1\u0159en\u00ed a sn\u00ed\u017eit ko\u017en\u00ed eryt\u00e9m.<\/p>\n<p> <strong>Acetyl Hexapeptid-1\/Melitan (Acetyl Hexapeptide-1) CAS 448944-47-6 Chemick\u00e9 vlastnosti<\/strong><br \/>\nhustota 1,39\u00b10,1 g\/cm3 (P\u0159edpov\u011bzeno)<br \/>\npka 13,36\u00b10,46 (P\u0159edpov\u011bzeno)<\/p>\n<p> <strong>Aplikace acetylhexapeptidu-1 CAS 448944-47-6<\/strong><br \/>\n1. Acetyl Hexapeptide-1 Stimuluje pigmentaci vlas\u016f a zvr\u00e1tit proces \u0161ediv\u011bn\u00ed vlas\u016f.<br \/>\n2. Acetyl Hexapeptide-1 Indukuje pigmentaci poko\u017eky.<br \/>\n3. Acetyl Hexapeptide-1 Posiluje obranyschopnost poko\u017eky proti \u0161kodliv\u00fdm \u00fa\u010dink\u016fm UV<br \/>\n4. Acetyl Hexapeptide-1 Sni\u017euje ko\u017en\u00ed eryt\u00e9m.<br \/>\n5. Acetyl Hexapeptide-1 Chr\u00e1n\u00ed a opravuje po\u0161kozen\u00ed DNA zp\u016fsoben\u00e9 UV z\u00e1\u0159en\u00edm (UVA &amp; UVB).<br \/>\n6. Acetyl Hexapeptide-1 Sni\u017euje z\u00e1n\u011btlivou reakci.<\/p>\n<p> <strong>Acetyl Hexapeptide-1 CAS 448944-47-6 V\u00fdhody<\/strong><br \/>\nV\u011bda dok\u00e1zala, \u017ee peptidy mohou pomoci zvl\u00e1dat vr\u00e1sky ve va\u0161\u00ed pleti a zvr\u00e1tit zn\u00e1mky st\u00e1rnut\u00ed.&lt;&amp; &gt;Lidsk\u00e1 k\u016f\u017ee se skl\u00e1d\u00e1 p\u0159ev\u00e1\u017en\u011b z kolagenu. Kolagen je protein slo\u017een\u00fd z dlouh\u00fdch segment\u016f aminokyselin uspo\u0159\u00e1dan\u00fdch jako \u0159et\u011bzec. Kolagen poskytuje pleti z\u00e1klad a tlou\u0161\u0165ku.<br \/>\n\u017deny do 30 let maj\u00ed dostatek kolagenu, co\u017e m\u00e1 za n\u00e1sledek hladkou a napnutou poko\u017eku.<br \/>\nMy ostatn\u00ed m\u00e1me m\u00e9n\u011b kolagenu \u2013 ple\u0165 m\u00e1 tendenci b\u00fdt ten\u010d\u00ed a odhaluje v\u00edce vr\u00e1sek.&lt;&amp; &gt;Kdy\u017e se kolagen rozpadne, vytvo\u0159\u00ed se kr\u00e1tk\u00e9 segmenty aminokyselin. Jedn\u00e1 se o drobn\u00e9 proteiny a aktivn\u00ed molekuly zn\u00e1m\u00e9 jako peptidy. Peptidy v p\u00e9\u010di o ple\u0165 mohou poskytnout v\u00fdznamn\u00e9 v\u00fdhody proti st\u00e1rnut\u00ed.<\/p>\n","protected":false},"excerpt":{"rendered":"<p>N\u00e1zev produktu: Acetyl Hexapeptide-1\/Melitan (Acetyl Hexapeptide-1)<br \/>\nCAS: 448944-47-6<br \/>\nMF: C43H59N13O7<br \/>\nMW: 870,01<br \/>\nMol Soubor: 448944-47-6.mol<\/p>\n","protected":false},"featured_media":2118,"comment_status":"open","ping_status":"closed","template":"","meta":{"om_disable_all_campaigns":false,"_monsterinsights_skip_tracking":false,"_monsterinsights_sitenote_active":false,"_monsterinsights_sitenote_note":"","_monsterinsights_sitenote_category":0,"site-sidebar-layout":"default","site-content-layout":"default","ast-site-content-layout":"default","site-content-style":"default","site-sidebar-style":"default","ast-global-header-display":"","ast-banner-title-visibility":"","ast-main-header-display":"","ast-hfb-above-header-display":"","ast-hfb-below-header-display":"","ast-hfb-mobile-header-display":"","site-post-title":"","ast-breadcrumbs-content":"","ast-featured-img":"","footer-sml-layout":"","ast-disable-related-posts":"","theme-transparent-header-meta":"default","adv-header-id-meta":"","stick-header-meta":"","header-above-stick-meta":"","header-main-stick-meta":"","header-below-stick-meta":"","astra-migrate-meta-layouts":"default","ast-page-background-enabled":"default","ast-page-background-meta":{"desktop":{"background-color":"","background-image":"","background-repeat":"repeat","background-position":"center center","background-size":"auto","background-attachment":"scroll","background-type":"","background-media":"","overlay-type":"","overlay-color":"","overlay-opacity":"","overlay-gradient":""},"tablet":{"background-color":"","background-image":"","background-repeat":"repeat","background-position":"center center","background-size":"auto","background-attachment":"scroll","background-type":"","background-media":"","overlay-type":"","overlay-color":"","overlay-opacity":"","overlay-gradient":""},"mobile":{"background-color":"","background-image":"","background-repeat":"repeat","background-position":"center center","background-size":"auto","background-attachment":"scroll","background-type":"","background-media":"","overlay-type":"","overlay-color":"","overlay-opacity":"","overlay-gradient":""}},"ast-content-background-meta":{"desktop":{"background-color":"var(--ast-global-color-5)","background-image":"","background-repeat":"repeat","background-position":"center center","background-size":"auto","background-attachment":"scroll","background-type":"","background-media":"","overlay-type":"","overlay-color":"","overlay-opacity":"","overlay-gradient":""},"tablet":{"background-color":"var(--ast-global-color-5)","background-image":"","background-repeat":"repeat","background-position":"center center","background-size":"auto","background-attachment":"scroll","background-type":"","background-media":"","overlay-type":"","overlay-color":"","overlay-opacity":"","overlay-gradient":""},"mobile":{"background-color":"var(--ast-global-color-5)","background-image":"","background-repeat":"repeat","background-position":"center center","background-size":"auto","background-attachment":"scroll","background-type":"","background-media":"","overlay-type":"","overlay-color":"","overlay-opacity":"","overlay-gradient":""}}},"product_brand":[],"product_cat":[734],"product_tag":[],"class_list":{"0":"post-7110","1":"product","2":"type-product","3":"status-publish","4":"has-post-thumbnail","6":"product_cat-dalsi-kosmeticky-peptid","7":"desktop-align-left","8":"tablet-align-left","9":"mobile-align-left","11":"first","12":"instock","13":"shipping-taxable","14":"product-type-simple"},"_links":{"self":[{"href":"https:\/\/puyapeptide.net\/cs\/wp-json\/wp\/v2\/product\/7110","targetHints":{"allow":["GET"]}}],"collection":[{"href":"https:\/\/puyapeptide.net\/cs\/wp-json\/wp\/v2\/product"}],"about":[{"href":"https:\/\/puyapeptide.net\/cs\/wp-json\/wp\/v2\/types\/product"}],"replies":[{"embeddable":true,"href":"https:\/\/puyapeptide.net\/cs\/wp-json\/wp\/v2\/comments?post=7110"}],"wp:featuredmedia":[{"embeddable":true,"href":"https:\/\/puyapeptide.net\/cs\/wp-json\/wp\/v2\/media\/2118"}],"wp:attachment":[{"href":"https:\/\/puyapeptide.net\/cs\/wp-json\/wp\/v2\/media?parent=7110"}],"wp:term":[{"taxonomy":"product_brand","embeddable":true,"href":"https:\/\/puyapeptide.net\/cs\/wp-json\/wp\/v2\/product_brand?post=7110"},{"taxonomy":"product_cat","embeddable":true,"href":"https:\/\/puyapeptide.net\/cs\/wp-json\/wp\/v2\/product_cat?post=7110"},{"taxonomy":"product_tag","embeddable":true,"href":"https:\/\/puyapeptide.net\/cs\/wp-json\/wp\/v2\/product_tag?post=7110"}],"curies":[{"name":"wp","href":"https:\/\/api.w.org\/{rel}","templated":true}]}}