{"id":7154,"date":"2021-12-16T06:50:49","date_gmt":"2021-12-16T11:50:49","guid":{"rendered":"https:\/\/puyapeptide.net\/product\/pentapeptid-18-leuphasyl-cas-64963-01-5-proti-vraskam-a-hladka-plet\/"},"modified":"2021-12-16T06:50:49","modified_gmt":"2021-12-16T11:50:49","slug":"pentapeptid-18-leuphasyl-cas-64963-01-5-proti-vraskam-a-hladka-plet","status":"publish","type":"product","link":"https:\/\/puyapeptide.net\/cs\/product\/pentapeptid-18-leuphasyl-cas-64963-01-5-proti-vraskam-a-hladka-plet\/","title":{"rendered":"Pentapeptid-18\/ Leuphasyl CAS 64963-01-5 proti vr\u00e1sk\u00e1m a hladk\u00e1 ple\u0165"},"content":{"rendered":"<h2><strong>Pentapeptid-18\/ Leuphasyl CAS 64963-01-5 proti vr\u00e1sk\u00e1m a hladk\u00e1 ple\u0165<\/strong><\/h2>\n<p>N\u00e1zev produktu: TYR-D-ALA-GLY-PHE-LEU\/ Pentapeptid-18\/ Leuphasyl<br \/>\nSynonyma: H-TYR-D-ALA-GLY-PHE-LEU-OH; (D-ALA2)- LEU-ENKEFALIN;D-ALA2-LEU5-ENKEFALIN;[D-ALA2]-LEUCIN ENKEFALIN;TYR-D-ALA-GLY-PHE-LEU;N-[N-[N-(NL-tyrosyl-D-alanyl) glycyl]-L-fenylalanyl]-L-leucin;(D-alanin2)leucin enkefalin;L-Tyr-D-Ala-Gly-L-Phe-L-Leu-OH<br \/>\nCAS: 64963-01-5&lt; &amp;&gt;MF: C29H39N5O7<br \/>\nMW: 569,65<br \/>\nEINECS: 265-291-0<br \/>\nKategorie produkt\u016f:<br \/>\nMol File: 64963-01-5.mol<\/p>\n<p>Leuphasyl je amid peptid, delta opioidn\u00ed agonista, je dlouhodob\u011b p\u016fsob\u00edc\u00ed analog Leu-enkefalinu odoln\u00fd proti degradaci pou\u017e\u00edvan\u00fd ke studiu sign\u00e1ln\u00ed dr\u00e1hy delta opioidn\u00edch receptor\u016f. Zam\u011b\u0159uje se in vitro na mechanismus tvorby vr\u00e1sek u v\u00fdrazov\u00fdch vr\u00e1sek nov\u00fdm zp\u016fsobem a nab\u00edz\u00ed alternativu k peptid\u016fm, jako je Acetyl Hexapeptide-3. Je to siln\u00fd, dlouhodob\u011b p\u016fsob\u00edc\u00ed analog Leu-enkefalinu, kter\u00fd je odoln\u00fd v\u016f\u010di enzymatick\u00e9 degradaci. M\u016f\u017ee b\u00fdt za\u010dlen\u011bn do kosmetick\u00fdch p\u0159\u00edpravk\u016f, jako jsou emulze, gely a vosky, kde je po\u017eadov\u00e1no odstran\u011bn\u00ed hlubok\u00fdch linek nebo vr\u00e1sek na \u010dele nebo kolem o\u010d\u00ed.<\/p>\n<p> <strong>TYR-D-ALA-GLY-PHE-LEU \/ Pentapeptid-18\/ Leuphasyl Chemick\u00e9 vlastnosti<\/strong><br \/>\nBod t\u00e1n\u00ed 160-163,5 \u00b0C<br \/>\nBod varu 991,9\u00b165,0 \u00b0C (p\u0159edpokl\u00e1dan\u00e1)<br \/>\nhustota 1,257\u00b10,06 g\/cm3 (p\u0159edpokl\u00e1dan\u00e1)<br \/>\ntepl. p\u0159i skladov\u00e1n\u00ed. Uchov\u00e1vejte na tmav\u00e9m m\u00edst\u011b,Uzav\u0159en\u00e9 v suchu,Uchov\u00e1vejte v mraz\u00e1ku, do -20\u00b0C<br \/>\npka 3,40\u00b10,10(p\u0159edpoklad)<br \/>\nInChIKey ZHUJMSMQIPIPTF-JMBSJVKXSA-N<\/p>\n<p> <strong>Pentapeptid 18\/Leuphasyl V\u00fdhody<\/strong> &lt;&amp; &gt;Pentapeptid-18 redukuje hloubku vr\u00e1sek na obli\u010deji zp\u016fsobenou kontrakc\u00ed sval\u016f mimiky, zejm\u00e9na v oblasti \u010dela a kolem o\u010d\u00ed. Zam\u011b\u0159uje se in vitro na mechanismus tvorby vr\u00e1sek u v\u00fdrazov\u00fdch vr\u00e1sek nov\u00fdm zp\u016fsobem a nab\u00edz\u00ed alternativu k peptid\u016fm, jako je Acetyl Hexapeptide-3. M\u016f\u017ee b\u00fdt za\u010dlen\u011bn do kosmetick\u00fdch p\u0159\u00edpravk\u016f, jako jsou emulze, gely a vosky.<\/p>\n<p>Pentapeptid-18 je neuropeptid napodobuj\u00edc\u00ed p\u0159irozen\u00fd mechanismus enkefalin\u016f, kter\u00fd poskytuje v\u00fdsledky podobn\u00e9 botulinu. Sni\u017euje hloubku stri\u00ed a vr\u00e1sek zp\u016fsoben\u00fdch svalov\u00fdmi kontrakcemi.<\/p>\n<p>Pentapeptid-18 byl pou\u017eit v o\u010dn\u00edm s\u00e9ru proti vr\u00e1sk\u00e1m ke sn\u00ed\u017een\u00ed v\u00fdskytu jemn\u00fdch linek a vr\u00e1sek \u2013 vr\u00e1sek na nohou s v\u00fdrazn\u00fdm zlep\u0161en\u00edm drsnost k\u016f\u017ee. M\u016f\u017ee p\u016fsobit synergicky s Argirilenem a v\u00fdrazn\u011b zv\u00fd\u0161it p\u0159\u00ednosy.<br \/>\n <strong>Funkce a aplikace pentapeptidu 18\/Leuphasylu<\/strong><br \/>\n1.Zlep\u0161it mikrocirkulaci krve.<br \/>\n2.Pos\u00edlit krevn\u00ed ob\u011bh.<br \/>\n3.Odstranit z\u00e1n\u011bt .<br \/>\n4.Odol\u00e1vejte s\u00e1\u010dku a z\u0159e\u010fte jemn\u00e9 linky a kravsk\u00e9 chodidla kolem o\u010d\u00ed.<br \/>\n5.Oddalte \u00fa\u010dinky p\u0159ed\u010dasn\u00e9ho st\u00e1rnut\u00ed zlep\u0161en\u00edm elasticity a pevnosti poko\u017eky.<\/p>\n","protected":false},"excerpt":{"rendered":"<p>N\u00e1zev produktu: TYR-D-ALA-GLY-PHE-LEU\/ Pentapeptid-18\/ Leuphasyl<br \/>\nCAS: 64963-01-5<br \/>\nMF: C29H39N5O7<br \/>\nMW: 569,65<br \/>\nEINECS: 265-291 -0<br \/>\nMol Soubor: 64963-01-5.mol<\/p>\n","protected":false},"featured_media":2118,"comment_status":"open","ping_status":"closed","template":"","meta":{"om_disable_all_campaigns":false,"_monsterinsights_skip_tracking":false,"_monsterinsights_sitenote_active":false,"_monsterinsights_sitenote_note":"","_monsterinsights_sitenote_category":0,"site-sidebar-layout":"default","site-content-layout":"default","ast-site-content-layout":"default","site-content-style":"default","site-sidebar-style":"default","ast-global-header-display":"","ast-banner-title-visibility":"","ast-main-header-display":"","ast-hfb-above-header-display":"","ast-hfb-below-header-display":"","ast-hfb-mobile-header-display":"","site-post-title":"","ast-breadcrumbs-content":"","ast-featured-img":"","footer-sml-layout":"","ast-disable-related-posts":"","theme-transparent-header-meta":"default","adv-header-id-meta":"","stick-header-meta":"","header-above-stick-meta":"","header-main-stick-meta":"","header-below-stick-meta":"","astra-migrate-meta-layouts":"default","ast-page-background-enabled":"default","ast-page-background-meta":{"desktop":{"background-color":"","background-image":"","background-repeat":"repeat","background-position":"center center","background-size":"auto","background-attachment":"scroll","background-type":"","background-media":"","overlay-type":"","overlay-color":"","overlay-opacity":"","overlay-gradient":""},"tablet":{"background-color":"","background-image":"","background-repeat":"repeat","background-position":"center center","background-size":"auto","background-attachment":"scroll","background-type":"","background-media":"","overlay-type":"","overlay-color":"","overlay-opacity":"","overlay-gradient":""},"mobile":{"background-color":"","background-image":"","background-repeat":"repeat","background-position":"center center","background-size":"auto","background-attachment":"scroll","background-type":"","background-media":"","overlay-type":"","overlay-color":"","overlay-opacity":"","overlay-gradient":""}},"ast-content-background-meta":{"desktop":{"background-color":"var(--ast-global-color-5)","background-image":"","background-repeat":"repeat","background-position":"center center","background-size":"auto","background-attachment":"scroll","background-type":"","background-media":"","overlay-type":"","overlay-color":"","overlay-opacity":"","overlay-gradient":""},"tablet":{"background-color":"var(--ast-global-color-5)","background-image":"","background-repeat":"repeat","background-position":"center center","background-size":"auto","background-attachment":"scroll","background-type":"","background-media":"","overlay-type":"","overlay-color":"","overlay-opacity":"","overlay-gradient":""},"mobile":{"background-color":"var(--ast-global-color-5)","background-image":"","background-repeat":"repeat","background-position":"center center","background-size":"auto","background-attachment":"scroll","background-type":"","background-media":"","overlay-type":"","overlay-color":"","overlay-opacity":"","overlay-gradient":""}}},"product_brand":[],"product_cat":[535],"product_tag":[2642],"class_list":{"0":"post-7154","1":"product","2":"type-product","3":"status-publish","4":"has-post-thumbnail","6":"product_cat-peptid-proti-vraskam-a-starnuti","7":"product_tag-pentapeptide-18-leuphasyl-cas-64963-01-5-anti-wrinkle-and-smooth-skin-cs","8":"desktop-align-left","9":"tablet-align-left","10":"mobile-align-left","12":"first","13":"instock","14":"shipping-taxable","15":"product-type-simple"},"_links":{"self":[{"href":"https:\/\/puyapeptide.net\/cs\/wp-json\/wp\/v2\/product\/7154","targetHints":{"allow":["GET"]}}],"collection":[{"href":"https:\/\/puyapeptide.net\/cs\/wp-json\/wp\/v2\/product"}],"about":[{"href":"https:\/\/puyapeptide.net\/cs\/wp-json\/wp\/v2\/types\/product"}],"replies":[{"embeddable":true,"href":"https:\/\/puyapeptide.net\/cs\/wp-json\/wp\/v2\/comments?post=7154"}],"wp:featuredmedia":[{"embeddable":true,"href":"https:\/\/puyapeptide.net\/cs\/wp-json\/wp\/v2\/media\/2118"}],"wp:attachment":[{"href":"https:\/\/puyapeptide.net\/cs\/wp-json\/wp\/v2\/media?parent=7154"}],"wp:term":[{"taxonomy":"product_brand","embeddable":true,"href":"https:\/\/puyapeptide.net\/cs\/wp-json\/wp\/v2\/product_brand?post=7154"},{"taxonomy":"product_cat","embeddable":true,"href":"https:\/\/puyapeptide.net\/cs\/wp-json\/wp\/v2\/product_cat?post=7154"},{"taxonomy":"product_tag","embeddable":true,"href":"https:\/\/puyapeptide.net\/cs\/wp-json\/wp\/v2\/product_tag?post=7154"}],"curies":[{"name":"wp","href":"https:\/\/api.w.org\/{rel}","templated":true}]}}