{"id":7162,"date":"2021-12-16T07:15:03","date_gmt":"2021-12-16T12:15:03","guid":{"rendered":"https:\/\/puyapeptide.net\/product\/palmitoyl-oligopeptid-palmitoyl-tripeptide-1-cas-147732-56-7-pouzivany-pro-pripravu-kosmetiky-proti-starnuti\/"},"modified":"2022-08-30T11:47:25","modified_gmt":"2022-08-30T15:47:25","slug":"palmitoyl-oligopeptid-palmitoyl-tripeptide-1-cas-147732-56-7-pouzivany-pro-pripravu-kosmetiky-proti-starnuti","status":"publish","type":"product","link":"https:\/\/puyapeptide.net\/cs\/product\/palmitoyl-oligopeptid-palmitoyl-tripeptide-1-cas-147732-56-7-pouzivany-pro-pripravu-kosmetiky-proti-starnuti\/","title":{"rendered":"Palmitoyl oligopeptid\/ Palmitoyl Tripeptide-1 CAS 147732-56-7 pou\u017e\u00edvan\u00fd pro p\u0159\u00edpravu kosmetiky proti st\u00e1rnut\u00ed"},"content":{"rendered":"<h2><strong>Palmitoyl oligopeptid\/ Palmitoyl Tripeptide-1 CAS 147732-56-7 pou\u017e\u00edvan\u00fd pro p\u0159\u00edpravu kosmetiky proti st\u00e1rnut\u00ed<\/strong><\/h2>\n<p>N\u00e1zev produktu: N-1(1-oxohexadecyl-glycyl-L-histidyl-L-lysin\/ palmitoyl oligopeptid\/ palmitoyl tripeptid-1<br \/>\nSynonyma: L-lysin, N-(1-oxohexadecyl)glycyl-L -histidyl-;palmitoyltripeptid-1Pal-AHK;N2-[(N-palmitoylglycyl)-L-histidyl]-L-lysin;Pal-GHK(palmitoyltripeptid-1);N-(1-oxohexadecyl)glycyl-L- histidyl-L-lysin;N2-[N-[N-(1-oxohexadecyl)glycyl]-L-histidyl]-L-lysin;Palmitoyltripeptid-1\u30013;Pal-GHK, &gt;=95 %<br \/>\nCAS : 147732-56-7<br \/>\nMF: C30H54N6O5<br \/>\nMW: 578,79<br \/>\nEINECS:<br \/>\nKategorie produkt\u016f: Kosmetick\u00fd kosmetick\u00fd peptid<br \/>\nMol File: 147732-56-7.mol<br \/>\n&lt;&amp; &gt;Sekvence palmitoylov\u00e9ho oligopeptidu se nach\u00e1z\u00ed v proteinech extracelul\u00e1rn\u00ed matrix, jako je \u03b1-\u0159et\u011bzec kolagenu, a p\u0159edpokl\u00e1d\u00e1 se, \u017ee se uvol\u0148uje b\u011bhem poran\u011bn\u00ed a z\u00e1n\u011btu. Pro tento peptid byla tak\u00e9 navr\u017eena zp\u011btnovazebn\u00ed stimulace opravy kolagenu, ale hlavn\u00ed p\u0159\u00ednos pro M\u00e1 se za to, \u017ee k\u016f\u017ee st\u00e1rnouc\u00ed vlivem sv\u011btla zvy\u0161uje dod\u00e1vku m\u011bdi. Zjistilo se, \u017ee m\u00e1 p\u0159\u00edzniv\u00e9 \u00fa\u010dinky na stimulaci kolagenu.<\/p>\n<p>Palmitoyl Tetrapept ide-7 napodobuje aktivitu DHEA, hormonu ml\u00e1d\u00ed, kter\u00fd funguje tak, aby zvr\u00e1til nadprodukci IL-6, a t\u00edm zm\u00edrnil p\u0159\u00edznaky st\u00e1rnut\u00ed, stejn\u011b jako fenom\u00e9n imunosenescence. Palmitoyl Tetrapeptid-7 m\u016f\u017ee zlep\u0161it funkce v cel\u00e9 \u0159ad\u011b pleti kosmetick\u00e9 slo\u017een\u00ed pro p\u00e9\u010di a barvu.<\/p>\n<p> <strong>N-1(1-oxohexadecyl-glycyl-L-histidyl-L-lysin\/ palmitoyl oligopeptid\/ palmitoyl tripeptid-1 Chemick\u00e9 vlastnosti<\/strong><br \/>\nBod varu 913,0\u00b165,0 \u00b0C( P\u0159edpokl\u00e1dan\u00e1)<br \/>\nhustota 1,105<br \/>\npka 3,16\u00b10,10(P\u0159edpokl\u00e1dan\u00e1)<\/p>\n<p> <strong>N-1(1-oxohexadecyl-glycyl-L-histidyl-L-lysin\/ palmitoyl oligopeptid\/ palmitoyl tripeptid-1 V\u00fdhody<\/strong> &lt; &amp;&gt;1)Matrixyl 3000 (palmitoylov\u00fd oligopeptid a palmitoyltetrapeptid-7) vyu\u017e\u00edv\u00e1 2 matrikiny k synergick\u00e9mu vys\u00edl\u00e1n\u00ed posl\u016f k rekonstrukci po\u0161kozen\u00e9ho kolagenu.<br \/>\n2)Matrixyl 3000 obsahuje matrikiny Pal-GHK a Pal-GQPR p\u016fsob\u00edc\u00ed synergicky s opravuje ko\u017en\u00ed po\u0161kozen\u00ed zp\u016fsoben\u00e1 v\u011bkem<br \/>\n3)Matrixyl 3000 obsahuje matrikiny Pal-GHK a Pal-GQPR, kter\u00e9 p\u016fsob\u00ed v synergii na opravu po\u0161kozen\u00ed k\u016f\u017ee s v\u011bkem. Aktivac\u00ed p\u0159irozen\u00e9 produkce kolagenu, elastinu a kyseliny hyaluronov\u00e9 v pleti Matrixyl 3000 p\u016fsob\u00ed na redukci vr\u00e1sek a dal\u0161\u00edch zn\u00e1mek st\u00e1rnut\u00ed.<\/p>\n<p> <strong>N-1(1-oxohexadecyl-glycyl-L-histidyl-L-Lysin\/ Palmitoyl oligopeptid\/ Palmitoyl Tripeptide-1 Zp\u016fsob \u00fa\u010dinku<\/strong><br \/>\n1) Matrixyl redukuje vr\u00e1sky o 45 %<br \/>\n2) Zved\u00e1 a zpev\u0148uje poko\u017eku<br \/>\n3) Obnovuje mladistv\u00fd vzhled pleti<\/p>\n<p> <strong>N-1( 1-oxohexadecyl-glycyl-L-histidyl-L-lysin\/ palmitoyl oligopeptid\/ palmitoyl tripeptid-1 D\u00e1vkov\u00e1n\u00ed<\/strong><br \/>\nTo z\u00e1vis\u00ed na va\u0161\u00ed t\u011blesn\u00e9 hmotnosti. V\u0161echny dosud proveden\u00e9 v\u00fdzkumy vyu\u017e\u00edvaly studie na hlodavc\u00edch, potkanech a my\u0161\u00edch obvykle injek\u010dn\u011b pod\u00e1v\u00e1na s \u00fa\u010dinnou d\u00e1vkou, kter\u00e1 je pova\u017eov\u00e1na za p\u0159ibli\u017en\u011b 10 \u03bcg (mcg) na kg, u lid\u00ed se p\u0159edpokl\u00e1d\u00e1, \u017ee se jedn\u00e1 o ekvivalentn\u00ed d\u00e1vku 1,6 \u03bcg na kg u lid\u00ed, tak\u017ee pokud m\u00e1te:<\/p>\n<p>60 kg (132 lb.), pak by va\u0161e ide\u00e1ln\u00ed denn\u00ed peror\u00e1ln\u00ed d\u00e1vka BPC-157 byla 96 \u03bcg (mcg)<br \/>\n70 KG (154 lb.) =&gt; 112 \u03bcg<br \/>\n80 KG (176 lb.) =&gt; 128 \u03bcg&lt; &amp;&gt;90 kg (198 lb.) =&gt; 144 \u03bcg<\/p>\n","protected":false},"excerpt":{"rendered":"<p>N\u00e1zev produktu: N-1(1-oxohexadecyl-glycyl-L-histidyl-L-lysin\/ Palmitoyl oligopeptid\/ Palmitoyl Tripeptid-1<br \/>\nCAS: 147732-56-7<br \/>\nMF: C30H54N6O5<br \/>\nMW: 578,79<br \/>\nMol Soubor: 147732-56-7.mol<\/p>\n","protected":false},"featured_media":2202,"comment_status":"open","ping_status":"closed","template":"","meta":{"om_disable_all_campaigns":false,"_monsterinsights_skip_tracking":false,"_monsterinsights_sitenote_active":false,"_monsterinsights_sitenote_note":"","_monsterinsights_sitenote_category":0,"site-sidebar-layout":"default","site-content-layout":"default","ast-site-content-layout":"default","site-content-style":"default","site-sidebar-style":"default","ast-global-header-display":"","ast-banner-title-visibility":"","ast-main-header-display":"","ast-hfb-above-header-display":"","ast-hfb-below-header-display":"","ast-hfb-mobile-header-display":"","site-post-title":"","ast-breadcrumbs-content":"","ast-featured-img":"","footer-sml-layout":"","ast-disable-related-posts":"","theme-transparent-header-meta":"default","adv-header-id-meta":"","stick-header-meta":"","header-above-stick-meta":"","header-main-stick-meta":"","header-below-stick-meta":"","astra-migrate-meta-layouts":"default","ast-page-background-enabled":"default","ast-page-background-meta":{"desktop":{"background-color":"","background-image":"","background-repeat":"repeat","background-position":"center center","background-size":"auto","background-attachment":"scroll","background-type":"","background-media":"","overlay-type":"","overlay-color":"","overlay-opacity":"","overlay-gradient":""},"tablet":{"background-color":"","background-image":"","background-repeat":"repeat","background-position":"center center","background-size":"auto","background-attachment":"scroll","background-type":"","background-media":"","overlay-type":"","overlay-color":"","overlay-opacity":"","overlay-gradient":""},"mobile":{"background-color":"","background-image":"","background-repeat":"repeat","background-position":"center center","background-size":"auto","background-attachment":"scroll","background-type":"","background-media":"","overlay-type":"","overlay-color":"","overlay-opacity":"","overlay-gradient":""}},"ast-content-background-meta":{"desktop":{"background-color":"var(--ast-global-color-5)","background-image":"","background-repeat":"repeat","background-position":"center center","background-size":"auto","background-attachment":"scroll","background-type":"","background-media":"","overlay-type":"","overlay-color":"","overlay-opacity":"","overlay-gradient":""},"tablet":{"background-color":"var(--ast-global-color-5)","background-image":"","background-repeat":"repeat","background-position":"center center","background-size":"auto","background-attachment":"scroll","background-type":"","background-media":"","overlay-type":"","overlay-color":"","overlay-opacity":"","overlay-gradient":""},"mobile":{"background-color":"var(--ast-global-color-5)","background-image":"","background-repeat":"repeat","background-position":"center center","background-size":"auto","background-attachment":"scroll","background-type":"","background-media":"","overlay-type":"","overlay-color":"","overlay-opacity":"","overlay-gradient":""}}},"product_brand":[],"product_cat":[535],"product_tag":[2604],"class_list":{"0":"post-7162","1":"product","2":"type-product","3":"status-publish","4":"has-post-thumbnail","6":"product_cat-peptid-proti-vraskam-a-starnuti","7":"product_tag-palmitoyl-oligopeptide-palmitoyl-tripeptide-1-cas-147732-56-7-used-for-the-preparation-of-anti-aging-cosmetics-cs","8":"desktop-align-left","9":"tablet-align-left","10":"mobile-align-left","12":"first","13":"instock","14":"shipping-taxable","15":"product-type-simple"},"_links":{"self":[{"href":"https:\/\/puyapeptide.net\/cs\/wp-json\/wp\/v2\/product\/7162","targetHints":{"allow":["GET"]}}],"collection":[{"href":"https:\/\/puyapeptide.net\/cs\/wp-json\/wp\/v2\/product"}],"about":[{"href":"https:\/\/puyapeptide.net\/cs\/wp-json\/wp\/v2\/types\/product"}],"replies":[{"embeddable":true,"href":"https:\/\/puyapeptide.net\/cs\/wp-json\/wp\/v2\/comments?post=7162"}],"wp:featuredmedia":[{"embeddable":true,"href":"https:\/\/puyapeptide.net\/cs\/wp-json\/wp\/v2\/media\/2202"}],"wp:attachment":[{"href":"https:\/\/puyapeptide.net\/cs\/wp-json\/wp\/v2\/media?parent=7162"}],"wp:term":[{"taxonomy":"product_brand","embeddable":true,"href":"https:\/\/puyapeptide.net\/cs\/wp-json\/wp\/v2\/product_brand?post=7162"},{"taxonomy":"product_cat","embeddable":true,"href":"https:\/\/puyapeptide.net\/cs\/wp-json\/wp\/v2\/product_cat?post=7162"},{"taxonomy":"product_tag","embeddable":true,"href":"https:\/\/puyapeptide.net\/cs\/wp-json\/wp\/v2\/product_tag?post=7162"}],"curies":[{"name":"wp","href":"https:\/\/api.w.org\/{rel}","templated":true}]}}