{"id":7177,"date":"2021-12-16T07:15:08","date_gmt":"2021-12-16T12:15:08","guid":{"rendered":"https:\/\/puyapeptide.net\/product\/peptid-medi-ghk-cu-tripeptid-medi-cas-89030-95-5-pro-hojeni-ran-a-obnovu-kuze\/"},"modified":"2022-09-07T14:13:34","modified_gmt":"2022-09-07T18:13:34","slug":"peptid-medi-ghk-cu-tripeptid-medi-cas-89030-95-5-pro-hojeni-ran-a-obnovu-kuze","status":"publish","type":"product","link":"https:\/\/puyapeptide.net\/cs\/product\/peptid-medi-ghk-cu-tripeptid-medi-cas-89030-95-5-pro-hojeni-ran-a-obnovu-kuze\/","title":{"rendered":"Peptid m\u011bdi (GHK-Cu)\/ Tripeptid m\u011bdi CAS 89030-95-5 pro hojen\u00ed ran a obnovu k\u016f\u017ee"},"content":{"rendered":"<h2><strong>Peptid m\u011bdi (GHK-Cu)\/ Tripeptid m\u011bdi CAS 89030-95-5 pro hojen\u00ed ran a obnovu k\u016f\u017ee<\/strong><\/h2>\n<p>N\u00e1zev produktu: Peptid m\u011bdi (GHK-Cu)\/ Tripeptid m\u011bdi\/ [N2-(N-Glycyl-L-histidyl)-L-lysinato(2-)]m\u011b\u010f<br \/>\nSekvence: (Cu2+ )H-Glu -His-Lys-OH<br \/>\nSynonyma: [N2-(N-Glycyl-L-histidyl)-L-lysinato(2-)]m\u011b\u010f;Ghk-Cu\/AHK-CU;Tripeptid m\u011bdi (GHK-Cu); Prezatid m\u011b\u010f,[N2-(N-Glycyl-L-histidyl)-L-lysinato(2-)]m\u011b\u010f;tripeptid\/GHK-Cu;Peptid m\u011bdi, GHK-Cu, Tripeptid m\u011bdi-1;GHK M\u011b\u010f;GHK.CU .HAC<br \/>\nCAS: 89030-95-5<br \/>\nMF: C14H21CuN6O4<br \/>\nMW: 400,91<br \/>\nEINECS:<br \/>\nKategorie produkt\u016f: Farmaceutick\u00e9<br \/>\nMol File: 89030-95-5.mol&lt; &amp;&gt;<br \/>\nM\u011b\u010f je d\u016fle\u017eit\u00fd stopov\u00fd prvek, o kter\u00e9m bylo zji\u0161t\u011bno, \u017ee je d\u016fle\u017eit\u00fd p\u0159i hojen\u00ed ran a enzymatick\u00fdch procesech. Lysyloxid\u00e1za je d\u016fle\u017eit\u00fdm enzymem p\u0159i produkci kolagenu a elastinu a peptid m\u011bdi je z\u00e1visl\u00fd na p\u016fsoben\u00ed m\u011bdi. Tyrosin\u00e1za a cytochrom c oxid\u00e1za vy\u017eaduj\u00ed tak\u00e9 m\u011b\u010f. \u0160kodliv\u00e9 \u00fa\u010dinky voln\u00fdch radik\u00e1l\u016f na k\u016f\u017ei byly objasn\u011bny v z\u00e1kladn\u00edm v\u011bdeck\u00e9m v\u00fdzkumu fotost\u00e1rnut\u00ed poko\u017eky. Superoxiddismut\u00e1za p\u016fsob\u00ed jako d\u016fle\u017eit\u00fd antioxidant a vy\u017eaduje m\u011b\u010f jako kofaktor.<br \/>\nPr\u00e1\u0161ek peptidu m\u011bdi GHK spont\u00e1nn\u011b vytv\u00e1\u0159\u00ed komplexy s m\u011bd\u00ed a usnad\u0148uje vychyt\u00e1v\u00e1n\u00ed m\u011bdi bu\u0148kami. Sekvence peptidu m\u011bdi se nach\u00e1z\u00ed v proteinech extracelul\u00e1rn\u00ed matrix, jako je \u0159et\u011bzec kolagenu, a p\u0159edpokl\u00e1d\u00e1 se, \u017ee peptid m\u011bdi se uvol\u0148uje b\u011bhem poran\u011bn\u00ed a z\u00e1n\u011btu.<\/p>\n<p> <strong>Funkce peptidu m\u011bdi (GHK-Cu)\/tripeptid m\u011bdi CAS 89030-95-5<\/strong><br \/>\n1. Urychlit hojen\u00ed ran<br \/>\n2. Zvy\u0161te reepitelizaci poko\u017eky<br \/>\n3. Reverzn\u00ed \u00fa\u010dinky st\u00e1rnut\u00ed na k\u016f\u017ei<br \/>\n4. zhu\u0161\u0165uje poko\u017eku, zlep\u0161uje elasticitu a zvy\u0161uje vrstvu podko\u017en\u00edho tuku<br \/>\n5. Zlep\u0161ete \u00fasp\u011b\u0161nost transplantace vlas\u016f, zabra\u0148te vypad\u00e1v\u00e1n\u00ed vlas\u016f<br \/>\n6. Analogy GHK s analogy mastn\u00fdch zbytk\u016f zvy\u0161uj\u00ed velikost vlasov\u00fdch folikul\u016f, stimuluj\u00ed r\u016fst vlas\u016f a sni\u017euj\u00ed vypad\u00e1v\u00e1n\u00ed vlas\u016f<br \/>\n7. L\u00e9\u010d\u00ed poran\u011bn\u00e9 st\u0159evn\u00ed v\u00fdstelky. Aktivuje hlavn\u00ed antioxida\u010dn\u00ed protein poko\u017eky &#8211; superoxiddismut\u00e1zu<\/p>\n<p> <strong>Typick\u00e1 aplikace peptidu m\u011bdi (GHK-Cu)\/tripeptidu m\u011bdi CAS 89030-95-5<\/strong><br \/>\nZvrat st\u00e1rnut\u00ed poko\u017eky, obnova k\u016f\u017ee, hojen\u00ed bez jizev a odstran\u011bn\u00ed k\u016f\u017ee l\u00e9ze s vysokou bezpe\u010dnost\u00ed. M\u016f\u017ee b\u00fdt pou\u017eit k protivr\u00e1sk\u00e1m \/ oprav\u011b poko\u017eky \/ obnov\u011b vlas\u016f<\/p>\n","protected":false},"excerpt":{"rendered":"<p>N\u00e1zev produktu: Peptid m\u011bdi (GHK-Cu)\/ Tripeptid m\u011bdi\/ [N2-(N-Glycyl-L-histidyl)-L-lysinato(2-)]m\u011b\u010f<br \/>\nCAS: 89030-95-5<br \/>\nMF : C14H21CuN6O4<br \/>\nMW: 400,91<br \/>\nMol Soubor: 89030-95-5.mol<\/p>\n","protected":false},"featured_media":3861,"comment_status":"open","ping_status":"closed","template":"","meta":{"om_disable_all_campaigns":false,"_monsterinsights_skip_tracking":false,"_monsterinsights_sitenote_active":false,"_monsterinsights_sitenote_note":"","_monsterinsights_sitenote_category":0,"site-sidebar-layout":"default","site-content-layout":"default","ast-site-content-layout":"default","site-content-style":"default","site-sidebar-style":"default","ast-global-header-display":"","ast-banner-title-visibility":"","ast-main-header-display":"","ast-hfb-above-header-display":"","ast-hfb-below-header-display":"","ast-hfb-mobile-header-display":"","site-post-title":"","ast-breadcrumbs-content":"","ast-featured-img":"","footer-sml-layout":"","ast-disable-related-posts":"","theme-transparent-header-meta":"default","adv-header-id-meta":"","stick-header-meta":"","header-above-stick-meta":"","header-main-stick-meta":"","header-below-stick-meta":"","astra-migrate-meta-layouts":"default","ast-page-background-enabled":"default","ast-page-background-meta":{"desktop":{"background-color":"","background-image":"","background-repeat":"repeat","background-position":"center center","background-size":"auto","background-attachment":"scroll","background-type":"","background-media":"","overlay-type":"","overlay-color":"","overlay-opacity":"","overlay-gradient":""},"tablet":{"background-color":"","background-image":"","background-repeat":"repeat","background-position":"center center","background-size":"auto","background-attachment":"scroll","background-type":"","background-media":"","overlay-type":"","overlay-color":"","overlay-opacity":"","overlay-gradient":""},"mobile":{"background-color":"","background-image":"","background-repeat":"repeat","background-position":"center center","background-size":"auto","background-attachment":"scroll","background-type":"","background-media":"","overlay-type":"","overlay-color":"","overlay-opacity":"","overlay-gradient":""}},"ast-content-background-meta":{"desktop":{"background-color":"var(--ast-global-color-5)","background-image":"","background-repeat":"repeat","background-position":"center center","background-size":"auto","background-attachment":"scroll","background-type":"","background-media":"","overlay-type":"","overlay-color":"","overlay-opacity":"","overlay-gradient":""},"tablet":{"background-color":"var(--ast-global-color-5)","background-image":"","background-repeat":"repeat","background-position":"center center","background-size":"auto","background-attachment":"scroll","background-type":"","background-media":"","overlay-type":"","overlay-color":"","overlay-opacity":"","overlay-gradient":""},"mobile":{"background-color":"var(--ast-global-color-5)","background-image":"","background-repeat":"repeat","background-position":"center center","background-size":"auto","background-attachment":"scroll","background-type":"","background-media":"","overlay-type":"","overlay-color":"","overlay-opacity":"","overlay-gradient":""}}},"product_brand":[],"product_cat":[535],"product_tag":[2580],"class_list":{"0":"post-7177","1":"product","2":"type-product","3":"status-publish","4":"has-post-thumbnail","6":"product_cat-peptid-proti-vraskam-a-starnuti","7":"product_tag-copper-peptide-ghk-cu-copper-tripeptide-cas-89030-95-5-for-wound-healing-and-skin-renewal-cs","8":"desktop-align-left","9":"tablet-align-left","10":"mobile-align-left","12":"first","13":"instock","14":"shipping-taxable","15":"product-type-simple"},"_links":{"self":[{"href":"https:\/\/puyapeptide.net\/cs\/wp-json\/wp\/v2\/product\/7177","targetHints":{"allow":["GET"]}}],"collection":[{"href":"https:\/\/puyapeptide.net\/cs\/wp-json\/wp\/v2\/product"}],"about":[{"href":"https:\/\/puyapeptide.net\/cs\/wp-json\/wp\/v2\/types\/product"}],"replies":[{"embeddable":true,"href":"https:\/\/puyapeptide.net\/cs\/wp-json\/wp\/v2\/comments?post=7177"}],"wp:featuredmedia":[{"embeddable":true,"href":"https:\/\/puyapeptide.net\/cs\/wp-json\/wp\/v2\/media\/3861"}],"wp:attachment":[{"href":"https:\/\/puyapeptide.net\/cs\/wp-json\/wp\/v2\/media?parent=7177"}],"wp:term":[{"taxonomy":"product_brand","embeddable":true,"href":"https:\/\/puyapeptide.net\/cs\/wp-json\/wp\/v2\/product_brand?post=7177"},{"taxonomy":"product_cat","embeddable":true,"href":"https:\/\/puyapeptide.net\/cs\/wp-json\/wp\/v2\/product_cat?post=7177"},{"taxonomy":"product_tag","embeddable":true,"href":"https:\/\/puyapeptide.net\/cs\/wp-json\/wp\/v2\/product_tag?post=7177"}],"curies":[{"name":"wp","href":"https:\/\/api.w.org\/{rel}","templated":true}]}}