{"id":7193,"date":"2021-12-16T07:16:23","date_gmt":"2021-12-16T12:16:23","guid":{"rendered":"https:\/\/puyapeptide.net\/product\/argireline-argreline-acetate-cas-616204-22-9-pro-odstraneni-vrasek-kolem-cela-nebo-oci\/"},"modified":"2021-12-16T07:16:23","modified_gmt":"2021-12-16T12:16:23","slug":"argireline-argreline-acetate-cas-616204-22-9-pro-odstraneni-vrasek-kolem-cela-nebo-oci","status":"publish","type":"product","link":"https:\/\/puyapeptide.net\/cs\/product\/argireline-argreline-acetate-cas-616204-22-9-pro-odstraneni-vrasek-kolem-cela-nebo-oci\/","title":{"rendered":"Argireline\/ Argreline Acetate CAS 616204-22-9 pro odstran\u011bn\u00ed vr\u00e1sek kolem \u010dela nebo o\u010d\u00ed"},"content":{"rendered":"<h2><strong>Argireline\/ Argreline Acetate CAS 616204-22-9 pro odstran\u011bn\u00ed vr\u00e1sek kolem \u010dela nebo o\u010d\u00ed<\/strong><\/h2>\n<p>N\u00e1zev produktu: Argireline<br \/>\nSekvence: N-acetyl-Glu-Glu-Met-Gln-Arg-Arg-NH 2.<br \/>\nSynonyma: Ac-Glu-Glu-Met-Glu-Arg-Arg- NH2;N-Acetyl-L-alfa-glutamyl-L-alfa-glutamyl-L-methionyl-L-glutaminyl-L-arginyl-L-argininamid; Acetyl Hexapeptid-3\/Acetyl Hexapeptide-8; Argireline, Acetyl hexapeptid-3 , BR;Multipeptidy proti vr\u00e1sk\u00e1m;Reproage;Argireline;Argirelinacet\u00e1t Ac-Glu-Glu-Met-Arg-Arg-NH2<br \/>\nCAS: 616204-22-9<br \/>\nMF: C34H60N14O12S<br \/>\nMW: 889<br \/>\nEINECS: 1592732-453-0<br \/>\nKategorie produkt\u016f: Peptid<br \/>\nMol File: 616204-22-9.mol<\/p>\n<p>Argireline se skl\u00e1d\u00e1 z \u0159et\u011bzc\u016f aminokyselin. Takov\u00e9 \u0159et\u011bzce mohou ovlivnit, jak na\u0161e bu\u0148ky funguj\u00ed, nap\u0159. uvol\u0148ovat na\u0161e obli\u010dejov\u00e9 svaly. Je odvozen od peptidu Acetyl hexapeptid-3, substr\u00e1tu botulotoxinu, nebo b\u011b\u017en\u011bji zn\u00e1m\u00e9ho jako Botox.<\/p>\n<p>Argirelin Acetate, tak\u00e9 zn\u00e1m\u00fd jako botulinum, je oligopeptid, kter\u00fd napodobuje N-termin\u00e1ln\u00ed 6-amino kyseliny proteinu SNAP-25. Acirelin je jednou z b\u011b\u017en\u011b pou\u017e\u00edvan\u00fdch surovin pro \u0161pi\u010dkovou kosmetiku. Jeho hlavn\u00edm \u00fa\u010dinkem je redukce vr\u00e1sek zp\u016fsoben\u00fdch kontrakc\u00ed mimikov\u00fdch sval\u016f a ide\u00e1ln\u011b p\u016fsob\u00ed na vr\u00e1sky na \u010dele nebo kolem o\u010d\u00ed. Acirelin je bezpe\u010dn\u011bj\u0161\u00ed, levn\u011bj\u0161\u00ed a m\u00edrn\u011bj\u0161\u00ed n\u00e1hra\u017eka toxinu podle Chemicalbook. Akirelin sout\u011b\u017e\u00ed o m\u00edsto SNAP-25 v komplexu v\u00e1\u010dk\u016f, co\u017e ovliv\u0148uje tvorbu komplexu v\u00e1\u010dk\u016f, co\u017e m\u00e1 za n\u00e1sledek neschopnost v\u00e1\u010dk\u016f \u00fa\u010dinn\u011b uvol\u0148ovat neurotransmitery a oslabovat svalovou kontrakci, \u010d\u00edm\u017e uvol\u0148uje svaly a zklid\u0148uje jemn\u00e9 vr\u00e1sky. M\u016f\u017ee \u010dinit poko\u017eku \u010distou a bezchybnou a m\u016f\u017ee tak\u00e9 podporovat regeneraci bun\u011bk, aby se obnovila m\u011bkkost a pru\u017enost poko\u017eky. Proto je \u0161iroce pou\u017e\u00edv\u00e1n p\u0159i p\u0159\u00edprav\u011b kosmetiky a zdravotnick\u00fdch produkt\u016f.<\/p>\n<p> <strong>Argireline\/ Argreline Acetate CAS 616204-22-9 Chemick\u00e9 vlastnosti<\/strong><br \/>\nhustota 1,54<br \/>\ntepl. p\u0159i skladov\u00e1n\u00ed. -20\u00b0C<br \/>\nforma lyofilizovan\u00e9 pevn\u00e9 l\u00e1tky<br \/>\npka 4,43\u00b10,10(p\u0159edpokl\u00e1dan\u00e1)<br \/>\nbarva b\u00edl\u00e1<br \/>\nInChIKey RJZNPROJTJSYLC-LLINQDLYSA-N<\/p>\n<p> <strong>Funkce Argireline\/ Argrelin Acetate CAS 616204-22 -9<\/strong> <\/p>\n<p>1. Redukuje vr\u00e1sky zp\u016fsoben\u00e9 kontrakc\u00ed mimikov\u00fdch sval\u016f. M\u00e1 ide\u00e1ln\u00ed \u00fa\u010dinek na odstran\u011bn\u00ed vr\u00e1sek na \u010dele nebo kolem o\u010d\u00ed.<br \/>\n2.Podporuje tvorbu kolagenu, kter\u00fd napom\u00e1h\u00e1 obnov\u011b ko\u017en\u00ed tk\u00e1n\u011b.<\/p>\n","protected":false},"excerpt":{"rendered":"<p>N\u00e1zev produktu: Argireline<br \/>\nCAS: 616204-22-9<br \/>\nMF: C34H60N14O12S<br \/>\nMW: 889<br \/>\nEINECS: 1592732-453-0<br \/>\nMol Soubor: 616204-22-9.mol<\/p>\n","protected":false},"featured_media":2118,"comment_status":"open","ping_status":"closed","template":"","meta":{"om_disable_all_campaigns":false,"_monsterinsights_skip_tracking":false,"_monsterinsights_sitenote_active":false,"_monsterinsights_sitenote_note":"","_monsterinsights_sitenote_category":0,"site-sidebar-layout":"default","site-content-layout":"default","ast-site-content-layout":"default","site-content-style":"default","site-sidebar-style":"default","ast-global-header-display":"","ast-banner-title-visibility":"","ast-main-header-display":"","ast-hfb-above-header-display":"","ast-hfb-below-header-display":"","ast-hfb-mobile-header-display":"","site-post-title":"","ast-breadcrumbs-content":"","ast-featured-img":"","footer-sml-layout":"","ast-disable-related-posts":"","theme-transparent-header-meta":"default","adv-header-id-meta":"","stick-header-meta":"","header-above-stick-meta":"","header-main-stick-meta":"","header-below-stick-meta":"","astra-migrate-meta-layouts":"default","ast-page-background-enabled":"default","ast-page-background-meta":{"desktop":{"background-color":"","background-image":"","background-repeat":"repeat","background-position":"center center","background-size":"auto","background-attachment":"scroll","background-type":"","background-media":"","overlay-type":"","overlay-color":"","overlay-opacity":"","overlay-gradient":""},"tablet":{"background-color":"","background-image":"","background-repeat":"repeat","background-position":"center center","background-size":"auto","background-attachment":"scroll","background-type":"","background-media":"","overlay-type":"","overlay-color":"","overlay-opacity":"","overlay-gradient":""},"mobile":{"background-color":"","background-image":"","background-repeat":"repeat","background-position":"center center","background-size":"auto","background-attachment":"scroll","background-type":"","background-media":"","overlay-type":"","overlay-color":"","overlay-opacity":"","overlay-gradient":""}},"ast-content-background-meta":{"desktop":{"background-color":"var(--ast-global-color-5)","background-image":"","background-repeat":"repeat","background-position":"center center","background-size":"auto","background-attachment":"scroll","background-type":"","background-media":"","overlay-type":"","overlay-color":"","overlay-opacity":"","overlay-gradient":""},"tablet":{"background-color":"var(--ast-global-color-5)","background-image":"","background-repeat":"repeat","background-position":"center center","background-size":"auto","background-attachment":"scroll","background-type":"","background-media":"","overlay-type":"","overlay-color":"","overlay-opacity":"","overlay-gradient":""},"mobile":{"background-color":"var(--ast-global-color-5)","background-image":"","background-repeat":"repeat","background-position":"center center","background-size":"auto","background-attachment":"scroll","background-type":"","background-media":"","overlay-type":"","overlay-color":"","overlay-opacity":"","overlay-gradient":""}}},"product_brand":[],"product_cat":[535],"product_tag":[2558],"class_list":{"0":"post-7193","1":"product","2":"type-product","3":"status-publish","4":"has-post-thumbnail","6":"product_cat-peptid-proti-vraskam-a-starnuti","7":"product_tag-argireline-argreline-acetate-cas-616204-22-9-for-removing-wrinkles-around-the-forehead-or-eyes-cs","8":"desktop-align-left","9":"tablet-align-left","10":"mobile-align-left","12":"first","13":"instock","14":"shipping-taxable","15":"product-type-simple"},"_links":{"self":[{"href":"https:\/\/puyapeptide.net\/cs\/wp-json\/wp\/v2\/product\/7193","targetHints":{"allow":["GET"]}}],"collection":[{"href":"https:\/\/puyapeptide.net\/cs\/wp-json\/wp\/v2\/product"}],"about":[{"href":"https:\/\/puyapeptide.net\/cs\/wp-json\/wp\/v2\/types\/product"}],"replies":[{"embeddable":true,"href":"https:\/\/puyapeptide.net\/cs\/wp-json\/wp\/v2\/comments?post=7193"}],"wp:featuredmedia":[{"embeddable":true,"href":"https:\/\/puyapeptide.net\/cs\/wp-json\/wp\/v2\/media\/2118"}],"wp:attachment":[{"href":"https:\/\/puyapeptide.net\/cs\/wp-json\/wp\/v2\/media?parent=7193"}],"wp:term":[{"taxonomy":"product_brand","embeddable":true,"href":"https:\/\/puyapeptide.net\/cs\/wp-json\/wp\/v2\/product_brand?post=7193"},{"taxonomy":"product_cat","embeddable":true,"href":"https:\/\/puyapeptide.net\/cs\/wp-json\/wp\/v2\/product_cat?post=7193"},{"taxonomy":"product_tag","embeddable":true,"href":"https:\/\/puyapeptide.net\/cs\/wp-json\/wp\/v2\/product_tag?post=7193"}],"curies":[{"name":"wp","href":"https:\/\/api.w.org\/{rel}","templated":true}]}}