{"id":7221,"date":"2021-12-16T07:18:01","date_gmt":"2021-12-16T12:18:01","guid":{"rendered":"https:\/\/puyapeptide.net\/product\/melanotan-1-melanotan-i-afamelanotid-cas-75921-69-6\/"},"modified":"2021-12-16T07:18:01","modified_gmt":"2021-12-16T12:18:01","slug":"melanotan-1-melanotan-i-afamelanotid-cas-75921-69-6","status":"publish","type":"product","link":"https:\/\/puyapeptide.net\/cs\/product\/melanotan-1-melanotan-i-afamelanotid-cas-75921-69-6\/","title":{"rendered":"Melanotan 1\/ Melanotan I\/ Afamelanotid CAS 75921-69-6"},"content":{"rendered":"<h2><strong>Melanotan 1\/ Melanotan I\/ Afamelanotid CAS 75921-69-6<\/strong><\/h2>\n<p>N\u00e1zev produktu: Melanotan 1<br \/>\nSekvence: Ac-Ser-Tyr-Ser-Nle-Glu-His-D-Phe-Arg-Trp-Gly-Lys-Pro-Val-NH2<br \/>\nSynonyma: [ NLE4,D-PHE]ALPHA-MELANOCYTY STIMULUJ\u00cdC\u00cd HORMON;(NLE4,D-PHE7)-ALPHA-MSH;[Nle4,D-Phe7]\u03b1-MSH;Ac-L-Ser-L-Tyr-L-Ser-L -Nle-L-Glu-L-His-D-Phe-L-Arg-L-Trp-Gly-L-Lys-L-Pro-L-Val-NH2;N-Ac-L-Ser-L-Tyr -L-Ser-L-Nle-L-Glu-L-His-D-Phe-L-Arg-L-Trp-Gly-L-Lys-L-Pro-L-Val-NH2;[Nle4,DPhe7] a-MSH, amid; [Nle4,DPhe7] a-MSH, amid: Melanotan \u2160; [Nle4, D-Phe7]-a-MSH, amid<br \/>\nCAS: 75921-69-6<br \/>\nMF: C78H111N21O19&lt; &amp;&gt;MW: 1646,85<br \/>\nEINECS: 211-519-9<br \/>\nKategorie produkt\u016f: Peptidy moduluj\u00edc\u00ed iontov\u00fd kan\u00e1l; Hormony stimuluj\u00edc\u00ed melanocyty (MSH); Imunomodul\u00e1tory, hormony; V\u00fdzkum obezity; Peptidy pro bun\u011b\u010dnou biologii; Hypof\u00fdzov\u00e9 hypof\u00fdzov\u00e9 hormony; Hormon\u00e1ln\u00ed (MSH)peptidy a proteiny;\u03b1-Melanocyty stimuluj\u00edc\u00ed hormon (\u03b1-MSH)Peptidy pro bun\u011b\u010dnou biologii;Cytokinov\u00e9 r\u016fstov\u00e9 faktory a hormony (obezita);Melanotan II A<br \/>\nMol File: 75921-69-6.mol&lt;&amp; &gt;<br \/>\nMelanotan 2 (tak\u00e9 zn\u00e1m\u00fd jako Melanotan II) je syntetick\u00e1 l\u00e1tka lly produkovan\u00e1 varianta peptidov\u00e9ho hormonu p\u0159irozen\u011b produkovan\u00e9ho<br \/>\nna\u0161eho t\u011bla, kter\u00fd stimuluje melanogenezi, kter\u00e1 je zodpov\u011bdn\u00e1 za pigmentaci poko\u017eky. Tento peptidov\u00fd hormon, naz\u00fdvan\u00fd<br \/>\nalfa-melanocyty stimuluj\u00edc\u00ed hormon nebo MSH, aktivuje ur\u010dit\u00e9 melanokortinov\u00e9 receptory v procesu uplat\u0148ov\u00e1n\u00ed sv\u00fdch \u00fa\u010dink\u016f.<br \/>\nMSH tak\u00e9 prost\u0159ednictv\u00edm t\u011bchto l\u00e1tek p\u0159in\u00e1\u0161\u00ed siln\u00e9 v\u00fdhody metabolismu lipid\u016f, chuti k j\u00eddlu a sexu\u00e1ln\u00edho libida. melanokortinov\u00e9 receptory.<br \/>\nProto bylo ve studi\u00edch prok\u00e1z\u00e1no, \u017ee Melanotan 2 krom\u011b podpory opalov\u00e1n\u00ed k\u016f\u017ee vykazuje \u00fa\u010dinky potla\u010duj\u00edc\u00ed chu\u0165 k j\u00eddlu, lipolytick\u00e9 \u00fa\u010dinky a \u00fa\u010dinky zvy\u0161uj\u00edc\u00ed libido. Melanotan 2 byl rozs\u00e1hle zkoum\u00e1n pro pou\u017eit\u00ed p\u0159i ochran\u011b p\u0159ed \u0161kodliv\u00fdmi \u00fa\u010dinky ultrafialov\u00e9ho<br \/>\nz\u00e1\u0159en\u00ed ze slune\u010dn\u00edho z\u00e1\u0159en\u00ed kv\u016fli sv\u00fdm vlastnostem stimuluj\u00edc\u00edm melanogenezi.<br \/>\nNav\u00edc Melanotan 2(MT-2) a podobn\u00e1 synteticky vyroben\u00e1 varianta, , byly studov\u00e1ny jako potenci\u00e1ln\u00ed l\u00e9k<br \/>\npro l\u00e9\u010dbu sexu\u00e1ln\u00ed dysfunkce; konkr\u00e9tn\u011b mu\u017esk\u00e1 erektiln\u00ed dysfunkce.<\/p>\n<p> <strong>Melanotan 1\/ Melanotan I\/ Afamelanotid CAS 75921-69-6 Chemick\u00e9 vlastnosti<\/strong><br \/>\nhustota 1,46\u00b10,1 g\/cm3 (p\u0159edpokl\u00e1dan\u00e1)<br \/>\nRTECS OS1830200<br \/>\nteplota p\u0159i skladov\u00e1n\u00ed . \u221220\u00b0C<br \/>\npka 4,43\u00b10,10(p\u0159edpov\u011bzeno)<br \/>\nInChIKey UAHFGYDRQSXQEB-LEBBXHLNSA-N<br \/>\nReferen\u010dn\u00ed \u010d\u00edslo datab\u00e1ze CAS 75921-69-6 (Referen\u010dn\u00ed \u010d\u00edslo datab\u00e1ze CAS)<\/p>\n<p> <strong>Pou\u017eit\u00ed melanotanu 1\/ Melanotan I\/ Afamelanotide CAS 75921-69-6s<\/strong><br \/>\nS uvoln\u011bn\u00edm Melanotanu I bude tento line\u00e1rn\u00ed peptid sest\u00e1vaj\u00edc\u00ed z 13 aminokyselin hr\u00e1t je\u0161t\u011b v\u011bt\u0161\u00ed roli ve v\u00fdzkumu l\u00e9\u010div. Hlavn\u00ed anglick\u00e9 n\u00e1zvy Melanotanu I jsou Melanotan-1 a Afamelanotide, kter\u00e9 pat\u0159\u00ed k analog\u016fm \u03b1-MSH. Melanotan I lze pou\u017e\u00edt k l\u00e9\u010db\u011b poruch fotosenzitivity zp\u016fsoben\u00fdch erytropoetickou protoporfyri\u00ed.<\/p>\n","protected":false},"excerpt":{"rendered":"<p>N\u00e1zev produktu: Melanotan 1<br \/>\nCAS: 75921-69-6<br \/>\nMF: C78H111N21O19<br \/>\nMW: 1646,85<br \/>\nEINECS: 211-519-9<br \/>\nMol Soubor: 75921-69-6.mol<\/p>\n","protected":false},"featured_media":2202,"comment_status":"open","ping_status":"closed","template":"","meta":{"om_disable_all_campaigns":false,"_monsterinsights_skip_tracking":false,"_monsterinsights_sitenote_active":false,"_monsterinsights_sitenote_note":"","_monsterinsights_sitenote_category":0,"site-sidebar-layout":"default","site-content-layout":"default","ast-site-content-layout":"default","site-content-style":"default","site-sidebar-style":"default","ast-global-header-display":"","ast-banner-title-visibility":"","ast-main-header-display":"","ast-hfb-above-header-display":"","ast-hfb-below-header-display":"","ast-hfb-mobile-header-display":"","site-post-title":"","ast-breadcrumbs-content":"","ast-featured-img":"","footer-sml-layout":"","ast-disable-related-posts":"","theme-transparent-header-meta":"default","adv-header-id-meta":"","stick-header-meta":"","header-above-stick-meta":"","header-main-stick-meta":"","header-below-stick-meta":"","astra-migrate-meta-layouts":"default","ast-page-background-enabled":"default","ast-page-background-meta":{"desktop":{"background-color":"","background-image":"","background-repeat":"repeat","background-position":"center center","background-size":"auto","background-attachment":"scroll","background-type":"","background-media":"","overlay-type":"","overlay-color":"","overlay-opacity":"","overlay-gradient":""},"tablet":{"background-color":"","background-image":"","background-repeat":"repeat","background-position":"center center","background-size":"auto","background-attachment":"scroll","background-type":"","background-media":"","overlay-type":"","overlay-color":"","overlay-opacity":"","overlay-gradient":""},"mobile":{"background-color":"","background-image":"","background-repeat":"repeat","background-position":"center center","background-size":"auto","background-attachment":"scroll","background-type":"","background-media":"","overlay-type":"","overlay-color":"","overlay-opacity":"","overlay-gradient":""}},"ast-content-background-meta":{"desktop":{"background-color":"var(--ast-global-color-5)","background-image":"","background-repeat":"repeat","background-position":"center center","background-size":"auto","background-attachment":"scroll","background-type":"","background-media":"","overlay-type":"","overlay-color":"","overlay-opacity":"","overlay-gradient":""},"tablet":{"background-color":"var(--ast-global-color-5)","background-image":"","background-repeat":"repeat","background-position":"center center","background-size":"auto","background-attachment":"scroll","background-type":"","background-media":"","overlay-type":"","overlay-color":"","overlay-opacity":"","overlay-gradient":""},"mobile":{"background-color":"var(--ast-global-color-5)","background-image":"","background-repeat":"repeat","background-position":"center center","background-size":"auto","background-attachment":"scroll","background-type":"","background-media":"","overlay-type":"","overlay-color":"","overlay-opacity":"","overlay-gradient":""}}},"product_brand":[],"product_cat":[515],"product_tag":[2539],"class_list":{"0":"post-7221","1":"product","2":"type-product","3":"status-publish","4":"has-post-thumbnail","6":"product_cat-jine-peptidy","7":"product_tag-melanotan-1-melanotan-i-afamelanotide-cas-75921-69-6-cs","8":"desktop-align-left","9":"tablet-align-left","10":"mobile-align-left","12":"first","13":"instock","14":"shipping-taxable","15":"product-type-simple"},"_links":{"self":[{"href":"https:\/\/puyapeptide.net\/cs\/wp-json\/wp\/v2\/product\/7221","targetHints":{"allow":["GET"]}}],"collection":[{"href":"https:\/\/puyapeptide.net\/cs\/wp-json\/wp\/v2\/product"}],"about":[{"href":"https:\/\/puyapeptide.net\/cs\/wp-json\/wp\/v2\/types\/product"}],"replies":[{"embeddable":true,"href":"https:\/\/puyapeptide.net\/cs\/wp-json\/wp\/v2\/comments?post=7221"}],"wp:featuredmedia":[{"embeddable":true,"href":"https:\/\/puyapeptide.net\/cs\/wp-json\/wp\/v2\/media\/2202"}],"wp:attachment":[{"href":"https:\/\/puyapeptide.net\/cs\/wp-json\/wp\/v2\/media?parent=7221"}],"wp:term":[{"taxonomy":"product_brand","embeddable":true,"href":"https:\/\/puyapeptide.net\/cs\/wp-json\/wp\/v2\/product_brand?post=7221"},{"taxonomy":"product_cat","embeddable":true,"href":"https:\/\/puyapeptide.net\/cs\/wp-json\/wp\/v2\/product_cat?post=7221"},{"taxonomy":"product_tag","embeddable":true,"href":"https:\/\/puyapeptide.net\/cs\/wp-json\/wp\/v2\/product_tag?post=7221"}],"curies":[{"name":"wp","href":"https:\/\/api.w.org\/{rel}","templated":true}]}}