{"id":7232,"date":"2021-12-16T07:18:05","date_gmt":"2021-12-16T12:18:05","guid":{"rendered":"https:\/\/puyapeptide.net\/product\/poziotinib-ara290-cibinetide-cas-1208243-50-8-pro-laboratorni-vyzkum\/"},"modified":"2021-12-16T07:18:05","modified_gmt":"2021-12-16T12:18:05","slug":"poziotinib-ara290-cibinetide-cas-1208243-50-8-pro-laboratorni-vyzkum","status":"publish","type":"product","link":"https:\/\/puyapeptide.net\/cs\/product\/poziotinib-ara290-cibinetide-cas-1208243-50-8-pro-laboratorni-vyzkum\/","title":{"rendered":"Poziotinib\/ ARA290\/ Cibinetide CAS 1208243-50-8 Pro laboratorn\u00ed v\u00fdzkum"},"content":{"rendered":"<h2><strong>Poziotinib\/ ARA290\/ Cibinetide CAS 1208243-50-8 Pro laboratorn\u00ed v\u00fdzkum<\/strong><\/h2>\n<p>N\u00e1zev produktu: Poziotinib<br \/>\nSekvence: Pyr-Glu-Gln-Leu-Glu-Arg-Ala-Leu-Asn-Ser-Ser-OH<br \/>\nSynonyma: ARA-290 (Cibinetide);ARA290, &gt; 98%;ARA290,Cibinetid, &gt;98%;ARA290;WZTIQQBMSJTRBR-MUZUOSMHSA-N;ara290\/Poziotinib;L-Serin, 5-oxo-L-prolyl-L-\u03b1-glutamyl-L-glutaminyl-L-leucyl-L -a-glutamyl-L-arginyl-L-alanyl-L-leucyl-L-asparaginyl-L-seryl-;ARA-290(Cibinetid)acet\u00e1t<br \/>\nCAS: 1208243-50-8<br \/>\nMF: C51H84N16O21&lt; &amp;&gt;MW: 1257.31<br \/>\nEINECS:<br \/>\nKategorie produkt\u016f:<br \/>\nMol File: 1208243-50-8.mol<\/p>\n<p>ARA290 je peptid skl\u00e1daj\u00edc\u00ed se z 11 aminokyselin, z nich\u017e N- termin\u00e1ln\u00ed je kyselina pyroglutamov\u00e1. ARA290 je EPO-deriv\u00e1t, agonista heteroreceptoru erytropoetinu\/CD131 a b\u011b\u017en\u011b se pou\u017e\u00edv\u00e1 v klinick\u00fdch studi\u00edch pro l\u00e9\u010dbu neurologick\u00fdch onemocn\u011bn\u00ed. studie.<\/p>\n<p> <strong>Poziotinib\/ ARA290\/ Cibinetide CAS 1208243-50-8 Chemick\u00e9 vlastnosti<\/strong><br \/>\nhustota 1,56\u00b10,1 g\/cm3 (p\u0159edpokl\u00e1dan\u00e1)<br \/>\npka 2,90\u00b10,10 (p\u0159edpokl\u00e1dan\u00e1)<\/p>\n<p> <strong>Funkce a aplikace Poziotinib\/ARA290\/Cibinetide CAS 1208243-50-8<\/strong><br \/>\nCibinetid je prvot\u0159\u00eddn\u00ed syntetick\u00fd peptid ur\u010den\u00fd k aktivaci vrozen\u00fdch opravn\u00fdch mechanism\u016f p\u0159i po\u0161kozen\u00ed tk\u00e1n\u011b v d\u016fsledku z\u00e1n\u011btliv\u00e9 kask\u00e1dy. Selektivn\u011b se v\u00e1\u017ee na Innate Repair Receptor (IRR), kter\u00fd aktivuje tk\u00e1\u0148ov\u00e9 ochrann\u00e9, reparativn\u00ed a protiz\u00e1n\u011btliv\u00e9 sign\u00e1ln\u00ed dr\u00e1hy.<\/p>\n","protected":false},"excerpt":{"rendered":"<p>N\u00e1zev produktu: Poziotinib<br \/>\nCAS: 1208243-50-8<br \/>\nMF: C51H84N16O21<br \/>\nMW: 1257,31<br \/>\nMol Soubor: 1208243-50-8.mol<\/p>\n","protected":false},"featured_media":2097,"comment_status":"open","ping_status":"closed","template":"","meta":{"om_disable_all_campaigns":false,"_monsterinsights_skip_tracking":false,"_monsterinsights_sitenote_active":false,"_monsterinsights_sitenote_note":"","_monsterinsights_sitenote_category":0,"site-sidebar-layout":"default","site-content-layout":"default","ast-site-content-layout":"default","site-content-style":"default","site-sidebar-style":"default","ast-global-header-display":"","ast-banner-title-visibility":"","ast-main-header-display":"","ast-hfb-above-header-display":"","ast-hfb-below-header-display":"","ast-hfb-mobile-header-display":"","site-post-title":"","ast-breadcrumbs-content":"","ast-featured-img":"","footer-sml-layout":"","ast-disable-related-posts":"","theme-transparent-header-meta":"default","adv-header-id-meta":"","stick-header-meta":"","header-above-stick-meta":"","header-main-stick-meta":"","header-below-stick-meta":"","astra-migrate-meta-layouts":"default","ast-page-background-enabled":"default","ast-page-background-meta":{"desktop":{"background-color":"","background-image":"","background-repeat":"repeat","background-position":"center center","background-size":"auto","background-attachment":"scroll","background-type":"","background-media":"","overlay-type":"","overlay-color":"","overlay-opacity":"","overlay-gradient":""},"tablet":{"background-color":"","background-image":"","background-repeat":"repeat","background-position":"center center","background-size":"auto","background-attachment":"scroll","background-type":"","background-media":"","overlay-type":"","overlay-color":"","overlay-opacity":"","overlay-gradient":""},"mobile":{"background-color":"","background-image":"","background-repeat":"repeat","background-position":"center center","background-size":"auto","background-attachment":"scroll","background-type":"","background-media":"","overlay-type":"","overlay-color":"","overlay-opacity":"","overlay-gradient":""}},"ast-content-background-meta":{"desktop":{"background-color":"var(--ast-global-color-5)","background-image":"","background-repeat":"repeat","background-position":"center center","background-size":"auto","background-attachment":"scroll","background-type":"","background-media":"","overlay-type":"","overlay-color":"","overlay-opacity":"","overlay-gradient":""},"tablet":{"background-color":"var(--ast-global-color-5)","background-image":"","background-repeat":"repeat","background-position":"center center","background-size":"auto","background-attachment":"scroll","background-type":"","background-media":"","overlay-type":"","overlay-color":"","overlay-opacity":"","overlay-gradient":""},"mobile":{"background-color":"var(--ast-global-color-5)","background-image":"","background-repeat":"repeat","background-position":"center center","background-size":"auto","background-attachment":"scroll","background-type":"","background-media":"","overlay-type":"","overlay-color":"","overlay-opacity":"","overlay-gradient":""}}},"product_brand":[],"product_cat":[515],"product_tag":[2514],"class_list":{"0":"post-7232","1":"product","2":"type-product","3":"status-publish","4":"has-post-thumbnail","6":"product_cat-jine-peptidy","7":"product_tag-poziotinib-ara290-cibinetide-cas-1208243-50-8-for-lab-research-cs","8":"desktop-align-left","9":"tablet-align-left","10":"mobile-align-left","12":"first","13":"instock","14":"shipping-taxable","15":"product-type-simple"},"_links":{"self":[{"href":"https:\/\/puyapeptide.net\/cs\/wp-json\/wp\/v2\/product\/7232","targetHints":{"allow":["GET"]}}],"collection":[{"href":"https:\/\/puyapeptide.net\/cs\/wp-json\/wp\/v2\/product"}],"about":[{"href":"https:\/\/puyapeptide.net\/cs\/wp-json\/wp\/v2\/types\/product"}],"replies":[{"embeddable":true,"href":"https:\/\/puyapeptide.net\/cs\/wp-json\/wp\/v2\/comments?post=7232"}],"wp:featuredmedia":[{"embeddable":true,"href":"https:\/\/puyapeptide.net\/cs\/wp-json\/wp\/v2\/media\/2097"}],"wp:attachment":[{"href":"https:\/\/puyapeptide.net\/cs\/wp-json\/wp\/v2\/media?parent=7232"}],"wp:term":[{"taxonomy":"product_brand","embeddable":true,"href":"https:\/\/puyapeptide.net\/cs\/wp-json\/wp\/v2\/product_brand?post=7232"},{"taxonomy":"product_cat","embeddable":true,"href":"https:\/\/puyapeptide.net\/cs\/wp-json\/wp\/v2\/product_cat?post=7232"},{"taxonomy":"product_tag","embeddable":true,"href":"https:\/\/puyapeptide.net\/cs\/wp-json\/wp\/v2\/product_tag?post=7232"}],"curies":[{"name":"wp","href":"https:\/\/api.w.org\/{rel}","templated":true}]}}