{"id":7318,"date":"2021-12-16T07:21:49","date_gmt":"2021-12-16T12:21:49","guid":{"rendered":"https:\/\/puyapeptide.net\/product\/elcatonin-acetat-elcatonin-cas-60731-46-6-muze-snizit-hladinu-vapniku-v-seru\/"},"modified":"2021-12-16T07:21:49","modified_gmt":"2021-12-16T12:21:49","slug":"elcatonin-acetat-elcatonin-cas-60731-46-6-muze-snizit-hladinu-vapniku-v-seru","status":"publish","type":"product","link":"https:\/\/puyapeptide.net\/cs\/product\/elcatonin-acetat-elcatonin-cas-60731-46-6-muze-snizit-hladinu-vapniku-v-seru\/","title":{"rendered":"Elcatonin acet\u00e1t\/ Elcatonin CAS 60731-46-6 M\u016f\u017ee sn\u00ed\u017eit hladinu v\u00e1pn\u00edku v s\u00e9ru"},"content":{"rendered":"<h2><strong>Elcatonin acet\u00e1t\/ Elcatonin CAS 60731-46-6 M\u016f\u017ee sn\u00ed\u017eit hladinu v\u00e1pn\u00edku v s\u00e9ru<\/strong><\/h2>\n<p>N\u00e1zev produktu: Elcatonin<br \/>\nSynonyma: (aminosubericacid1,7)-eelkalcitonin;1-butanov\u00e1 kyselina-26-l-asparagov\u00e1 kyselina-27-l-valin-7-dikarbakalcitonin (losos);29-l-alanin-; (L-ALFA-AMINOSUBEROV\u00c1 KYSELINA1,7)-CALCITONIN (\u00daHO\u0158);ELCATONIN;ELCATONIN (\u00daHO\u0158);(DES CYS1,CYCLO (SER2-ASU7))-CALCITONIN (\u00daHO\u0158) ACET\u00c1TOV\u00c1 S\u016eL;CYKLO(-SER-ASN-LEU -SER-THR-ASU)-VAL-LEU-GLY-LYS-LEU-SER-GLN-GLU-LEU-HIS-LYS-LEU-GLN-THR-TYR-PRO-ARG-THR-ASP-VAL-GLY- ALA-GLY-THR-PRO-NH2<br \/>\nCAS: 60731-46-6<br \/>\nMF: C148H244N42O47<br \/>\nMW: 3363,83<br \/>\nEINECS: 262-393-7<br \/>\nKategorie produkt\u016f:<br \/>\n Mol File: 60731-46-6.mol<\/p>\n<p>Elcatonin je polypeptid se stabiln\u00ed sekund\u00e1rn\u00ed strukturou. Jeho hlavn\u00ed fyziologickou funkc\u00ed je inhibice aktivity osteoklast\u016f, sn\u00ed\u017een\u00ed kostn\u00ed resorpce, zabr\u00e1n\u011bn\u00ed ztr\u00e1t\u011b v\u00e1pn\u00edku v kostech a sn\u00ed\u017een\u00ed s\u00e9rov\u00e9ho v\u00e1pn\u00edku u norm\u00e1ln\u00edch zv\u00ed\u0159at a hyperkalcemick\u00fdch zv\u00ed\u0159at.<\/p>\n<p>Elcatonin (molekul\u00e1rn\u00ed vzorec: C148H244N42O47) je druh jedin\u00e9ho, -glykosylovan\u00fd polypeptidov\u00fd \u0159et\u011bzec sest\u00e1vaj\u00edc\u00ed z 31 aminokyselin. Je to deriv\u00e1t kalcitoninu a pou\u017e\u00edv\u00e1 se jako antiparatyreoid\u00e1ln\u00ed \u010dinidlo. Pou\u017e\u00edv\u00e1 se p\u0159edev\u0161\u00edm pro zm\u00edrn\u011bn\u00ed a odstran\u011bn\u00ed bolesti zp\u016fsoben\u00e9 osteopor\u00f3zou. M\u00e1 n\u011bkolik fyziologick\u00fdch \u00fa\u010dink\u016f v\u010detn\u011b: (1) inhibuje absorpci a autol\u00fdzu kost\u00ed, co\u017e vede ke sn\u00ed\u017een\u00ed hladiny v\u00e1pn\u00edku v krvi; (2) inhibuj\u00ed rozpou\u0161t\u011bn\u00ed a p\u0159enos kostn\u00edch sol\u00ed, d\u00e1le podporuj\u00ed vylu\u010dov\u00e1n\u00ed v\u00e1pn\u00edku a fosforu mo\u010d\u00ed; (3) inhibuje proces reabsorpce v\u00e1pn\u00edku, fosforu a sod\u00edku ledvinov\u00fdmi tubuly.<\/p>\n<p> <strong>Elcatonin acet\u00e1t\/ Elcatonin CAS 60731-46-6 Chemick\u00e9 vlastnosti<\/strong><br \/>\nhustota 1,49\u00b10,1 g\/cm3 (p\u0159edpov\u011bzeno )<br \/>\nRTECS HS9270000<br \/>\ntepl. -15 \u00b0C<\/p>\n<p> <strong>Pou\u017eit\u00ed Elcatonin acet\u00e1tu\/ Elcatoninu CAS 60731-46-6<\/strong><br \/>\nOsteopor\u00f3za; hyperkalc\u00e9mie; Pagetova nemoc<\/p>\n","protected":false},"excerpt":{"rendered":"<p>N\u00e1zev produktu: Elcatonin<br \/>\nCAS: 60731-46-6<br \/>\nMF: C148H244N42O47<br \/>\nMW: 3363,83<br \/>\nEINECS: 262-393-7<br \/>\nMol Soubor: 60731-46-6.mol<\/p>\n","protected":false},"featured_media":2097,"comment_status":"open","ping_status":"closed","template":"","meta":{"om_disable_all_campaigns":false,"_monsterinsights_skip_tracking":false,"_monsterinsights_sitenote_active":false,"_monsterinsights_sitenote_note":"","_monsterinsights_sitenote_category":0,"site-sidebar-layout":"default","site-content-layout":"default","ast-site-content-layout":"default","site-content-style":"default","site-sidebar-style":"default","ast-global-header-display":"","ast-banner-title-visibility":"","ast-main-header-display":"","ast-hfb-above-header-display":"","ast-hfb-below-header-display":"","ast-hfb-mobile-header-display":"","site-post-title":"","ast-breadcrumbs-content":"","ast-featured-img":"","footer-sml-layout":"","ast-disable-related-posts":"","theme-transparent-header-meta":"default","adv-header-id-meta":"","stick-header-meta":"","header-above-stick-meta":"","header-main-stick-meta":"","header-below-stick-meta":"","astra-migrate-meta-layouts":"default","ast-page-background-enabled":"default","ast-page-background-meta":{"desktop":{"background-color":"","background-image":"","background-repeat":"repeat","background-position":"center center","background-size":"auto","background-attachment":"scroll","background-type":"","background-media":"","overlay-type":"","overlay-color":"","overlay-opacity":"","overlay-gradient":""},"tablet":{"background-color":"","background-image":"","background-repeat":"repeat","background-position":"center center","background-size":"auto","background-attachment":"scroll","background-type":"","background-media":"","overlay-type":"","overlay-color":"","overlay-opacity":"","overlay-gradient":""},"mobile":{"background-color":"","background-image":"","background-repeat":"repeat","background-position":"center center","background-size":"auto","background-attachment":"scroll","background-type":"","background-media":"","overlay-type":"","overlay-color":"","overlay-opacity":"","overlay-gradient":""}},"ast-content-background-meta":{"desktop":{"background-color":"var(--ast-global-color-5)","background-image":"","background-repeat":"repeat","background-position":"center center","background-size":"auto","background-attachment":"scroll","background-type":"","background-media":"","overlay-type":"","overlay-color":"","overlay-opacity":"","overlay-gradient":""},"tablet":{"background-color":"var(--ast-global-color-5)","background-image":"","background-repeat":"repeat","background-position":"center center","background-size":"auto","background-attachment":"scroll","background-type":"","background-media":"","overlay-type":"","overlay-color":"","overlay-opacity":"","overlay-gradient":""},"mobile":{"background-color":"var(--ast-global-color-5)","background-image":"","background-repeat":"repeat","background-position":"center center","background-size":"auto","background-attachment":"scroll","background-type":"","background-media":"","overlay-type":"","overlay-color":"","overlay-opacity":"","overlay-gradient":""}}},"product_brand":[],"product_cat":[474],"product_tag":[2432],"class_list":{"0":"post-7318","1":"product","2":"type-product","3":"status-publish","4":"has-post-thumbnail","6":"product_cat-peptid-osteoporozy","7":"product_tag-elcatonin-acetate-elcatonin-cas-60731-46-6-can-reduce-the-serum-calcium-cs","8":"desktop-align-left","9":"tablet-align-left","10":"mobile-align-left","12":"first","13":"instock","14":"shipping-taxable","15":"product-type-simple"},"_links":{"self":[{"href":"https:\/\/puyapeptide.net\/cs\/wp-json\/wp\/v2\/product\/7318","targetHints":{"allow":["GET"]}}],"collection":[{"href":"https:\/\/puyapeptide.net\/cs\/wp-json\/wp\/v2\/product"}],"about":[{"href":"https:\/\/puyapeptide.net\/cs\/wp-json\/wp\/v2\/types\/product"}],"replies":[{"embeddable":true,"href":"https:\/\/puyapeptide.net\/cs\/wp-json\/wp\/v2\/comments?post=7318"}],"wp:featuredmedia":[{"embeddable":true,"href":"https:\/\/puyapeptide.net\/cs\/wp-json\/wp\/v2\/media\/2097"}],"wp:attachment":[{"href":"https:\/\/puyapeptide.net\/cs\/wp-json\/wp\/v2\/media?parent=7318"}],"wp:term":[{"taxonomy":"product_brand","embeddable":true,"href":"https:\/\/puyapeptide.net\/cs\/wp-json\/wp\/v2\/product_brand?post=7318"},{"taxonomy":"product_cat","embeddable":true,"href":"https:\/\/puyapeptide.net\/cs\/wp-json\/wp\/v2\/product_cat?post=7318"},{"taxonomy":"product_tag","embeddable":true,"href":"https:\/\/puyapeptide.net\/cs\/wp-json\/wp\/v2\/product_tag?post=7318"}],"curies":[{"name":"wp","href":"https:\/\/api.w.org\/{rel}","templated":true}]}}