{"id":7327,"date":"2021-12-16T07:22:37","date_gmt":"2021-12-16T12:22:37","guid":{"rendered":"https:\/\/puyapeptide.net\/product\/pentagastrin-cas-5534-95-2-podporuje-sekreci-zaludecni-kyseliny-a-pepsinu\/"},"modified":"2021-12-16T07:22:37","modified_gmt":"2021-12-16T12:22:37","slug":"pentagastrin-cas-5534-95-2-podporuje-sekreci-zaludecni-kyseliny-a-pepsinu","status":"publish","type":"product","link":"https:\/\/puyapeptide.net\/cs\/product\/pentagastrin-cas-5534-95-2-podporuje-sekreci-zaludecni-kyseliny-a-pepsinu\/","title":{"rendered":"Pentagastrin CAS 5534-95-2 Podporuje sekreci \u017ealude\u010dn\u00ed kyseliny a pepsinu"},"content":{"rendered":"<h2><strong>Pentagastrin CAS 5534-95-2 Podporuje sekreci \u017ealude\u010dn\u00ed kyseliny a pepsinu<\/strong><\/h2>\n<p>N\u00e1zev produktu: PENTAGASTRIN<br \/>\nSynonyma: T-BOC-BETA-ALA-TRP-MET-ASP-PHE-NH2;aspartyl]-l-fenylalaninamid;ay6608;boc-beta-ala-try-met-asp -phe(nh2);gastrodiagnost;ici50123;laninamid;l-methionyl-l-alfa-aspartyl-<br \/>\nCAS: 5534-95-2<br \/>\nMF: C37H49N7O9S<br \/>\nMW: 767,9<br \/>\nEINECS: 226 -889-7<br \/>\nKategorie produkt\u016f: MARCAINE;Peptide<br \/>\nMol File: 5534-95-2.mol<\/p>\n<p>Peptavlon, tak\u00e9 zn\u00e1m\u00fd jako pentagastrin, je syntetick\u00fd pentagastrin, kter\u00fd podporuje sekreci \u017ealude\u010dn\u00ed kyseliny , pepsin a endogastrin. Klinicky se pou\u017e\u00edv\u00e1 pro vy\u0161et\u0159en\u00ed funkce \u017ealude\u010dn\u00ed sekrece a vy\u0161et\u0159en\u00ed funkce slinivky b\u0159i\u0161n\u00ed.<\/p>\n<p> <strong>Pentagastrin CAS 5534-95-2 Chemick\u00e9 vlastnosti<\/strong><br \/>\nBod t\u00e1n\u00ed 229-230\u00b0 (rozkl.)<br \/>\nalfa D22 -28,8 \u00b10,5 \u00b0 (DMF)<br \/>\nBod varu 1196,6\u00b165,0 \u00b0C (p\u0159edpoklad)<br \/>\nhustota 1,303\u00b10,06 g\/cm3 (p\u0159edpoklad)<br \/>\ntepl. -20\u00b0C<br \/>\nrozpustnost Prakticky nerozpustn\u00fd ve vod\u011b; rozpustn\u00fd v 5M amoniaku a v dimethylformamidu; m\u00edrn\u011b rozpustn\u00fd v ethanolu (96 %).<br \/>\npka 4,19\u00b10,10(P\u0159edpokl\u00e1dan\u00e1)<br \/>\nforma pr\u00e1\u0161ku<br \/>\nInChIKey NEYNJQRKHLUJRU-DZUOILHNSA-N<\/p>\n<p> <strong>Pou\u017eit\u00ed pentagastrinu CAS 5534-95-2<\/strong> &lt;&amp; &gt;1. anestetikum (m\u00edstn\u00ed)<br \/>\n2. diagnostick\u00e9 \u010dinidlo pro poruchy \u017ealude\u010dn\u00ed sekrece<\/p>\n","protected":false},"excerpt":{"rendered":"<p>N\u00e1zev produktu: PENTAGASTRIN<br \/>\nCAS: 5534-95-2<br \/>\nMF: C37H49N7O9S<br \/>\nMW: 767,9<br \/>\nEINECS: 226-889-7<br \/>\nMol Soubor: 5534-95-2.mol<\/p>\n","protected":false},"featured_media":2097,"comment_status":"open","ping_status":"closed","template":"","meta":{"om_disable_all_campaigns":false,"_monsterinsights_skip_tracking":false,"_monsterinsights_sitenote_active":false,"_monsterinsights_sitenote_note":"","_monsterinsights_sitenote_category":0,"site-sidebar-layout":"default","site-content-layout":"default","ast-site-content-layout":"default","site-content-style":"default","site-sidebar-style":"default","ast-global-header-display":"","ast-banner-title-visibility":"","ast-main-header-display":"","ast-hfb-above-header-display":"","ast-hfb-below-header-display":"","ast-hfb-mobile-header-display":"","site-post-title":"","ast-breadcrumbs-content":"","ast-featured-img":"","footer-sml-layout":"","ast-disable-related-posts":"","theme-transparent-header-meta":"default","adv-header-id-meta":"","stick-header-meta":"","header-above-stick-meta":"","header-main-stick-meta":"","header-below-stick-meta":"","astra-migrate-meta-layouts":"default","ast-page-background-enabled":"default","ast-page-background-meta":{"desktop":{"background-color":"","background-image":"","background-repeat":"repeat","background-position":"center center","background-size":"auto","background-attachment":"scroll","background-type":"","background-media":"","overlay-type":"","overlay-color":"","overlay-opacity":"","overlay-gradient":""},"tablet":{"background-color":"","background-image":"","background-repeat":"repeat","background-position":"center center","background-size":"auto","background-attachment":"scroll","background-type":"","background-media":"","overlay-type":"","overlay-color":"","overlay-opacity":"","overlay-gradient":""},"mobile":{"background-color":"","background-image":"","background-repeat":"repeat","background-position":"center center","background-size":"auto","background-attachment":"scroll","background-type":"","background-media":"","overlay-type":"","overlay-color":"","overlay-opacity":"","overlay-gradient":""}},"ast-content-background-meta":{"desktop":{"background-color":"var(--ast-global-color-5)","background-image":"","background-repeat":"repeat","background-position":"center center","background-size":"auto","background-attachment":"scroll","background-type":"","background-media":"","overlay-type":"","overlay-color":"","overlay-opacity":"","overlay-gradient":""},"tablet":{"background-color":"var(--ast-global-color-5)","background-image":"","background-repeat":"repeat","background-position":"center center","background-size":"auto","background-attachment":"scroll","background-type":"","background-media":"","overlay-type":"","overlay-color":"","overlay-opacity":"","overlay-gradient":""},"mobile":{"background-color":"var(--ast-global-color-5)","background-image":"","background-repeat":"repeat","background-position":"center center","background-size":"auto","background-attachment":"scroll","background-type":"","background-media":"","overlay-type":"","overlay-color":"","overlay-opacity":"","overlay-gradient":""}}},"product_brand":[],"product_cat":[446],"product_tag":[2404],"class_list":{"0":"post-7327","1":"product","2":"type-product","3":"status-publish","4":"has-post-thumbnail","6":"product_cat-peptid-gastrointestinalniho-systemu","7":"product_tag-pentagastrin-cas-5534-95-2-promotes-the-secretion-of-gastric-acid-and-pepsin-cs","8":"desktop-align-left","9":"tablet-align-left","10":"mobile-align-left","12":"first","13":"instock","14":"shipping-taxable","15":"product-type-simple"},"_links":{"self":[{"href":"https:\/\/puyapeptide.net\/cs\/wp-json\/wp\/v2\/product\/7327","targetHints":{"allow":["GET"]}}],"collection":[{"href":"https:\/\/puyapeptide.net\/cs\/wp-json\/wp\/v2\/product"}],"about":[{"href":"https:\/\/puyapeptide.net\/cs\/wp-json\/wp\/v2\/types\/product"}],"replies":[{"embeddable":true,"href":"https:\/\/puyapeptide.net\/cs\/wp-json\/wp\/v2\/comments?post=7327"}],"wp:featuredmedia":[{"embeddable":true,"href":"https:\/\/puyapeptide.net\/cs\/wp-json\/wp\/v2\/media\/2097"}],"wp:attachment":[{"href":"https:\/\/puyapeptide.net\/cs\/wp-json\/wp\/v2\/media?parent=7327"}],"wp:term":[{"taxonomy":"product_brand","embeddable":true,"href":"https:\/\/puyapeptide.net\/cs\/wp-json\/wp\/v2\/product_brand?post=7327"},{"taxonomy":"product_cat","embeddable":true,"href":"https:\/\/puyapeptide.net\/cs\/wp-json\/wp\/v2\/product_cat?post=7327"},{"taxonomy":"product_tag","embeddable":true,"href":"https:\/\/puyapeptide.net\/cs\/wp-json\/wp\/v2\/product_tag?post=7327"}],"curies":[{"name":"wp","href":"https:\/\/api.w.org\/{rel}","templated":true}]}}