{"id":7426,"date":"2021-12-16T07:59:20","date_gmt":"2021-12-16T12:59:20","guid":{"rendered":"https:\/\/puyapeptide.net\/product\/kisspeptin-10-kisspeptin-10-cas-374675-21-5-je-ucinny-vazokonstriktor-a-inhibitor-angiogeneze\/"},"modified":"2021-12-16T07:59:20","modified_gmt":"2021-12-16T12:59:20","slug":"kisspeptin-10-kisspeptin-10-cas-374675-21-5-je-ucinny-vazokonstriktor-a-inhibitor-angiogeneze","status":"publish","type":"product","link":"https:\/\/puyapeptide.net\/cs\/product\/kisspeptin-10-kisspeptin-10-cas-374675-21-5-je-ucinny-vazokonstriktor-a-inhibitor-angiogeneze\/","title":{"rendered":"Kisspeptin 10\/ KISSPEPTIN-10 CAS 374675-21-5 je \u00fa\u010dinn\u00fd vazokonstriktor a inhibitor angiogeneze"},"content":{"rendered":"<h2><strong>Kisspeptin 10\/ KISSPEPTIN-10 CAS 374675-21-5 je \u00fa\u010dinn\u00fd vazokonstriktor a inhibitor angiogeneze<\/strong><\/h2>\n<p>N\u00e1zev produktu: KISSPEPTIN-10<br \/>\nSynonyma: MALIGNANT MELANOM METASTASIS-SUPPRESSOR KISS-1 (112-121) (HUMAN);METASTIN (\u010cLOV\u011aK, 45-54);METASTIN (45-54);METASTIN (45 -54) AMID, \u010cLOV\u011aK;METASTIN (45-54), \u010cLOV\u011aK;KISSPEPTIN-13 (4-13) (\u010cLOV\u011aK); PRODUKT GENU KISS-1 (\u010cLOV\u011aK, 112-121 AMIDE);TYR-ASN-TRP-ASN- SER-PHE-GLY-LEU-ARG-PHE-NH2<br \/>\nCAS: 374675-21-5<br \/>\nMF: C63H83N17O14<br \/>\nMW: 1302,44<br \/>\nEINECS:<br \/>\nKategorie produkt\u016f: Peptidov\u00e9 receptory&lt;&amp; &gt;Mol File: 374675-21-5.mol<\/p>\n<p>Kisspeptin-10, \u010dlov\u011bk je siln\u00fd vazokonstriktor a inhibitor angiogeneze. kisspeptin-10, \u010dlov\u011bk inhibuje n\u00e1dorov\u00e9 metast\u00e1zy prost\u0159ednictv\u00edm sv\u00e9ho receptoru GPR54. syst\u00e9m kisspeptin-10-GPR54 hraje d\u016fle\u017eitou roli ve v\u00fdvoji embryon\u00e1ln\u00edch ledvin. signalizace kisspeptin-10\/kisspeptin-10\/GPR54 indukuje diferenciaci osteoblast\u016f prost\u0159ednictv\u00edm exprese BMP2 zprost\u0159edkovan\u00e9 NFATc4. \u00farovn\u011b koncentrace kisspeptinu-10 pom\u00e1haj\u00ed identifikovat benigitu a malignitu mal\u00fdch ledvinov\u00fdch \u00fatvar\u016f pomoc\u00ed SRM.<\/p>\n<p> <strong>Kisspeptin 10\/KISSPEPTIN-10 CAS 374675-21-5 Chemick\u00e9 vlastnosti<\/strong><br \/>\nhustota 1,46\u00b10,1 g\/cm3 (P\u0159edpov\u011bzeno)<br \/>\ntepl. -20\u00b0C<br \/>\npka 9,96\u00b10,15(p\u0159edpov\u011bzeno)<\/p>\n<p> <strong>Funkce a aplikace kisspeptinu 10\/KISSPEPTIN-10 CAS 374675-21-5<\/strong><br \/>\nKisspeptin-10 je \u00fa\u010dinn\u00fd vazokonstriktor a inhibitor angiogeneze. Kisspeptin-10 inhibuje n\u00e1dorov\u00e9 metast\u00e1zy prost\u0159ednictv\u00edm sv\u00e9ho receptoru GPR54. Syst\u00e9m kisspeptin-10-GPR54 hraje d\u016fle\u017eitou roli ve v\u00fdvoji embryon\u00e1ln\u00edch ledvin. Signalizace kisspeptin-10\/GPR54 indukuje diferenciaci osteoblast\u016f prost\u0159ednictv\u00edm exprese BMP2 zprost\u0159edkovan\u00e9 NFATC4.<\/p>\n","protected":false},"excerpt":{"rendered":"<p>Kisspeptin 10\/ KISSPEPTIN-10 CAS 374675-21-5 je \u00fa\u010dinn\u00fd vazokonstriktor a inhibitor angiogeneze N\u00e1zev produktu: KISSPEPTIN-10 Synonyma: MALIGNANT MELANOM METASTASIS-SUPPRESSOR KISS-1 (112-121) (HUMAN);METASTIN (\u010cLOV\u011aK, 45-54);METASTIN (45-54);METASTIN (45 -54) AMID, \u010cLOV\u011aK;METASTIN (45-54), \u010cLOV\u011aK;KISSPEPTIN-13 (4-13) (\u010cLOV\u011aK); PRODUKT GENU KISS-1 (\u010cLOV\u011aK, 112-121 AMIDE);TYR-ASN-TRP-ASN- SER-PHE-GLY-LEU-ARG-PHE-NH2 CAS: 374675-21-5 MF: C63H83N17O14 MW: 1302,44 EINECS: Kategorie produkt\u016f: Peptidov\u00e9 receptory&lt;&amp; &gt;Mol File: 374675-21-5.mol Kisspeptin-10, \u010dlov\u011bk [&hellip;]<\/p>\n","protected":false},"featured_media":2097,"comment_status":"open","ping_status":"closed","template":"","meta":{"om_disable_all_campaigns":false,"_monsterinsights_skip_tracking":false,"_monsterinsights_sitenote_active":false,"_monsterinsights_sitenote_note":"","_monsterinsights_sitenote_category":0,"site-sidebar-layout":"default","site-content-layout":"default","ast-site-content-layout":"default","site-content-style":"default","site-sidebar-style":"default","ast-global-header-display":"","ast-banner-title-visibility":"","ast-main-header-display":"","ast-hfb-above-header-display":"","ast-hfb-below-header-display":"","ast-hfb-mobile-header-display":"","site-post-title":"","ast-breadcrumbs-content":"","ast-featured-img":"","footer-sml-layout":"","ast-disable-related-posts":"","theme-transparent-header-meta":"default","adv-header-id-meta":"","stick-header-meta":"","header-above-stick-meta":"","header-main-stick-meta":"","header-below-stick-meta":"","astra-migrate-meta-layouts":"default","ast-page-background-enabled":"default","ast-page-background-meta":{"desktop":{"background-color":"","background-image":"","background-repeat":"repeat","background-position":"center center","background-size":"auto","background-attachment":"scroll","background-type":"","background-media":"","overlay-type":"","overlay-color":"","overlay-opacity":"","overlay-gradient":""},"tablet":{"background-color":"","background-image":"","background-repeat":"repeat","background-position":"center center","background-size":"auto","background-attachment":"scroll","background-type":"","background-media":"","overlay-type":"","overlay-color":"","overlay-opacity":"","overlay-gradient":""},"mobile":{"background-color":"","background-image":"","background-repeat":"repeat","background-position":"center center","background-size":"auto","background-attachment":"scroll","background-type":"","background-media":"","overlay-type":"","overlay-color":"","overlay-opacity":"","overlay-gradient":""}},"ast-content-background-meta":{"desktop":{"background-color":"var(--ast-global-color-5)","background-image":"","background-repeat":"repeat","background-position":"center center","background-size":"auto","background-attachment":"scroll","background-type":"","background-media":"","overlay-type":"","overlay-color":"","overlay-opacity":"","overlay-gradient":""},"tablet":{"background-color":"var(--ast-global-color-5)","background-image":"","background-repeat":"repeat","background-position":"center center","background-size":"auto","background-attachment":"scroll","background-type":"","background-media":"","overlay-type":"","overlay-color":"","overlay-opacity":"","overlay-gradient":""},"mobile":{"background-color":"var(--ast-global-color-5)","background-image":"","background-repeat":"repeat","background-position":"center center","background-size":"auto","background-attachment":"scroll","background-type":"","background-media":"","overlay-type":"","overlay-color":"","overlay-opacity":"","overlay-gradient":""}}},"product_brand":[],"product_cat":[407],"product_tag":[2318],"class_list":{"0":"post-7426","1":"product","2":"type-product","3":"status-publish","4":"has-post-thumbnail","6":"product_cat-krev-a-cevni-peptid","7":"product_tag-kisspeptin-10-kisspeptin-10-cas-374675-21-5-is-an-effective-vasoconstrictor-and-angiogenesis-inhibitor-cs","8":"desktop-align-left","9":"tablet-align-left","10":"mobile-align-left","12":"first","13":"instock","14":"shipping-taxable","15":"product-type-simple"},"_links":{"self":[{"href":"https:\/\/puyapeptide.net\/cs\/wp-json\/wp\/v2\/product\/7426","targetHints":{"allow":["GET"]}}],"collection":[{"href":"https:\/\/puyapeptide.net\/cs\/wp-json\/wp\/v2\/product"}],"about":[{"href":"https:\/\/puyapeptide.net\/cs\/wp-json\/wp\/v2\/types\/product"}],"replies":[{"embeddable":true,"href":"https:\/\/puyapeptide.net\/cs\/wp-json\/wp\/v2\/comments?post=7426"}],"wp:featuredmedia":[{"embeddable":true,"href":"https:\/\/puyapeptide.net\/cs\/wp-json\/wp\/v2\/media\/2097"}],"wp:attachment":[{"href":"https:\/\/puyapeptide.net\/cs\/wp-json\/wp\/v2\/media?parent=7426"}],"wp:term":[{"taxonomy":"product_brand","embeddable":true,"href":"https:\/\/puyapeptide.net\/cs\/wp-json\/wp\/v2\/product_brand?post=7426"},{"taxonomy":"product_cat","embeddable":true,"href":"https:\/\/puyapeptide.net\/cs\/wp-json\/wp\/v2\/product_cat?post=7426"},{"taxonomy":"product_tag","embeddable":true,"href":"https:\/\/puyapeptide.net\/cs\/wp-json\/wp\/v2\/product_tag?post=7426"}],"curies":[{"name":"wp","href":"https:\/\/api.w.org\/{rel}","templated":true}]}}