{"id":7462,"date":"2021-12-16T08:01:30","date_gmt":"2021-12-16T13:01:30","guid":{"rendered":"https:\/\/puyapeptide.net\/product\/lanreotid-acetat-cas-127984-74-1-lecba-akromegalie-a-symptomatickych-neuroendokrinnich-nadoru\/"},"modified":"2021-12-16T08:01:30","modified_gmt":"2021-12-16T13:01:30","slug":"lanreotid-acetat-cas-127984-74-1-lecba-akromegalie-a-symptomatickych-neuroendokrinnich-nadoru","status":"publish","type":"product","link":"https:\/\/puyapeptide.net\/cs\/product\/lanreotid-acetat-cas-127984-74-1-lecba-akromegalie-a-symptomatickych-neuroendokrinnich-nadoru\/","title":{"rendered":"Lanreotid acet\u00e1t CAS 127984-74-1 L\u00e9\u010dba akromegalie a symptomatick\u00fdch neuroendokrinn\u00edch n\u00e1dor\u016f"},"content":{"rendered":"<h2><strong>Lanreotid acet\u00e1t CAS 127984-74-1 L\u00e9\u010dba akromegalie a symptomatick\u00fdch neuroendokrinn\u00edch n\u00e1dor\u016f<\/strong><\/h2>\n<p>N\u00e1zev produktu: Lanreotid Acetate<br \/>\nSynonyma: 10-(4-aminobutyl)-19-[(2-amino-3-naftalen-2-yl-propanoyl)amino]-N-(1-karbamoyl-2 -hydroxy-propyl)-16-[(4-hydroxyfenyl)methyl]-13-(1H-indol-3-ylmethyl)-6,9,12,15,18-pentaoxo-7-propan-2-yl-1 ,2-dithia-5,8,11,14,17-pentazacykloikosan-4-karboxamid; Somatulina; LANREOTID ACET\u00c1T; 3-(2-naftalenyl)-D-alanyl-L-cysteinyl-L-tyrosyl-D-tryptofyl- L-lysyl-L-valyl-L-cysteinyl-L-threoninamid cyklick\u00fd (2\u21927)-disulfidacet\u00e1t;Angiopeptinacet\u00e1t;10-(4-aminobutyl)-N-(1-amino-3-hydroxy-1-oxobutan -2-yl)-19-[(2-amino-3-naftalen-2-ylpropanoyl)amino]-16-[(4-hydroxyfenyl)methyl]-13-(lH-indol-3-ylmethyl)-6, 9,12,15,18-pentaoxo-7-propan-2-yl-1,2-dithia-5,8,11,14,17-pentazacykloikosan-4-karboxamid; Lanreotid Acetate USP\/EP\/BP<br \/>\n CAS: 127984-74-1<br \/>\nMF: C54H69N11O10S2<br \/>\nMW: 0<br \/>\nEINECS:<br \/>\nKategorie produkt\u016f: Aminokyseliny a deriv\u00e1ty, l\u00e9\u010diva, meziprodukty a deriv\u00e1ty<br \/>\nMol File: 124798 1.mol<\/p>\n<p>lanreotidacet\u00e1t, oktapeptidov\u00fd somatostatin analog, dos\u00e1hl sv\u00e9ho prvn\u00edho celosv\u011btov\u00e9ho trhu ve Francii pro akromegalii, kdy\u017e operace nebo radioterapie nedok\u00e1zaly obnovit norm\u00e1ln\u00ed sekreci r\u016fstov\u00e9ho hormonu. Lanreotid je selektivn\u00ed inhibitor r\u016fstov\u00e9ho hormonu a sni\u017euje sekreci r\u016fstov\u00e9ho hormonu, thyrotropinu, motilinu a pankreatick\u00e9ho polypeptidu u lid\u00ed. Lanreotid m\u00e1 antiproliferativn\u00ed vlastnosti a je \u00fadajn\u011b v klinick\u00fdch studi\u00edch pro prevenci resten\u00f3zy po angioplastice koron\u00e1rn\u00ed arterie, pro diabetickou retinopatii a jako terapii psori\u00e1zy. Byl tak\u00e9 prok\u00e1z\u00e1n jeho potenci\u00e1l pro neuroendokrinn\u00ed n\u00e1dory a rakovinu prostaty reaguj\u00edc\u00ed na hormony.<\/p>\n<p> <strong>Lanreotid Acetate CAS 127984-74-1 Chemick\u00e9 vlastnosti<\/strong><br \/>\ntepl. -20\u00b0C<br \/>\npr\u00e1\u0161kov\u00e1 forma<br \/>\nbarva b\u00edl\u00e1 a\u017e t\u00e9m\u011b\u0159 b\u00edl\u00e1<\/p>\n<p> <strong>Funkce a pou\u017eit\u00ed lanreotidacet\u00e1tu CAS 127984-74-1<\/strong><br \/>\nlanreotidacet\u00e1t, stejn\u011b jako p\u0159\u00edrodn\u00ed inhibitory r\u016fstu, je lanreotid peptidov\u00fd inhibitor mnoha endokrinn\u00edch, neuroendokrinn\u00edch, exokrinn\u00edch a parakrinn\u00edch funkc\u00ed. Lanreotid je aktivn\u011bj\u0161\u00ed a m\u00e1 del\u0161\u00ed trv\u00e1n\u00ed \u00fa\u010dinku ne\u017e p\u0159irozen\u00e9 inhibitory r\u016fstu. Jeho inhibi\u010dn\u00ed \u00fa\u010dinek na sekreci r\u016fstov\u00e9ho hormonu je v\u00fdrazn\u011b selektivn\u011bj\u0161\u00ed ne\u017e \u00fa\u010dinek na sekreci inzulinu a v roce 2017 schv\u00e1lila FDA lanreotid acet\u00e1t pro injekci k l\u00e9\u010db\u011b neuroendokrinn\u00edch n\u00e1dor\u016f.<\/p>\n","protected":false},"excerpt":{"rendered":"<p>N\u00e1zev produktu: Lanreotid Acetate<br \/>\nCAS: 127984-74-1<br \/>\nMF: C54H69N11O10S2<br \/>\nMol Soubor: 127984-74-1.mol<\/p>\n","protected":false},"featured_media":2097,"comment_status":"open","ping_status":"closed","template":"","meta":{"om_disable_all_campaigns":false,"_monsterinsights_skip_tracking":false,"_monsterinsights_sitenote_active":false,"_monsterinsights_sitenote_note":"","_monsterinsights_sitenote_category":0,"site-sidebar-layout":"default","site-content-layout":"default","ast-site-content-layout":"default","site-content-style":"default","site-sidebar-style":"default","ast-global-header-display":"","ast-banner-title-visibility":"","ast-main-header-display":"","ast-hfb-above-header-display":"","ast-hfb-below-header-display":"","ast-hfb-mobile-header-display":"","site-post-title":"","ast-breadcrumbs-content":"","ast-featured-img":"","footer-sml-layout":"","ast-disable-related-posts":"","theme-transparent-header-meta":"default","adv-header-id-meta":"","stick-header-meta":"","header-above-stick-meta":"","header-main-stick-meta":"","header-below-stick-meta":"","astra-migrate-meta-layouts":"default","ast-page-background-enabled":"default","ast-page-background-meta":{"desktop":{"background-color":"","background-image":"","background-repeat":"repeat","background-position":"center center","background-size":"auto","background-attachment":"scroll","background-type":"","background-media":"","overlay-type":"","overlay-color":"","overlay-opacity":"","overlay-gradient":""},"tablet":{"background-color":"","background-image":"","background-repeat":"repeat","background-position":"center center","background-size":"auto","background-attachment":"scroll","background-type":"","background-media":"","overlay-type":"","overlay-color":"","overlay-opacity":"","overlay-gradient":""},"mobile":{"background-color":"","background-image":"","background-repeat":"repeat","background-position":"center center","background-size":"auto","background-attachment":"scroll","background-type":"","background-media":"","overlay-type":"","overlay-color":"","overlay-opacity":"","overlay-gradient":""}},"ast-content-background-meta":{"desktop":{"background-color":"var(--ast-global-color-5)","background-image":"","background-repeat":"repeat","background-position":"center center","background-size":"auto","background-attachment":"scroll","background-type":"","background-media":"","overlay-type":"","overlay-color":"","overlay-opacity":"","overlay-gradient":""},"tablet":{"background-color":"var(--ast-global-color-5)","background-image":"","background-repeat":"repeat","background-position":"center center","background-size":"auto","background-attachment":"scroll","background-type":"","background-media":"","overlay-type":"","overlay-color":"","overlay-opacity":"","overlay-gradient":""},"mobile":{"background-color":"var(--ast-global-color-5)","background-image":"","background-repeat":"repeat","background-position":"center center","background-size":"auto","background-attachment":"scroll","background-type":"","background-media":"","overlay-type":"","overlay-color":"","overlay-opacity":"","overlay-gradient":""}}},"product_brand":[],"product_cat":[397],"product_tag":[2311],"class_list":{"0":"post-7462","1":"product","2":"type-product","3":"status-publish","4":"has-post-thumbnail","6":"product_cat-protinadorovy-peptid","7":"product_tag-lanreotide-acetate-cas-127984-74-1-treat-for-acromegaly-and-symptomatic-neuroendocrine-tumors-cs","8":"desktop-align-left","9":"tablet-align-left","10":"mobile-align-left","12":"first","13":"instock","14":"shipping-taxable","15":"product-type-simple"},"_links":{"self":[{"href":"https:\/\/puyapeptide.net\/cs\/wp-json\/wp\/v2\/product\/7462","targetHints":{"allow":["GET"]}}],"collection":[{"href":"https:\/\/puyapeptide.net\/cs\/wp-json\/wp\/v2\/product"}],"about":[{"href":"https:\/\/puyapeptide.net\/cs\/wp-json\/wp\/v2\/types\/product"}],"replies":[{"embeddable":true,"href":"https:\/\/puyapeptide.net\/cs\/wp-json\/wp\/v2\/comments?post=7462"}],"wp:featuredmedia":[{"embeddable":true,"href":"https:\/\/puyapeptide.net\/cs\/wp-json\/wp\/v2\/media\/2097"}],"wp:attachment":[{"href":"https:\/\/puyapeptide.net\/cs\/wp-json\/wp\/v2\/media?parent=7462"}],"wp:term":[{"taxonomy":"product_brand","embeddable":true,"href":"https:\/\/puyapeptide.net\/cs\/wp-json\/wp\/v2\/product_brand?post=7462"},{"taxonomy":"product_cat","embeddable":true,"href":"https:\/\/puyapeptide.net\/cs\/wp-json\/wp\/v2\/product_cat?post=7462"},{"taxonomy":"product_tag","embeddable":true,"href":"https:\/\/puyapeptide.net\/cs\/wp-json\/wp\/v2\/product_tag?post=7462"}],"curies":[{"name":"wp","href":"https:\/\/api.w.org\/{rel}","templated":true}]}}