{"id":7471,"date":"2021-12-16T08:01:33","date_gmt":"2021-12-16T13:01:33","guid":{"rendered":"https:\/\/puyapeptide.net\/product\/vysoce-kvalitni-dulaglutide-cas-923950-08-7-s-dobrou-cenou\/"},"modified":"2021-12-16T08:01:33","modified_gmt":"2021-12-16T13:01:33","slug":"vysoce-kvalitni-dulaglutide-cas-923950-08-7-s-dobrou-cenou","status":"publish","type":"product","link":"https:\/\/puyapeptide.net\/cs\/product\/vysoce-kvalitni-dulaglutide-cas-923950-08-7-s-dobrou-cenou\/","title":{"rendered":"Vysoce kvalitn\u00ed Dulaglutide CAS 923950-08-7 s dobrou cenou"},"content":{"rendered":"<h2><strong>Vysoce kvalitn\u00ed Dulaglutide CAS 923950-08-7 s dobrou cenou<\/strong><\/h2>\n<p>N\u00e1zev produktu: Dulaglutid<br \/>\nSekvence\uff1a H-His-Gly-Glu-Gly-Thr-Phe-Thr-Ser-Asp-Val-Ser-Ser-Tyr-Leu-Glu-Glu-Gln-Ala- Ala-Lys-Glu-Phe-Ile-Ala-Trp-Leu-Val-Lys-Gly-Gly-Gly-OH<br \/>\nSynonyma: Dulaglutid &#8211; roztok v PBS;Dulaglutide USP\/EP\/BP<br \/>\nCAS: 923950 -08-7<br \/>\nMF: C149H221N37O49<br \/>\nMW: 3314,62<br \/>\nEINECS:<br \/>\nKategorie produkt\u016f: GLP<br \/>\nMol File: Mol File<\/p>\n<p>Dulaglutide, prod\u00e1van\u00fd pod zna\u010dkou Trulicity mimo jin\u00e9 je to l\u00e9k pou\u017e\u00edvan\u00fd k l\u00e9\u010db\u011b diabetu 2. typu v kombinaci s dietou a cvi\u010den\u00edm. Je tak\u00e9 schv\u00e1len ve Spojen\u00fdch st\u00e1tech pro sn\u00ed\u017een\u00ed z\u00e1va\u017en\u00fdch ne\u017e\u00e1douc\u00edch kardiovaskul\u00e1rn\u00edch p\u0159\u00edhod u dosp\u011bl\u00fdch s diabetem 2. typu, kte\u0159\u00ed maj\u00ed prok\u00e1zan\u00e9 kardiovaskul\u00e1rn\u00ed onemocn\u011bn\u00ed nebo mnoho\u010detn\u00e9 kardiovaskul\u00e1rn\u00ed rizikov\u00e9 faktory.<\/p>\n<p>Dulaglutid je nov\u00fd dlouhodob\u011b p\u016fsob\u00edc\u00ed agonista GLP-1R z\u00edskan\u00fd f\u00faz\u00ed dvou analog\u016f GLP-1 s inhibic\u00ed DPP-4 a fragmentu t\u011b\u017ek\u00e9ho \u0159et\u011bzce lidsk\u00e9ho imunoglobulinu IgG4-Fc, s podobnou aktivitou jako endogenn\u00ed GLP-1 v klinick\u00e9m proveden\u00ed a polo\u010dasem 5 dn\u016f, co\u017e \u00fa\u010dinn\u011b zpomaluje ren\u00e1ln\u00ed clearance .FDA schv\u00e1lil dulaglutid pro subkut\u00e1nn\u00ed injekci v z\u00e1\u0159\u00ed 2014. Evropsk\u00e1 komise schv\u00e1lila subkut\u00e1nn\u00ed injekci dulaglutidu k uveden\u00ed na trh v Evrop\u011b v prosinci 2014.<\/p>\n<p> <strong>\u00da\u010dinnost p\u0159\u00edpravku Dulaglutide CAS 923950-08-7<\/strong><br \/>\nJe schv\u00e1len k l\u00e9\u010db\u011b diabetu.<\/p>\n","protected":false},"excerpt":{"rendered":"<p>N\u00e1zev produktu: Dulaglutide<br \/>\nCAS: 923950-08-7<br \/>\nMF: C149H221N37O49<br \/>\nMW: 3314,62<\/p>\n","protected":false},"featured_media":2160,"comment_status":"open","ping_status":"closed","template":"","meta":{"om_disable_all_campaigns":false,"_monsterinsights_skip_tracking":false,"_monsterinsights_sitenote_active":false,"_monsterinsights_sitenote_note":"","_monsterinsights_sitenote_category":0,"site-sidebar-layout":"default","site-content-layout":"default","ast-site-content-layout":"default","site-content-style":"default","site-sidebar-style":"default","ast-global-header-display":"","ast-banner-title-visibility":"","ast-main-header-display":"","ast-hfb-above-header-display":"","ast-hfb-below-header-display":"","ast-hfb-mobile-header-display":"","site-post-title":"","ast-breadcrumbs-content":"","ast-featured-img":"","footer-sml-layout":"","ast-disable-related-posts":"","theme-transparent-header-meta":"default","adv-header-id-meta":"","stick-header-meta":"","header-above-stick-meta":"","header-main-stick-meta":"","header-below-stick-meta":"","astra-migrate-meta-layouts":"default","ast-page-background-enabled":"default","ast-page-background-meta":{"desktop":{"background-color":"","background-image":"","background-repeat":"repeat","background-position":"center center","background-size":"auto","background-attachment":"scroll","background-type":"","background-media":"","overlay-type":"","overlay-color":"","overlay-opacity":"","overlay-gradient":""},"tablet":{"background-color":"","background-image":"","background-repeat":"repeat","background-position":"center center","background-size":"auto","background-attachment":"scroll","background-type":"","background-media":"","overlay-type":"","overlay-color":"","overlay-opacity":"","overlay-gradient":""},"mobile":{"background-color":"","background-image":"","background-repeat":"repeat","background-position":"center center","background-size":"auto","background-attachment":"scroll","background-type":"","background-media":"","overlay-type":"","overlay-color":"","overlay-opacity":"","overlay-gradient":""}},"ast-content-background-meta":{"desktop":{"background-color":"var(--ast-global-color-5)","background-image":"","background-repeat":"repeat","background-position":"center center","background-size":"auto","background-attachment":"scroll","background-type":"","background-media":"","overlay-type":"","overlay-color":"","overlay-opacity":"","overlay-gradient":""},"tablet":{"background-color":"var(--ast-global-color-5)","background-image":"","background-repeat":"repeat","background-position":"center center","background-size":"auto","background-attachment":"scroll","background-type":"","background-media":"","overlay-type":"","overlay-color":"","overlay-opacity":"","overlay-gradient":""},"mobile":{"background-color":"var(--ast-global-color-5)","background-image":"","background-repeat":"repeat","background-position":"center center","background-size":"auto","background-attachment":"scroll","background-type":"","background-media":"","overlay-type":"","overlay-color":"","overlay-opacity":"","overlay-gradient":""}}},"product_brand":[],"product_cat":[339],"product_tag":[2275],"class_list":{"0":"post-7471","1":"product","2":"type-product","3":"status-publish","4":"has-post-thumbnail","6":"product_cat-peptid-diabetu","7":"product_tag-high-quality-dulaglutide-cas-923950-08-7-with-good-price-cs","8":"desktop-align-left","9":"tablet-align-left","10":"mobile-align-left","12":"first","13":"instock","14":"shipping-taxable","15":"product-type-simple"},"_links":{"self":[{"href":"https:\/\/puyapeptide.net\/cs\/wp-json\/wp\/v2\/product\/7471","targetHints":{"allow":["GET"]}}],"collection":[{"href":"https:\/\/puyapeptide.net\/cs\/wp-json\/wp\/v2\/product"}],"about":[{"href":"https:\/\/puyapeptide.net\/cs\/wp-json\/wp\/v2\/types\/product"}],"replies":[{"embeddable":true,"href":"https:\/\/puyapeptide.net\/cs\/wp-json\/wp\/v2\/comments?post=7471"}],"wp:featuredmedia":[{"embeddable":true,"href":"https:\/\/puyapeptide.net\/cs\/wp-json\/wp\/v2\/media\/2160"}],"wp:attachment":[{"href":"https:\/\/puyapeptide.net\/cs\/wp-json\/wp\/v2\/media?parent=7471"}],"wp:term":[{"taxonomy":"product_brand","embeddable":true,"href":"https:\/\/puyapeptide.net\/cs\/wp-json\/wp\/v2\/product_brand?post=7471"},{"taxonomy":"product_cat","embeddable":true,"href":"https:\/\/puyapeptide.net\/cs\/wp-json\/wp\/v2\/product_cat?post=7471"},{"taxonomy":"product_tag","embeddable":true,"href":"https:\/\/puyapeptide.net\/cs\/wp-json\/wp\/v2\/product_tag?post=7471"}],"curies":[{"name":"wp","href":"https:\/\/api.w.org\/{rel}","templated":true}]}}