{"id":7492,"date":"2021-12-16T08:02:28","date_gmt":"2021-12-16T13:02:28","guid":{"rendered":"https:\/\/puyapeptide.net\/product\/horky-prodej-albiglutide-cas-782500-75-8-lek-na-cukrovku\/"},"modified":"2021-12-16T08:02:28","modified_gmt":"2021-12-16T13:02:28","slug":"horky-prodej-albiglutide-cas-782500-75-8-lek-na-cukrovku","status":"publish","type":"product","link":"https:\/\/puyapeptide.net\/cs\/product\/horky-prodej-albiglutide-cas-782500-75-8-lek-na-cukrovku\/","title":{"rendered":"Hork\u00fd prodej Albiglutide CAS 782500-75-8 l\u00e9k na cukrovku"},"content":{"rendered":"<h2><strong>Hork\u00fd prodej Albiglutide CAS 782500-75-8 l\u00e9k na cukrovku<\/strong><\/h2>\n<p>N\u00e1zev produktu: Albiglutid<br \/>\nSekvence: H-His-Gly-Glu-Gly-Thr-Phe-Thr-Ser-Asp-Val-Ser-Ser-Tyr-Leu-Glu-Gly-Gln-Ala- Ala-Lys-Glu-Phe-Ile-Ala-Trp-Leu-Val-Lys-Gly-Arg-OH<br \/>\nSynonyma: albiglutid;Albugon;Naliglutid;7-36-Glukagonu podobn\u00fd peptid I (8-glycin) (\u010dlov\u011bk), f\u00fazn\u00ed protein s 7-36-glukagonu podobn\u00fd peptid I (8-glycin) (lidsk\u00fd) f\u00fazn\u00ed protein se s\u00e9rem;Gsk 716155;Unii-5E7U48495e;7-36-glukagonu podobn\u00fd peptid I [8-glycin] ( huMan), f\u00fazn\u00ed protein s 7-36-glukagonu podobn\u00fdm peptidem I[8-glycin] (huMan) f\u00fazn\u00ed protein se s\u00e9rem albuMin (huMan);Albiglutidov\u00fd fragment<br \/>\nCAS: 782500-75-8<br \/>\nMF: C148H223N39O46<br \/>\nMW: 3284.58792<br \/>\nEINECS:<br \/>\nKategorie produkt\u016f: GLP<br \/>\nMol File: 782500-75-8.mol<\/p>\n<p>Albiglutid je schv\u00e1len FDA pro diabetes mellitus 2. typu (DM) a profylaxe poruch kardiovaskul\u00e1rn\u00edho syst\u00e9mu v d\u016fsledku diabetu 2. typu. Jeho d\u00e1vkov\u00e1n\u00ed zahrnuje titraci ke sn\u00ed\u017een\u00ed gastrointestin\u00e1ln\u00edch symptom\u016f, jako je nauzea, pr\u016fjem a zvracen\u00ed: za\u010dn\u011bte 0,6 mg denn\u011b subkut\u00e1nn\u00ed injekci po dobu 1 t\u00fddne; zv\u00fd\u0161en\u00ed na udr\u017eovac\u00ed d\u00e1vku 1,2 mg denn\u011b; a podle pot\u0159eby zv\u00fd\u0161it na 1,8 mg denn\u011b.<br \/>\nLiraglutid je tak\u00e9 schv\u00e1len FDA jako Saxenda pro obezitu s indexem t\u011blesn\u00e9 hmotnosti 30 kg\/m2 <or 27kg\/m2 with the presence of at least 1 weight-related comorbid condition. Saxenda is initiated at 0.6 mg subcutaneous daily injection for 1 week, with weekly increments of 0.6 mg per day, until the maintenance dosage of 3 mg once daily is reached.3 If the patient misses a dose of liraglutide injection for more than 3 days, re-initiation at 0.6 mg is recommended to mitigate gastrointestinal (GI) symptoms. <strong>Funkce a aplikace albiglutidu CAS 782500-75-8 <\/strong><br \/>\nDne 15. dubna 2014 americk\u00fd \u00da\u0159ad pro kontrolu potravin a l\u00e9\u010div (FDA) ofici\u00e1ln\u011b schv\u00e1lil l\u00e9k na cukrovku Albiglutide k uveden\u00ed na trh. L\u00e9k je druh\u00fdm dlouhodob\u011b p\u016fsob\u00edc\u00edm analogem GLP-1 schv\u00e1len\u00fdm k agonizaci receptoru GLP-1 a podpo\u0159e sekrece inzul\u00ednu pro l\u00e9\u010dbu diabetu 2. typu.<\/p>\n","protected":false},"excerpt":{"rendered":"<p>N\u00e1zev produktu: Albiglutide<br \/>\nCAS: 782500-75-8<br \/>\nMF: C148H223N39O46<br \/>\nMW: 3284,58792<br \/>\nMol Soubor: 782500-75-8.mol<\/p>\n","protected":false},"featured_media":2202,"comment_status":"open","ping_status":"closed","template":"","meta":{"om_disable_all_campaigns":false,"_monsterinsights_skip_tracking":false,"_monsterinsights_sitenote_active":false,"_monsterinsights_sitenote_note":"","_monsterinsights_sitenote_category":0,"site-sidebar-layout":"default","site-content-layout":"default","ast-site-content-layout":"default","site-content-style":"default","site-sidebar-style":"default","ast-global-header-display":"","ast-banner-title-visibility":"","ast-main-header-display":"","ast-hfb-above-header-display":"","ast-hfb-below-header-display":"","ast-hfb-mobile-header-display":"","site-post-title":"","ast-breadcrumbs-content":"","ast-featured-img":"","footer-sml-layout":"","ast-disable-related-posts":"","theme-transparent-header-meta":"default","adv-header-id-meta":"","stick-header-meta":"","header-above-stick-meta":"","header-main-stick-meta":"","header-below-stick-meta":"","astra-migrate-meta-layouts":"default","ast-page-background-enabled":"default","ast-page-background-meta":{"desktop":{"background-color":"","background-image":"","background-repeat":"repeat","background-position":"center center","background-size":"auto","background-attachment":"scroll","background-type":"","background-media":"","overlay-type":"","overlay-color":"","overlay-opacity":"","overlay-gradient":""},"tablet":{"background-color":"","background-image":"","background-repeat":"repeat","background-position":"center center","background-size":"auto","background-attachment":"scroll","background-type":"","background-media":"","overlay-type":"","overlay-color":"","overlay-opacity":"","overlay-gradient":""},"mobile":{"background-color":"","background-image":"","background-repeat":"repeat","background-position":"center center","background-size":"auto","background-attachment":"scroll","background-type":"","background-media":"","overlay-type":"","overlay-color":"","overlay-opacity":"","overlay-gradient":""}},"ast-content-background-meta":{"desktop":{"background-color":"var(--ast-global-color-5)","background-image":"","background-repeat":"repeat","background-position":"center center","background-size":"auto","background-attachment":"scroll","background-type":"","background-media":"","overlay-type":"","overlay-color":"","overlay-opacity":"","overlay-gradient":""},"tablet":{"background-color":"var(--ast-global-color-5)","background-image":"","background-repeat":"repeat","background-position":"center center","background-size":"auto","background-attachment":"scroll","background-type":"","background-media":"","overlay-type":"","overlay-color":"","overlay-opacity":"","overlay-gradient":""},"mobile":{"background-color":"var(--ast-global-color-5)","background-image":"","background-repeat":"repeat","background-position":"center center","background-size":"auto","background-attachment":"scroll","background-type":"","background-media":"","overlay-type":"","overlay-color":"","overlay-opacity":"","overlay-gradient":""}}},"product_brand":[],"product_cat":[339],"product_tag":[2252],"class_list":{"0":"post-7492","1":"product","2":"type-product","3":"status-publish","4":"has-post-thumbnail","6":"product_cat-peptid-diabetu","7":"product_tag-hot-sale-albiglutide-cas-782500-75-8-treat-for-diabetes-cs","8":"desktop-align-left","9":"tablet-align-left","10":"mobile-align-left","12":"first","13":"instock","14":"shipping-taxable","15":"product-type-simple"},"_links":{"self":[{"href":"https:\/\/puyapeptide.net\/cs\/wp-json\/wp\/v2\/product\/7492","targetHints":{"allow":["GET"]}}],"collection":[{"href":"https:\/\/puyapeptide.net\/cs\/wp-json\/wp\/v2\/product"}],"about":[{"href":"https:\/\/puyapeptide.net\/cs\/wp-json\/wp\/v2\/types\/product"}],"replies":[{"embeddable":true,"href":"https:\/\/puyapeptide.net\/cs\/wp-json\/wp\/v2\/comments?post=7492"}],"wp:featuredmedia":[{"embeddable":true,"href":"https:\/\/puyapeptide.net\/cs\/wp-json\/wp\/v2\/media\/2202"}],"wp:attachment":[{"href":"https:\/\/puyapeptide.net\/cs\/wp-json\/wp\/v2\/media?parent=7492"}],"wp:term":[{"taxonomy":"product_brand","embeddable":true,"href":"https:\/\/puyapeptide.net\/cs\/wp-json\/wp\/v2\/product_brand?post=7492"},{"taxonomy":"product_cat","embeddable":true,"href":"https:\/\/puyapeptide.net\/cs\/wp-json\/wp\/v2\/product_cat?post=7492"},{"taxonomy":"product_tag","embeddable":true,"href":"https:\/\/puyapeptide.net\/cs\/wp-json\/wp\/v2\/product_tag?post=7492"}],"curies":[{"name":"wp","href":"https:\/\/api.w.org\/{rel}","templated":true}]}}