{"id":7551,"date":"2021-12-16T08:05:35","date_gmt":"2021-12-16T13:05:35","guid":{"rendered":"https:\/\/puyapeptide.net\/product\/ghrp-6-peptid-uvolnujici-rustovy-hormon-hexapeptid-2-cas-87616-84-0\/"},"modified":"2024-08-06T22:15:08","modified_gmt":"2024-08-07T02:15:08","slug":"ghrp-6-peptid-uvolnujici-rustovy-hormon-hexapeptid-2-cas-87616-84-0","status":"publish","type":"product","link":"https:\/\/puyapeptide.net\/cs\/product\/ghrp-6-peptid-uvolnujici-rustovy-hormon-hexapeptid-2-cas-87616-84-0\/","title":{"rendered":"GHRP-6\/ Peptid uvol\u0148uj\u00edc\u00ed r\u016fstov\u00fd hormon\/ Hexapeptid-2 CAS 87616-84-0"},"content":{"rendered":"<h2><strong>GHRP-6\/ Peptid uvol\u0148uj\u00edc\u00ed r\u016fstov\u00fd hormon\/ Hexapeptid-2 CAS 87616-84-0<\/strong><\/h2>\n<p>N\u00e1zev produktu: Peptid uvol\u0148uj\u00edc\u00ed r\u016fstov\u00fd hormon<br \/>\nSynonyma: D-TRP7,ALA8,D-PHE10]-A-MELANOCYTESTIMULUJ\u00cdC\u00cd HORMONAMIDEFRAGMENT6-11;(2S)-6-amino-2-[[2-[[(2S )-2-[[(2S)-2-[[(2R)-2-[[(2S)-2-amino-3-(3H-imidazol-4-yl)propanoyl]amino]-3-(1H -indol-3-yl)propanoyl]amino]propanoyl]amino]-3-(lH-indol-3-yl)propanoyl]amino]-3-fenylpropanoyl]amino]hexanamid; Peptid uvol\u0148uj\u00edc\u00ed r\u016fstov\u00fd hormon; (D- trp7,ala8,D-phe10)-A-melanocyt*stimuluj\u00edc\u00ed ho;(D-TRP7,ALA8,D-PHE10)-A-MELANOCYTE*STIMUL LATING HORM;R\u016fst;[d-trp7, ala8,d-phe10]- \u03b1-melanocyty stimuluj\u00edc\u00ed hormon amidov\u00fd fragment 6-11;Vysoce \u010dist\u00fd Ghrp-6 peptid pro svalovou hmotu CAS NO.87616-84-0 CAS NO.87616-84-0<br \/>\nCAS: 87616-84-0<br \/>\n MF: C46H56N12O6<br \/>\nMW: 873,01<br \/>\nEINECS:<br \/>\nKategorie produkt\u016f: Peptid;GHRP6;hgh<br \/>\nMol File: 87616-84-0.mol<\/p>\n<p>Je to v podstat\u011b tajenka, kter\u00fd m\u00e1 potenci\u00e1l usnadnit \u00fa\u010dinn\u00e9 zv\u00fd\u0161en\u00ed \u00farovn\u011b p\u0159irozen\u00e9 sekrece v na\u0161em t\u011ble. Sou\u010dasn\u011b m\u016f\u017ee tato slou\u010denina tak\u00e9 usnadnit n\u00e1hl\u00fd n\u00e1r\u016fst t\u011blesn\u00e9 hmoty a zp\u016fsobit masivn\u00ed sn\u00ed\u017een\u00ed t\u011blesn\u00e9ho tuku. GHRP 6 tak\u00e9 obsahuje um\u011bl\u00e9 d-aminokyseliny, kter\u00e9 vedou t\u011blo k uvol\u0148ov\u00e1n\u00ed. Nen\u00ed zn\u00e1mo, \u017ee by GHRP 6 fungoval dob\u0159e, tak\u017ee funguje na receptoru m\u00edsto tohoto receptoru.<\/p>\n<p>Je to slou\u010denina s jedine\u010dn\u00fdm \u0159et\u011bzcem sest\u00e1vaj\u00edc\u00edm ze 6 aminokyselin, kter\u00fd je zodpov\u011bdn\u00fd za to, \u017ee na\u0161e t\u011blo sd\u011bl\u00ed, kdy m\u00e1 aby za\u010dal uvol\u0148ovat sekrety. Blokuje tak\u00e9 somatostatin, hor, kter\u00fd je prim\u00e1rn\u011b zodpov\u011bdn\u00fd za zastaven\u00ed uvol\u0148ov\u00e1n\u00ed sekret\u016f.<\/p>\n<p>Hlavn\u00edm vyu\u017eit\u00edm je podpora konzumace j\u00eddla t\u00edm, \u017ee vyvol\u00e1v\u00e1 pocit hladu a zlep\u0161uje u \u010dlov\u011bka energetick\u00fd metabolismus. Tato slou\u010denina byla tak\u00e9 \u0161iroce pou\u017e\u00edv\u00e1na k l\u00e9\u010db\u011b nedostatku hor spolu s dal\u0161\u00edmi komplikacemi, jako je obezita a poruchy p\u0159\u00edjmu potravy.<\/p>\n<p>A\u010dkoli je na trhu relativn\u011b nov\u00e1, stala se docela popul\u00e1rn\u00ed jako prost\u0159edek zvy\u0161uj\u00edc\u00ed v\u00fdkon. Na trh jej dod\u00e1v\u00e1 n\u011bkolik v\u00fdzkumn\u00fdch spole\u010dnost\u00ed.<\/p>\n<p> <strong>GHRP-6\/ Peptid uvol\u0148uj\u00edc\u00ed r\u016fstov\u00fd hormon\/ Hexapeptid-2 Chemick\u00e9 vlastnosti CAS 87616-84-0<\/strong><br \/>\nBod varu 1407,0\u00b165,0 \u00b0C( P\u0159edpokl\u00e1dan\u00e1)<br \/>\nhustota 1,333\u00b10,06 g\/cm3 (P\u0159edpokl\u00e1dan\u00e1)<br \/>\ntepl. \u221220\u00b0C<br \/>\npka 13,42\u00b10,46(P\u0159edpov\u011bzeno)<br \/>\nReferen\u010dn\u00ed \u010d\u00edslo datab\u00e1ze CAS 87616-84-0(Reference datab\u00e1ze CAS)<\/p>\n<p> <strong>Pou\u017eit\u00ed GHRP-6\/ Peptid uvol\u0148uj\u00edc\u00ed r\u016fstov\u00fd hormon\/ Hexapeptid-2 CAS 87616-84-0<\/strong><br \/>\nP\u0159\u00edmo stimuluje p\u0159edn\u00ed hypof\u00fdzu, co\u017e n\u00e1sledn\u011b vede ke zv\u00fd\u0161en\u00ed uvol\u0148ov\u00e1n\u00ed v t\u011ble. Proto\u017ee GHRP 6 p\u0159\u00edmo ovliv\u0148uje zp\u011btnovazebn\u00ed smy\u010dku, kter\u00e1 spou\u0161t\u00ed zm\u011bny v inhibici uvol\u0148ov\u00e1n\u00ed, lze jej pou\u017e\u00edt k obnoven\u00ed p\u0159irozen\u00e9 produkce, pokud byla p\u0159irozen\u00e1 sekrece naru\u0161ena v d\u016fsledku dlouhodob\u00e9ho um\u011bl\u00e9ho pou\u017e\u00edv\u00e1n\u00ed. GHRP 6 m\u00e1 \u00fadajn\u011b tak\u00e9 vliv na n\u00e1\u0161 nervov\u00fd syst\u00e9m. Jsou potenci\u00e1ln\u011b schopn\u00e9 chr\u00e1nit neurony a zvy\u0161ovat s\u00edlu \u010dlov\u011bka. Fungov\u00e1n\u00ed GHRP 6 se n\u00e1padn\u011b podob\u00e1 pr\u00e1ci n\u011bkolika surov\u00fdch pr\u00e1\u0161k\u016f v rodin\u011b.<\/p>\n","protected":false},"excerpt":{"rendered":"<p>N\u00e1zev produktu: Peptid uvol\u0148uj\u00edc\u00ed r\u016fstov\u00fd hormon<br \/>\nCAS: 87616-84-0<br \/>\nMF: C46H56N12O6<br \/>\nMW: 873,01<br \/>\nMol Soubor: 87616-84-0.mol<\/p>\n","protected":false},"featured_media":2097,"comment_status":"open","ping_status":"closed","template":"","meta":{"om_disable_all_campaigns":false,"_monsterinsights_skip_tracking":false,"_monsterinsights_sitenote_active":false,"_monsterinsights_sitenote_note":"","_monsterinsights_sitenote_category":0,"site-sidebar-layout":"default","site-content-layout":"default","ast-site-content-layout":"default","site-content-style":"default","site-sidebar-style":"default","ast-global-header-display":"","ast-banner-title-visibility":"","ast-main-header-display":"","ast-hfb-above-header-display":"","ast-hfb-below-header-display":"","ast-hfb-mobile-header-display":"","site-post-title":"","ast-breadcrumbs-content":"","ast-featured-img":"","footer-sml-layout":"","ast-disable-related-posts":"","theme-transparent-header-meta":"default","adv-header-id-meta":"","stick-header-meta":"","header-above-stick-meta":"","header-main-stick-meta":"","header-below-stick-meta":"","astra-migrate-meta-layouts":"default","ast-page-background-enabled":"default","ast-page-background-meta":{"desktop":{"background-color":"","background-image":"","background-repeat":"repeat","background-position":"center center","background-size":"auto","background-attachment":"scroll","background-type":"","background-media":"","overlay-type":"","overlay-color":"","overlay-opacity":"","overlay-gradient":""},"tablet":{"background-color":"","background-image":"","background-repeat":"repeat","background-position":"center center","background-size":"auto","background-attachment":"scroll","background-type":"","background-media":"","overlay-type":"","overlay-color":"","overlay-opacity":"","overlay-gradient":""},"mobile":{"background-color":"","background-image":"","background-repeat":"repeat","background-position":"center center","background-size":"auto","background-attachment":"scroll","background-type":"","background-media":"","overlay-type":"","overlay-color":"","overlay-opacity":"","overlay-gradient":""}},"ast-content-background-meta":{"desktop":{"background-color":"var(--ast-global-color-5)","background-image":"","background-repeat":"repeat","background-position":"center center","background-size":"auto","background-attachment":"scroll","background-type":"","background-media":"","overlay-type":"","overlay-color":"","overlay-opacity":"","overlay-gradient":""},"tablet":{"background-color":"var(--ast-global-color-5)","background-image":"","background-repeat":"repeat","background-position":"center center","background-size":"auto","background-attachment":"scroll","background-type":"","background-media":"","overlay-type":"","overlay-color":"","overlay-opacity":"","overlay-gradient":""},"mobile":{"background-color":"var(--ast-global-color-5)","background-image":"","background-repeat":"repeat","background-position":"center center","background-size":"auto","background-attachment":"scroll","background-type":"","background-media":"","overlay-type":"","overlay-color":"","overlay-opacity":"","overlay-gradient":""}}},"product_brand":[],"product_cat":[515],"product_tag":[],"class_list":{"0":"post-7551","1":"product","2":"type-product","3":"status-publish","4":"has-post-thumbnail","6":"product_cat-jine-peptidy","7":"desktop-align-left","8":"tablet-align-left","9":"mobile-align-left","11":"first","12":"instock","13":"shipping-taxable","14":"product-type-simple"},"_links":{"self":[{"href":"https:\/\/puyapeptide.net\/cs\/wp-json\/wp\/v2\/product\/7551","targetHints":{"allow":["GET"]}}],"collection":[{"href":"https:\/\/puyapeptide.net\/cs\/wp-json\/wp\/v2\/product"}],"about":[{"href":"https:\/\/puyapeptide.net\/cs\/wp-json\/wp\/v2\/types\/product"}],"replies":[{"embeddable":true,"href":"https:\/\/puyapeptide.net\/cs\/wp-json\/wp\/v2\/comments?post=7551"}],"wp:featuredmedia":[{"embeddable":true,"href":"https:\/\/puyapeptide.net\/cs\/wp-json\/wp\/v2\/media\/2097"}],"wp:attachment":[{"href":"https:\/\/puyapeptide.net\/cs\/wp-json\/wp\/v2\/media?parent=7551"}],"wp:term":[{"taxonomy":"product_brand","embeddable":true,"href":"https:\/\/puyapeptide.net\/cs\/wp-json\/wp\/v2\/product_brand?post=7551"},{"taxonomy":"product_cat","embeddable":true,"href":"https:\/\/puyapeptide.net\/cs\/wp-json\/wp\/v2\/product_cat?post=7551"},{"taxonomy":"product_tag","embeddable":true,"href":"https:\/\/puyapeptide.net\/cs\/wp-json\/wp\/v2\/product_tag?post=7551"}],"curies":[{"name":"wp","href":"https:\/\/api.w.org\/{rel}","templated":true}]}}