{"id":7562,"date":"2021-12-16T08:08:16","date_gmt":"2021-12-16T13:08:16","guid":{"rendered":"https:\/\/puyapeptide.net\/product\/pralmorelin-ghrp-2-cas-158861-67-7-pro-laboratorni-vyzkum\/"},"modified":"2021-12-16T08:08:16","modified_gmt":"2021-12-16T13:08:16","slug":"pralmorelin-ghrp-2-cas-158861-67-7-pro-laboratorni-vyzkum","status":"publish","type":"product","link":"https:\/\/puyapeptide.net\/cs\/product\/pralmorelin-ghrp-2-cas-158861-67-7-pro-laboratorni-vyzkum\/","title":{"rendered":"Pralmorelin\/ GHRP-2 CAS 158861-67-7 Pro laboratorn\u00ed v\u00fdzkum"},"content":{"rendered":"<h2><strong>Pralmorelin\/ GHRP-2 CAS 158861-67-7 Pro laboratorn\u00ed v\u00fdzkum<\/strong><\/h2>\n<p>N\u00e1zev produktu: Pralmorelin\/ GHRP-2<br \/>\nSynonyma: d-ala-\u03b2-(2-naftyl)-d-ala-trp-d-phe-lys amid;L-lysinamid, D-alanyl-3 -(2-naftalenyl)-D-alanyl-L-alanyl-L-tryptofyl-D-fenylalanyl-;PRALMORELIN;D-ALA-D-NAL(2)-ALA-TRP-D-PHE-LYS-NH2 ACET\u00c1T S\u016eL ;D-ALA-BETA-(2-NAFTYL)-D-ALA-TRP-D-PHE-LYS AMID;D-ALA-D-2-NAL-ALA-TRP-D-PHE-LYS-NH2;(DES -ALA3,D-ALA1,D-2-NAL2)-GHRP-6;(DES-ALA3)-GHRP-2<br \/>\nCAS: 158861-67-7<br \/>\nMF: C45H55N9O6<br \/>\nMW: 817,97&lt; &amp;&gt;EINECS: 206-616-8<br \/>\nKategorie produkt\u016f: Peptid;Peptidy;GHRP2;hgh<br \/>\nMol File: 158861-67-7.mol<\/p>\n<p>GHRP 2 (Releasing Peptide 2) je sekretagog t\u0159\u00eddy hexapeptid\u016f. Sd\u00edl\u00ed mnoho podobnost\u00ed s GHRP 6, GHRP 2 je prvn\u00ed v t\u00e9to t\u0159\u00edd\u011b a v mnoha kruz\u00edch je pova\u017eov\u00e1n za lep\u0161\u00ed volbu mezi n\u00edm a GHRP 6. Nen\u00ed to tak, \u017ee by se \u010dasto pou\u017e\u00edval samostatn\u011b, ale t\u00e9m\u011b\u0159 v\u017edy se pou\u017e\u00edv\u00e1 s Releasing (GHRH) . Slou\u010deninu lze tak\u00e9 b\u011b\u017en\u011b nal\u00e9zt pod n\u00e1zvy P&#39;ralmorelin nebo GHRP Kaken 100. Nicm\u00e9n\u011b ve v\u011bt\u0161in\u011b farmaceutick\u00fdch kruh\u016f a kruz\u00edch zalo\u017een\u00fdch na v\u00fdkonnosti byla v posledn\u00edch letech nej\u010dast\u011bji ozna\u010dov\u00e1na jako GHRP 2.<\/p>\n<p>G&#39; hrelin nejen podporuje uvol\u0148ov\u00e1n\u00ed r\u016fstu, ale m\u00e1 tak\u00e9 dal\u0161\u00ed biologick\u00e9 \u00fa\u010dinky, jako je zprost\u0159edkov\u00e1n\u00ed v\u00fd\u017eivy a energetick\u00fd metabolismus, kardiovaskul\u00e1rn\u00ed funkce, kontrola gastrointestin\u00e1ln\u00ed funkce a inhibice proliferace n\u00e1dorov\u00fdch bun\u011bk a tak d\u00e1le. Ned\u00e1vn\u00e9 studie uk\u00e1zaly, \u017ee koncentrace g&#39;hrelinu v s\u00e9ru pozitivn\u011b korelovala s BMD, tak\u017ee ghrelin se m\u016f\u017ee pod\u00edlet na metabolismu kostn\u00ed tk\u00e1n\u011b a ovlivnit funkci osteoblast\u016f.<\/p>\n<p> <strong>Pralmorelin\/ GHRP-2 CAS 158861-67- 7 Chemick\u00e9 vlastnosti<\/strong><br \/>\nBod varu 1265,3\u00b165,0 \u00b0C (p\u0159edpokl\u00e1dan\u00e1)<br \/>\nhustota 1,270\u00b10,06 g\/cm3 (p\u0159edpokl\u00e1dan\u00e1)<br \/>\ntepl. \u221220\u00b0C<br \/>\nforma lyofilizovan\u00e9ho pr\u00e1\u0161ku<br \/>\npka 13,40\u00b10,46(p\u0159edpokl\u00e1dan\u00e1)<br \/>\nbarva b\u00edl\u00e1 a\u017e b\u00e9\u017eov\u00e1<br \/>\nCAS DataBase Reference 158861-67-7(CAS DataBase Reference)<\/p>\n<p> <strong>Pou\u017eit\u00ed of Pralmorelin\/ GHRP-2 CAS 158861-67-7<\/strong> <\/p>\n<p>1. Polo\u010das rozpadu GHRP 2 je v\u0161ak pom\u011brn\u011b kr\u00e1tk\u00fd, jeho vrchol nast\u00e1v\u00e1 p\u0159ibli\u017en\u011b 15 minut po jeho pod\u00e1n\u00ed nebo nejpozd\u011bji o hodinu pozd\u011bji. V ide\u00e1ln\u00edm p\u0159\u00edpad\u011b by tato terapie m\u011bla b\u00fdt pod\u00e1v\u00e1na pravideln\u011b ka\u017ed\u00fd den.<\/p>\n<p>2. Podobn\u011b jako GHRP 6 je GHRP 2 jeho komer\u010dn\u011b syntetizovan\u00e1 forma, kter\u00e1 dok\u00e1\u017ee mnohem l\u00e9pe stimulovat sekreci a o n\u011bco l\u00e9pe stimulovat hladiny PRL, kortizolu a ACTH. Pro g&#39;hrelin na druh\u00e9 stran\u011b funguje jako syntetick\u00fd agonista, kter\u00fd se m\u016f\u017ee spojit s sekretagogick\u00fdm receptorem . GHRP 2 m\u016f\u017ee tak\u00e9 zv\u00fd\u0161it hladinu p\u0159\u00edlivu v\u00e1penat\u00fdch iont\u016f a n\u00e1sledn\u011b uvol\u0148ovat je\u0161t\u011b v\u00edce hormon\u016f.<\/p>\n<p>3. Krom\u011b toho ji\u017e byl proveden n\u011bjak\u00fd v\u00fdzkum, kter\u00fd dokazuje, jak podobn\u00e9 je to s \u00fa\u010dinnost\u00ed GRF. Ve skute\u010dnosti se uk\u00e1zalo, \u017ee je mnohem \u00fa\u010dinn\u011bj\u0161\u00ed ve srovn\u00e1n\u00ed s jak\u00fdmikoli jin\u00fdmi sekretory uvol\u0148uj\u00edc\u00edmi G H zn\u00e1m\u00fdmi v minulosti, v\u010detn\u011b GHRP 1 a GHRP 6. Z tohoto d\u016fvodu se tento hormon \u010dasto pou\u017e\u00edv\u00e1 jako l\u00e9\u010dba katabolick\u00fdch nedostatk\u016f. a st\u00e1ty v dne\u0161n\u00ed dob\u011b.<\/p>\n","protected":false},"excerpt":{"rendered":"<p>N\u00e1zev produktu: Pralmorelin\/ GHRP-2<br \/>\nCAS: 158861-67-7<br \/>\nMF: C45H55N9O6<br \/>\nMW: 817,97<br \/>\nEINECS: 206-616-8<br \/>\nMol File: 158861-67- 7.mol<\/p>\n","protected":false},"featured_media":2265,"comment_status":"open","ping_status":"closed","template":"","meta":{"om_disable_all_campaigns":false,"_monsterinsights_skip_tracking":false,"_monsterinsights_sitenote_active":false,"_monsterinsights_sitenote_note":"","_monsterinsights_sitenote_category":0,"site-sidebar-layout":"default","site-content-layout":"default","ast-site-content-layout":"default","site-content-style":"default","site-sidebar-style":"default","ast-global-header-display":"","ast-banner-title-visibility":"","ast-main-header-display":"","ast-hfb-above-header-display":"","ast-hfb-below-header-display":"","ast-hfb-mobile-header-display":"","site-post-title":"","ast-breadcrumbs-content":"","ast-featured-img":"","footer-sml-layout":"","ast-disable-related-posts":"","theme-transparent-header-meta":"default","adv-header-id-meta":"","stick-header-meta":"","header-above-stick-meta":"","header-main-stick-meta":"","header-below-stick-meta":"","astra-migrate-meta-layouts":"default","ast-page-background-enabled":"default","ast-page-background-meta":{"desktop":{"background-color":"","background-image":"","background-repeat":"repeat","background-position":"center center","background-size":"auto","background-attachment":"scroll","background-type":"","background-media":"","overlay-type":"","overlay-color":"","overlay-opacity":"","overlay-gradient":""},"tablet":{"background-color":"","background-image":"","background-repeat":"repeat","background-position":"center center","background-size":"auto","background-attachment":"scroll","background-type":"","background-media":"","overlay-type":"","overlay-color":"","overlay-opacity":"","overlay-gradient":""},"mobile":{"background-color":"","background-image":"","background-repeat":"repeat","background-position":"center center","background-size":"auto","background-attachment":"scroll","background-type":"","background-media":"","overlay-type":"","overlay-color":"","overlay-opacity":"","overlay-gradient":""}},"ast-content-background-meta":{"desktop":{"background-color":"var(--ast-global-color-5)","background-image":"","background-repeat":"repeat","background-position":"center center","background-size":"auto","background-attachment":"scroll","background-type":"","background-media":"","overlay-type":"","overlay-color":"","overlay-opacity":"","overlay-gradient":""},"tablet":{"background-color":"var(--ast-global-color-5)","background-image":"","background-repeat":"repeat","background-position":"center center","background-size":"auto","background-attachment":"scroll","background-type":"","background-media":"","overlay-type":"","overlay-color":"","overlay-opacity":"","overlay-gradient":""},"mobile":{"background-color":"var(--ast-global-color-5)","background-image":"","background-repeat":"repeat","background-position":"center center","background-size":"auto","background-attachment":"scroll","background-type":"","background-media":"","overlay-type":"","overlay-color":"","overlay-opacity":"","overlay-gradient":""}}},"product_brand":[],"product_cat":[515],"product_tag":[2185],"class_list":{"0":"post-7562","1":"product","2":"type-product","3":"status-publish","4":"has-post-thumbnail","6":"product_cat-jine-peptidy","7":"product_tag-pralmorelin-ghrp-2-cas-158861-67-7-for-lab-research-cs","8":"desktop-align-left","9":"tablet-align-left","10":"mobile-align-left","12":"first","13":"instock","14":"shipping-taxable","15":"product-type-simple"},"_links":{"self":[{"href":"https:\/\/puyapeptide.net\/cs\/wp-json\/wp\/v2\/product\/7562","targetHints":{"allow":["GET"]}}],"collection":[{"href":"https:\/\/puyapeptide.net\/cs\/wp-json\/wp\/v2\/product"}],"about":[{"href":"https:\/\/puyapeptide.net\/cs\/wp-json\/wp\/v2\/types\/product"}],"replies":[{"embeddable":true,"href":"https:\/\/puyapeptide.net\/cs\/wp-json\/wp\/v2\/comments?post=7562"}],"wp:featuredmedia":[{"embeddable":true,"href":"https:\/\/puyapeptide.net\/cs\/wp-json\/wp\/v2\/media\/2265"}],"wp:attachment":[{"href":"https:\/\/puyapeptide.net\/cs\/wp-json\/wp\/v2\/media?parent=7562"}],"wp:term":[{"taxonomy":"product_brand","embeddable":true,"href":"https:\/\/puyapeptide.net\/cs\/wp-json\/wp\/v2\/product_brand?post=7562"},{"taxonomy":"product_cat","embeddable":true,"href":"https:\/\/puyapeptide.net\/cs\/wp-json\/wp\/v2\/product_cat?post=7562"},{"taxonomy":"product_tag","embeddable":true,"href":"https:\/\/puyapeptide.net\/cs\/wp-json\/wp\/v2\/product_tag?post=7562"}],"curies":[{"name":"wp","href":"https:\/\/api.w.org\/{rel}","templated":true}]}}