{"id":7665,"date":"2021-12-16T10:26:31","date_gmt":"2021-12-16T15:26:31","guid":{"rendered":"https:\/\/puyapeptide.net\/product\/seraktid-acth-1-39-lidsky-adrenokortikotropni-hormon-cas-12279-41-3-pro-laboratorni-vyzkum\/"},"modified":"2021-12-16T10:26:31","modified_gmt":"2021-12-16T15:26:31","slug":"seraktid-acth-1-39-lidsky-adrenokortikotropni-hormon-cas-12279-41-3-pro-laboratorni-vyzkum","status":"publish","type":"product","link":"https:\/\/puyapeptide.net\/cs\/product\/seraktid-acth-1-39-lidsky-adrenokortikotropni-hormon-cas-12279-41-3-pro-laboratorni-vyzkum\/","title":{"rendered":"Seraktid\/ ACTH (1-39)\/ Lidsk\u00fd adrenokortikotropn\u00ed hormon CAS 12279-41-3 Pro laboratorn\u00ed v\u00fdzkum"},"content":{"rendered":"<h2><strong>Seraktid\/ ACTH (1-39)\/ Lidsk\u00fd adrenokortikotropn\u00ed hormon CAS 12279-41-3 Pro laboratorn\u00ed v\u00fdzkum<\/strong><\/h2>\n<p> &lt;&amp;N\u00e1zev produktu: Seractide&lt;&amp;Synonyma: KORTICOTROPIN (HUMAN);KORTIKOTROPIN;KORTIKOTROPIN A;H-SER-TYR-SER-MET-GLU-HIS-PHE-ARG-TRP-GLY-LYS-PRO-VAL- GLY-LYS-LYS-ARG-ARG-PRO-VAL-LYS-VAL-TYR-PRO-ASN-GLY-ALA-GLU-ASP-GLU-SER-ALA-GLU-ALA-PHE-PRO-LEU-GLU- PHE-OH;ACTH (1-39) (\u010dlov\u011bk) Kortikotropin;Adrenokortikotropn\u00ed hormon (ACTH) (1-39);Seraktidacet\u00e1t;Adrenokortikotropn\u00ed hormon (ACTH) (1-39), lidsk\u00fd<br \/>\nCAS: 12279-41- 3<br \/>\nMF: C207H308N56O58S1<br \/>\nMW: 4541,07<br \/>\nEINECS: 634-154-0<br \/>\nKategorie produkt\u016f: Peptid;receptor melanokortinu<br \/>\nMol File: 12279-41-3.mol<br \/>\n&lt; &amp;&gt;Adrenokortikotropn\u00ed hormon (ACTH) (1-39), \u010dlov\u011bk je agonista receptoru melanokortinu.<br \/>\nAdrenokortikotropn\u00ed hormon (ACTH), tak\u00e9 zn\u00e1m\u00fd jako kortikotropin, je produkt \u0161t\u011bpen\u00ed z v\u011bt\u0161\u00edho prekurzoru proopiomelanokortinu (POMC). Tento 39 aminokyselinov\u00fd peptidov\u00fd hormon je produkov\u00e1n v p\u0159edn\u00ed hypof\u00fdze po stimulaci kortikotropin uvol\u0148uj\u00edc\u00edm hormonem z hypotalamu v reakci na stres. Stimuluje sekreci steroidn\u00edho hormonu, konkr\u00e9tn\u011b glukokortikoid\u016f v k\u016f\u0159e nadledvin p\u016fsoben\u00edm p\u0159es receptor bun\u011b\u010dn\u00e9 membr\u00e1ny (ACTH-R). U savc\u016f je p\u016fsoben\u00ed ACTH omezeno na ty oblasti k\u016fry nadledvin, ve kter\u00fdch se tvo\u0159\u00ed glukokortikoidn\u00ed hormony kortizol (hydrokortison) a kortikosteron. ACTH m\u00e1 malou kontrolu nad sekrec\u00ed aldosteronu, dal\u0161\u00edho hlavn\u00edho steroidn\u00edho hormonu z k\u016fry nadledvin.<\/p>\n<p> <strong>Seractide CAS 12279-41-3 Chemick\u00e9 vlastnosti<\/strong><br \/>\ntepl. Uchov\u00e1vejte na tmav\u00e9m m\u00edst\u011b, inertn\u00ed atmosf\u00e9ra, skladujte v mraz\u00e1ku, pod -20\u00b0C<br \/>\nrozpustnost H2O: 1 mg\/ml, \u010dir\u00fd, bezbarv\u00fd<\/p>\n","protected":false},"excerpt":{"rendered":"<p>N\u00e1zev produktu: Seractide<br \/>\nCAS: 12279-41-3<br \/>\nMF: C207H308N56O58S1<br \/>\nMW: 4541,07<br \/>\nEINECS: 634-154-0<br \/>\nMol Soubor: 12279-41-3.mol<\/p>\n","protected":false},"featured_media":2097,"comment_status":"open","ping_status":"closed","template":"","meta":{"om_disable_all_campaigns":false,"_monsterinsights_skip_tracking":false,"_monsterinsights_sitenote_active":false,"_monsterinsights_sitenote_note":"","_monsterinsights_sitenote_category":0,"site-sidebar-layout":"default","site-content-layout":"default","ast-site-content-layout":"default","site-content-style":"default","site-sidebar-style":"default","ast-global-header-display":"","ast-banner-title-visibility":"","ast-main-header-display":"","ast-hfb-above-header-display":"","ast-hfb-below-header-display":"","ast-hfb-mobile-header-display":"","site-post-title":"","ast-breadcrumbs-content":"","ast-featured-img":"","footer-sml-layout":"","ast-disable-related-posts":"","theme-transparent-header-meta":"default","adv-header-id-meta":"","stick-header-meta":"","header-above-stick-meta":"","header-main-stick-meta":"","header-below-stick-meta":"","astra-migrate-meta-layouts":"default","ast-page-background-enabled":"default","ast-page-background-meta":{"desktop":{"background-color":"","background-image":"","background-repeat":"repeat","background-position":"center center","background-size":"auto","background-attachment":"scroll","background-type":"","background-media":"","overlay-type":"","overlay-color":"","overlay-opacity":"","overlay-gradient":""},"tablet":{"background-color":"","background-image":"","background-repeat":"repeat","background-position":"center center","background-size":"auto","background-attachment":"scroll","background-type":"","background-media":"","overlay-type":"","overlay-color":"","overlay-opacity":"","overlay-gradient":""},"mobile":{"background-color":"","background-image":"","background-repeat":"repeat","background-position":"center center","background-size":"auto","background-attachment":"scroll","background-type":"","background-media":"","overlay-type":"","overlay-color":"","overlay-opacity":"","overlay-gradient":""}},"ast-content-background-meta":{"desktop":{"background-color":"var(--ast-global-color-5)","background-image":"","background-repeat":"repeat","background-position":"center center","background-size":"auto","background-attachment":"scroll","background-type":"","background-media":"","overlay-type":"","overlay-color":"","overlay-opacity":"","overlay-gradient":""},"tablet":{"background-color":"var(--ast-global-color-5)","background-image":"","background-repeat":"repeat","background-position":"center center","background-size":"auto","background-attachment":"scroll","background-type":"","background-media":"","overlay-type":"","overlay-color":"","overlay-opacity":"","overlay-gradient":""},"mobile":{"background-color":"var(--ast-global-color-5)","background-image":"","background-repeat":"repeat","background-position":"center center","background-size":"auto","background-attachment":"scroll","background-type":"","background-media":"","overlay-type":"","overlay-color":"","overlay-opacity":"","overlay-gradient":""}}},"product_brand":[],"product_cat":[515],"product_tag":[2097],"class_list":{"0":"post-7665","1":"product","2":"type-product","3":"status-publish","4":"has-post-thumbnail","6":"product_cat-jine-peptidy","7":"product_tag-seractide-acth-1-39-adrenocorticotropic-hormone-human-cas-12279-41-3-for-lab-research-cs","8":"desktop-align-left","9":"tablet-align-left","10":"mobile-align-left","12":"first","13":"instock","14":"shipping-taxable","15":"product-type-simple"},"_links":{"self":[{"href":"https:\/\/puyapeptide.net\/cs\/wp-json\/wp\/v2\/product\/7665","targetHints":{"allow":["GET"]}}],"collection":[{"href":"https:\/\/puyapeptide.net\/cs\/wp-json\/wp\/v2\/product"}],"about":[{"href":"https:\/\/puyapeptide.net\/cs\/wp-json\/wp\/v2\/types\/product"}],"replies":[{"embeddable":true,"href":"https:\/\/puyapeptide.net\/cs\/wp-json\/wp\/v2\/comments?post=7665"}],"wp:featuredmedia":[{"embeddable":true,"href":"https:\/\/puyapeptide.net\/cs\/wp-json\/wp\/v2\/media\/2097"}],"wp:attachment":[{"href":"https:\/\/puyapeptide.net\/cs\/wp-json\/wp\/v2\/media?parent=7665"}],"wp:term":[{"taxonomy":"product_brand","embeddable":true,"href":"https:\/\/puyapeptide.net\/cs\/wp-json\/wp\/v2\/product_brand?post=7665"},{"taxonomy":"product_cat","embeddable":true,"href":"https:\/\/puyapeptide.net\/cs\/wp-json\/wp\/v2\/product_cat?post=7665"},{"taxonomy":"product_tag","embeddable":true,"href":"https:\/\/puyapeptide.net\/cs\/wp-json\/wp\/v2\/product_tag?post=7665"}],"curies":[{"name":"wp","href":"https:\/\/api.w.org\/{rel}","templated":true}]}}