{"id":7795,"date":"2021-12-16T10:33:32","date_gmt":"2021-12-16T15:33:32","guid":{"rendered":"https:\/\/puyapeptide.net\/product\/angiotensin-acetat-val5-angiotensin-ii-cas-58-49-1\/"},"modified":"2021-12-16T10:33:32","modified_gmt":"2021-12-16T15:33:32","slug":"angiotensin-acetat-val5-angiotensin-ii-cas-58-49-1","status":"publish","type":"product","link":"https:\/\/puyapeptide.net\/cs\/product\/angiotensin-acetat-val5-angiotensin-ii-cas-58-49-1\/","title":{"rendered":"Angiotensin acet\u00e1t\/ (Val5)-angiotensin II CAS 58-49-1"},"content":{"rendered":"<h2><strong>Angiotensin acet\u00e1t\/ (Val5)-angiotensin II CAS 58-49-1<\/strong><\/h2>\n<p>N\u00e1zev produktu: Angiotensin acet\u00e1t<br \/>\nSynonyma: [VAL5]-ANGIOTENSIN II;[VAL5] ANGIOTENSIN II HUMAN;ASP-ARG-VAL-TYR-VAL-HIS-PRO-PHE;DRVYVHPF;5-L-Valin angiotenzin II);Angiotenzin II 5-valin (valinangiotensin II;valinangiotensin II;VALINANGIOTENSIN II;5-L-VALINANGIOTENSIN II<br \/>\nCAS: 58-49-1<br \/>\nMF: C49H69N13O12<br \/>\nMW: 1032.17<br \/>\nEINECS:<br \/>\nKategorie produkt\u016f:<br \/>\nMol File: 58-49-1.mol<\/p>\n<p>Angiotensin je druh peptidov\u00e9 l\u00e1tky, kter\u00e1 m\u00e1 siln\u00fd vazokonstriktor a stimuluje sekreci aldosteronu z k\u016fra nadledvin. Pod\u00edl\u00ed se na regulaci krevn\u00edho tlaku a t\u011bln\u00edch tekutin. Lze ji rozd\u011blit na angiotenzin I-VII a existuje v\u00edce studi\u00ed u angiotensinu I, angiotenzinu II a angiotensinu III.<\/p>\n<p>&lt; &amp;&gt; <strong>Angiotensin acet\u00e1t\/ (Val5)-angiotensin II CAS 58-49-1 Chemick\u00e9 vlastnosti<\/strong><br \/>\nteplota skladov\u00e1n\u00ed -20\u00b0C<br \/>\nhustota 1,45\u00b10,1 g\/cm3 (p\u0159edpoklad)<br \/>\nforma pr\u00e1\u0161ku<br \/>\n pKa 3,56\u00b10,10 (p\u0159edpov\u011bzeno)<br \/>\nInChIKey JVCJXRGXGITABA-IAQGTVMASA-N<br \/>\nCAS DataBase Reference 58-49-1<\/p>\n<p> <strong>Appl ikace a funkce angiotensin acet\u00e1tu\/ (Val5)-angiotenzinu II CAS 58-49-1<\/strong><br \/>\nAngiotensin acet\u00e1t, tak\u00e9 zn\u00e1m\u00fd jako (Val5)-angiotenzin II, je analog angiotenzinu II, kter\u00fd je agonistou AT1 angiotensinov\u00fdch receptor\u016f. Angiotensin je oligopeptid a je to hormon a siln\u00fd dipsogen. Je odvozen z prekurzorov\u00e9 molekuly angiotenzinogenu, s\u00e9rov\u00e9ho globulinu produkovan\u00e9ho v j\u00e1trech. Hraje d\u016fle\u017eitou roli v syst\u00e9mu renin-angiotenzin.<\/p>\n<p>Angiotensin II je siln\u00fd vazokonstriktor vznikaj\u00edc\u00ed sekven\u010dn\u00edm p\u016fsoben\u00edm reninu a enzymu konvertuj\u00edc\u00edho angiotenzin na angiotenzinogen. Biologick\u00e9 aktivity angiotensinu II zahrnuj\u00ed regulaci krevn\u00edho tlaku, rovnov\u00e1hu soli a vody a vaskul\u00e1rn\u00ed tonus. Krom\u011b toho angiotensin II stimuluje r\u016fzn\u00e9 enzymy jako NADPH oxid\u00e1zu.<\/p>\n","protected":false},"excerpt":{"rendered":"<p>N\u00e1zev produktu: Angiotensin acet\u00e1t<br \/>\nCAS: 58-49-1<br \/>\nMF: C49H69N13O12<br \/>\nMW: 1032,17<br \/>\nMol Soubor: 58-49-1.mol<\/p>\n","protected":false},"featured_media":2286,"comment_status":"open","ping_status":"closed","template":"","meta":{"om_disable_all_campaigns":false,"_monsterinsights_skip_tracking":false,"_monsterinsights_sitenote_active":false,"_monsterinsights_sitenote_note":"","_monsterinsights_sitenote_category":0,"site-sidebar-layout":"default","site-content-layout":"default","ast-site-content-layout":"default","site-content-style":"default","site-sidebar-style":"default","ast-global-header-display":"","ast-banner-title-visibility":"","ast-main-header-display":"","ast-hfb-above-header-display":"","ast-hfb-below-header-display":"","ast-hfb-mobile-header-display":"","site-post-title":"","ast-breadcrumbs-content":"","ast-featured-img":"","footer-sml-layout":"","ast-disable-related-posts":"","theme-transparent-header-meta":"default","adv-header-id-meta":"","stick-header-meta":"","header-above-stick-meta":"","header-main-stick-meta":"","header-below-stick-meta":"","astra-migrate-meta-layouts":"default","ast-page-background-enabled":"default","ast-page-background-meta":{"desktop":{"background-color":"","background-image":"","background-repeat":"repeat","background-position":"center center","background-size":"auto","background-attachment":"scroll","background-type":"","background-media":"","overlay-type":"","overlay-color":"","overlay-opacity":"","overlay-gradient":""},"tablet":{"background-color":"","background-image":"","background-repeat":"repeat","background-position":"center center","background-size":"auto","background-attachment":"scroll","background-type":"","background-media":"","overlay-type":"","overlay-color":"","overlay-opacity":"","overlay-gradient":""},"mobile":{"background-color":"","background-image":"","background-repeat":"repeat","background-position":"center center","background-size":"auto","background-attachment":"scroll","background-type":"","background-media":"","overlay-type":"","overlay-color":"","overlay-opacity":"","overlay-gradient":""}},"ast-content-background-meta":{"desktop":{"background-color":"var(--ast-global-color-5)","background-image":"","background-repeat":"repeat","background-position":"center center","background-size":"auto","background-attachment":"scroll","background-type":"","background-media":"","overlay-type":"","overlay-color":"","overlay-opacity":"","overlay-gradient":""},"tablet":{"background-color":"var(--ast-global-color-5)","background-image":"","background-repeat":"repeat","background-position":"center center","background-size":"auto","background-attachment":"scroll","background-type":"","background-media":"","overlay-type":"","overlay-color":"","overlay-opacity":"","overlay-gradient":""},"mobile":{"background-color":"var(--ast-global-color-5)","background-image":"","background-repeat":"repeat","background-position":"center center","background-size":"auto","background-attachment":"scroll","background-type":"","background-media":"","overlay-type":"","overlay-color":"","overlay-opacity":"","overlay-gradient":""}}},"product_brand":[],"product_cat":[407],"product_tag":[1966],"class_list":{"0":"post-7795","1":"product","2":"type-product","3":"status-publish","4":"has-post-thumbnail","6":"product_cat-krev-a-cevni-peptid","7":"product_tag-angiotensin-acetate-val5-angiotensin-ii-cas-58-49-1-cs","8":"desktop-align-left","9":"tablet-align-left","10":"mobile-align-left","12":"first","13":"instock","14":"shipping-taxable","15":"product-type-simple"},"_links":{"self":[{"href":"https:\/\/puyapeptide.net\/cs\/wp-json\/wp\/v2\/product\/7795","targetHints":{"allow":["GET"]}}],"collection":[{"href":"https:\/\/puyapeptide.net\/cs\/wp-json\/wp\/v2\/product"}],"about":[{"href":"https:\/\/puyapeptide.net\/cs\/wp-json\/wp\/v2\/types\/product"}],"replies":[{"embeddable":true,"href":"https:\/\/puyapeptide.net\/cs\/wp-json\/wp\/v2\/comments?post=7795"}],"wp:featuredmedia":[{"embeddable":true,"href":"https:\/\/puyapeptide.net\/cs\/wp-json\/wp\/v2\/media\/2286"}],"wp:attachment":[{"href":"https:\/\/puyapeptide.net\/cs\/wp-json\/wp\/v2\/media?parent=7795"}],"wp:term":[{"taxonomy":"product_brand","embeddable":true,"href":"https:\/\/puyapeptide.net\/cs\/wp-json\/wp\/v2\/product_brand?post=7795"},{"taxonomy":"product_cat","embeddable":true,"href":"https:\/\/puyapeptide.net\/cs\/wp-json\/wp\/v2\/product_cat?post=7795"},{"taxonomy":"product_tag","embeddable":true,"href":"https:\/\/puyapeptide.net\/cs\/wp-json\/wp\/v2\/product_tag?post=7795"}],"curies":[{"name":"wp","href":"https:\/\/api.w.org\/{rel}","templated":true}]}}