{"id":7839,"date":"2021-12-16T11:16:38","date_gmt":"2021-12-16T16:16:38","guid":{"rendered":"https:\/\/puyapeptide.net\/product\/etelcalcetide-cas-1262780-97-1-vyvinuty-pro-pouziti-u-pacientu-s-chronickym-onemocnenim-ledvin-ckd-kteri-jsou-na-hemodialyze\/"},"modified":"2021-12-16T11:16:38","modified_gmt":"2021-12-16T16:16:38","slug":"etelcalcetide-cas-1262780-97-1-vyvinuty-pro-pouziti-u-pacientu-s-chronickym-onemocnenim-ledvin-ckd-kteri-jsou-na-hemodialyze","status":"publish","type":"product","link":"https:\/\/puyapeptide.net\/cs\/product\/etelcalcetide-cas-1262780-97-1-vyvinuty-pro-pouziti-u-pacientu-s-chronickym-onemocnenim-ledvin-ckd-kteri-jsou-na-hemodialyze\/","title":{"rendered":"Etelcalcetide CAS 1262780-97-1 Vyvinut\u00fd pro pou\u017eit\u00ed u pacient\u016f s chronick\u00fdm onemocn\u011bn\u00edm ledvin (CKD), kte\u0159\u00ed jsou na hemodial\u00fdze"},"content":{"rendered":"<h2><strong>Etelcalcetide CAS 1262780-97-1 Vyvinut\u00fd pro pou\u017eit\u00ed u pacient\u016f s chronick\u00fdm onemocn\u011bn\u00edm ledvin (CKD), kte\u0159\u00ed jsou na hemodial\u00fdze<\/strong><\/h2>\n<p>N\u00e1zev produktu: Etelkalcetid<br \/>\nSynonyma: Etelcalcetide;D-argininamid, N-acetyl-D-cysteinyl-D-alanyl-D-arginyl-D-arginyl-D-arginyl-D-alanyl-, disulfid s L -cystein;AMG-416 (Velcalcetide)<br \/>\nCAS: 1262780-97-1<br \/>\nMF: C38H73N21O10S2<br \/>\nMW: 1048,25<br \/>\nEINECS:<br \/>\nKategorie produkt\u016f:<br \/>\nSoubor Mol780-12 97-1.mol<\/p>\n<p>Etelkalcetid je nov\u00fd kalcimimetick\u00fd prost\u0159edek (CalcimimeticAgent). Pod\u00e1v\u00e1 se intraven\u00f3zn\u011b a je vyvinut pro pacienty s chronick\u00fdm onemocn\u011bn\u00edm ledvin (CKD), kte\u0159\u00ed podstupuj\u00ed hemodialyza\u010dn\u00ed l\u00e9\u010dbu. AMG416 se v\u00e1\u017ee na receptory citliv\u00e9 na v\u00e1pn\u00edk na p\u0159\u00ed\u0161t\u00edtn\u00fdch t\u011bl\u00edsc\u00edch a aktivuje je, co\u017e vede ke sn\u00ed\u017een\u00ed hladiny parathormonu (PTH).<br \/>\n&lt;&amp; &gt; <strong>Etelcalcetide CAS 1262780-97-1 Chemick\u00e9 vlastnosti<\/strong><br \/>\nhustota 1,58\u00b10,1 g\/cm3 (p\u0159edpokl\u00e1dan\u00e1)<br \/>\npka 2,01\u00b10,10 (p\u0159edpokl\u00e1dan\u00e1)<\/p>\n<p> <strong>Funkce a aplikace Etelcalcetide CAS 1262780-97-1 Chemick\u00e9 vlastnosti<\/strong><br \/>\nEtelkalcetid aktivuje receptor citliv\u00fd na v\u00e1pn\u00edk na p\u0159\u00ed\u0161t\u00edtn\u00fdch t\u011bl\u00edsc\u00edch a sni\u017euje synt\u00e9zu a sekreci PTH. M\u016f\u017ee b\u00fdt pou\u017eit pro sekund\u00e1rn\u00ed hyperparatyre\u00f3zu spojenou s v\u00fdzkumem chronick\u00e9ho onemocn\u011bn\u00ed ledvin.<\/p>\n","protected":false},"excerpt":{"rendered":"<p>N\u00e1zev produktu: Etelcalcetide<br \/>\nCAS: 1262780-97-1<br \/>\nMF: C38H73N21O10S2<br \/>\nMW: 1048,25<br \/>\nMol Soubor: 1262780-97-1.mol<\/p>\n","protected":false},"featured_media":0,"comment_status":"open","ping_status":"closed","template":"","meta":{"om_disable_all_campaigns":false,"_monsterinsights_skip_tracking":false,"_monsterinsights_sitenote_active":false,"_monsterinsights_sitenote_note":"","_monsterinsights_sitenote_category":0,"site-sidebar-layout":"default","site-content-layout":"default","ast-site-content-layout":"default","site-content-style":"default","site-sidebar-style":"default","ast-global-header-display":"","ast-banner-title-visibility":"","ast-main-header-display":"","ast-hfb-above-header-display":"","ast-hfb-below-header-display":"","ast-hfb-mobile-header-display":"","site-post-title":"","ast-breadcrumbs-content":"","ast-featured-img":"","footer-sml-layout":"","ast-disable-related-posts":"","theme-transparent-header-meta":"default","adv-header-id-meta":"","stick-header-meta":"","header-above-stick-meta":"","header-main-stick-meta":"","header-below-stick-meta":"","astra-migrate-meta-layouts":"default","ast-page-background-enabled":"default","ast-page-background-meta":{"desktop":{"background-color":"","background-image":"","background-repeat":"repeat","background-position":"center center","background-size":"auto","background-attachment":"scroll","background-type":"","background-media":"","overlay-type":"","overlay-color":"","overlay-opacity":"","overlay-gradient":""},"tablet":{"background-color":"","background-image":"","background-repeat":"repeat","background-position":"center center","background-size":"auto","background-attachment":"scroll","background-type":"","background-media":"","overlay-type":"","overlay-color":"","overlay-opacity":"","overlay-gradient":""},"mobile":{"background-color":"","background-image":"","background-repeat":"repeat","background-position":"center center","background-size":"auto","background-attachment":"scroll","background-type":"","background-media":"","overlay-type":"","overlay-color":"","overlay-opacity":"","overlay-gradient":""}},"ast-content-background-meta":{"desktop":{"background-color":"var(--ast-global-color-5)","background-image":"","background-repeat":"repeat","background-position":"center center","background-size":"auto","background-attachment":"scroll","background-type":"","background-media":"","overlay-type":"","overlay-color":"","overlay-opacity":"","overlay-gradient":""},"tablet":{"background-color":"var(--ast-global-color-5)","background-image":"","background-repeat":"repeat","background-position":"center center","background-size":"auto","background-attachment":"scroll","background-type":"","background-media":"","overlay-type":"","overlay-color":"","overlay-opacity":"","overlay-gradient":""},"mobile":{"background-color":"var(--ast-global-color-5)","background-image":"","background-repeat":"repeat","background-position":"center center","background-size":"auto","background-attachment":"scroll","background-type":"","background-media":"","overlay-type":"","overlay-color":"","overlay-opacity":"","overlay-gradient":""}}},"product_brand":[],"product_cat":[515],"product_tag":[1921],"class_list":{"0":"post-7839","1":"product","2":"type-product","3":"status-publish","5":"product_cat-jine-peptidy","6":"product_tag-etelcalcetide-cas-1262780-97-1-developed-for-use-in-patients-with-chronic-kidney-disease-ckd-who-are-on-hemodialysis-treatment-cs","7":"desktop-align-left","8":"tablet-align-left","9":"mobile-align-left","11":"first","12":"instock","13":"shipping-taxable","14":"product-type-simple"},"_links":{"self":[{"href":"https:\/\/puyapeptide.net\/cs\/wp-json\/wp\/v2\/product\/7839","targetHints":{"allow":["GET"]}}],"collection":[{"href":"https:\/\/puyapeptide.net\/cs\/wp-json\/wp\/v2\/product"}],"about":[{"href":"https:\/\/puyapeptide.net\/cs\/wp-json\/wp\/v2\/types\/product"}],"replies":[{"embeddable":true,"href":"https:\/\/puyapeptide.net\/cs\/wp-json\/wp\/v2\/comments?post=7839"}],"wp:attachment":[{"href":"https:\/\/puyapeptide.net\/cs\/wp-json\/wp\/v2\/media?parent=7839"}],"wp:term":[{"taxonomy":"product_brand","embeddable":true,"href":"https:\/\/puyapeptide.net\/cs\/wp-json\/wp\/v2\/product_brand?post=7839"},{"taxonomy":"product_cat","embeddable":true,"href":"https:\/\/puyapeptide.net\/cs\/wp-json\/wp\/v2\/product_cat?post=7839"},{"taxonomy":"product_tag","embeddable":true,"href":"https:\/\/puyapeptide.net\/cs\/wp-json\/wp\/v2\/product_tag?post=7839"}],"curies":[{"name":"wp","href":"https:\/\/api.w.org\/{rel}","templated":true}]}}