{"id":7865,"date":"2021-12-16T11:17:55","date_gmt":"2021-12-16T16:17:55","guid":{"rendered":"https:\/\/puyapeptide.net\/product\/sermorelin-sermorelin-acetat-grf-1-29-amid-lidsky-cas-86168-78-7\/"},"modified":"2021-12-16T11:17:55","modified_gmt":"2021-12-16T16:17:55","slug":"sermorelin-sermorelin-acetat-grf-1-29-amid-lidsky-cas-86168-78-7","status":"publish","type":"product","link":"https:\/\/puyapeptide.net\/cs\/product\/sermorelin-sermorelin-acetat-grf-1-29-amid-lidsky-cas-86168-78-7\/","title":{"rendered":"Sermorelin\/Sermorelin acet\u00e1t\/GRF (1-29) amid (lidsk\u00fd) CAS 86168-78-7"},"content":{"rendered":"<h2><strong>Sermorelin\/Sermorelin acet\u00e1t\/GRF (1-29) amid (lidsk\u00fd) CAS 86168-78-7<\/strong><\/h2>\n<p>N\u00e1zev produktu: Sermorelin<br \/>\nSynonyma: SERMORELIN;SERMORELIN ACETATE;YADAIFTNSYRKVLGQLSARKLLQDIMSR-NH2;TYR-ALA-ASP-ALA-ILE-PHE-THR-ASN-SER-TYR-ARG-LYS-VAL-LEU-GLY -GLN-LEU-SER-ALA-ARG-LYS-LEU-LEU-GLN-ASP-ILE-MET-SER-ARG-NH2;TYR-ALA-ASP-ALA-ILE-PHE-THR-ASN-SER-TYR -ARG-LYS-VAL-LEU-GLY-GLN-LEU-SER-ALA-ARG-LYS-LEU-LEU-GLN-ASP-ILE-MET-SER-ARG-NH2 HUMAN;faktor uvol\u0148uj\u00edc\u00ed r\u016fstov\u00fd hormon*fragment 1- 29 ami;H-TYR-ALA-ASP-ALA-ILE-PHE-THR-ASN-SER-TYR-ARG-LYS-VAL-LEU-GLY-GLN-LEU-SER-ALA-ARG-LYS-LEU-LEU -GLN-ASP-ILE-MET-SER-ARG-NH2;FAKTOR UVOL\u0147UJ\u00cdC\u00cd R\u016eSTOV\u00dd HORMON (1-29), AMID, LIDSK\u00c9<br \/>\nCAS: 86168-78-7<br \/>\nMF: C149H246N44O42S<br \/>\nMW: 3357,9<br \/>\nEINECS: 1312995-182-4<br \/>\nKategorie produkt\u016f: Peptid; Deriv\u00e1ty aminokyselin; V\u00fdzkum GH-RHObesity; GH-RHPeptidy pro bun\u011b\u010dnou biologii; Faktory uvol\u0148uj\u00edc\u00ed r\u016fstov\u00fd hormon; Neuropeptidy; Neurotransmise (obezita); Uvol\u0148uj\u00edc\u00ed faktory<br \/>\nMol File: 86168-78-7.mol<\/p>\n<p>Serm&#39;orelin acet\u00e1t je biologicky aktivn\u00ed analog faktoru uvol\u0148uj\u00edc\u00edho r\u016fst (GRF 1-44), kter\u00fd je uvol\u0148ovan\u00fd ing hormonu (GHRH), kter\u00fd je p\u0159irozen\u011b produkov\u00e1n lidsk\u00fdm mozkem, aby stimuloval produkci a sekreci hypof\u00fdzou. Serm&#39;orelin nen\u00ed ae; je to sekretagog, co\u017e znamen\u00e1, \u017ee stimuluje hypof\u00fdzu vazbou na specifick\u00e9 receptory, aby se zv\u00fd\u0161ila produkce a sekrece<\/p>\n<p>B\u011bhem st\u00e1rnut\u00ed kles\u00e1 GHRH, co\u017e zp\u016fsobuje sn\u00ed\u017eenou produkci a sekreci hypof\u00fdzy, a t\u00edm zvy\u0161uje nedostate\u010dnost r\u016fstov\u00e9ho hormonu kter\u00e9 naru\u0161uj\u00ed zdrav\u00ed, v\u00fddr\u017e a vitalitu b\u011bhem pozd\u011bj\u0161\u00edho \u017eivota. Serm&#39;orelin je pova\u017eov\u00e1n za dopln\u011bk proti st\u00e1rnut\u00ed, kter\u00fd m\u016f\u017ee t\u011blu pomoci p\u0159i oprav\u011b po\u0161kozen\u00fdch bun\u011bk a oslaben\u00fdch syst\u00e9m\u016f zp\u016fsoben\u00fdch nedostate\u010dn\u00fdm . <\/p>\n<p>Serm&#39;orelin je peptidov\u00fd analog GHRH. Jeho peptidov\u00e1 sekvence se skl\u00e1d\u00e1 z 29 aminokyselin. Tato sekvence je \u010d\u00e1st\u00ed endogenn\u00edho lidsk\u00e9ho GHRH a v sou\u010dasnosti je pova\u017eov\u00e1na za nejkrat\u0161\u00ed syntetick\u00fd peptid, kter\u00fd m\u00e1 celou \u0159adu funk\u010dn\u00edch GHRH aktivit. Vzhledem k t\u00e9to skute\u010dnosti je sermor&#39;elin pova\u017eov\u00e1n za sekretagog.<\/p>\n<p>Serm&#39;orelin byl b\u011bhem v\u00fdzkumu pou\u017e\u00edv\u00e1n ke stimulaci sekrece z adenohypof\u00fdzy (tak\u00e9 naz\u00fdvan\u00e9 p\u0159edn\u00ed hypof\u00fdza). P\u0159edn\u00ed hypof\u00fdza vylu\u010duje trofick\u00e9 . Serm&#39;orelin byl tak\u00e9 pou\u017eit ve v\u00fdzkumn\u00fdch stimula\u010dn\u00edch testech k posouzen\u00ed dostate\u010dnosti hypof\u00fdzy ve vztahu k sekreci.<\/p>\n<p> <strong>Sermorelin\/Sermorelin Acetate\/GRF (1-29) amid (lidsk\u00fd) CAS 86168-78-7 Chem. Vlastnosti<\/strong><br \/>\nalfa D20 -63,1\u00b0 (c = 1 v 30% kyselin\u011b octov\u00e9)<br \/>\nhustota 1,45\u00b10,1 g\/cm3 (p\u0159edpokl\u00e1dan\u00e1)<br \/>\ntepl. \u221220 \u00b0C<br \/>\nInChIKey BVLCEKWPOSAKSZ-YQMCHIOTSA-N<br \/>\nReferen\u010dn\u00ed \u010d\u00edslo datab\u00e1ze CAS 86168-78-7 (Referen\u010dn\u00ed informace datab\u00e1ze CAS)<\/p>\n<p> <strong>Funkce sermorelinu\/ acet\u00e1tu sermorelinu\/GRF (1-29) amidu ( \u010dlov\u011bk) CAS 86168-78-7<\/strong><br \/>\n1. Zvy\u0161uje energii, vitalitu, s\u00edlu a vytrvalost.<br \/>\n2. R\u016fst \u010dist\u00e9 svalov\u00e9 hmoty\/sn\u00ed\u017een\u00ed tuku, N\u00e1r\u016fst \u010dist\u00e9 svalov\u00e9 hmoty.<br \/>\n3. Rozkl\u00e1d\u00e1 t\u011blesn\u00fd tuk a mastn\u00e9 kyseliny.<br \/>\n4. Zlep\u0161uje srde\u010dn\u00ed \u010dinnost.<br \/>\n5. Zvy\u0161uje zadr\u017eov\u00e1n\u00ed v\u00e1pn\u00edku, co\u017e posiluje a zvy\u0161uje hustotu kost\u00ed.<br \/>\n6. Posiluje imunitn\u00ed syst\u00e9m a urychluje hojen\u00ed ran nebo operac\u00ed.<br \/>\n7. Podporuje non-REM pomal\u00fd sp\u00e1nek, zlep\u0161uje kvalitu sp\u00e1nku.<br \/>\n8. Zvy\u0161uje synt\u00e9zu b\u00edlkovin a stimuluje r\u016fst v\u0161ech vnit\u0159n\u00edch org\u00e1n\u016f krom\u011b mozku.<br \/>\n9. Zdrav\u00ed k\u016f\u017ee a neht\u016f (pevn\u011bj\u0161\u00ed k\u016f\u017ee, siln\u011bj\u0161\u00ed nehty).<br \/>\n10. Sn\u00ed\u017een\u00ed bolest\u00ed t\u011bla, jako jsou bolesti kloub\u016f a sval\u016f.<\/p>\n<p> <strong>Aplikace Sermorelin\/Sermorelin acet\u00e1t\/GRF (1-29) amid (lidsk\u00fd) CAS 86168-78-7<\/strong><br \/>\nSerm&#39;orelin m\u00e1 \u0161irokou \u0161k\u00e1lu pozitivn\u00edch \u00fa\u010dink\u016f. Vzhledem ke sv\u00e9 povaze jako GHRH, sermo&#39;relin pouze zvy\u0161uje schopnost t\u011bla produkovat v\u00edce; nen\u00ed to injekce sama o sob\u011b. Sermo&#39;relin m\u00e1 jak ve smyslu zv\u00fd\u0161en\u00ed v\u00fdkonu, tak ve smyslu obecn\u00e9 pohody, \u0161irokou \u0161k\u00e1lu v\u00fdhod, kter\u00e9 z n\u011bj d\u011blaj\u00ed silnou a cennou l\u00e1tku.<\/p>\n<p>Sermo&#39;relin acet\u00e1t je lidsk\u00fd hormon uvol\u0148uj\u00edc\u00ed hormon (GHRH nebo GRF) pou\u017e\u00edvan\u00e9 pro diagnostick\u00e9 hodnocen\u00ed funkce hypof\u00fdzy a tak\u00e9 pro zv\u00fd\u0161en\u00ed r\u016fstu u d\u011bt\u00ed.<\/p>\n","protected":false},"excerpt":{"rendered":"<p>N\u00e1zev produktu: Sermorelin<br \/>\nCAS: 86168-78-7<br \/>\nMF: C149H246N44O42S<br \/>\nMW: 3357,93<br \/>\nEINECS: 1312995-182-4<br \/>\nMol File: 86168-78-7,mol<\/p>\n","protected":false},"featured_media":2118,"comment_status":"open","ping_status":"closed","template":"","meta":{"om_disable_all_campaigns":false,"_monsterinsights_skip_tracking":false,"_monsterinsights_sitenote_active":false,"_monsterinsights_sitenote_note":"","_monsterinsights_sitenote_category":0,"site-sidebar-layout":"default","site-content-layout":"default","ast-site-content-layout":"default","site-content-style":"default","site-sidebar-style":"default","ast-global-header-display":"","ast-banner-title-visibility":"","ast-main-header-display":"","ast-hfb-above-header-display":"","ast-hfb-below-header-display":"","ast-hfb-mobile-header-display":"","site-post-title":"","ast-breadcrumbs-content":"","ast-featured-img":"","footer-sml-layout":"","ast-disable-related-posts":"","theme-transparent-header-meta":"default","adv-header-id-meta":"","stick-header-meta":"","header-above-stick-meta":"","header-main-stick-meta":"","header-below-stick-meta":"","astra-migrate-meta-layouts":"default","ast-page-background-enabled":"default","ast-page-background-meta":{"desktop":{"background-color":"","background-image":"","background-repeat":"repeat","background-position":"center center","background-size":"auto","background-attachment":"scroll","background-type":"","background-media":"","overlay-type":"","overlay-color":"","overlay-opacity":"","overlay-gradient":""},"tablet":{"background-color":"","background-image":"","background-repeat":"repeat","background-position":"center center","background-size":"auto","background-attachment":"scroll","background-type":"","background-media":"","overlay-type":"","overlay-color":"","overlay-opacity":"","overlay-gradient":""},"mobile":{"background-color":"","background-image":"","background-repeat":"repeat","background-position":"center center","background-size":"auto","background-attachment":"scroll","background-type":"","background-media":"","overlay-type":"","overlay-color":"","overlay-opacity":"","overlay-gradient":""}},"ast-content-background-meta":{"desktop":{"background-color":"var(--ast-global-color-5)","background-image":"","background-repeat":"repeat","background-position":"center center","background-size":"auto","background-attachment":"scroll","background-type":"","background-media":"","overlay-type":"","overlay-color":"","overlay-opacity":"","overlay-gradient":""},"tablet":{"background-color":"var(--ast-global-color-5)","background-image":"","background-repeat":"repeat","background-position":"center center","background-size":"auto","background-attachment":"scroll","background-type":"","background-media":"","overlay-type":"","overlay-color":"","overlay-opacity":"","overlay-gradient":""},"mobile":{"background-color":"var(--ast-global-color-5)","background-image":"","background-repeat":"repeat","background-position":"center center","background-size":"auto","background-attachment":"scroll","background-type":"","background-media":"","overlay-type":"","overlay-color":"","overlay-opacity":"","overlay-gradient":""}}},"product_brand":[],"product_cat":[515],"product_tag":[1899],"class_list":{"0":"post-7865","1":"product","2":"type-product","3":"status-publish","4":"has-post-thumbnail","6":"product_cat-jine-peptidy","7":"product_tag-sermorelin-sermorelin-acetate-grf-1-29-amide-human-cas-86168-78-7-cs","8":"desktop-align-left","9":"tablet-align-left","10":"mobile-align-left","12":"first","13":"instock","14":"shipping-taxable","15":"product-type-simple"},"_links":{"self":[{"href":"https:\/\/puyapeptide.net\/cs\/wp-json\/wp\/v2\/product\/7865","targetHints":{"allow":["GET"]}}],"collection":[{"href":"https:\/\/puyapeptide.net\/cs\/wp-json\/wp\/v2\/product"}],"about":[{"href":"https:\/\/puyapeptide.net\/cs\/wp-json\/wp\/v2\/types\/product"}],"replies":[{"embeddable":true,"href":"https:\/\/puyapeptide.net\/cs\/wp-json\/wp\/v2\/comments?post=7865"}],"wp:featuredmedia":[{"embeddable":true,"href":"https:\/\/puyapeptide.net\/cs\/wp-json\/wp\/v2\/media\/2118"}],"wp:attachment":[{"href":"https:\/\/puyapeptide.net\/cs\/wp-json\/wp\/v2\/media?parent=7865"}],"wp:term":[{"taxonomy":"product_brand","embeddable":true,"href":"https:\/\/puyapeptide.net\/cs\/wp-json\/wp\/v2\/product_brand?post=7865"},{"taxonomy":"product_cat","embeddable":true,"href":"https:\/\/puyapeptide.net\/cs\/wp-json\/wp\/v2\/product_cat?post=7865"},{"taxonomy":"product_tag","embeddable":true,"href":"https:\/\/puyapeptide.net\/cs\/wp-json\/wp\/v2\/product_tag?post=7865"}],"curies":[{"name":"wp","href":"https:\/\/api.w.org\/{rel}","templated":true}]}}