{"id":7893,"date":"2021-12-16T11:18:58","date_gmt":"2021-12-16T16:18:58","guid":{"rendered":"https:\/\/puyapeptide.net\/product\/gonadorelin-gonadorelin-acetat-cas-33515-09-2-pouziti-k-lecbe-neplodnosti-a-akvakultury\/"},"modified":"2021-12-16T11:18:58","modified_gmt":"2021-12-16T16:18:58","slug":"gonadorelin-gonadorelin-acetat-cas-33515-09-2-pouziti-k-lecbe-neplodnosti-a-akvakultury","status":"publish","type":"product","link":"https:\/\/puyapeptide.net\/cs\/product\/gonadorelin-gonadorelin-acetat-cas-33515-09-2-pouziti-k-lecbe-neplodnosti-a-akvakultury\/","title":{"rendered":"Gonadorelin\/ Gonadorelin acet\u00e1t CAS 33515-09-2 Pou\u017eit\u00ed k l\u00e9\u010db\u011b neplodnosti a akvakultury"},"content":{"rendered":"<h2><strong>Gonadorelin\/ Gonadorelin acet\u00e1t CAS 33515-09-2 Pou\u017eit\u00ed k l\u00e9\u010db\u011b neplodnosti a akvakultury<\/strong><\/h2>\n<p>N\u00e1zev produktu: Gonadorelin<br \/>\nSynonyma: Gonadoliberin, Luliberin;(2S)-N-[(2S)-1-[[(2S)-1-[[(2S)-1-[[(2S) -1-[[2-[[(2S)-1-[[(2S)-1-[(2S)-2-[(2-amino-2-oxoethyl)karbamoyl]pyrrolidin-1-yl]-5 -(diaminomethylidenamino)-1-oxopentan-2-yl]amino]-4-methyl-1-oxopentan-2-yl]amino]-2-oxoethyl]amino]-3-(4-hydroxyfenyl)-1-oxopropan- 2-yl]amino]-3-hydroxy-l-oxopropan-2-yl]amino]-3-(lH-indol-3-yl)-l-oxopropan-2-yl]amino]-3-(lH- imidazol-5-yl)-1-oxopropan-2-yl]-5-oxopyrrolidin-2-karboxamid;LUTEINIZUJ\u00cdC\u00cd HORMON UVOL\u0147UJ\u00cdC\u00cd HORMON \u010cLOV\u011aK;LUTEINIZUJ\u00cdC\u00cd HORMON UVOL\u0147UJ\u00cdC\u00cd HORMON (LIDSK\u00dd) KRAS, KRAS;UVOL\u0147OV\u00c1N\u00cd LUTEINIZUJ\u00cdC\u00cdHO HORMONU (UVOL\u0147OV\u00c1N\u00cd (UVOL\u0147OV\u00c1N\u00cd LUTEINIZUJ\u00cdC\u00cdHO HORMU) III. ;LUTEINIZUJ\u00cdC\u00cd HORMON UVOL\u0147UJ\u00cdC\u00cd HORMONACET\u00c1T;FAKTOR UVOL\u0147UJ\u00cdC\u00cd LUTEINIZUJ\u00cdC\u00cd HORMONY FAKTOR (MO\u0158SK\u00c1 PR\u00c1MA);LUTEINIZUJ\u00cdC\u00cd HORMONUVOL\u0147UJ\u00cdC\u00cd HORMON<br \/>\nCAS: 33515-09-2<br \/>\nMF: C55H73N&gt;12518 553-1<br \/>\nKategorie produkt\u016f: peptid;Peptidov\u00e9 receptory;Hormon uvol\u0148uj\u00edc\u00ed gonadotropin (GnRH);Farmaceutick\u00fd<br \/>\nMol File: 33515-09-2.mol<\/p>\n<p> <strong>Gonadorelin\/ Gonadorelin aceta te CAS 33515-09-2 Chemick\u00e9 vlastnosti<\/strong><br \/>\nhustota 1,54<br \/>\nforma \u010dist\u00e1<br \/>\npka 9,82\u00b10,15(p\u0159edpoklad)<br \/>\nInChIKey XLXSAKCOAKORKW-AQJXLSMYSA-N<\/p>\n<p> <strong>Pou\u017eit\u00ed gonadorelin\/gonadorelin acet\u00e1t CAS 33515-09-2<\/strong><br \/>\nPou\u017e\u00edv\u00e1 se k l\u00e9\u010db\u011b reproduk\u010dn\u00edch onemocn\u011bn\u00ed u krav a reproduk\u010dn\u00edmu managementu krav, v\u010detn\u011b simult\u00e1nn\u00edho \u0159\u00edje a \u010dasovan\u00fdch insemina\u010dn\u00edch procedur. Pou\u017e\u00edv\u00e1 se hlavn\u011b v klinick\u00fdch aspektech chovu skotu v \u010c\u00edn\u011b a pro simult\u00e1nn\u00ed estrus a \u010dasovanou inseminaci krav. Pou\u017e\u00edv\u00e1 se p\u0159edev\u0161\u00edm u krav s klidovou funkc\u00ed vaje\u010dn\u00edk\u016f, kde je objem vaje\u010dn\u00edk\u016f p\u0159i p\u0159\u00edm\u00e9m vy\u0161et\u0159en\u00ed v podstat\u011b norm\u00e1ln\u00ed a nevyv\u00edjej\u00ed se folikuly ani \u017elut\u00e9 t\u011bl\u00edsko. Doporu\u010duje se pro klinickou l\u00e9\u010dbu krav s klidov\u00fdmi vaje\u010dn\u00edky v d\u00e1vce 200 mcg. Chemicalbook simult\u00e1nn\u00ed estrus a \u010dasovan\u00e1 inseminace, prvn\u00ed injekce hormonu uvol\u0148uj\u00edc\u00edho luteiniza\u010dn\u00ed hormon, n\u00e1sledovan\u00e1 o 7 dn\u00ed pozd\u011bji 0,5 mg\/hlavu prostaglandinu k rozpu\u0161t\u011bn\u00ed nov\u011b vytvo\u0159en\u00e9ho \u017elut\u00e9ho t\u011bl\u00edska. O 48 hodin pozd\u011bji druh\u00e1 injekce hormonu uvol\u0148uj\u00edc\u00edho luteiniza\u010dn\u00ed hormon, n\u00e1sledovan\u00e1 16 a\u017e 24 hodinami um\u011bl\u00e9 inseminace. Doporu\u010den\u00e1 d\u00e1vka tohoto produktu pro soub\u011b\u017en\u00e9 aplikace \u0159\u00edje a \u010dasovan\u00e9 inseminace u krav je 100 mcg.<\/p>\n<p> <strong>Pou\u017eit\u00ed gonadorelinu\/gonadorelinacet\u00e1tu CAS 33515-09-2<\/strong><br \/>\n1. Biochemick\u00e9 studie; m\u00e1 \u00fa\u010dinek na stimulaci sekrece pohlavn\u00edch hormon\u016f (LH a FSH) p\u0159edn\u00ed hypof\u00fdzou, pou\u017e\u00edvan\u00fdch p\u0159i l\u00e9\u010db\u011b neplodnosti; pou\u017e\u00edv\u00e1 se v akvakultu\u0159e k podpo\u0159e ovulace rodi\u010dovsk\u00fdch ryb Chemicalbook.<br \/>\n2. Diagnostika a l\u00e9\u010dba hypotalamick\u00e9 neplodnosti, sekund\u00e1rn\u00ed amenorey a amenorey u jednotliv\u00fdch norm\u00e1ln\u00edch \u017een v d\u016fsledku dlouhodob\u00e9ho u\u017e\u00edv\u00e1n\u00ed steroidn\u00ed antikoncepce.<\/p>\n","protected":false},"excerpt":{"rendered":"<p>N\u00e1zev produktu: Gonadorelin<br \/>\nCAS: 33515-09-2<br \/>\nMF: C55H75N17O13<br \/>\nMW: 1182,31<br \/>\nEINECS: 251-553-1<br \/>\nMol Soubor: 33515-09-2.mol<\/p>\n","protected":false},"featured_media":2265,"comment_status":"closed","ping_status":"closed","template":"","meta":{"om_disable_all_campaigns":false,"_monsterinsights_skip_tracking":false,"_monsterinsights_sitenote_active":false,"_monsterinsights_sitenote_note":"","_monsterinsights_sitenote_category":0,"site-sidebar-layout":"default","site-content-layout":"default","ast-site-content-layout":"default","site-content-style":"default","site-sidebar-style":"default","ast-global-header-display":"","ast-banner-title-visibility":"","ast-main-header-display":"","ast-hfb-above-header-display":"","ast-hfb-below-header-display":"","ast-hfb-mobile-header-display":"","site-post-title":"","ast-breadcrumbs-content":"","ast-featured-img":"","footer-sml-layout":"","ast-disable-related-posts":"","theme-transparent-header-meta":"default","adv-header-id-meta":"","stick-header-meta":"","header-above-stick-meta":"","header-main-stick-meta":"","header-below-stick-meta":"","astra-migrate-meta-layouts":"default","ast-page-background-enabled":"default","ast-page-background-meta":{"desktop":{"background-color":"","background-image":"","background-repeat":"repeat","background-position":"center center","background-size":"auto","background-attachment":"scroll","background-type":"","background-media":"","overlay-type":"","overlay-color":"","overlay-opacity":"","overlay-gradient":""},"tablet":{"background-color":"","background-image":"","background-repeat":"repeat","background-position":"center center","background-size":"auto","background-attachment":"scroll","background-type":"","background-media":"","overlay-type":"","overlay-color":"","overlay-opacity":"","overlay-gradient":""},"mobile":{"background-color":"","background-image":"","background-repeat":"repeat","background-position":"center center","background-size":"auto","background-attachment":"scroll","background-type":"","background-media":"","overlay-type":"","overlay-color":"","overlay-opacity":"","overlay-gradient":""}},"ast-content-background-meta":{"desktop":{"background-color":"var(--ast-global-color-5)","background-image":"","background-repeat":"repeat","background-position":"center center","background-size":"auto","background-attachment":"scroll","background-type":"","background-media":"","overlay-type":"","overlay-color":"","overlay-opacity":"","overlay-gradient":""},"tablet":{"background-color":"var(--ast-global-color-5)","background-image":"","background-repeat":"repeat","background-position":"center center","background-size":"auto","background-attachment":"scroll","background-type":"","background-media":"","overlay-type":"","overlay-color":"","overlay-opacity":"","overlay-gradient":""},"mobile":{"background-color":"var(--ast-global-color-5)","background-image":"","background-repeat":"repeat","background-position":"center center","background-size":"auto","background-attachment":"scroll","background-type":"","background-media":"","overlay-type":"","overlay-color":"","overlay-opacity":"","overlay-gradient":""}}},"product_brand":[],"product_cat":[432],"product_tag":[1884],"class_list":{"0":"post-7893","1":"product","2":"type-product","3":"status-publish","4":"has-post-thumbnail","6":"product_cat-urogenitalni-peptid","7":"product_tag-gonadorelin-gonadorelin-acetate-cas-33515-09-2-use-for-treat-infertility-and-aquaculture-cs","8":"desktop-align-left","9":"tablet-align-left","10":"mobile-align-left","12":"first","13":"instock","14":"shipping-taxable","15":"product-type-simple"},"_links":{"self":[{"href":"https:\/\/puyapeptide.net\/cs\/wp-json\/wp\/v2\/product\/7893","targetHints":{"allow":["GET"]}}],"collection":[{"href":"https:\/\/puyapeptide.net\/cs\/wp-json\/wp\/v2\/product"}],"about":[{"href":"https:\/\/puyapeptide.net\/cs\/wp-json\/wp\/v2\/types\/product"}],"replies":[{"embeddable":true,"href":"https:\/\/puyapeptide.net\/cs\/wp-json\/wp\/v2\/comments?post=7893"}],"wp:featuredmedia":[{"embeddable":true,"href":"https:\/\/puyapeptide.net\/cs\/wp-json\/wp\/v2\/media\/2265"}],"wp:attachment":[{"href":"https:\/\/puyapeptide.net\/cs\/wp-json\/wp\/v2\/media?parent=7893"}],"wp:term":[{"taxonomy":"product_brand","embeddable":true,"href":"https:\/\/puyapeptide.net\/cs\/wp-json\/wp\/v2\/product_brand?post=7893"},{"taxonomy":"product_cat","embeddable":true,"href":"https:\/\/puyapeptide.net\/cs\/wp-json\/wp\/v2\/product_cat?post=7893"},{"taxonomy":"product_tag","embeddable":true,"href":"https:\/\/puyapeptide.net\/cs\/wp-json\/wp\/v2\/product_tag?post=7893"}],"curies":[{"name":"wp","href":"https:\/\/api.w.org\/{rel}","templated":true}]}}