{"id":7954,"date":"2021-12-16T11:21:51","date_gmt":"2021-12-16T16:21:51","guid":{"rendered":"https:\/\/puyapeptide.net\/product\/puya-supply-ipamorelin-ipamorelin-acetate-cas-170851-70-4\/"},"modified":"2021-12-16T11:21:51","modified_gmt":"2021-12-16T16:21:51","slug":"puya-supply-ipamorelin-ipamorelin-acetate-cas-170851-70-4","status":"publish","type":"product","link":"https:\/\/puyapeptide.net\/cs\/product\/puya-supply-ipamorelin-ipamorelin-acetate-cas-170851-70-4\/","title":{"rendered":"Puya Supply Ipamorelin\/Ipamorelin Acetate CAS 170851-70-4"},"content":{"rendered":"<h2><strong>Puya Supply Ipamorelin\/Ipamorelin Acetate CAS 170851-70-4<\/strong><\/h2>\n<p>N\u00e1zev produktu: Ipamorelin<br \/>\nSynonyma: IpoMarelin;IpaMorelin acet\u00e1t;Aib-His-D-2-Nal-D-Phe-Lys-NH2;IPAMORELIN(1MG);IPAMORELIN(5MG);2-Methylalanyl-L -histidyl-3-(2-naftyl)-D-alanyl-D-fenylalanyl-L-lysinamid;L-lysinamid,2-methylalanyl-L-histidyl-3-(2-naftalenyl)-D-alanyl-D-fenylalanyl -;NNC-26-0161<br \/>\nCAS: 170851-70-4<br \/>\nMF: C38H49N9O5<br \/>\nMW: 711,85<br \/>\nEINECS:<br \/>\nKategorie produkt\u016f: Peptidy<br \/>\nMol File: 170851-70 -4.mol<\/p>\n<p>Ipamorelin je GHRP (peptid uvol\u0148uj\u00edc\u00ed r\u016fstov\u00fd hormon), kter\u00fd je pova\u017eov\u00e1n za nejm\u00edrn\u011bj\u0161\u00ed, proto\u017ee se uvol\u0148uje stabiln\u011b a pomalu bez siln\u00e9 desenzibilizace. Ipamorelin m\u00e1 jednoduchou funkci a m\u016f\u017ee zv\u00fd\u0161it produkci p\u0159irozen\u00e9ho GH v t\u011ble. Pomozte n\u00e1m vybudovat novou tenkou tk\u00e1\u0148 a pomozte chr\u00e1nit st\u00e1vaj\u00edc\u00ed tenkou tk\u00e1\u0148. Je dobr\u00fd pro sp\u00e1nek a m\u00e1 \u00fa\u010dinek proti st\u00e1rnut\u00ed Mezi odr\u016fdami peptid\u016f stimuluj\u00edc\u00edch sekreci r\u016fstov\u00e9ho hormonu.<\/p>\n<p> <strong>Ipamorelin\/Ipamorelin Acetate CAS 170851-70-4 Chemick\u00e9 vlastnosti<\/strong><br \/>\nBod varu 1185,5\u00b165,0 \u00b0C (p\u0159edpoklad)&lt; &amp;&gt;hustota 1,263\u00b10,06 g\/cm3 (p\u0159edpov\u011bzeno)<br \/>\npka 13,04\u00b10,46 (p\u0159edpov\u011bzeno)<\/p>\n<p> <strong>Funkce a aplikace ipamorelinu\/ipamorelin acet\u00e1tu CAS 170851-70-4<\/strong><br \/>\nIpomorelin je fascinuj\u00edc\u00ed novinka objev budov\u00e1n\u00ed sval\u016f, kter\u00e9mu se ve sv\u011bt\u011b kulturistiky dost\u00e1v\u00e1 velk\u00e9 pozornosti. Stejn\u011b jako peptid GHRP\/6 (uvol\u0148uj\u00edc\u00ed hexapeptid) je to syntetick\u00fd peptid, kter\u00fd m\u00e1 siln\u00e9 uvol\u0148ovac\u00ed vlastnosti. A tyto uvol\u0148ovac\u00ed vlastnosti jsou to, co je zaj\u00edmav\u00e9 pro sportovce a kulturisty, proto\u017ee mohou m\u00edt obrovsk\u00fd rozd\u00edl v mno\u017estv\u00ed svalov\u00e9 hmoty, kterou m\u016f\u017eete r\u016fst, a v tom, jak rychle spalujete tuk.<\/p>\n","protected":false},"excerpt":{"rendered":"<p>N\u00e1zev produktu: Ipamorelin<br \/>\nCAS: 170851-70-4<br \/>\nMF: C38H49N9O5<br \/>\nMW: 711,85<br \/>\nMol Soubor: 170851-70-4.mol<\/p>\n","protected":false},"featured_media":2202,"comment_status":"open","ping_status":"closed","template":"","meta":{"om_disable_all_campaigns":false,"_monsterinsights_skip_tracking":false,"_monsterinsights_sitenote_active":false,"_monsterinsights_sitenote_note":"","_monsterinsights_sitenote_category":0,"site-sidebar-layout":"default","site-content-layout":"default","ast-site-content-layout":"default","site-content-style":"default","site-sidebar-style":"default","ast-global-header-display":"","ast-banner-title-visibility":"","ast-main-header-display":"","ast-hfb-above-header-display":"","ast-hfb-below-header-display":"","ast-hfb-mobile-header-display":"","site-post-title":"","ast-breadcrumbs-content":"","ast-featured-img":"","footer-sml-layout":"","ast-disable-related-posts":"","theme-transparent-header-meta":"default","adv-header-id-meta":"","stick-header-meta":"","header-above-stick-meta":"","header-main-stick-meta":"","header-below-stick-meta":"","astra-migrate-meta-layouts":"default","ast-page-background-enabled":"default","ast-page-background-meta":{"desktop":{"background-color":"","background-image":"","background-repeat":"repeat","background-position":"center center","background-size":"auto","background-attachment":"scroll","background-type":"","background-media":"","overlay-type":"","overlay-color":"","overlay-opacity":"","overlay-gradient":""},"tablet":{"background-color":"","background-image":"","background-repeat":"repeat","background-position":"center center","background-size":"auto","background-attachment":"scroll","background-type":"","background-media":"","overlay-type":"","overlay-color":"","overlay-opacity":"","overlay-gradient":""},"mobile":{"background-color":"","background-image":"","background-repeat":"repeat","background-position":"center center","background-size":"auto","background-attachment":"scroll","background-type":"","background-media":"","overlay-type":"","overlay-color":"","overlay-opacity":"","overlay-gradient":""}},"ast-content-background-meta":{"desktop":{"background-color":"var(--ast-global-color-5)","background-image":"","background-repeat":"repeat","background-position":"center center","background-size":"auto","background-attachment":"scroll","background-type":"","background-media":"","overlay-type":"","overlay-color":"","overlay-opacity":"","overlay-gradient":""},"tablet":{"background-color":"var(--ast-global-color-5)","background-image":"","background-repeat":"repeat","background-position":"center center","background-size":"auto","background-attachment":"scroll","background-type":"","background-media":"","overlay-type":"","overlay-color":"","overlay-opacity":"","overlay-gradient":""},"mobile":{"background-color":"var(--ast-global-color-5)","background-image":"","background-repeat":"repeat","background-position":"center center","background-size":"auto","background-attachment":"scroll","background-type":"","background-media":"","overlay-type":"","overlay-color":"","overlay-opacity":"","overlay-gradient":""}}},"product_brand":[],"product_cat":[515],"product_tag":[1812],"class_list":{"0":"post-7954","1":"product","2":"type-product","3":"status-publish","4":"has-post-thumbnail","6":"product_cat-jine-peptidy","7":"product_tag-puya-supply-ipamorelin-ipamorelin-acetate-cas-170851-70-4-cs","8":"desktop-align-left","9":"tablet-align-left","10":"mobile-align-left","12":"first","13":"instock","14":"shipping-taxable","15":"product-type-simple"},"_links":{"self":[{"href":"https:\/\/puyapeptide.net\/cs\/wp-json\/wp\/v2\/product\/7954","targetHints":{"allow":["GET"]}}],"collection":[{"href":"https:\/\/puyapeptide.net\/cs\/wp-json\/wp\/v2\/product"}],"about":[{"href":"https:\/\/puyapeptide.net\/cs\/wp-json\/wp\/v2\/types\/product"}],"replies":[{"embeddable":true,"href":"https:\/\/puyapeptide.net\/cs\/wp-json\/wp\/v2\/comments?post=7954"}],"wp:featuredmedia":[{"embeddable":true,"href":"https:\/\/puyapeptide.net\/cs\/wp-json\/wp\/v2\/media\/2202"}],"wp:attachment":[{"href":"https:\/\/puyapeptide.net\/cs\/wp-json\/wp\/v2\/media?parent=7954"}],"wp:term":[{"taxonomy":"product_brand","embeddable":true,"href":"https:\/\/puyapeptide.net\/cs\/wp-json\/wp\/v2\/product_brand?post=7954"},{"taxonomy":"product_cat","embeddable":true,"href":"https:\/\/puyapeptide.net\/cs\/wp-json\/wp\/v2\/product_cat?post=7954"},{"taxonomy":"product_tag","embeddable":true,"href":"https:\/\/puyapeptide.net\/cs\/wp-json\/wp\/v2\/product_tag?post=7954"}],"curies":[{"name":"wp","href":"https:\/\/api.w.org\/{rel}","templated":true}]}}