{"id":7969,"date":"2021-12-16T11:23:19","date_gmt":"2021-12-16T16:23:19","guid":{"rendered":"https:\/\/puyapeptide.net\/product\/aviptadil-acetat-vazoaktivni-strevni-peptid-nejvyssi-kvality-clovek-potkan-mys-kralik-pes-prase-cas-40077-57-4\/"},"modified":"2021-12-16T11:23:19","modified_gmt":"2021-12-16T16:23:19","slug":"aviptadil-acetat-vazoaktivni-strevni-peptid-nejvyssi-kvality-clovek-potkan-mys-kralik-pes-prase-cas-40077-57-4","status":"publish","type":"product","link":"https:\/\/puyapeptide.net\/cs\/product\/aviptadil-acetat-vazoaktivni-strevni-peptid-nejvyssi-kvality-clovek-potkan-mys-kralik-pes-prase-cas-40077-57-4\/","title":{"rendered":"Aviptadil acet\u00e1t\/vazoaktivn\u00ed st\u0159evn\u00ed peptid nejvy\u0161\u0161\u00ed kvality (\u010dlov\u011bk, potkan, my\u0161, kr\u00e1l\u00edk, pes, prase) CAS 40077-57-4"},"content":{"rendered":"<h2><strong>Aviptadil acet\u00e1t\/vazoaktivn\u00ed st\u0159evn\u00ed peptid nejvy\u0161\u0161\u00ed kvality (\u010dlov\u011bk, potkan, my\u0161, kr\u00e1l\u00edk, pes, prase) CAS 40077-57-4<\/strong><\/h2>\n<p>N\u00e1zev produktu: Aviptadil acet\u00e1t\/vazoaktivn\u00ed st\u0159evn\u00ed peptid (\u010dlov\u011bk, krysa, my\u0161, kr\u00e1l\u00edk, pes, prase)<br \/>\nSynonyma: VASOAKTIVN\u00cd ST\u0158EVN\u00cd PEPTID (\u010cLOV\u011aK, SV\u011aT, VELICE, KRAT);VASOAKTIVN\u00cd ST\u0158EVN\u00cd PEPTID (\u010cLOV\u011aK, \u010cLOV\u011aK );VASOAKTIVN\u00cd ST\u0158EVN\u00cd PEPTID, \u010cLOV\u011aK, PRASE A POKASA;VASOAKTIVN\u00cd ST\u0158EVN\u00cd PEPTID (\u010cLOV\u011aK, PRASA) (HOV\u011aZ, KRAS, PSA);VASOAKTIVN\u00cd ST\u0158EVN\u00cd PEPTID \u010cLOV\u011aK, PRASE, KRAS;VASOAKTIVN\u00cd ST\u0158EVN\u00cd, PEPTID, ROVINCE; VASOAKTIVN\u00cd ST\u0158EVN\u00cd PEPTID, PRASE;VASOAKTIVN\u00cd ST\u0158EVN\u00cd PEPTID<br \/>\nCAS: 40077-57-4<br \/>\nMF: C147H238N44O42S<br \/>\nMW: 3325,8<br \/>\nEINECS:<br \/>\nReceptory produkt\u016f a PACAP; VIP<br \/>\nKategorie produkt\u016f: &gt;Mol File: 40077-57-4.mol<\/p>\n<p>Aviptadil, tak\u00e9 zn\u00e1m\u00fd jako vazoaktivn\u00ed st\u0159evn\u00ed polypeptid (VIP), je neuropeptid s 28 aminokyselinami, kter\u00fd pat\u0159\u00ed do sekre\u010dn\u00ed nadrodiny faktoru uvol\u0148uj\u00edc\u00edho glukagonov\u00fd r\u016fstov\u00fd hormon. M\u00e1 siln\u00e9 protiz\u00e1n\u011btliv\u00e9 a imunomodula\u010dn\u00ed \u00fa\u010dinky. Krom\u011b toho Aviptadil p\u016fsob\u00ed jako siln\u00fd syst\u00e9mov\u00fd vazodilat\u00e1tor a bronchodilat\u00e1tor, inhibuje proliferaci bun\u011bk hladk\u00e9ho svalstva c\u00e9v a pr\u016fdu\u0161ek a sni\u017euje agregaci krevn\u00edch desti\u010dek. Tyto biologick\u00e9 \u00fa\u010dinky jsou zprost\u0159edkov\u00e1ny specifick\u00fdmi VIP receptory. <\/p>\n<p>Vasoaktivn\u00ed st\u0159evn\u00ed peptid (VIP) je \u0161iroce distribuov\u00e1n v t\u011ble a p\u0159edpokl\u00e1d\u00e1 se, \u017ee se vyskytuje v cel\u00e9m gastrointestin\u00e1ln\u00edm traktu. Je to polypeptid s 28 zbytky se strukturn\u00edmi podobnostmi se sekretinem a glukagonem. Zp\u016fsobuje vazodilataci a zvy\u0161uje srde\u010dn\u00ed kontraktilitu. VIP stimuluje sekreci bikarbon\u00e1t\u016f, uvol\u0148uje gastrointestin\u00e1ln\u00ed a dal\u0161\u00ed hladk\u00e9 svaly, stimuluje glykogenezi, inhibuje sekreci \u017ealude\u010dn\u00ed kyseliny a stimuluje sekreci inzul\u00ednu. Byla zkoum\u00e1na jeho hormon\u00e1ln\u00ed a neurotransmiterov\u00e1 role.<\/p>\n<p> <strong>Aviptadil acet\u00e1t\/vazoaktivn\u00ed st\u0159evn\u00ed peptid (\u010dlov\u011bk, potkan, my\u0161, kr\u00e1l\u00edk, pes, prase) CAS 40077-57-4 Chemick\u00e9 vlastnosti<\/strong><br \/>\nhustota 1,47\u00b10,1 g\/ cm3 (P\u0159edpov\u011bzeno)<br \/>\ntepl. \u221220\u00b0C<br \/>\nrozpustnost 1% kyselina octov\u00e1: rozpustn\u00e1 0,1%, \u010dir\u00e1, bezbarv\u00e1<br \/>\nforma pr\u00e1\u0161ku<br \/>\nInChIKey HEOYHMUESMJFDC-RIWXPGAOSA-N<\/p>\n<p> <strong>Funkce a aplikace aviptadil acet\u00e1tu\/vazoaktivn\u00edho st\u0159evn\u00edho peptidu (\u010dlov\u011bk, krysa, my\u0161, kr\u00e1l\u00edk, pes, prase) CAS 40077-57-4<\/strong><br \/>\nAviptadil Acetate vyvinut\u00fd spole\u010dnostmi MondobiotechAG a BiogenIdec, atendil acet\u00e1t je line\u00e1rn\u00ed peptid Chemicalbook sest\u00e1vaj\u00edc\u00ed z 28 aminokyselin, kter\u00fd se pou\u017e\u00edv\u00e1 hlavn\u011b p\u0159i l\u00e9\u010db\u011b syndromu akutn\u00ed respira\u010dn\u00ed t\u00edsn\u011b a idiopatick\u00e9 plicn\u00ed fibr\u00f3zy s lep\u0161\u00edm \u00fa\u010dinkem a men\u0161\u00edmi vedlej\u0161\u00edmi \u00fa\u010dinky a je slibn\u00fdm peptidov\u00fdm l\u00e9kem.<\/p>\n","protected":false},"excerpt":{"rendered":"<p>N\u00e1zev produktu: Aviptadil Acetate\/Vasoactive Intestinal Peptide (\u010dlov\u011bk, potkan, my\u0161, kr\u00e1l\u00edk, pes, prase)<br \/>\nCAS: 40077-57-4<br \/>\nMF: C147H238N44O42S<br \/>\nMW: 3325,8<br \/>\nMol Soubor: 40077-57-4.mol<\/p>\n","protected":false},"featured_media":2286,"comment_status":"open","ping_status":"closed","template":"","meta":{"om_disable_all_campaigns":false,"_monsterinsights_skip_tracking":false,"_monsterinsights_sitenote_active":false,"_monsterinsights_sitenote_note":"","_monsterinsights_sitenote_category":0,"site-sidebar-layout":"default","site-content-layout":"default","ast-site-content-layout":"default","site-content-style":"default","site-sidebar-style":"default","ast-global-header-display":"","ast-banner-title-visibility":"","ast-main-header-display":"","ast-hfb-above-header-display":"","ast-hfb-below-header-display":"","ast-hfb-mobile-header-display":"","site-post-title":"","ast-breadcrumbs-content":"","ast-featured-img":"","footer-sml-layout":"","ast-disable-related-posts":"","theme-transparent-header-meta":"default","adv-header-id-meta":"","stick-header-meta":"","header-above-stick-meta":"","header-main-stick-meta":"","header-below-stick-meta":"","astra-migrate-meta-layouts":"default","ast-page-background-enabled":"default","ast-page-background-meta":{"desktop":{"background-color":"","background-image":"","background-repeat":"repeat","background-position":"center center","background-size":"auto","background-attachment":"scroll","background-type":"","background-media":"","overlay-type":"","overlay-color":"","overlay-opacity":"","overlay-gradient":""},"tablet":{"background-color":"","background-image":"","background-repeat":"repeat","background-position":"center center","background-size":"auto","background-attachment":"scroll","background-type":"","background-media":"","overlay-type":"","overlay-color":"","overlay-opacity":"","overlay-gradient":""},"mobile":{"background-color":"","background-image":"","background-repeat":"repeat","background-position":"center center","background-size":"auto","background-attachment":"scroll","background-type":"","background-media":"","overlay-type":"","overlay-color":"","overlay-opacity":"","overlay-gradient":""}},"ast-content-background-meta":{"desktop":{"background-color":"var(--ast-global-color-5)","background-image":"","background-repeat":"repeat","background-position":"center center","background-size":"auto","background-attachment":"scroll","background-type":"","background-media":"","overlay-type":"","overlay-color":"","overlay-opacity":"","overlay-gradient":""},"tablet":{"background-color":"var(--ast-global-color-5)","background-image":"","background-repeat":"repeat","background-position":"center center","background-size":"auto","background-attachment":"scroll","background-type":"","background-media":"","overlay-type":"","overlay-color":"","overlay-opacity":"","overlay-gradient":""},"mobile":{"background-color":"var(--ast-global-color-5)","background-image":"","background-repeat":"repeat","background-position":"center center","background-size":"auto","background-attachment":"scroll","background-type":"","background-media":"","overlay-type":"","overlay-color":"","overlay-opacity":"","overlay-gradient":""}}},"product_brand":[],"product_cat":[515],"product_tag":[1768,1724,1790,1746,1702,1680],"class_list":{"0":"post-7969","1":"product","2":"type-product","3":"status-publish","4":"has-post-thumbnail","6":"product_cat-jine-peptidy","7":"product_tag-canine-cs","8":"product_tag-mouse-cs","9":"product_tag-porcine-cas-40077-57-4-cs","10":"product_tag-rabbit-cs","11":"product_tag-rat-cs","12":"product_tag-top-grade-aviptadil-acetate-vasoactive-intestinal-peptide-human-cs","13":"desktop-align-left","14":"tablet-align-left","15":"mobile-align-left","17":"first","18":"instock","19":"shipping-taxable","20":"product-type-simple"},"_links":{"self":[{"href":"https:\/\/puyapeptide.net\/cs\/wp-json\/wp\/v2\/product\/7969","targetHints":{"allow":["GET"]}}],"collection":[{"href":"https:\/\/puyapeptide.net\/cs\/wp-json\/wp\/v2\/product"}],"about":[{"href":"https:\/\/puyapeptide.net\/cs\/wp-json\/wp\/v2\/types\/product"}],"replies":[{"embeddable":true,"href":"https:\/\/puyapeptide.net\/cs\/wp-json\/wp\/v2\/comments?post=7969"}],"wp:featuredmedia":[{"embeddable":true,"href":"https:\/\/puyapeptide.net\/cs\/wp-json\/wp\/v2\/media\/2286"}],"wp:attachment":[{"href":"https:\/\/puyapeptide.net\/cs\/wp-json\/wp\/v2\/media?parent=7969"}],"wp:term":[{"taxonomy":"product_brand","embeddable":true,"href":"https:\/\/puyapeptide.net\/cs\/wp-json\/wp\/v2\/product_brand?post=7969"},{"taxonomy":"product_cat","embeddable":true,"href":"https:\/\/puyapeptide.net\/cs\/wp-json\/wp\/v2\/product_cat?post=7969"},{"taxonomy":"product_tag","embeddable":true,"href":"https:\/\/puyapeptide.net\/cs\/wp-json\/wp\/v2\/product_tag?post=7969"}],"curies":[{"name":"wp","href":"https:\/\/api.w.org\/{rel}","templated":true}]}}