{"id":7995,"date":"2021-12-16T11:24:22","date_gmt":"2021-12-16T16:24:22","guid":{"rendered":"https:\/\/puyapeptide.net\/product\/puya-supply-eledoisin-acetat-eledoisin-cas-69-25-0\/"},"modified":"2021-12-16T11:24:22","modified_gmt":"2021-12-16T16:24:22","slug":"puya-supply-eledoisin-acetat-eledoisin-cas-69-25-0","status":"publish","type":"product","link":"https:\/\/puyapeptide.net\/cs\/product\/puya-supply-eledoisin-acetat-eledoisin-cas-69-25-0\/","title":{"rendered":"Puya Supply Eledoisin acet\u00e1t\/ Eledoisin CAS 69-25-0"},"content":{"rendered":"<h2><strong>Puya Supply Eledoisin acet\u00e1t\/ Eledoisin CAS 69-25-0<\/strong><\/h2>\n<p>N\u00e1zev produktu: Eledoisin<br \/>\nSynonyma: eledonpeptid;ELEDOISIN;GLP-PRO-SER-LYS-ASP-ALA-PHE-ILE-GLY-LEU-MET-NH2;5-oxo-l-prolyl-l- prolyl-l-seryl-l-lysyl-l-aspartyl-l-alanyl-l-fenylalanyl-l-isoleucylglycyl-l-leucyl-l-methioninamid;PYR-PRO-SER-LYS-ASP-ALA-PHE-ILE- GLY-LEU-MET-NH2;PYR-PSKDAFIGLM-NH2;PGLU-PRO-SER-LYS-ASP-ALA-PHE-ILE-GLY-LEU-MET-NH2;ELEDOSIN<br \/>\nCAS: 69-25-0&lt; &amp;&gt;MF: C54H85N13O15S<br \/>\nMW: 1188.4<br \/>\nEINECS:<br \/>\nKategorie produkt\u016f: proteiny;Peptid<br \/>\nMol File: 69-25-0.mol<\/p>\n<p>Eledoisin Acetate, \u010dlen skupiny tachykininov\u00e1 rodina je aktivn\u00ed peptid, kter\u00fd excituje neurony a spou\u0161t\u00ed behavior\u00e1ln\u00ed reakce. Je to siln\u00fd vazodilat\u00e1tor a sekretagog, kter\u00fd se dot\u00fdk\u00e1 mnoha hladk\u00fdch sval\u016f.<\/p>\n<p> <strong>Eledoisin acet\u00e1t\/ Eledoisin CAS 69-25-0 Chemick\u00e9 vlastnosti<\/strong><br \/>\nBod t\u00e1n\u00ed 230 \u00b0C (rozklad)<br \/>\nBod varu 1618,1\u00b165,0 \u00b0C (P\u0159edpokl\u00e1dan\u00e1)<br \/>\nhustota 1,289\u00b10,06 g\/cm3 (P\u0159edpokl\u00e1dan\u00e1)<br \/>\ntepl. \u221220\u00b0C<br \/>\npka 4,19\u00b10,10(p\u0159edpov\u011bzeno)<\/p>\n<p> <strong>Funkce a aplikace eledoisinacet\u00e1tu\/ eledoisinu CAS 69-25-0<\/strong><br \/>\nP\u0159edev\u0161\u00edm m\u00e1 silnou vazokonstrikci angiotenzinu II a zv\u00fd\u0161en\u00ed krevn\u00edho tlaku. Mechanismus je: 1. Tak, \u017ee kontrakce hladk\u00e9ho svalstva t\u011bla arterioly, zv\u00fd\u0161en\u00fd perifern\u00ed odpor; 2. Zvy\u0161te tak uvol\u0148ov\u00e1n\u00ed adren\u00e1ln\u00edho aldosteronu, co\u017e zp\u016fsobuje retenci sod\u00edku, zv\u00fd\u0161en\u00fd objem krve; 3. P\u0159\u00edmo p\u0159isp\u00edvaj\u00ed k ren\u00e1ln\u00ed tubul\u00e1rn\u00ed reabsorpci sod\u00edku a vody; 4. Tak\u017ee mozkov\u00e1 centr\u00e1ln\u00ed nervov\u00e1 sympatick\u00e1 vazokonstrik\u010dn\u00ed aktivita, zp\u016fsobuj\u00edc\u00ed zv\u00fd\u0161enou perifern\u00ed vaskul\u00e1rn\u00ed rezistenci; 5. Stimulujte d\u0159e\u0148 nadledvin, aby se uvolnil adrenalin a noradrenalin<\/p>\n","protected":false},"excerpt":{"rendered":"<p>N\u00e1zev produktu: Eledoisin<br \/>\nCAS: 69-25-0<br \/>\nMF: C54H85N13O15S<br \/>\nMW: 1188,4<br \/>\nMol Soubor: 69-25-0,mol<\/p>\n","protected":false},"featured_media":2265,"comment_status":"open","ping_status":"closed","template":"","meta":{"om_disable_all_campaigns":false,"_monsterinsights_skip_tracking":false,"_monsterinsights_sitenote_active":false,"_monsterinsights_sitenote_note":"","_monsterinsights_sitenote_category":0,"site-sidebar-layout":"default","site-content-layout":"default","ast-site-content-layout":"default","site-content-style":"default","site-sidebar-style":"default","ast-global-header-display":"","ast-banner-title-visibility":"","ast-main-header-display":"","ast-hfb-above-header-display":"","ast-hfb-below-header-display":"","ast-hfb-mobile-header-display":"","site-post-title":"","ast-breadcrumbs-content":"","ast-featured-img":"","footer-sml-layout":"","ast-disable-related-posts":"","theme-transparent-header-meta":"default","adv-header-id-meta":"","stick-header-meta":"","header-above-stick-meta":"","header-main-stick-meta":"","header-below-stick-meta":"","astra-migrate-meta-layouts":"default","ast-page-background-enabled":"default","ast-page-background-meta":{"desktop":{"background-color":"","background-image":"","background-repeat":"repeat","background-position":"center center","background-size":"auto","background-attachment":"scroll","background-type":"","background-media":"","overlay-type":"","overlay-color":"","overlay-opacity":"","overlay-gradient":""},"tablet":{"background-color":"","background-image":"","background-repeat":"repeat","background-position":"center center","background-size":"auto","background-attachment":"scroll","background-type":"","background-media":"","overlay-type":"","overlay-color":"","overlay-opacity":"","overlay-gradient":""},"mobile":{"background-color":"","background-image":"","background-repeat":"repeat","background-position":"center center","background-size":"auto","background-attachment":"scroll","background-type":"","background-media":"","overlay-type":"","overlay-color":"","overlay-opacity":"","overlay-gradient":""}},"ast-content-background-meta":{"desktop":{"background-color":"var(--ast-global-color-5)","background-image":"","background-repeat":"repeat","background-position":"center center","background-size":"auto","background-attachment":"scroll","background-type":"","background-media":"","overlay-type":"","overlay-color":"","overlay-opacity":"","overlay-gradient":""},"tablet":{"background-color":"var(--ast-global-color-5)","background-image":"","background-repeat":"repeat","background-position":"center center","background-size":"auto","background-attachment":"scroll","background-type":"","background-media":"","overlay-type":"","overlay-color":"","overlay-opacity":"","overlay-gradient":""},"mobile":{"background-color":"var(--ast-global-color-5)","background-image":"","background-repeat":"repeat","background-position":"center center","background-size":"auto","background-attachment":"scroll","background-type":"","background-media":"","overlay-type":"","overlay-color":"","overlay-opacity":"","overlay-gradient":""}}},"product_brand":[],"product_cat":[515],"product_tag":[1656],"class_list":{"0":"post-7995","1":"product","2":"type-product","3":"status-publish","4":"has-post-thumbnail","6":"product_cat-jine-peptidy","7":"product_tag-puya-supply-eledoisin-acetate-eledoisin-cas-69-25-0-cs","8":"desktop-align-left","9":"tablet-align-left","10":"mobile-align-left","12":"first","13":"instock","14":"shipping-taxable","15":"product-type-simple"},"_links":{"self":[{"href":"https:\/\/puyapeptide.net\/cs\/wp-json\/wp\/v2\/product\/7995","targetHints":{"allow":["GET"]}}],"collection":[{"href":"https:\/\/puyapeptide.net\/cs\/wp-json\/wp\/v2\/product"}],"about":[{"href":"https:\/\/puyapeptide.net\/cs\/wp-json\/wp\/v2\/types\/product"}],"replies":[{"embeddable":true,"href":"https:\/\/puyapeptide.net\/cs\/wp-json\/wp\/v2\/comments?post=7995"}],"wp:featuredmedia":[{"embeddable":true,"href":"https:\/\/puyapeptide.net\/cs\/wp-json\/wp\/v2\/media\/2265"}],"wp:attachment":[{"href":"https:\/\/puyapeptide.net\/cs\/wp-json\/wp\/v2\/media?parent=7995"}],"wp:term":[{"taxonomy":"product_brand","embeddable":true,"href":"https:\/\/puyapeptide.net\/cs\/wp-json\/wp\/v2\/product_brand?post=7995"},{"taxonomy":"product_cat","embeddable":true,"href":"https:\/\/puyapeptide.net\/cs\/wp-json\/wp\/v2\/product_cat?post=7995"},{"taxonomy":"product_tag","embeddable":true,"href":"https:\/\/puyapeptide.net\/cs\/wp-json\/wp\/v2\/product_tag?post=7995"}],"curies":[{"name":"wp","href":"https:\/\/api.w.org\/{rel}","templated":true}]}}