{"id":8043,"date":"2021-12-16T12:15:27","date_gmt":"2021-12-16T17:15:27","guid":{"rendered":"https:\/\/puyapeptide.net\/product\/protirelin-acetat-protirelin-hormon-uvolnujici-tyreotropin-trh-cas-24305-27-9-pro-laboratorni-vyzkum\/"},"modified":"2021-12-16T12:15:27","modified_gmt":"2021-12-16T17:15:27","slug":"protirelin-acetat-protirelin-hormon-uvolnujici-tyreotropin-trh-cas-24305-27-9-pro-laboratorni-vyzkum","status":"publish","type":"product","link":"https:\/\/puyapeptide.net\/cs\/product\/protirelin-acetat-protirelin-hormon-uvolnujici-tyreotropin-trh-cas-24305-27-9-pro-laboratorni-vyzkum\/","title":{"rendered":"Protirelin acet\u00e1t\/ Protirelin\/ hormon uvol\u0148uj\u00edc\u00ed tyreotropin (TRH) CAS 24305-27-9 Pro laboratorn\u00ed v\u00fdzkum"},"content":{"rendered":"<h2><strong>Protirelin acet\u00e1t\/ Protirelin\/ hormon uvol\u0148uj\u00edc\u00ed tyreotropin (TRH) CAS 24305-27-9 Pro laboratorn\u00ed v\u00fdzkum<\/strong><\/h2>\n<p>N\u00e1zev produktu: Protirelin acet\u00e1t\/ Protirelin\/ Hormon uvol\u0148uj\u00edc\u00ed tyreotropin (TRH)<br \/>\nSynonyma: THR 1-2;THR 2-3;PROTIRELIN;PYROGLU-HIS-PRO AMIDE;PYROGLU-HIS-PRO NH2;PYR- HIS-PRO-NH2(TRH);PYR-HIS-PRO-NH2;PGLU-HIS-PRO-NH2<br \/>\nCAS: 24305-27-9<br \/>\nMF: C16H22N6O4<br \/>\nMW: 362,38<br \/>\nEINECS : 246-143-4<br \/>\nKategorie produkt\u016f: Peptide;THYPINONE<br \/>\nMol File: 24305-27-9.mol<\/p>\n<p>Protirelin, d\u0159\u00edve zn\u00e1m\u00fd jako hormon uvol\u0148uj\u00edc\u00ed tyreotropin, je tripeptidov\u00fd hormon uvol\u0148ovan\u00fd z hypotalamu. TRH je \u0161iroce distribuov\u00e1n v centr\u00e1ln\u00edm nervov\u00e9m syst\u00e9mu a n\u011bkter\u00fdch perifern\u00edch org\u00e1nech a krom\u011b sv\u00fdch endokrinn\u00edch \u00fa\u010dink\u016f p\u016fsob\u00ed tak\u00e9 jako endogenn\u00ed excita\u010dn\u00ed neurotransmiter, kter\u00fd produkuje \u0161irokou \u0161k\u00e1lu centr\u00e1ln\u00edch a perifern\u00edch \u00fa\u010dink\u016f. M\u00e1 ur\u010dit\u00fd antagonistick\u00fd \u00fa\u010dinek na endogenn\u00ed opioidn\u00ed receptory, ale neantagonizuje analgetick\u00fd \u00fa\u010dinek morfinu.<\/p>\n<p> <strong>Protirelin acet\u00e1t\/ Protirelin\/ hormon uvol\u0148uj\u00edc\u00ed tyrotropin (TRH) CAS 24305-27-9 Chemick\u00e9 vlastnosti<\/strong><br \/>\nTRH Chemick\u00e9 vlastnosti<br \/>\nalfa -50 (D\/25\u2103) (c=1,5, H2O)-65,5 (D) (c=1,0, H2O)<br \/>\nBod varu 494 \u00b0C (hrub\u00fd odhad)<br \/>\nhustota 1,1675 (hrub\u00fd odhad)<br \/>\nindex lomu 1,6000 (odhad)<br \/>\ntepl. \u221220 \u00b0C<br \/>\nrozpustnost H2O: 10 mg\/ml, \u010dir\u00e1, bezbarv\u00e1<br \/>\npka 13,05\u00b10,20 (p\u0159edpoklad)<br \/>\nforma pr\u00e1\u0161ku<br \/>\nPH pH (10 g\/l, 25 \u00b0C) : 3,0\u20134,0<br \/>\nMerck 13,9663<br \/>\nBRN 770238<br \/>\nInChIKey ITYONPBTNRIEBA-SRVKXCTJSA-N<br \/>\nCAS DataBase Reference 24305-27-9<\/p>\n<p> <strong>Funkce a aplikace protirelinacet\u00e1tov\u00e9ho\/protirelinu\/thyrotropinov\u00e9ho hormonu (TRH)<\/strong><br \/>\nKrom\u011b l\u00e9\u010dby \u0161oku m\u00e1 Protirelin dal\u0161\u00ed vyu\u017eit\u00ed, jako je l\u00e9\u010dba hypotalamick\u00e9 hypotyre\u00f3zy a centr\u00e1ln\u00ed hypertyre\u00f3zy v endokrinologii. V psychiatrii se pou\u017e\u00edv\u00e1 k l\u00e9\u010db\u011b depres\u00ed a schizofrenie. V neurologii se pou\u017e\u00edv\u00e1 k l\u00e9\u010db\u011b poran\u011bn\u00ed mozku a m\u00edchy, koma z chemick\u00e9 knihy r\u016fzn\u00fdch p\u0159\u00ed\u010din, amyotrofick\u00e9 later\u00e1ln\u00ed skler\u00f3zy, degenerace m\u00edchy, Alzheimerovy choroby, epilepsie atd. Pou\u017e\u00edv\u00e1 se v diagnostice hypertyre\u00f3zy. Proto je Protirelin l\u00e9kem, kter\u00fd m\u00e1 dobrou v\u00fdvojovou hodnotu a zaslou\u017e\u00ed si dal\u0161\u00ed v\u00fdzkum pro roz\u0161\u00ed\u0159en\u00ed jeho aplikace.<\/p>\n","protected":false},"excerpt":{"rendered":"<p>N\u00e1zev produktu: Protirelin Acetate\/ Protirelin\/ Hormon uvol\u0148uj\u00edc\u00ed tyreotropin (TRH)<br \/>\nCAS: 24305-27-9<br \/>\nMF: C16H22N6O4<br \/>\nMW: 362,38<br \/>\nEINECS: 246-143-4<br \/>\nMol Soubor: 24305-27-9.mol<\/p>\n","protected":false},"featured_media":2202,"comment_status":"open","ping_status":"closed","template":"","meta":{"om_disable_all_campaigns":false,"_monsterinsights_skip_tracking":false,"_monsterinsights_sitenote_active":false,"_monsterinsights_sitenote_note":"","_monsterinsights_sitenote_category":0,"site-sidebar-layout":"default","site-content-layout":"default","ast-site-content-layout":"default","site-content-style":"default","site-sidebar-style":"default","ast-global-header-display":"","ast-banner-title-visibility":"","ast-main-header-display":"","ast-hfb-above-header-display":"","ast-hfb-below-header-display":"","ast-hfb-mobile-header-display":"","site-post-title":"","ast-breadcrumbs-content":"","ast-featured-img":"","footer-sml-layout":"","ast-disable-related-posts":"","theme-transparent-header-meta":"default","adv-header-id-meta":"","stick-header-meta":"","header-above-stick-meta":"","header-main-stick-meta":"","header-below-stick-meta":"","astra-migrate-meta-layouts":"default","ast-page-background-enabled":"default","ast-page-background-meta":{"desktop":{"background-color":"","background-image":"","background-repeat":"repeat","background-position":"center center","background-size":"auto","background-attachment":"scroll","background-type":"","background-media":"","overlay-type":"","overlay-color":"","overlay-opacity":"","overlay-gradient":""},"tablet":{"background-color":"","background-image":"","background-repeat":"repeat","background-position":"center center","background-size":"auto","background-attachment":"scroll","background-type":"","background-media":"","overlay-type":"","overlay-color":"","overlay-opacity":"","overlay-gradient":""},"mobile":{"background-color":"","background-image":"","background-repeat":"repeat","background-position":"center center","background-size":"auto","background-attachment":"scroll","background-type":"","background-media":"","overlay-type":"","overlay-color":"","overlay-opacity":"","overlay-gradient":""}},"ast-content-background-meta":{"desktop":{"background-color":"var(--ast-global-color-5)","background-image":"","background-repeat":"repeat","background-position":"center center","background-size":"auto","background-attachment":"scroll","background-type":"","background-media":"","overlay-type":"","overlay-color":"","overlay-opacity":"","overlay-gradient":""},"tablet":{"background-color":"var(--ast-global-color-5)","background-image":"","background-repeat":"repeat","background-position":"center center","background-size":"auto","background-attachment":"scroll","background-type":"","background-media":"","overlay-type":"","overlay-color":"","overlay-opacity":"","overlay-gradient":""},"mobile":{"background-color":"var(--ast-global-color-5)","background-image":"","background-repeat":"repeat","background-position":"center center","background-size":"auto","background-attachment":"scroll","background-type":"","background-media":"","overlay-type":"","overlay-color":"","overlay-opacity":"","overlay-gradient":""}}},"product_brand":[],"product_cat":[515],"product_tag":[1615],"class_list":{"0":"post-8043","1":"product","2":"type-product","3":"status-publish","4":"has-post-thumbnail","6":"product_cat-jine-peptidy","7":"product_tag-protirelin-acetate-protirelin-thyrotropin-releasing-hormone-trh-cas-24305-27-9-for-lab-research-cs","8":"desktop-align-left","9":"tablet-align-left","10":"mobile-align-left","12":"first","13":"instock","14":"shipping-taxable","15":"product-type-simple"},"_links":{"self":[{"href":"https:\/\/puyapeptide.net\/cs\/wp-json\/wp\/v2\/product\/8043","targetHints":{"allow":["GET"]}}],"collection":[{"href":"https:\/\/puyapeptide.net\/cs\/wp-json\/wp\/v2\/product"}],"about":[{"href":"https:\/\/puyapeptide.net\/cs\/wp-json\/wp\/v2\/types\/product"}],"replies":[{"embeddable":true,"href":"https:\/\/puyapeptide.net\/cs\/wp-json\/wp\/v2\/comments?post=8043"}],"wp:featuredmedia":[{"embeddable":true,"href":"https:\/\/puyapeptide.net\/cs\/wp-json\/wp\/v2\/media\/2202"}],"wp:attachment":[{"href":"https:\/\/puyapeptide.net\/cs\/wp-json\/wp\/v2\/media?parent=8043"}],"wp:term":[{"taxonomy":"product_brand","embeddable":true,"href":"https:\/\/puyapeptide.net\/cs\/wp-json\/wp\/v2\/product_brand?post=8043"},{"taxonomy":"product_cat","embeddable":true,"href":"https:\/\/puyapeptide.net\/cs\/wp-json\/wp\/v2\/product_cat?post=8043"},{"taxonomy":"product_tag","embeddable":true,"href":"https:\/\/puyapeptide.net\/cs\/wp-json\/wp\/v2\/product_tag?post=8043"}],"curies":[{"name":"wp","href":"https:\/\/api.w.org\/{rel}","templated":true}]}}