{"id":8083,"date":"2021-12-16T12:17:35","date_gmt":"2021-12-16T17:17:35","guid":{"rendered":"https:\/\/puyapeptide.net\/product\/antide-acetate-antide-cas-112568-12-4-lecba-pro-stareckou-hluchotu\/"},"modified":"2021-12-16T12:17:35","modified_gmt":"2021-12-16T17:17:35","slug":"antide-acetate-antide-cas-112568-12-4-lecba-pro-stareckou-hluchotu","status":"publish","type":"product","link":"https:\/\/puyapeptide.net\/cs\/product\/antide-acetate-antide-cas-112568-12-4-lecba-pro-stareckou-hluchotu\/","title":{"rendered":"Antide Acetate\/Antide CAS 112568-12-4 L\u00e9\u010dba pro sta\u0159eckou hluchotu"},"content":{"rendered":"<h2><strong>Antide Acetate\/Antide CAS 112568-12-4 L\u00e9\u010dba pro sta\u0159eckou hluchotu<\/strong><\/h2>\n<p>N\u00e1zev produktu: Antide<br \/>\nSynonyma: iturelix;Ac-D-2-Nal-4-chloro-D-Phe-beta-(3-pyridyl)-D-Ala-Ser-Lys(nikotinoyl)-D -Lys(nikotinoyl)-Leu-Lys(isopropyl)-Pro-D-Ala-NH2;AC-DNAL-D: P-CLPHE-DPAL-SER-LYS: NICOTINOYL-DLYS: NICOTINOYL-LEU-LYS: ISOPROPYL-PRO -DALA-NH2;Brn 4866881;N-acetyl-3-(2-naftalenyl)-D-alanyl-4-chlor-D-fenylalanyl-3-(3-pyridinyl)-D-alanyl-L-D-alaninamid seryl-N(sup 6)-(3-pyridinylkarbonyl)-L-lysyl-N(sup 6)-(3-pyridinylkarbonyl)-D-lysyl-L-leucyl-N(sup 6)-(1-methylethyl)- L-lysyl-L-prolyl-;D-alaninamid, N-acetyl-3-(2-naftalenyl)-D-alanyl-4-chlor-D-fenylalanyl-3-(3-pyridinyl)-D-alanyl-L -seryl-N6-(3-pyridinylkarbonyl)-L-lysyl-N6-(3-pyridinylkarbonyl)-D-lysyl-L-leucyl-N6-(1-methylethyl)-L-lysyl-L-prolyl-;Orf 23541 Ac-D-2-Nal-4-chlor-D-Phe-b-(3-pyridyl)-D-Ala-Ser-Lys(nikotinoyl)-D-Lys(nikotinoyl)-Leu-Lys(isopropyl)- Pro-D-Ala-NH2<br \/>\nCAS: 112568-12-4<br \/>\nMF: C82H108ClN17O14<br \/>\nMW: 1591,29<br \/>\nEINECS:<br \/>\nKategorie produkt\u016f: hormony;Peptid;LH-RH;LH- RHPeptidy pro bun\u011b\u010dnou biologii;Ne uropeptides;Releasing Factors<br \/>\nMol File: 112568-12-4.mol<\/p>\n<p>Antidacet\u00e1t je antagonista GnRH, syntetick\u00fd peptid, kter\u00fd sout\u011b\u017e\u00ed s endogenn\u00edm neurohormonem GnRH (tak\u00e9 zn\u00e1m\u00fdm jako hormon uvol\u0148uj\u00edc\u00ed luteiniza\u010dn\u00ed hormon, ChemicalbookLHRH) pro vazbu na sv\u016fj receptor v p\u0159edn\u00ed hypof\u00fdze. Sn\u00ed\u017een\u00edm nebo blokov\u00e1n\u00edm \u00fa\u010dinku GnRH blokuj\u00ed antagonist\u00e9 GnRH uvol\u0148ov\u00e1n\u00ed gonadotropin\u016f, jako je folikuly stimuluj\u00edc\u00ed hormon (FSH) a luteiniza\u010dn\u00ed hormon (LH) z p\u0159edn\u00ed hypof\u00fdzy.<\/p>\n<p> <strong>Antide Acetate\/Ande CAS 112568-12 -4 Chemick\u00e9 vlastnosti<\/strong><br \/>\nAntide Chemick\u00e9 vlastnosti<br \/>\nBod varu 1798,0\u00b165,0 \u00b0C (p\u0159edpokl\u00e1dan\u00e1)<br \/>\nhustota 1,258\u00b10,06 g\/cm3 (p\u0159edpokl\u00e1dan\u00e1)<br \/>\ntepl. \u221220\u00b0C<br \/>\nforma Pevn\u00e1<br \/>\npka 12,78\u00b10,46(p\u0159edpoklad)<br \/>\nbarva B\u00edl\u00e1 a\u017e t\u00e9m\u011b\u0159 b\u00edl\u00e1<\/p>\n<p> <strong>Pou\u017eit\u00ed antidacet\u00e1tu\/antidu CAS 112568-12-4<\/strong><br \/>\nReverzibiln\u00ed inhibice sekrece gonadotropin\u016f a n\u00e1sledn\u00e1 suprese sekrece ovari\u00e1ln\u00edch a testikul\u00e1rn\u00edch steroid\u016f (antagonista hormonu uvol\u0148uj\u00edc\u00edho gonadotropiny).<\/p>\n<p> <strong>Funkce a aplikace Antide Acetate\/Antide CAS 112568-12-4<\/strong><br \/>\nTrefolan A a Antitide v pom\u011bru 14-17:1 m\u016f\u017ee v\u00fdznamn\u011b zabr\u00e1nit rozvoji hyperreaktivity nosn\u00ed sliznice, \u00fa\u010dinn\u011b eliminovat naz\u00e1ln\u00ed eozinofilii a aktivaci \u017e\u00edrn\u00fdch bun\u011bk a p\u0159\u00edmo inhibovat produkci inhibice IL-5. M\u00e1 dobr\u00fd terapeutick\u00fd \u00fa\u010dinek pro prevenci a l\u00e9\u010dbu sta\u0159eck\u00e9 hluchoty.<\/p>\n","protected":false},"excerpt":{"rendered":"<p>N\u00e1zev produktu: Antide<br \/>\nCAS: 112568-12-4<br \/>\nMF: C82H108ClN17O14<br \/>\nMW: 1591,29<br \/>\nMol Soubor: 112568-12-4.mol<\/p>\n","protected":false},"featured_media":2160,"comment_status":"open","ping_status":"closed","template":"","meta":{"om_disable_all_campaigns":false,"_monsterinsights_skip_tracking":false,"_monsterinsights_sitenote_active":false,"_monsterinsights_sitenote_note":"","_monsterinsights_sitenote_category":0,"site-sidebar-layout":"default","site-content-layout":"default","ast-site-content-layout":"default","site-content-style":"default","site-sidebar-style":"default","ast-global-header-display":"","ast-banner-title-visibility":"","ast-main-header-display":"","ast-hfb-above-header-display":"","ast-hfb-below-header-display":"","ast-hfb-mobile-header-display":"","site-post-title":"","ast-breadcrumbs-content":"","ast-featured-img":"","footer-sml-layout":"","ast-disable-related-posts":"","theme-transparent-header-meta":"default","adv-header-id-meta":"","stick-header-meta":"","header-above-stick-meta":"","header-main-stick-meta":"","header-below-stick-meta":"","astra-migrate-meta-layouts":"default","ast-page-background-enabled":"default","ast-page-background-meta":{"desktop":{"background-color":"","background-image":"","background-repeat":"repeat","background-position":"center center","background-size":"auto","background-attachment":"scroll","background-type":"","background-media":"","overlay-type":"","overlay-color":"","overlay-opacity":"","overlay-gradient":""},"tablet":{"background-color":"","background-image":"","background-repeat":"repeat","background-position":"center center","background-size":"auto","background-attachment":"scroll","background-type":"","background-media":"","overlay-type":"","overlay-color":"","overlay-opacity":"","overlay-gradient":""},"mobile":{"background-color":"","background-image":"","background-repeat":"repeat","background-position":"center center","background-size":"auto","background-attachment":"scroll","background-type":"","background-media":"","overlay-type":"","overlay-color":"","overlay-opacity":"","overlay-gradient":""}},"ast-content-background-meta":{"desktop":{"background-color":"var(--ast-global-color-5)","background-image":"","background-repeat":"repeat","background-position":"center center","background-size":"auto","background-attachment":"scroll","background-type":"","background-media":"","overlay-type":"","overlay-color":"","overlay-opacity":"","overlay-gradient":""},"tablet":{"background-color":"var(--ast-global-color-5)","background-image":"","background-repeat":"repeat","background-position":"center center","background-size":"auto","background-attachment":"scroll","background-type":"","background-media":"","overlay-type":"","overlay-color":"","overlay-opacity":"","overlay-gradient":""},"mobile":{"background-color":"var(--ast-global-color-5)","background-image":"","background-repeat":"repeat","background-position":"center center","background-size":"auto","background-attachment":"scroll","background-type":"","background-media":"","overlay-type":"","overlay-color":"","overlay-opacity":"","overlay-gradient":""}}},"product_brand":[],"product_cat":[515],"product_tag":[1611],"class_list":{"0":"post-8083","1":"product","2":"type-product","3":"status-publish","4":"has-post-thumbnail","6":"product_cat-jine-peptidy","7":"product_tag-antide-acetate-antide-cas-112568-12-4-treat-for-senile-deafness-cs","8":"desktop-align-left","9":"tablet-align-left","10":"mobile-align-left","12":"first","13":"instock","14":"shipping-taxable","15":"product-type-simple"},"_links":{"self":[{"href":"https:\/\/puyapeptide.net\/cs\/wp-json\/wp\/v2\/product\/8083","targetHints":{"allow":["GET"]}}],"collection":[{"href":"https:\/\/puyapeptide.net\/cs\/wp-json\/wp\/v2\/product"}],"about":[{"href":"https:\/\/puyapeptide.net\/cs\/wp-json\/wp\/v2\/types\/product"}],"replies":[{"embeddable":true,"href":"https:\/\/puyapeptide.net\/cs\/wp-json\/wp\/v2\/comments?post=8083"}],"wp:featuredmedia":[{"embeddable":true,"href":"https:\/\/puyapeptide.net\/cs\/wp-json\/wp\/v2\/media\/2160"}],"wp:attachment":[{"href":"https:\/\/puyapeptide.net\/cs\/wp-json\/wp\/v2\/media?parent=8083"}],"wp:term":[{"taxonomy":"product_brand","embeddable":true,"href":"https:\/\/puyapeptide.net\/cs\/wp-json\/wp\/v2\/product_brand?post=8083"},{"taxonomy":"product_cat","embeddable":true,"href":"https:\/\/puyapeptide.net\/cs\/wp-json\/wp\/v2\/product_cat?post=8083"},{"taxonomy":"product_tag","embeddable":true,"href":"https:\/\/puyapeptide.net\/cs\/wp-json\/wp\/v2\/product_tag?post=8083"}],"curies":[{"name":"wp","href":"https:\/\/api.w.org\/{rel}","templated":true}]}}