{"id":8116,"date":"2021-12-16T12:18:45","date_gmt":"2021-12-16T17:18:45","guid":{"rendered":"https:\/\/puyapeptide.net\/product\/hot-sale-vasopressin-cas-11000-17-2-pro-laboratorni-vyzkum\/"},"modified":"2021-12-16T12:18:45","modified_gmt":"2021-12-16T17:18:45","slug":"hot-sale-vasopressin-cas-11000-17-2-pro-laboratorni-vyzkum","status":"publish","type":"product","link":"https:\/\/puyapeptide.net\/cs\/product\/hot-sale-vasopressin-cas-11000-17-2-pro-laboratorni-vyzkum\/","title":{"rendered":"Hot Sale Vasopressin CAS 11000-17-2 pro laboratorn\u00ed v\u00fdzkum"},"content":{"rendered":"<h2><strong>Hot Sale Vasopressin CAS 11000-17-2 pro laboratorn\u00ed v\u00fdzkum<\/strong><\/h2>\n<p>N\u00e1zev produktu: Vasopresin<br \/>\nSynonyma: adh(hormon);leiormone;pitressin;pituitrin;tonephin;vasophysin;1-[19-amino-13-butan-2-yl-10-(2-karbamoylethyl)- 7-(karbamoylmethyl)-16-[(4-hydroxyfenyl)methyl]-6,9,12,15,18-pentaoxo-1,2-dithia-5,8,11,14,17-pentazacykloikosan-4-karbonyl ]-N-[1-(karbamoylmethylkarbamoyl)-4-(diaminomethylidenamino)butyl]pyrrolidin-2-karboxamid;VASOPRESSIN ACETATE<br \/>\nCAS: 11000-17-2<br \/>\nMF: C46H65N13O12S2&lt;&lt; MW: 1056,22 &gt;EINECS: 234-236-2<br \/>\nKategorie produkt\u016f:<br \/>\nMol File: 11000-17-2.mol<\/p>\n<p>Antidiuretick\u00fd hormon, tak\u00e9 zn\u00e1m\u00fd jako vasopresin, je peptid s dev\u00edti aminokyselinami vylu\u010dovan\u00fd z zadn\u00ed hypof\u00fdza. Antidiuretick\u00fd hormon se v\u00e1\u017ee na receptory v dist\u00e1ln\u00edch nebo sb\u011brn\u00fdch tubulech ledviny a podporuje reabsorbci vody zp\u011bt do ob\u011bhu.<\/p>\n<p> <strong>Vasopresin CAS 11000-17-2 Chemick\u00e9 vlastnosti<\/strong><br \/>\nforma lyofilizovan\u00e9ho pr\u00e1\u0161ku<br \/>\nbarva B\u00edl\u00e1<br \/>\nRozpustnost ve vod\u011b Rozpustn\u00fd ve vod\u011b (m\u00edsiteln\u00fd).<br \/>\nCAS DataBase Reference 11000-17-2(CAS DataBase Reference)<\/p>\n<p> <strong>Funkce a aplikace vazopresinu CAS 11000-17-2<\/strong><br \/>\nVasopressin p\u016fsob\u00ed na t\u0159ech r\u016fzn\u00fdch receptorech, vazopresinov\u00fd receptor V1a (kter\u00fd spou\u0161t\u00ed vazokonstrikci, jatern\u00ed glukoneogenezi, agregaci krevn\u00edch desti\u010dek a uvol\u0148ov\u00e1n\u00ed faktoru VIII), vazopresinov\u00fd receptor V1b (kter\u00fd zprost\u0159edkov\u00e1v\u00e1 sekreci kortikotropinu z hypof\u00fdzy) a vazopresinov\u00fd receptor V2, kter\u00fd \u0159\u00edd\u00ed reabsorpci voln\u00e9 vody v ledvin\u00e1ch. . Vazba vazopresinu na receptor V2 aktivuje adenyl\u00e1tcykl\u00e1zu, kter\u00e1 zp\u016fsob\u00ed uvoln\u011bn\u00ed kan\u00e1lk\u016f aquaporinu 2 do bun\u011bk vyst\u00fdlaj\u00edc\u00edch ledvinn\u00fd medul\u00e1rn\u00ed kan\u00e1l. To umo\u017e\u0148uje reabsorbci vody v osmotick\u00e9m gradientu, tak\u017ee mo\u010d je koncentrovan\u011bj\u0161\u00ed.<\/p>\n<p>V hum\u00e1nn\u00ed medic\u00edn\u011b se vasopresin pou\u017e\u00edv\u00e1 k l\u00e9\u010db\u011b akutn\u00edho gastrointestin\u00e1ln\u00edho krv\u00e1cen\u00ed a ke stimulaci GI peristaltiky. Vasopresin CRI se tak\u00e9 pou\u017e\u00edv\u00e1 k l\u00e9\u010db\u011b hypotenzn\u00edch septick\u00fdch pacient\u016f, kte\u0159\u00ed nereaguj\u00ed na konven\u010dn\u00ed vazopresor. P\u0159ed radiografick\u00fdmi postupy se pou\u017e\u00edval k rozpt\u00fdlen\u00ed ru\u0161iv\u00fdch plynov\u00fdch st\u00edn\u016f nebo k pomoci koncentrovat kontrastn\u00ed l\u00e1tky.<\/p>\n","protected":false},"excerpt":{"rendered":"<p>N\u00e1zev produktu: Vasopressin<br \/>\nCAS: 11000-17-2<br \/>\nMF: C46H65N13O12S2<br \/>\nMW: 1056,22<br \/>\nEINECS: 234-236-2<br \/>\nMol Soubor: 11000-17-2.mol<\/p>\n","protected":false},"featured_media":2202,"comment_status":"open","ping_status":"closed","template":"","meta":{"om_disable_all_campaigns":false,"_monsterinsights_skip_tracking":false,"_monsterinsights_sitenote_active":false,"_monsterinsights_sitenote_note":"","_monsterinsights_sitenote_category":0,"site-sidebar-layout":"default","site-content-layout":"default","ast-site-content-layout":"default","site-content-style":"default","site-sidebar-style":"default","ast-global-header-display":"","ast-banner-title-visibility":"","ast-main-header-display":"","ast-hfb-above-header-display":"","ast-hfb-below-header-display":"","ast-hfb-mobile-header-display":"","site-post-title":"","ast-breadcrumbs-content":"","ast-featured-img":"","footer-sml-layout":"","ast-disable-related-posts":"","theme-transparent-header-meta":"default","adv-header-id-meta":"","stick-header-meta":"","header-above-stick-meta":"","header-main-stick-meta":"","header-below-stick-meta":"","astra-migrate-meta-layouts":"default","ast-page-background-enabled":"default","ast-page-background-meta":{"desktop":{"background-color":"","background-image":"","background-repeat":"repeat","background-position":"center center","background-size":"auto","background-attachment":"scroll","background-type":"","background-media":"","overlay-type":"","overlay-color":"","overlay-opacity":"","overlay-gradient":""},"tablet":{"background-color":"","background-image":"","background-repeat":"repeat","background-position":"center center","background-size":"auto","background-attachment":"scroll","background-type":"","background-media":"","overlay-type":"","overlay-color":"","overlay-opacity":"","overlay-gradient":""},"mobile":{"background-color":"","background-image":"","background-repeat":"repeat","background-position":"center center","background-size":"auto","background-attachment":"scroll","background-type":"","background-media":"","overlay-type":"","overlay-color":"","overlay-opacity":"","overlay-gradient":""}},"ast-content-background-meta":{"desktop":{"background-color":"var(--ast-global-color-5)","background-image":"","background-repeat":"repeat","background-position":"center center","background-size":"auto","background-attachment":"scroll","background-type":"","background-media":"","overlay-type":"","overlay-color":"","overlay-opacity":"","overlay-gradient":""},"tablet":{"background-color":"var(--ast-global-color-5)","background-image":"","background-repeat":"repeat","background-position":"center center","background-size":"auto","background-attachment":"scroll","background-type":"","background-media":"","overlay-type":"","overlay-color":"","overlay-opacity":"","overlay-gradient":""},"mobile":{"background-color":"var(--ast-global-color-5)","background-image":"","background-repeat":"repeat","background-position":"center center","background-size":"auto","background-attachment":"scroll","background-type":"","background-media":"","overlay-type":"","overlay-color":"","overlay-opacity":"","overlay-gradient":""}}},"product_brand":[],"product_cat":[407],"product_tag":[1558],"class_list":{"0":"post-8116","1":"product","2":"type-product","3":"status-publish","4":"has-post-thumbnail","6":"product_cat-krev-a-cevni-peptid","7":"product_tag-hot-sale-vasopressin-cas-11000-17-2-for-lab-research-cs","8":"desktop-align-left","9":"tablet-align-left","10":"mobile-align-left","12":"first","13":"instock","14":"shipping-taxable","15":"product-type-simple"},"_links":{"self":[{"href":"https:\/\/puyapeptide.net\/cs\/wp-json\/wp\/v2\/product\/8116","targetHints":{"allow":["GET"]}}],"collection":[{"href":"https:\/\/puyapeptide.net\/cs\/wp-json\/wp\/v2\/product"}],"about":[{"href":"https:\/\/puyapeptide.net\/cs\/wp-json\/wp\/v2\/types\/product"}],"replies":[{"embeddable":true,"href":"https:\/\/puyapeptide.net\/cs\/wp-json\/wp\/v2\/comments?post=8116"}],"wp:featuredmedia":[{"embeddable":true,"href":"https:\/\/puyapeptide.net\/cs\/wp-json\/wp\/v2\/media\/2202"}],"wp:attachment":[{"href":"https:\/\/puyapeptide.net\/cs\/wp-json\/wp\/v2\/media?parent=8116"}],"wp:term":[{"taxonomy":"product_brand","embeddable":true,"href":"https:\/\/puyapeptide.net\/cs\/wp-json\/wp\/v2\/product_brand?post=8116"},{"taxonomy":"product_cat","embeddable":true,"href":"https:\/\/puyapeptide.net\/cs\/wp-json\/wp\/v2\/product_cat?post=8116"},{"taxonomy":"product_tag","embeddable":true,"href":"https:\/\/puyapeptide.net\/cs\/wp-json\/wp\/v2\/product_tag?post=8116"}],"curies":[{"name":"wp","href":"https:\/\/api.w.org\/{rel}","templated":true}]}}