{"id":8129,"date":"2021-12-16T12:19:52","date_gmt":"2021-12-16T17:19:52","guid":{"rendered":"https:\/\/puyapeptide.net\/product\/vapreotid-acetate-rc-160-cas-103222-11-3-lecba-pro-akutni-krvaceni-z-jicnovych-varixu\/"},"modified":"2021-12-16T12:19:52","modified_gmt":"2021-12-16T17:19:52","slug":"vapreotid-acetate-rc-160-cas-103222-11-3-lecba-pro-akutni-krvaceni-z-jicnovych-varixu","status":"publish","type":"product","link":"https:\/\/puyapeptide.net\/cs\/product\/vapreotid-acetate-rc-160-cas-103222-11-3-lecba-pro-akutni-krvaceni-z-jicnovych-varixu\/","title":{"rendered":"Vapreotid Acetate\/RC 160 CAS 103222-11-3 L\u00e9\u010dba pro akutn\u00ed krv\u00e1cen\u00ed z j\u00edcnov\u00fdch varix\u016f"},"content":{"rendered":"<h2><strong>Vapreotid Acetate\/RC 160 CAS 103222-11-3 L\u00e9\u010dba pro akutn\u00ed krv\u00e1cen\u00ed z j\u00edcnov\u00fdch varix\u016f<\/strong><\/h2>\n<p>N\u00e1zev produktu: VAPREOTIDE<br \/>\nSynonyma: D-Phe-Cys-Tyr-D-Trp-Lys-Val-Cys-Trp-NH2 (disulfidov\u00fd m\u016fstek Cys2-Cys7);HD-Phe-Cys-Tyr-D -Trp-Lys-Val-Cys-Trp-NH2;D-Phe-Cys-Trp-D-Trp-Lys-Val-Cys-Trp-CONH2(disulfid Cys2-Cys7);Vapreotid, RC-160;RC-160 ;VAPREOTIDE;D-PHE-CYS-TYR-D-TRP-LYS-VAL-CYS-TRP-NH2;FCYWKVCW-NH2<br \/>\nCAS: 103222-11-3<br \/>\nMF: C57H70N12O9S2<br \/>\nMW: 1131,37<br \/>\nEINECS:<br \/>\nKategorie produkt\u016f: Receptor somatostatinu<br \/>\nSoubor Mol: 103222-11-3.mol<\/p>\n<p>H3Pharma z\u00edskala celosv\u011btovou licenci na v\u00fdzkum a v\u00fdvoj pro vaptan od spole\u010dnosti Debiopharm ve \u0160v\u00fdcarsku. 2001 New England Journal of Medicine ohl\u00e1sil formulaci s okam\u017eit\u00fdm uvol\u0148ov\u00e1n\u00edm, kter\u00e1 byla klinicky testov\u00e1na a ov\u011b\u0159ena spole\u010dnost\u00ed Chemicalbook pro \u010dasn\u00e9 pou\u017eit\u00ed p\u0159i l\u00e9\u010db\u011b akutn\u00edho j\u00edcnu. V roce 2004 dce\u0159in\u00e1 spole\u010dnost Debiopharm, kanadsk\u00fd specialista na rakovinu a endokrinologii H3Pharma, vyvinula a vyrobila nov\u00fd l\u00e9k .<\/p>\n<p> <strong>Vapreotid Acetate\/ RC 160 CAS 103222-11-3 Chemick\u00e9 vlastnosti<\/strong><br \/>\nBod varu 1540,9\u00b165,0 \u00b0C (p\u0159edpokl\u00e1dan\u00e1)<br \/>\nhustota 1,40\u00b10,1 g\/cm3 (p\u0159edpokl\u00e1dan\u00e1)<br \/>\nskladov\u00e1n\u00ed tepl. \u221220\u00b0C<br \/>\npka 9,90\u00b10,15(p\u0159edpov\u011bzeno)<\/p>\n<p> <strong>Funkce a aplikace vapreotidacet\u00e1tu\/RC 160 CAS 103222-11-3<\/strong><br \/>\n1. Formulace s okam\u017eit\u00fdm uvol\u0148ov\u00e1n\u00edm Sanvaru, analogu somatostatinu , se pou\u017e\u00edv\u00e1 k l\u00e9\u010db\u011b akutn\u00edho krv\u00e1cen\u00ed z j\u00edcnov\u00fdch varix\u016f (EVB).<br \/>\n2.Sanvar se pou\u017e\u00edv\u00e1 p\u0159ed endoskopickou intervenc\u00ed ke kontrole krv\u00e1cen\u00ed a prevenci op\u011btovn\u00e9ho krv\u00e1cen\u00ed b\u011bhem kritick\u00fdch p\u011bti dn\u016f po za\u010d\u00e1tku krv\u00e1cen\u00ed. EVB je \u017eivot ohro\u017euj\u00edc\u00ed stav a \u00famrtnost je vysok\u00e1 (asi 15 % a\u017e 25 %) v prvn\u00edch \u0161esti t\u00fddnech po krv\u00e1cen\u00ed. EVB je p\u0159\u00ed\u010dinou asi 70 % gastrointestin\u00e1ln\u00edho krv\u00e1cen\u00ed u pacient\u016f trp\u00edc\u00edch cirh\u00f3zou jater.<br \/>\n3.Sanvar (vapreotidacet\u00e1t) je syntetick\u00fd oktapeptidov\u00fd analog p\u0159irozen\u011b se vyskytuj\u00edc\u00edho somatostatinov\u00e9ho hormonu. M\u00e1 podobn\u00e9 farmakologick\u00e9 vlastnosti jako nativn\u00ed somatostatin, ale vykazuje del\u0161\u00ed trv\u00e1n\u00ed \u00fa\u010dinku. Je to jedin\u00fd analog somatostatinu, kter\u00fd v placebem kontrolovan\u00e9 klinick\u00e9 studii prok\u00e1zal statisticky v\u00fdznamn\u00fd p\u0159\u00ednos v \u010dasn\u00e9 l\u00e9\u010db\u011b EVB ve spojen\u00ed s endoskopickou terapi\u00ed (Cal\u00e8s et al. New England Journal of Medicine, 2001). Kontroly krv\u00e1cen\u00ed s p\u0159e\u017eit\u00edm po p\u011bti dnech bylo dosa\u017eeno \u010dast\u011bji u p\u0159\u00edpravku Sanvar (p=0,021) ne\u017e u placeba. Dal\u0161\u00ed<\/p>\n","protected":false},"excerpt":{"rendered":"<p>N\u00e1zev produktu: VAPREOTIDE<br \/>\nCAS: 103222-11-3<br \/>\nMF: C57H70N12O9S2<br \/>\nMW: 1131,37<br \/>\nMol Soubor: 103222-11-3.mol<\/p>\n","protected":false},"featured_media":2118,"comment_status":"open","ping_status":"closed","template":"","meta":{"om_disable_all_campaigns":false,"_monsterinsights_skip_tracking":false,"_monsterinsights_sitenote_active":false,"_monsterinsights_sitenote_note":"","_monsterinsights_sitenote_category":0,"site-sidebar-layout":"default","site-content-layout":"default","ast-site-content-layout":"default","site-content-style":"default","site-sidebar-style":"default","ast-global-header-display":"","ast-banner-title-visibility":"","ast-main-header-display":"","ast-hfb-above-header-display":"","ast-hfb-below-header-display":"","ast-hfb-mobile-header-display":"","site-post-title":"","ast-breadcrumbs-content":"","ast-featured-img":"","footer-sml-layout":"","ast-disable-related-posts":"","theme-transparent-header-meta":"default","adv-header-id-meta":"","stick-header-meta":"","header-above-stick-meta":"","header-main-stick-meta":"","header-below-stick-meta":"","astra-migrate-meta-layouts":"default","ast-page-background-enabled":"default","ast-page-background-meta":{"desktop":{"background-color":"","background-image":"","background-repeat":"repeat","background-position":"center center","background-size":"auto","background-attachment":"scroll","background-type":"","background-media":"","overlay-type":"","overlay-color":"","overlay-opacity":"","overlay-gradient":""},"tablet":{"background-color":"","background-image":"","background-repeat":"repeat","background-position":"center center","background-size":"auto","background-attachment":"scroll","background-type":"","background-media":"","overlay-type":"","overlay-color":"","overlay-opacity":"","overlay-gradient":""},"mobile":{"background-color":"","background-image":"","background-repeat":"repeat","background-position":"center center","background-size":"auto","background-attachment":"scroll","background-type":"","background-media":"","overlay-type":"","overlay-color":"","overlay-opacity":"","overlay-gradient":""}},"ast-content-background-meta":{"desktop":{"background-color":"var(--ast-global-color-5)","background-image":"","background-repeat":"repeat","background-position":"center center","background-size":"auto","background-attachment":"scroll","background-type":"","background-media":"","overlay-type":"","overlay-color":"","overlay-opacity":"","overlay-gradient":""},"tablet":{"background-color":"var(--ast-global-color-5)","background-image":"","background-repeat":"repeat","background-position":"center center","background-size":"auto","background-attachment":"scroll","background-type":"","background-media":"","overlay-type":"","overlay-color":"","overlay-opacity":"","overlay-gradient":""},"mobile":{"background-color":"var(--ast-global-color-5)","background-image":"","background-repeat":"repeat","background-position":"center center","background-size":"auto","background-attachment":"scroll","background-type":"","background-media":"","overlay-type":"","overlay-color":"","overlay-opacity":"","overlay-gradient":""}}},"product_brand":[],"product_cat":[515],"product_tag":[1525],"class_list":{"0":"post-8129","1":"product","2":"type-product","3":"status-publish","4":"has-post-thumbnail","6":"product_cat-jine-peptidy","7":"product_tag-vapreotide-acetate-rc-160-cas-103222-11-3-treatment-for-acute-esophageal-variceal-bleeding-cs","8":"desktop-align-left","9":"tablet-align-left","10":"mobile-align-left","12":"first","13":"instock","14":"shipping-taxable","15":"product-type-simple"},"_links":{"self":[{"href":"https:\/\/puyapeptide.net\/cs\/wp-json\/wp\/v2\/product\/8129","targetHints":{"allow":["GET"]}}],"collection":[{"href":"https:\/\/puyapeptide.net\/cs\/wp-json\/wp\/v2\/product"}],"about":[{"href":"https:\/\/puyapeptide.net\/cs\/wp-json\/wp\/v2\/types\/product"}],"replies":[{"embeddable":true,"href":"https:\/\/puyapeptide.net\/cs\/wp-json\/wp\/v2\/comments?post=8129"}],"wp:featuredmedia":[{"embeddable":true,"href":"https:\/\/puyapeptide.net\/cs\/wp-json\/wp\/v2\/media\/2118"}],"wp:attachment":[{"href":"https:\/\/puyapeptide.net\/cs\/wp-json\/wp\/v2\/media?parent=8129"}],"wp:term":[{"taxonomy":"product_brand","embeddable":true,"href":"https:\/\/puyapeptide.net\/cs\/wp-json\/wp\/v2\/product_brand?post=8129"},{"taxonomy":"product_cat","embeddable":true,"href":"https:\/\/puyapeptide.net\/cs\/wp-json\/wp\/v2\/product_cat?post=8129"},{"taxonomy":"product_tag","embeddable":true,"href":"https:\/\/puyapeptide.net\/cs\/wp-json\/wp\/v2\/product_tag?post=8129"}],"curies":[{"name":"wp","href":"https:\/\/api.w.org\/{rel}","templated":true}]}}