{"id":8197,"date":"2021-12-16T12:23:31","date_gmt":"2021-12-16T17:23:31","guid":{"rendered":"https:\/\/puyapeptide.net\/product\/thymosin-beta-4-acetat-thymosin-%ce%b24-acetat-cas-77591-33-4-pro-laboratorni-vyzkum\/"},"modified":"2021-12-16T12:23:31","modified_gmt":"2021-12-16T17:23:31","slug":"thymosin-beta-4-acetat-thymosin-%ce%b24-acetat-cas-77591-33-4-pro-laboratorni-vyzkum","status":"publish","type":"product","link":"https:\/\/puyapeptide.net\/cs\/product\/thymosin-beta-4-acetat-thymosin-%ce%b24-acetat-cas-77591-33-4-pro-laboratorni-vyzkum\/","title":{"rendered":"Thymosin beta 4 acet\u00e1t\/ Thymosin \u03b24 acet\u00e1t CAS 77591-33-4 Pro laboratorn\u00ed v\u00fdzkum"},"content":{"rendered":"<h2><strong>Thymosin beta 4 acet\u00e1t\/ Thymosin \u03b24 acet\u00e1t CAS 77591-33-4 Pro laboratorn\u00ed v\u00fdzkum<\/strong><\/h2>\n<p>N\u00e1zev produktu: Thymosin beta 4 acet\u00e1t<br \/>\nSynonyma: AC-SER-ASP-LYS-PRO-ASP-MET-ALA-GLU-ILE-GLU-LYS-PHE-ASP-LYS-SER-LYS-LEU -LYS-LYS-THR-GLU-THR-GLN-GLU-LYS-ASN-PRO-LEU-PRO-SER-LYS-GLU-THR-ILE-GLU-GLN-GLU-LYS-GLN-ALA-GLY-GLU -SER-OH;FX (\u010cLOV\u011aK, BOVINE, K\u016e\u0147, KRATINA);thymosin beta 4 acet\u00e1t; THYMOSIN BETA4 (HUMAN, BOVINE, KON\u00cd, KRASN\u00cd);Tymosin beta4;Tymosin Beta4 Beta4 acet\u00e1t;Tymosin \u03b24 acet\u00e1t; THYMOSIN SS4 ACETATE&lt; &gt;CAS: 77591-33-4<br \/>\nMF: C212H350N56O78S<br \/>\nMW: 4963,4408<br \/>\nEINECS: 1592732-453-0<br \/>\nKategorie produkt\u016f: Generick\u00fd peptid; Peptid: 1-3-39Mol 4.mol<\/p>\n<p>Thymosin \u03b2-4 je endogenn\u00ed proangiogenn\u00ed, fibroblasty aktivuj\u00edc\u00ed peptid, kter\u00fd se pod\u00edl\u00ed na hormon\u00e1ln\u00ed regulaci. Thymosin \u03b2-4 tak\u00e9 vykazuje imunomodula\u010dn\u00ed a kardioprotektivn\u00ed aktivity. Thymosin \u03b2-4 zlep\u0161uje hojen\u00ed srde\u010dn\u00edch probl\u00e9m\u016f a zlep\u0161uje srde\u010dn\u00ed funkci in vivo. Thymosin \u03b2-4 v\u00e1\u017ee G-aktinov\u00e1 vl\u00e1kna a zabra\u0148uje polymeraci aktinu.<\/p>\n<p> <strong>V\u00fdhody Thymosin beta 4 acet\u00e1t\/ Thymosin \u03b24 acet\u00e1t CAS 77591-33-4<\/strong><br \/>\nThymosin Beta-4 je 43- aminokyselinov\u00fd peptid, kter\u00fd podporuje hojen\u00ed cel\u00e9ho t\u011bla. M\u00e1 tak\u00e9 protiz\u00e1n\u011btliv\u00e9 vlastnosti. Ve vod\u011b rozpustn\u00fd protein, kter\u00fd se p\u0159irozen\u011b vyskytuje ve vy\u0161\u0161\u00edch koncentrac\u00edch v m\u00edstech poran\u011bn\u00ed, m\u016f\u017ee opravit po\u0161kozen\u00ed tk\u00e1n\u011b a regulovat migraci bun\u011bk do m\u00edsta. M\u016f\u017ee zlep\u0161it hojen\u00ed ran a opravit nejen k\u016f\u017ei, ale tak\u00e9 mozek, m\u00edchu a srdce. L\u00e9ka\u0159i pova\u017euj\u00ed Thymosin Beta-4 za bezpe\u010dnou a \u00fa\u010dinnou l\u00e1tku ve sv\u00e9 p\u0159irozen\u00e9 nebo syntetick\u00e9 form\u011b zn\u00e1m\u00e9 jako TB-500.<br \/>\nKrom\u011b toho m\u00e1 TB4 n\u00edzkou molekulovou hmotnost a nev\u00e1\u017ee se na extracelul\u00e1rn\u00ed matrix. To mu umo\u017e\u0148uje snadno cestovat po t\u011blesn\u00fdch tk\u00e1n\u00edch, co\u017e podporuje rychlej\u0161\u00ed hojen\u00ed. Peptid cestuje na velk\u00e9 vzd\u00e1lenosti, tak\u017ee se obvykle nemus\u00ed aplikovat p\u0159\u00edmo na m\u00edsto poran\u011bn\u00ed. Zat\u00edmco n\u011bkte\u0159\u00ed v\u011b\u0159\u00ed, \u017ee injek\u010dn\u00ed pod\u00e1n\u00ed bl\u00ed\u017ee k poran\u011bn\u00e9 oblasti p\u0159in\u00e1\u0161\u00ed lep\u0161\u00ed v\u00fdsledky, klinick\u00e9 d\u016fkazy nazna\u010duj\u00ed opak.<\/p>\n<p> <strong>Pou\u017eit\u00ed Thymosin beta 4 acet\u00e1t\/ Thymosin \u03b24 acet\u00e1t CAS 77591-33-4<\/strong><br \/>\n 1. Thymus \u03b24 a n\u00e1dor studie uk\u00e1zaly, \u017ee brzl\u00edk \u03b24 acet\u00e1t je spojov\u00e1n s \u0159adou n\u00e1dor\u016f, v\u010detn\u011b rakoviny tlust\u00e9ho st\u0159eva, melanomu, fibrosarkomu, rakoviny prsu, rakoviny slinivky b\u0159i\u0161n\u00ed a rakoviny plic atd. M\u016f\u017ee synergizovat s \u0159adou faktor\u016f, kter\u00e9 podporuj\u00ed invazi n\u00e1dor\u016f Chemicalbook a metast\u00e1zy.<br \/>\n2. Thymus \u03b24 p\u0159i oprav\u011b srde\u010dn\u00edho poran\u011bn\u00ed V akutn\u00ed f\u00e1zi infarktu myokardu doch\u00e1z\u00ed u velk\u00e9ho po\u010dtu srde\u010dn\u00edch myocyt\u016f k ischemick\u00e9 nekr\u00f3ze, kter\u00e1 vede k poru\u0161e srde\u010dn\u00ed funkce a nakonec k progresi srde\u010dn\u00edho selh\u00e1n\u00ed. Studie potvrdily, \u017ee brzl\u00edk \u03b24 acet\u00e1t m\u00e1 ochrann\u00fd \u00fa\u010dinek na kardiomyocyty.<\/p>\n","protected":false},"excerpt":{"rendered":"<p>N\u00e1zev produktu: Thymosin beta 4 acet\u00e1t<br \/>\nCAS: 77591-33-4<br \/>\nMF: C212H350N56O78S<br \/>\nMW: 4963,4408<br \/>\nEINECS: 1592732-453-0<br \/>\nMol File: 33759 .mol<\/p>\n","protected":false},"featured_media":2202,"comment_status":"open","ping_status":"closed","template":"","meta":{"om_disable_all_campaigns":false,"_monsterinsights_skip_tracking":false,"_monsterinsights_sitenote_active":false,"_monsterinsights_sitenote_note":"","_monsterinsights_sitenote_category":0,"site-sidebar-layout":"default","site-content-layout":"default","ast-site-content-layout":"default","site-content-style":"default","site-sidebar-style":"default","ast-global-header-display":"","ast-banner-title-visibility":"","ast-main-header-display":"","ast-hfb-above-header-display":"","ast-hfb-below-header-display":"","ast-hfb-mobile-header-display":"","site-post-title":"","ast-breadcrumbs-content":"","ast-featured-img":"","footer-sml-layout":"","ast-disable-related-posts":"","theme-transparent-header-meta":"default","adv-header-id-meta":"","stick-header-meta":"","header-above-stick-meta":"","header-main-stick-meta":"","header-below-stick-meta":"","astra-migrate-meta-layouts":"default","ast-page-background-enabled":"default","ast-page-background-meta":{"desktop":{"background-color":"","background-image":"","background-repeat":"repeat","background-position":"center center","background-size":"auto","background-attachment":"scroll","background-type":"","background-media":"","overlay-type":"","overlay-color":"","overlay-opacity":"","overlay-gradient":""},"tablet":{"background-color":"","background-image":"","background-repeat":"repeat","background-position":"center center","background-size":"auto","background-attachment":"scroll","background-type":"","background-media":"","overlay-type":"","overlay-color":"","overlay-opacity":"","overlay-gradient":""},"mobile":{"background-color":"","background-image":"","background-repeat":"repeat","background-position":"center center","background-size":"auto","background-attachment":"scroll","background-type":"","background-media":"","overlay-type":"","overlay-color":"","overlay-opacity":"","overlay-gradient":""}},"ast-content-background-meta":{"desktop":{"background-color":"var(--ast-global-color-5)","background-image":"","background-repeat":"repeat","background-position":"center center","background-size":"auto","background-attachment":"scroll","background-type":"","background-media":"","overlay-type":"","overlay-color":"","overlay-opacity":"","overlay-gradient":""},"tablet":{"background-color":"var(--ast-global-color-5)","background-image":"","background-repeat":"repeat","background-position":"center center","background-size":"auto","background-attachment":"scroll","background-type":"","background-media":"","overlay-type":"","overlay-color":"","overlay-opacity":"","overlay-gradient":""},"mobile":{"background-color":"var(--ast-global-color-5)","background-image":"","background-repeat":"repeat","background-position":"center center","background-size":"auto","background-attachment":"scroll","background-type":"","background-media":"","overlay-type":"","overlay-color":"","overlay-opacity":"","overlay-gradient":""}}},"product_brand":[],"product_cat":[515],"product_tag":[1499],"class_list":{"0":"post-8197","1":"product","2":"type-product","3":"status-publish","4":"has-post-thumbnail","6":"product_cat-jine-peptidy","7":"product_tag-thymosin-beta-4-acetate-thymosin-4-acetate-cas-77591-33-4-for-lab-research-cs","8":"desktop-align-left","9":"tablet-align-left","10":"mobile-align-left","12":"first","13":"instock","14":"shipping-taxable","15":"product-type-simple"},"_links":{"self":[{"href":"https:\/\/puyapeptide.net\/cs\/wp-json\/wp\/v2\/product\/8197","targetHints":{"allow":["GET"]}}],"collection":[{"href":"https:\/\/puyapeptide.net\/cs\/wp-json\/wp\/v2\/product"}],"about":[{"href":"https:\/\/puyapeptide.net\/cs\/wp-json\/wp\/v2\/types\/product"}],"replies":[{"embeddable":true,"href":"https:\/\/puyapeptide.net\/cs\/wp-json\/wp\/v2\/comments?post=8197"}],"wp:featuredmedia":[{"embeddable":true,"href":"https:\/\/puyapeptide.net\/cs\/wp-json\/wp\/v2\/media\/2202"}],"wp:attachment":[{"href":"https:\/\/puyapeptide.net\/cs\/wp-json\/wp\/v2\/media?parent=8197"}],"wp:term":[{"taxonomy":"product_brand","embeddable":true,"href":"https:\/\/puyapeptide.net\/cs\/wp-json\/wp\/v2\/product_brand?post=8197"},{"taxonomy":"product_cat","embeddable":true,"href":"https:\/\/puyapeptide.net\/cs\/wp-json\/wp\/v2\/product_cat?post=8197"},{"taxonomy":"product_tag","embeddable":true,"href":"https:\/\/puyapeptide.net\/cs\/wp-json\/wp\/v2\/product_tag?post=8197"}],"curies":[{"name":"wp","href":"https:\/\/api.w.org\/{rel}","templated":true}]}}