{"id":8215,"date":"2021-12-16T12:24:49","date_gmt":"2021-12-16T17:24:49","guid":{"rendered":"https:\/\/puyapeptide.net\/product\/vysoce-kvalitni-kosyntropin-tetrakosaktidacetat-cas-16960-16-0-lecba-pro-nektere-crohnovy-choroby-nebo-ulcerozni-kolitidu\/"},"modified":"2021-12-16T12:24:49","modified_gmt":"2021-12-16T17:24:49","slug":"vysoce-kvalitni-kosyntropin-tetrakosaktidacetat-cas-16960-16-0-lecba-pro-nektere-crohnovy-choroby-nebo-ulcerozni-kolitidu","status":"publish","type":"product","link":"https:\/\/puyapeptide.net\/cs\/product\/vysoce-kvalitni-kosyntropin-tetrakosaktidacetat-cas-16960-16-0-lecba-pro-nektere-crohnovy-choroby-nebo-ulcerozni-kolitidu\/","title":{"rendered":"Vysoce kvalitn\u00ed kosyntropin\/tetrakosaktidacet\u00e1t CAS 16960-16-0 L\u00e9\u010dba pro n\u011bkter\u00e9 Crohnovy choroby nebo ulcer\u00f3zn\u00ed kolitidu"},"content":{"rendered":"<h2><strong>Vysoce kvalitn\u00ed kosyntropin\/tetrakosaktidacet\u00e1t CAS 16960-16-0 L\u00e9\u010dba pro n\u011bkter\u00e9 Crohnovy choroby nebo ulcer\u00f3zn\u00ed kolitidu<\/strong><\/h2>\n<p>N\u00e1zev produktu: Cosyntropin<br \/>\nSynonyma: L-SER-TYR-SER-MET-GLU-HIS-PHE-ARG-TRP-GLY-LYS-PRO-VAL-GLY-LYS-LYS-ARG-ARG- PRO-VAL-LYS-VAL-TYR-PRO;kosyntropin;H-SER-TYR-SER-MET-GLU-HIS-PHE-ARG-TRP-GLY-LYS-PRO-VAL-GLY-LYS-LYS-ARG- ARG PRO-VAL-LYS-VAL-TYR-PRO-OH TETRAKOSAKTID (\u010cLOV\u011aK, SV\u011aT, MY\u0160, OVCE, PRASE, KR\u00c1L\u00cdK, KRAT);H-SER-TYR-SER-MET-GLU-HIS-PHE-ARG-TRP -GLY-LYS-PRO-VAL-GLY-LYS-LYS-ARG-ARG-PRO-VAL-LYS-VAL-TYR-PRO-OH;SER-TYR-SER-MET-GLU-HIS-PHE-ARG-TRP -GLY-LYS-PRO-VAL-GLY-LYS-LYS-ARG-ARG-PRO-VAL-LYS-VAL-TYR-PRO HUMAN;SER-TYR-SER-MET-GLU-HIS-PHE-ARG-TRP- GLY-LYS-PRO-VAL-GLY-LYS-LYS-ARG-ARG-PRO-VAL-LYS-VAL-TYR-PRO;TETRAKOSACTID;TETRAKOSACTID (HUMAN)<br \/>\nCAS: 16960-16-0<br \/>\nMF : C136H210N40O31S<br \/>\nMW: 2933,44<br \/>\nEINECS: 241-031-1<br \/>\nKategorie produkt\u016f: Melanokortinov\u00fd receptor;Peptid;Organick\u00e9 l\u00e1tky<br \/>\nMol File: 16960-16&amp;0.Comol<br \/>\n&lt; je syntetick\u00fd polypeptid, kter\u00fd se skl\u00e1d\u00e1 z aminokyselinov\u00fdch zbytk\u016f 1 a\u017e 24 lidsk\u00e9ho ACTH, ale kter\u00fd m\u00e1 plnou biologickou aktivitu sv\u00e9ho rodi\u010de. Proto\u017ee je syntetick\u00e9ho p\u016fvodu, je m\u00e9n\u011b alergenn\u00ed ne\u017e ACTH p\u0159\u00edrodn\u00edho p\u016fvodu. Cosyntropin se pou\u017e\u00edv\u00e1 jako diagnostick\u00fd prost\u0159edek p\u0159i screeningu pacient\u016f s podez\u0159en\u00edm na adrenokortik\u00e1ln\u00ed insuficienci. Norm\u00e1ln\u011b parenter\u00e1ln\u00ed pod\u00e1n\u00ed kosyntropinu p\u016fsob\u00ed rychle na k\u016fru nadledvin, aby do\u0161lo k uvoln\u011bn\u00ed plazmatick\u00e9ho hydrokortizonu; p\u0159i prov\u00e1d\u011bn\u00ed testu jsou hladiny hydrokortizonu porovn\u00e1ny s d\u0159\u00edve odebran\u00fdm kontroln\u00edm krevn\u00edm vzorkem.<\/p>\n<p> <strong>Cosyntropin\/Tetracosactid Acetate CAS 16960-16-0 Chemick\u00e9 vlastnosti<\/strong><br \/>\nhustota 1,47\u00b10,1 g\/cm3 (p\u0159edpokl\u00e1dan\u00e1)&lt; &amp;&gt;tepl. \u221220\u00b0C<br \/>\nrozpustnost M\u00e1lo rozpustn\u00fd ve vod\u011b.<br \/>\nRozpustnost ve vod\u011b Rozpustn\u00fd ve vod\u011b<br \/>\nInChIKey ZOEFCCMDUURGSE-SQKVDDBVSA-N<br \/>\nCAS DataBase Reference 16960-16-0(CAS DataBase Reference)<br \/>\n&lt; &amp;&gt; <strong>Funkce a aplikace kosyntropinu\/tetrakosaktidacet\u00e1tu CAS 16960-16-0<\/strong><br \/>\nPou\u017e\u00edv\u00e1 se k diagnostice insuficience k\u016fry nadledvin; pou\u017e\u00edv\u00e1 se tak\u00e9 k l\u00e9\u010db\u011b revmatismu, revmatoidn\u00ed artritidy, ko\u017en\u00edch onemocn\u011bn\u00ed a \u0161oku. Ne\u017e\u00e1douc\u00ed \u00fa\u010dinky a kontraindikace: sv\u011bd\u011bn\u00ed, n\u00e1valy horka, kop\u0159ivka, bronchospasmus a dal\u0161\u00ed alergick\u00e9 reakce podle Chemicalbook jsou m\u00e9n\u011b \u010dast\u00e9 ne\u017e kortikosteroidy. Ob\u010dasn\u00e1 synkopa a nedostatek. Dlouhodob\u00e9 nebo nadm\u011brn\u00e9 u\u017e\u00edv\u00e1n\u00ed m\u016f\u017ee m\u00edt otoky, hypertenzi, hypokal\u00e9mii, hyperpigmentaci a indukovanou infekci atd. Pou\u017e\u00edvejte opatrn\u011b, pokud jste alergi\u010dt\u00ed na p\u0159\u00edrodn\u00ed kortikosteroidy.<\/p>\n","protected":false},"excerpt":{"rendered":"<p>N\u00e1zev produktu: Cosyntropin<br \/>\nCAS: 16960-16-0<br \/>\nMF: C136H210N40O31S<br \/>\nMW: 2933,44<br \/>\nEINECS: 241-031-1<br \/>\nMol Soubor: 16960-16-0.mol<\/p>\n","protected":false},"featured_media":2328,"comment_status":"open","ping_status":"closed","template":"","meta":{"om_disable_all_campaigns":false,"_monsterinsights_skip_tracking":false,"_monsterinsights_sitenote_active":false,"_monsterinsights_sitenote_note":"","_monsterinsights_sitenote_category":0,"site-sidebar-layout":"default","site-content-layout":"default","ast-site-content-layout":"default","site-content-style":"default","site-sidebar-style":"default","ast-global-header-display":"","ast-banner-title-visibility":"","ast-main-header-display":"","ast-hfb-above-header-display":"","ast-hfb-below-header-display":"","ast-hfb-mobile-header-display":"","site-post-title":"","ast-breadcrumbs-content":"","ast-featured-img":"","footer-sml-layout":"","ast-disable-related-posts":"","theme-transparent-header-meta":"default","adv-header-id-meta":"","stick-header-meta":"","header-above-stick-meta":"","header-main-stick-meta":"","header-below-stick-meta":"","astra-migrate-meta-layouts":"default","ast-page-background-enabled":"default","ast-page-background-meta":{"desktop":{"background-color":"","background-image":"","background-repeat":"repeat","background-position":"center center","background-size":"auto","background-attachment":"scroll","background-type":"","background-media":"","overlay-type":"","overlay-color":"","overlay-opacity":"","overlay-gradient":""},"tablet":{"background-color":"","background-image":"","background-repeat":"repeat","background-position":"center center","background-size":"auto","background-attachment":"scroll","background-type":"","background-media":"","overlay-type":"","overlay-color":"","overlay-opacity":"","overlay-gradient":""},"mobile":{"background-color":"","background-image":"","background-repeat":"repeat","background-position":"center center","background-size":"auto","background-attachment":"scroll","background-type":"","background-media":"","overlay-type":"","overlay-color":"","overlay-opacity":"","overlay-gradient":""}},"ast-content-background-meta":{"desktop":{"background-color":"var(--ast-global-color-5)","background-image":"","background-repeat":"repeat","background-position":"center center","background-size":"auto","background-attachment":"scroll","background-type":"","background-media":"","overlay-type":"","overlay-color":"","overlay-opacity":"","overlay-gradient":""},"tablet":{"background-color":"var(--ast-global-color-5)","background-image":"","background-repeat":"repeat","background-position":"center center","background-size":"auto","background-attachment":"scroll","background-type":"","background-media":"","overlay-type":"","overlay-color":"","overlay-opacity":"","overlay-gradient":""},"mobile":{"background-color":"var(--ast-global-color-5)","background-image":"","background-repeat":"repeat","background-position":"center center","background-size":"auto","background-attachment":"scroll","background-type":"","background-media":"","overlay-type":"","overlay-color":"","overlay-opacity":"","overlay-gradient":""}}},"product_brand":[],"product_cat":[515],"product_tag":[1437],"class_list":{"0":"post-8215","1":"product","2":"type-product","3":"status-publish","4":"has-post-thumbnail","6":"product_cat-jine-peptidy","7":"product_tag-high-quality-cosyntropin-tetracosactide-acetate-cas-16960-16-0-treat-for-some-crohns-disease-or-ulcerative-colitis-cs","8":"desktop-align-left","9":"tablet-align-left","10":"mobile-align-left","12":"first","13":"instock","14":"shipping-taxable","15":"product-type-simple"},"_links":{"self":[{"href":"https:\/\/puyapeptide.net\/cs\/wp-json\/wp\/v2\/product\/8215","targetHints":{"allow":["GET"]}}],"collection":[{"href":"https:\/\/puyapeptide.net\/cs\/wp-json\/wp\/v2\/product"}],"about":[{"href":"https:\/\/puyapeptide.net\/cs\/wp-json\/wp\/v2\/types\/product"}],"replies":[{"embeddable":true,"href":"https:\/\/puyapeptide.net\/cs\/wp-json\/wp\/v2\/comments?post=8215"}],"wp:featuredmedia":[{"embeddable":true,"href":"https:\/\/puyapeptide.net\/cs\/wp-json\/wp\/v2\/media\/2328"}],"wp:attachment":[{"href":"https:\/\/puyapeptide.net\/cs\/wp-json\/wp\/v2\/media?parent=8215"}],"wp:term":[{"taxonomy":"product_brand","embeddable":true,"href":"https:\/\/puyapeptide.net\/cs\/wp-json\/wp\/v2\/product_brand?post=8215"},{"taxonomy":"product_cat","embeddable":true,"href":"https:\/\/puyapeptide.net\/cs\/wp-json\/wp\/v2\/product_cat?post=8215"},{"taxonomy":"product_tag","embeddable":true,"href":"https:\/\/puyapeptide.net\/cs\/wp-json\/wp\/v2\/product_tag?post=8215"}],"curies":[{"name":"wp","href":"https:\/\/api.w.org\/{rel}","templated":true}]}}